{"id":27487,"date":"2020-04-07T09:04:58","date_gmt":"2020-04-07T09:04:58","guid":{"rendered":"https:\/\/dev2.boatopoly.com\/izberite-svoj-paket-oglasov\/"},"modified":"2024-05-16T05:32:35","modified_gmt":"2024-05-16T05:32:35","slug":"izberite-svoj-paket-oglasov","status":"publish","type":"page","link":"https:\/\/boatopoly.com\/sl\/prodaja-coln\/izberite-svoj-paket-oglasov\/","title":{"rendered":"Izberite svoj paket oglasov"},"content":{"rendered":"<h1>BOATOPOLY KORISTI ZA VAS<\/h1>\n<p>Pla\u010dajte samo enkrat. Odpoved ni potrebna. Obnovite oglas le po potrebi.<\/p>\n<table style=\"border-collapse: collapse; width: 68.043%;\">\n<tbody>\n<tr>\n<td style=\"width: 5.81656%;\"><img loading=\"lazy\" decoding=\"async\" class=\"alignnone size-full wp-image-3975\" src=\"https:\/\/dev2.boatopoly.com\/wp-content\/uploads\/2020\/06\/03.jpg\" alt=\"\" width=\"52\" height=\"52\"><\/td>\n<td style=\"width: 24.7128%;\"><strong>Globalno:<\/strong> Doseganje potencialnih kupcev z vsega sveta.<\/td>\n<td style=\"width: 5.36913%;\"><img loading=\"lazy\" decoding=\"async\" class=\"alignnone size-full wp-image-3976\" src=\"https:\/\/dev2.boatopoly.com\/wp-content\/uploads\/2020\/06\/05.jpg\" alt=\"\" width=\"53\" height=\"53\"><\/td>\n<td style=\"width: 26.9071%;\"><strong>Ve\u010d jezikov:<\/strong> Ponujamo prevajanje in lokalizacijo va\u0161ega oglasa.<\/td>\n<\/tr>\n<tr>\n<td style=\"width: 5.81656%;\"><img loading=\"lazy\" decoding=\"async\" class=\"alignnone size-full wp-image-3977\" src=\"https:\/\/dev2.boatopoly.com\/wp-content\/uploads\/2020\/06\/07.jpg\" alt=\"\" width=\"56\" height=\"41\"><\/td>\n<td style=\"width: 24.7128%;\"><strong>SEO:<\/strong> Naj bo va\u0161 oglas najden v Googlu in drugih glavnih iskalnikih.<\/td>\n<td style=\"width: 5.36913%;\"><img loading=\"lazy\" decoding=\"async\" class=\"alignnone size-full wp-image-3978\" src=\"https:\/\/dev2.boatopoly.com\/wp-content\/uploads\/2020\/06\/08.jpg\" alt=\"\" width=\"58\" height=\"41\"><\/td>\n<td style=\"width: 26.9071%;\"><strong>Varno pla\u010dilo:<\/strong> Izberite najljub\u0161ega ponudnika pla\u010dil.<\/td>\n<\/tr>\n<tr>\n<td style=\"width: 5.81656%;\"><img loading=\"lazy\" decoding=\"async\" class=\"alignnone size-full wp-image-3979\" src=\"https:\/\/dev2.boatopoly.com\/wp-content\/uploads\/2020\/06\/09.jpg\" alt=\"\" width=\"58\" height=\"39\"><\/td>\n<td style=\"width: 24.7128%;\"><strong>Preverjanje uporabnikov:<\/strong> Ker so vsi \u010dlani preverjeni, ste lahko prepri\u010dani, s kom se pogovarjate.<\/td>\n<td style=\"width: 5.36913%;\"><img loading=\"lazy\" decoding=\"async\" class=\"alignnone size-full wp-image-3980\" src=\"https:\/\/dev2.boatopoly.com\/wp-content\/uploads\/2020\/06\/12.jpg\" alt=\"\" width=\"60\" height=\"47\"><\/td>\n<td style=\"width: 26.9071%;\"><strong>Neomejeno nalaganje slik:<\/strong> Dodajte toliko slik, kolikor \u017eelite.<\/td>\n<\/tr>\n<tr>\n<td style=\"width: 5.81656%;\"><img loading=\"lazy\" decoding=\"async\" class=\"alignnone size-full wp-image-3982\" src=\"https:\/\/dev2.boatopoly.com\/wp-content\/uploads\/2020\/06\/16.jpg\" alt=\"\" width=\"58\" height=\"40\"><\/td>\n<td style=\"width: 24.7128%;\"><strong>Varna komunikacija:<\/strong> Izkoristite prednosti na\u0161ega lastni\u0161kega sistema za sporo\u010danje.<\/td>\n<td style=\"width: 5.36913%;\"><img loading=\"lazy\" decoding=\"async\" class=\"alignnone size-full wp-image-3981\" src=\"https:\/\/dev2.boatopoly.com\/wp-content\/uploads\/2020\/06\/15.jpg\" alt=\"\" width=\"60\" height=\"55\"><\/td>\n<td style=\"width: 26.9071%;\"><strong>\u0160irok razpon:<\/strong> Od \u010dolna do tovornega \u010dolna, od jahte do ladje.<\/td>\n<\/tr>\n<tr>\n<td style=\"width: 5.81656%;\"><img loading=\"lazy\" decoding=\"async\" class=\"alignnone size-full wp-image-3984\" src=\"https:\/\/dev2.boatopoly.com\/wp-content\/uploads\/2020\/06\/19.jpg\" alt=\"\" width=\"54\" height=\"55\"><\/td>\n<td style=\"width: 24.7128%;\"><strong>Podpora strankam:<\/strong> Na voljo smo vam za pomo\u010d. Do na\u0161e prijazne ekipe za podporo se lahko obrnete sedem dni na teden. V podjetju Boatopoly vam bodo z veseljem pomagali resni\u010dni ljudje.<\/td>\n<td style=\"width: 5.36913%;\"><img loading=\"lazy\" decoding=\"async\" class=\"alignnone size-full wp-image-3983\" src=\"https:\/\/dev2.boatopoly.com\/wp-content\/uploads\/2020\/06\/18.png\" alt=\"\" width=\"57\" height=\"39\"><\/td>\n<td style=\"width: 26.9071%;\"><strong>Vizualizacija:<\/strong> Podrobne informacije o va\u0161em \u010dolnu je la\u017eje navesti v grafiki in specifikacijah delov \u010dolna.<\/td>\n<\/tr>\n<\/tbody>\n<\/table>\n","protected":false},"excerpt":{"rendered":"<p>BOATOPOLY KORISTI ZA VAS Pla\u010dajte samo enkrat. Odpoved ni potrebna. Obnovite oglas le po potrebi. Globalno: Doseganje potencialnih kupcev z vsega sveta. Ve\u010d jezikov: Ponujamo prevajanje in lokalizacijo va\u0161ega oglasa. SEO: Naj bo va\u0161 oglas&#8230;<\/p>\n","protected":false},"author":455,"featured_media":0,"parent":27498,"menu_order":0,"comment_status":"closed","ping_status":"closed","template":"page-packages.php","meta":{"footnotes":""},"class_list":["post-27487","page","type-page","status-publish","hentry"],"yoast_head":"<!-- This site is optimized with the Yoast SEO Premium plugin v25.0 (Yoast SEO v25.1) - https:\/\/yoast.com\/wordpress\/plugins\/seo\/ -->\n<title>Izberite svoj paket oglasov | Boatopoly<\/title>\n<link rel=\"canonical\" href=\"https:\/\/boatopoly.com\/sl\/prodaja-coln\/izberite-svoj-paket-oglasov\/\" \/>\n<meta property=\"og:locale\" content=\"sl_SI\" \/>\n<meta property=\"og:type\" content=\"article\" \/>\n<meta property=\"og:title\" content=\"Izberite svoj paket oglasov\" \/>\n<meta property=\"og:description\" content=\"BOATOPOLY KORISTI ZA VAS Pla\u010dajte samo enkrat. Odpoved ni potrebna. Obnovite oglas le po potrebi. Globalno: Doseganje potencialnih kupcev z vsega sveta. Ve\u010d jezikov: Ponujamo prevajanje in lokalizacijo va\u0161ega oglasa. SEO: Naj bo va\u0161 oglas...\" \/>\n<meta property=\"og:url\" content=\"https:\/\/boatopoly.com\/sl\/prodaja-coln\/izberite-svoj-paket-oglasov\/\" \/>\n<meta property=\"og:site_name\" content=\"Boatopoly\" \/>\n<meta property=\"article:publisher\" content=\"https:\/\/www.facebook.com\/boatopoly\" \/>\n<meta property=\"article:modified_time\" content=\"2024-05-16T05:32:35+00:00\" \/>\n<meta property=\"og:image\" content=\"https:\/\/dev2.boatopoly.com\/wp-content\/uploads\/2020\/06\/03.jpg\" \/>\n<meta name=\"twitter:card\" content=\"summary_large_image\" \/>\n<meta name=\"twitter:label1\" content=\"Est. reading time\" \/>\n\t<meta name=\"twitter:data1\" content=\"3 minute\" \/>\n<script type=\"application\/ld+json\" class=\"yoast-schema-graph\">{\"@context\":\"https:\/\/schema.org\",\"@graph\":[{\"@type\":\"WebPage\",\"@id\":\"https:\/\/boatopoly.com\/sl\/prodaja-coln\/izberite-svoj-paket-oglasov\/\",\"url\":\"https:\/\/boatopoly.com\/sl\/prodaja-coln\/izberite-svoj-paket-oglasov\/\",\"name\":\"Izberite svoj paket oglasov | Boatopoly\",\"isPartOf\":{\"@id\":\"https:\/\/boatopoly.com\/#website\"},\"primaryImageOfPage\":{\"@id\":\"https:\/\/boatopoly.com\/sl\/prodaja-coln\/izberite-svoj-paket-oglasov\/#primaryimage\"},\"image\":{\"@id\":\"https:\/\/boatopoly.com\/sl\/prodaja-coln\/izberite-svoj-paket-oglasov\/#primaryimage\"},\"thumbnailUrl\":\"https:\/\/dev2.boatopoly.com\/wp-content\/uploads\/2020\/06\/03.jpg\",\"datePublished\":\"2020-04-07T09:04:58+00:00\",\"dateModified\":\"2024-05-16T05:32:35+00:00\",\"breadcrumb\":{\"@id\":\"https:\/\/boatopoly.com\/sl\/prodaja-coln\/izberite-svoj-paket-oglasov\/#breadcrumb\"},\"inLanguage\":\"sl-SI\",\"potentialAction\":[{\"@type\":\"ReadAction\",\"target\":[\"https:\/\/boatopoly.com\/sl\/prodaja-coln\/izberite-svoj-paket-oglasov\/\"]}]},{\"@type\":\"ImageObject\",\"inLanguage\":\"sl-SI\",\"@id\":\"https:\/\/boatopoly.com\/sl\/prodaja-coln\/izberite-svoj-paket-oglasov\/#primaryimage\",\"url\":\"https:\/\/dev2.boatopoly.com\/wp-content\/uploads\/2020\/06\/03.jpg\",\"contentUrl\":\"https:\/\/dev2.boatopoly.com\/wp-content\/uploads\/2020\/06\/03.jpg\"},{\"@type\":\"BreadcrumbList\",\"@id\":\"https:\/\/boatopoly.com\/sl\/prodaja-coln\/izberite-svoj-paket-oglasov\/#breadcrumb\",\"itemListElement\":[{\"@type\":\"ListItem\",\"position\":1,\"name\":\"Home\",\"item\":\"https:\/\/boatopoly.com\/sl\/domov\/\"},{\"@type\":\"ListItem\",\"position\":2,\"name\":\"Prodaja \u010doln\",\"item\":\"https:\/\/boatopoly.com\/sl\/prodaja-coln\/\"},{\"@type\":\"ListItem\",\"position\":3,\"name\":\"Izberite svoj paket oglasov\"}]},{\"@type\":\"WebSite\",\"@id\":\"https:\/\/boatopoly.com\/#website\",\"url\":\"https:\/\/boatopoly.com\/\",\"name\":\"Boatopoly\",\"description\":\"no bubbles, just boats\",\"publisher\":{\"@id\":\"https:\/\/boatopoly.com\/#organization\"},\"potentialAction\":[{\"@type\":\"SearchAction\",\"target\":{\"@type\":\"EntryPoint\",\"urlTemplate\":\"https:\/\/boatopoly.com\/?s={search_term_string}\"},\"query-input\":{\"@type\":\"PropertyValueSpecification\",\"valueRequired\":true,\"valueName\":\"search_term_string\"}}],\"inLanguage\":\"sl-SI\"},{\"@type\":\"Organization\",\"@id\":\"https:\/\/boatopoly.com\/#organization\",\"name\":\"Boatopoly\",\"url\":\"https:\/\/boatopoly.com\/\",\"logo\":{\"@type\":\"ImageObject\",\"inLanguage\":\"sl-SI\",\"@id\":\"https:\/\/boatopoly.com\/#\/schema\/logo\/image\/\",\"url\":\"https:\/\/boatopoly.com\/wp-content\/uploads\/2024\/07\/2024-07-03-Boatopoly-Logo-1200x1200-1.png\",\"contentUrl\":\"https:\/\/boatopoly.com\/wp-content\/uploads\/2024\/07\/2024-07-03-Boatopoly-Logo-1200x1200-1.png\",\"width\":1200,\"height\":1200,\"caption\":\"Boatopoly\"},\"image\":{\"@id\":\"https:\/\/boatopoly.com\/#\/schema\/logo\/image\/\"},\"sameAs\":[\"https:\/\/www.facebook.com\/boatopoly\"]}]}<\/script>\n<!-- \/ Yoast SEO Premium plugin. -->","yoast_head_json":{"title":"Izberite svoj paket oglasov | Boatopoly","canonical":"https:\/\/boatopoly.com\/sl\/prodaja-coln\/izberite-svoj-paket-oglasov\/","og_locale":"sl_SI","og_type":"article","og_title":"Izberite svoj paket oglasov","og_description":"BOATOPOLY KORISTI ZA VAS Pla\u010dajte samo enkrat. Odpoved ni potrebna. Obnovite oglas le po potrebi. Globalno: Doseganje potencialnih kupcev z vsega sveta. Ve\u010d jezikov: Ponujamo prevajanje in lokalizacijo va\u0161ega oglasa. SEO: Naj bo va\u0161 oglas...","og_url":"https:\/\/boatopoly.com\/sl\/prodaja-coln\/izberite-svoj-paket-oglasov\/","og_site_name":"Boatopoly","article_publisher":"https:\/\/www.facebook.com\/boatopoly","article_modified_time":"2024-05-16T05:32:35+00:00","og_image":[{"url":"https:\/\/dev2.boatopoly.com\/wp-content\/uploads\/2020\/06\/03.jpg","type":"","width":"","height":""}],"twitter_card":"summary_large_image","twitter_misc":{"Est. reading time":"3 minute"},"schema":{"@context":"https:\/\/schema.org","@graph":[{"@type":"WebPage","@id":"https:\/\/boatopoly.com\/sl\/prodaja-coln\/izberite-svoj-paket-oglasov\/","url":"https:\/\/boatopoly.com\/sl\/prodaja-coln\/izberite-svoj-paket-oglasov\/","name":"Izberite svoj paket oglasov | Boatopoly","isPartOf":{"@id":"https:\/\/boatopoly.com\/#website"},"primaryImageOfPage":{"@id":"https:\/\/boatopoly.com\/sl\/prodaja-coln\/izberite-svoj-paket-oglasov\/#primaryimage"},"image":{"@id":"https:\/\/boatopoly.com\/sl\/prodaja-coln\/izberite-svoj-paket-oglasov\/#primaryimage"},"thumbnailUrl":"https:\/\/dev2.boatopoly.com\/wp-content\/uploads\/2020\/06\/03.jpg","datePublished":"2020-04-07T09:04:58+00:00","dateModified":"2024-05-16T05:32:35+00:00","breadcrumb":{"@id":"https:\/\/boatopoly.com\/sl\/prodaja-coln\/izberite-svoj-paket-oglasov\/#breadcrumb"},"inLanguage":"sl-SI","potentialAction":[{"@type":"ReadAction","target":["https:\/\/boatopoly.com\/sl\/prodaja-coln\/izberite-svoj-paket-oglasov\/"]}]},{"@type":"ImageObject","inLanguage":"sl-SI","@id":"https:\/\/boatopoly.com\/sl\/prodaja-coln\/izberite-svoj-paket-oglasov\/#primaryimage","url":"https:\/\/dev2.boatopoly.com\/wp-content\/uploads\/2020\/06\/03.jpg","contentUrl":"https:\/\/dev2.boatopoly.com\/wp-content\/uploads\/2020\/06\/03.jpg"},{"@type":"BreadcrumbList","@id":"https:\/\/boatopoly.com\/sl\/prodaja-coln\/izberite-svoj-paket-oglasov\/#breadcrumb","itemListElement":[{"@type":"ListItem","position":1,"name":"Home","item":"https:\/\/boatopoly.com\/sl\/domov\/"},{"@type":"ListItem","position":2,"name":"Prodaja \u010doln","item":"https:\/\/boatopoly.com\/sl\/prodaja-coln\/"},{"@type":"ListItem","position":3,"name":"Izberite svoj paket oglasov"}]},{"@type":"WebSite","@id":"https:\/\/boatopoly.com\/#website","url":"https:\/\/boatopoly.com\/","name":"Boatopoly","description":"no bubbles, just boats","publisher":{"@id":"https:\/\/boatopoly.com\/#organization"},"potentialAction":[{"@type":"SearchAction","target":{"@type":"EntryPoint","urlTemplate":"https:\/\/boatopoly.com\/?s={search_term_string}"},"query-input":{"@type":"PropertyValueSpecification","valueRequired":true,"valueName":"search_term_string"}}],"inLanguage":"sl-SI"},{"@type":"Organization","@id":"https:\/\/boatopoly.com\/#organization","name":"Boatopoly","url":"https:\/\/boatopoly.com\/","logo":{"@type":"ImageObject","inLanguage":"sl-SI","@id":"https:\/\/boatopoly.com\/#\/schema\/logo\/image\/","url":"https:\/\/boatopoly.com\/wp-content\/uploads\/2024\/07\/2024-07-03-Boatopoly-Logo-1200x1200-1.png","contentUrl":"https:\/\/boatopoly.com\/wp-content\/uploads\/2024\/07\/2024-07-03-Boatopoly-Logo-1200x1200-1.png","width":1200,"height":1200,"caption":"Boatopoly"},"image":{"@id":"https:\/\/boatopoly.com\/#\/schema\/logo\/image\/"},"sameAs":["https:\/\/www.facebook.com\/boatopoly"]}]}},"_links":{"self":[{"href":"https:\/\/boatopoly.com\/sl\/wp-json\/wp\/v2\/pages\/27487"}],"collection":[{"href":"https:\/\/boatopoly.com\/sl\/wp-json\/wp\/v2\/pages"}],"about":[{"href":"https:\/\/boatopoly.com\/sl\/wp-json\/wp\/v2\/types\/page"}],"author":[{"embeddable":true,"href":"https:\/\/boatopoly.com\/sl\/wp-json\/wp\/v2\/users\/455"}],"replies":[{"embeddable":true,"href":"https:\/\/boatopoly.com\/sl\/wp-json\/wp\/v2\/comments?post=27487"}],"version-history":[{"count":1,"href":"https:\/\/boatopoly.com\/sl\/wp-json\/wp\/v2\/pages\/27487\/revisions"}],"predecessor-version":[{"id":27732,"href":"https:\/\/boatopoly.com\/sl\/wp-json\/wp\/v2\/pages\/27487\/revisions\/27732"}],"up":[{"embeddable":true,"href":"https:\/\/boatopoly.com\/sl\/wp-json\/wp\/v2\/pages\/27498"}],"wp:attachment":[{"href":"https:\/\/boatopoly.com\/sl\/wp-json\/wp\/v2\/media?parent=27487"}],"curies":[{"name":"wp","href":"https:\/\/api.w.org\/{rel}","templated":true}]}}