{"id":27483,"date":"2024-05-03T15:21:49","date_gmt":"2024-05-03T15:21:49","guid":{"rendered":"https:\/\/dev2.boatopoly.com\/pravno-obvestilo\/"},"modified":"2024-05-16T05:32:29","modified_gmt":"2024-05-16T05:32:29","slug":"pravno-obvestilo","status":"publish","type":"page","link":"https:\/\/boatopoly.com\/sl\/pravno-obvestilo\/","title":{"rendered":"Pravno obvestilo"},"content":{"rendered":"<p><b>Boatopoly.com &#8211; podjetje v skupini Bergx2 GmbH<\/b><\/p>\n<table style=\"border-collapse: collapse; width: 68.9733%;\">\n<tbody>\n<tr>\n<td style=\"width: 21.4092%;\">Elektronski naslov:<\/td>\n<td style=\"width: 60.273%;\"><a href=\"mailto:info@boatopoly.com\">info@boatopoly.com<\/a><\/td>\n<\/tr>\n<tr>\n<td style=\"width: 21.4092%;\">Telefon:<\/td>\n<td style=\"width: 60.273%;\">+49 89 70074700<\/td>\n<\/tr>\n<tr>\n<td style=\"width: 21.4092%;\">Naslov podjetja:<\/td>\n<td style=\"width: 60.273%;\">Hochriesstr. 46 85560 Ebersberg Nem\u010dija<\/td>\n<\/tr>\n<tr>\n<td style=\"width: 21.4092%;\">Sede\u017e \/<br \/>\npo\u0161tni naslov<\/td>\n<td style=\"width: 60.273%;\">F\u00fcrstenstr. 15 80333 M\u00fcnchen Nem\u010dija<\/td>\n<\/tr>\n<\/tbody>\n<\/table>\n<p>Zastopan s strani izvr\u0161nega direktorja: Istok Sernc, direktor: Istoka Sernca.<br \/>\nPoobla\u0161\u010dena oseba za varstvo podatkov: Zsu Sernc-Urban<\/p>\n<p><b>Ban\u010dni ra\u010dun:<\/b><\/p>\n<table style=\"border-collapse: collapse; width: 69.0978%;\">\n<tbody>\n<tr>\n<td style=\"width: 15.3846%;\">Upravi\u010denec:<\/td>\n<td style=\"width: 106.099%;\">Boatopoly &#8211; Bergx2 GmbH<\/td>\n<\/tr>\n<tr>\n<td style=\"width: 15.3846%;\">Naslov upravi\u010denca:<\/td>\n<td style=\"width: 106.099%;\">Hochriesstr. 46 85560 Ebersberg Nem\u010dija<\/td>\n<\/tr>\n<tr>\n<td style=\"width: 15.3846%;\">IBAN:<\/td>\n<td style=\"width: 106.099%;\">BE21 9671 6309 9503<\/td>\n<\/tr>\n<tr>\n<td style=\"width: 15.3846%;\">BIC \/ SWIFT:<\/td>\n<td style=\"width: 106.099%;\">TRWIBEB1XXX<\/td>\n<\/tr>\n<tr>\n<td style=\"width: 15.3846%;\">Ime banke:<\/td>\n<td style=\"width: 106.099%;\">Wise Europe SA<\/td>\n<\/tr>\n<tr>\n<td style=\"width: 15.3846%;\">Naslov banke:<\/td>\n<td style=\"width: 106.099%;\">Wise Europe SA, Rue du Tr\u00f4ne 100, 3. nadstropje, 1050 Bruselj, Belgija<\/td>\n<\/tr>\n<\/tbody>\n<\/table>\n<div id=\"imprint-page\">\n<p><b>Registracija dru\u017ebe<\/b><\/p>\n<p>Poslovna registracija: Registracijsko sodi\u0161\u010de v M\u00fcnchnu<\/p>\n<p>Registracijska \u0161tevilka: HRB 203364<\/p>\n<p>Identifikacijska \u0161tevilka za davek na dodano vrednost v skladu s \u010dlenom 27 a Zakona o davku na dodano vrednost: DE287472874<\/p>\n<p>Dav\u010dna \u0161tevilka: 114\/122\/30533<\/p>\n<\/div>\n<p><span id=\"result_box\" class=\"\" lang=\"en\"><span class=\"\">Boatopoly ne sodeluje v postopkih re\u0161evanja sporov pri potro\u0161ni\u0161kih arbitra\u017enih komisijah in tega ni dol\u017ean storiti. Evropska komisija zagotavlja platformo za spletno re\u0161evanje sporov (OS): http: <a href=\"http:\/\/ec.europa.eu\/consumers\/odr\/\">\/\/ec.europa.eu\/consumers\/odr\/<\/a>. Za vas je pristojen arbitra\u017eni svet za potro\u0161nike: Allgemeine Verbraucherschlichtungsstelle des Zentrums f\u00fcr Schlichtung e. V., Stra\u00dfburger Str. 8, 77694 Kehl, Nem\u010dija.<\/span><\/span><\/p>\n","protected":false},"excerpt":{"rendered":"<p>Boatopoly.com &#8211; podjetje v skupini Bergx2 GmbH Elektronski naslov: info@boatopoly.com Telefon: +49 89 70074700 Naslov podjetja: Hochriesstr. 46 85560 Ebersberg Nem\u010dija Sede\u017e \/ po\u0161tni naslov F\u00fcrstenstr. 15 80333 M\u00fcnchen Nem\u010dija Zastopan s strani izvr\u0161nega direktorja:&#8230;<\/p>\n","protected":false},"author":455,"featured_media":0,"parent":0,"menu_order":0,"comment_status":"closed","ping_status":"closed","template":"","meta":{"footnotes":""},"class_list":["post-27483","page","type-page","status-publish","hentry"],"yoast_head":"<!-- This site is optimized with the Yoast SEO Premium plugin v25.0 (Yoast SEO v25.1) - https:\/\/yoast.com\/wordpress\/plugins\/seo\/ -->\n<title>Pravno obvestilo | Boatopoly<\/title>\n<link rel=\"canonical\" href=\"https:\/\/boatopoly.com\/sl\/pravno-obvestilo\/\" \/>\n<meta property=\"og:locale\" content=\"sl_SI\" \/>\n<meta property=\"og:type\" content=\"article\" \/>\n<meta property=\"og:title\" content=\"Pravno obvestilo\" \/>\n<meta property=\"og:description\" content=\"Boatopoly.com &#8211; podjetje v skupini Bergx2 GmbH Elektronski naslov: info@boatopoly.com Telefon: +49 89 70074700 Naslov podjetja: Hochriesstr. 46 85560 Ebersberg Nem\u010dija Sede\u017e \/ po\u0161tni naslov F\u00fcrstenstr. 15 80333 M\u00fcnchen Nem\u010dija Zastopan s strani izvr\u0161nega direktorja:...\" \/>\n<meta property=\"og:url\" content=\"https:\/\/boatopoly.com\/sl\/pravno-obvestilo\/\" \/>\n<meta property=\"og:site_name\" content=\"Boatopoly\" \/>\n<meta property=\"article:publisher\" content=\"https:\/\/www.facebook.com\/boatopoly\" \/>\n<meta property=\"article:modified_time\" content=\"2024-05-16T05:32:29+00:00\" \/>\n<meta name=\"twitter:card\" content=\"summary_large_image\" \/>\n<meta name=\"twitter:label1\" content=\"Est. reading time\" \/>\n\t<meta name=\"twitter:data1\" content=\"1 minuta\" \/>\n<script type=\"application\/ld+json\" class=\"yoast-schema-graph\">{\"@context\":\"https:\/\/schema.org\",\"@graph\":[{\"@type\":\"WebPage\",\"@id\":\"https:\/\/boatopoly.com\/sl\/pravno-obvestilo\/\",\"url\":\"https:\/\/boatopoly.com\/sl\/pravno-obvestilo\/\",\"name\":\"Pravno obvestilo | Boatopoly\",\"isPartOf\":{\"@id\":\"https:\/\/boatopoly.com\/#website\"},\"datePublished\":\"2024-05-03T15:21:49+00:00\",\"dateModified\":\"2024-05-16T05:32:29+00:00\",\"breadcrumb\":{\"@id\":\"https:\/\/boatopoly.com\/sl\/pravno-obvestilo\/#breadcrumb\"},\"inLanguage\":\"sl-SI\",\"potentialAction\":[{\"@type\":\"ReadAction\",\"target\":[\"https:\/\/boatopoly.com\/sl\/pravno-obvestilo\/\"]}]},{\"@type\":\"BreadcrumbList\",\"@id\":\"https:\/\/boatopoly.com\/sl\/pravno-obvestilo\/#breadcrumb\",\"itemListElement\":[{\"@type\":\"ListItem\",\"position\":1,\"name\":\"Home\",\"item\":\"https:\/\/boatopoly.com\/sl\/domov\/\"},{\"@type\":\"ListItem\",\"position\":2,\"name\":\"Pravno obvestilo\"}]},{\"@type\":\"WebSite\",\"@id\":\"https:\/\/boatopoly.com\/#website\",\"url\":\"https:\/\/boatopoly.com\/\",\"name\":\"Boatopoly\",\"description\":\"no bubbles, just boats\",\"publisher\":{\"@id\":\"https:\/\/boatopoly.com\/#organization\"},\"potentialAction\":[{\"@type\":\"SearchAction\",\"target\":{\"@type\":\"EntryPoint\",\"urlTemplate\":\"https:\/\/boatopoly.com\/?s={search_term_string}\"},\"query-input\":{\"@type\":\"PropertyValueSpecification\",\"valueRequired\":true,\"valueName\":\"search_term_string\"}}],\"inLanguage\":\"sl-SI\"},{\"@type\":\"Organization\",\"@id\":\"https:\/\/boatopoly.com\/#organization\",\"name\":\"Boatopoly\",\"url\":\"https:\/\/boatopoly.com\/\",\"logo\":{\"@type\":\"ImageObject\",\"inLanguage\":\"sl-SI\",\"@id\":\"https:\/\/boatopoly.com\/#\/schema\/logo\/image\/\",\"url\":\"https:\/\/boatopoly.com\/wp-content\/uploads\/2024\/07\/2024-07-03-Boatopoly-Logo-1200x1200-1.png\",\"contentUrl\":\"https:\/\/boatopoly.com\/wp-content\/uploads\/2024\/07\/2024-07-03-Boatopoly-Logo-1200x1200-1.png\",\"width\":1200,\"height\":1200,\"caption\":\"Boatopoly\"},\"image\":{\"@id\":\"https:\/\/boatopoly.com\/#\/schema\/logo\/image\/\"},\"sameAs\":[\"https:\/\/www.facebook.com\/boatopoly\"]}]}<\/script>\n<!-- \/ Yoast SEO Premium plugin. -->","yoast_head_json":{"title":"Pravno obvestilo | Boatopoly","canonical":"https:\/\/boatopoly.com\/sl\/pravno-obvestilo\/","og_locale":"sl_SI","og_type":"article","og_title":"Pravno obvestilo","og_description":"Boatopoly.com &#8211; podjetje v skupini Bergx2 GmbH Elektronski naslov: info@boatopoly.com Telefon: +49 89 70074700 Naslov podjetja: Hochriesstr. 46 85560 Ebersberg Nem\u010dija Sede\u017e \/ po\u0161tni naslov F\u00fcrstenstr. 15 80333 M\u00fcnchen Nem\u010dija Zastopan s strani izvr\u0161nega direktorja:...","og_url":"https:\/\/boatopoly.com\/sl\/pravno-obvestilo\/","og_site_name":"Boatopoly","article_publisher":"https:\/\/www.facebook.com\/boatopoly","article_modified_time":"2024-05-16T05:32:29+00:00","twitter_card":"summary_large_image","twitter_misc":{"Est. reading time":"1 minuta"},"schema":{"@context":"https:\/\/schema.org","@graph":[{"@type":"WebPage","@id":"https:\/\/boatopoly.com\/sl\/pravno-obvestilo\/","url":"https:\/\/boatopoly.com\/sl\/pravno-obvestilo\/","name":"Pravno obvestilo | Boatopoly","isPartOf":{"@id":"https:\/\/boatopoly.com\/#website"},"datePublished":"2024-05-03T15:21:49+00:00","dateModified":"2024-05-16T05:32:29+00:00","breadcrumb":{"@id":"https:\/\/boatopoly.com\/sl\/pravno-obvestilo\/#breadcrumb"},"inLanguage":"sl-SI","potentialAction":[{"@type":"ReadAction","target":["https:\/\/boatopoly.com\/sl\/pravno-obvestilo\/"]}]},{"@type":"BreadcrumbList","@id":"https:\/\/boatopoly.com\/sl\/pravno-obvestilo\/#breadcrumb","itemListElement":[{"@type":"ListItem","position":1,"name":"Home","item":"https:\/\/boatopoly.com\/sl\/domov\/"},{"@type":"ListItem","position":2,"name":"Pravno obvestilo"}]},{"@type":"WebSite","@id":"https:\/\/boatopoly.com\/#website","url":"https:\/\/boatopoly.com\/","name":"Boatopoly","description":"no bubbles, just boats","publisher":{"@id":"https:\/\/boatopoly.com\/#organization"},"potentialAction":[{"@type":"SearchAction","target":{"@type":"EntryPoint","urlTemplate":"https:\/\/boatopoly.com\/?s={search_term_string}"},"query-input":{"@type":"PropertyValueSpecification","valueRequired":true,"valueName":"search_term_string"}}],"inLanguage":"sl-SI"},{"@type":"Organization","@id":"https:\/\/boatopoly.com\/#organization","name":"Boatopoly","url":"https:\/\/boatopoly.com\/","logo":{"@type":"ImageObject","inLanguage":"sl-SI","@id":"https:\/\/boatopoly.com\/#\/schema\/logo\/image\/","url":"https:\/\/boatopoly.com\/wp-content\/uploads\/2024\/07\/2024-07-03-Boatopoly-Logo-1200x1200-1.png","contentUrl":"https:\/\/boatopoly.com\/wp-content\/uploads\/2024\/07\/2024-07-03-Boatopoly-Logo-1200x1200-1.png","width":1200,"height":1200,"caption":"Boatopoly"},"image":{"@id":"https:\/\/boatopoly.com\/#\/schema\/logo\/image\/"},"sameAs":["https:\/\/www.facebook.com\/boatopoly"]}]}},"_links":{"self":[{"href":"https:\/\/boatopoly.com\/sl\/wp-json\/wp\/v2\/pages\/27483"}],"collection":[{"href":"https:\/\/boatopoly.com\/sl\/wp-json\/wp\/v2\/pages"}],"about":[{"href":"https:\/\/boatopoly.com\/sl\/wp-json\/wp\/v2\/types\/page"}],"author":[{"embeddable":true,"href":"https:\/\/boatopoly.com\/sl\/wp-json\/wp\/v2\/users\/455"}],"replies":[{"embeddable":true,"href":"https:\/\/boatopoly.com\/sl\/wp-json\/wp\/v2\/comments?post=27483"}],"version-history":[{"count":1,"href":"https:\/\/boatopoly.com\/sl\/wp-json\/wp\/v2\/pages\/27483\/revisions"}],"predecessor-version":[{"id":27729,"href":"https:\/\/boatopoly.com\/sl\/wp-json\/wp\/v2\/pages\/27483\/revisions\/27729"}],"wp:attachment":[{"href":"https:\/\/boatopoly.com\/sl\/wp-json\/wp\/v2\/media?parent=27483"}],"curies":[{"name":"wp","href":"https:\/\/api.w.org\/{rel}","templated":true}]}}