{"id":27465,"date":"2024-05-03T15:21:12","date_gmt":"2024-05-03T15:21:12","guid":{"rendered":"https:\/\/dev2.boatopoly.com\/prednosti-uvrstitve-na-seznam-pri-nas\/"},"modified":"2024-05-16T05:32:15","modified_gmt":"2024-05-16T05:32:15","slug":"prednosti-uvrstitve-na-seznam-pri-nas","status":"publish","type":"page","link":"https:\/\/boatopoly.com\/sl\/prednosti-uvrstitve-na-seznam-pri-nas\/","title":{"rendered":"Prednosti uvrstitve na seznam pri nas"},"content":{"rendered":"\n<p>Za najve\u010djo mo\u017eno izpostavljenost vpi\u0161ite svoj izdelek v Boatopoly. Ne glede na to, ali prodajate \u010doln, jahto, plovilo, prikolico ali kateri koli drug predmet, povezan s plovbo, je Boatopoly va\u0161a vstopna to\u010dka za doseganje potencialnih kupcev na lokalni in svetovni ravni. Odkrijte prednosti, ki jih prina\u0161a uvrstitev na seznam pri nas, in si zagotovite \u0161tevilne ugodnosti.<\/p>\n\n<p><\/p>\n","protected":false},"excerpt":{"rendered":"<p>Za najve\u010djo mo\u017eno izpostavljenost vpi\u0161ite svoj izdelek v Boatopoly. Ne glede na to, ali prodajate \u010doln, jahto, plovilo, prikolico ali kateri koli drug predmet, povezan s plovbo, je Boatopoly va\u0161a vstopna to\u010dka za doseganje potencialnih&#8230;<\/p>\n","protected":false},"author":455,"featured_media":0,"parent":0,"menu_order":0,"comment_status":"closed","ping_status":"closed","template":"page-buy-with-us.php","meta":{"footnotes":""},"class_list":["post-27465","page","type-page","status-publish","hentry"],"yoast_head":"<!-- This site is optimized with the Yoast SEO Premium plugin v25.0 (Yoast SEO v25.1) - https:\/\/yoast.com\/wordpress\/plugins\/seo\/ -->\n<title>Prednosti uvrstitve na seznam pri nas | Boatopoly<\/title>\n<link rel=\"canonical\" href=\"https:\/\/boatopoly.com\/sl\/prednosti-uvrstitve-na-seznam-pri-nas\/\" \/>\n<meta property=\"og:locale\" content=\"sl_SI\" \/>\n<meta property=\"og:type\" content=\"article\" \/>\n<meta property=\"og:title\" content=\"Prednosti uvrstitve na seznam pri nas\" \/>\n<meta property=\"og:description\" content=\"Za najve\u010djo mo\u017eno izpostavljenost vpi\u0161ite svoj izdelek v Boatopoly. Ne glede na to, ali prodajate \u010doln, jahto, plovilo, prikolico ali kateri koli drug predmet, povezan s plovbo, je Boatopoly va\u0161a vstopna to\u010dka za doseganje potencialnih...\" \/>\n<meta property=\"og:url\" content=\"https:\/\/boatopoly.com\/sl\/prednosti-uvrstitve-na-seznam-pri-nas\/\" \/>\n<meta property=\"og:site_name\" content=\"Boatopoly\" \/>\n<meta property=\"article:publisher\" content=\"https:\/\/www.facebook.com\/boatopoly\" \/>\n<meta property=\"article:modified_time\" content=\"2024-05-16T05:32:15+00:00\" \/>\n<meta name=\"twitter:card\" content=\"summary_large_image\" \/>\n<meta name=\"twitter:label1\" content=\"Est. reading time\" \/>\n\t<meta name=\"twitter:data1\" content=\"1 minuta\" \/>\n<script type=\"application\/ld+json\" class=\"yoast-schema-graph\">{\"@context\":\"https:\/\/schema.org\",\"@graph\":[{\"@type\":\"WebPage\",\"@id\":\"https:\/\/boatopoly.com\/sl\/prednosti-uvrstitve-na-seznam-pri-nas\/\",\"url\":\"https:\/\/boatopoly.com\/sl\/prednosti-uvrstitve-na-seznam-pri-nas\/\",\"name\":\"Prednosti uvrstitve na seznam pri nas | Boatopoly\",\"isPartOf\":{\"@id\":\"https:\/\/boatopoly.com\/#website\"},\"datePublished\":\"2024-05-03T15:21:12+00:00\",\"dateModified\":\"2024-05-16T05:32:15+00:00\",\"breadcrumb\":{\"@id\":\"https:\/\/boatopoly.com\/sl\/prednosti-uvrstitve-na-seznam-pri-nas\/#breadcrumb\"},\"inLanguage\":\"sl-SI\",\"potentialAction\":[{\"@type\":\"ReadAction\",\"target\":[\"https:\/\/boatopoly.com\/sl\/prednosti-uvrstitve-na-seznam-pri-nas\/\"]}]},{\"@type\":\"BreadcrumbList\",\"@id\":\"https:\/\/boatopoly.com\/sl\/prednosti-uvrstitve-na-seznam-pri-nas\/#breadcrumb\",\"itemListElement\":[{\"@type\":\"ListItem\",\"position\":1,\"name\":\"Home\",\"item\":\"https:\/\/boatopoly.com\/sl\/domov\/\"},{\"@type\":\"ListItem\",\"position\":2,\"name\":\"Prednosti uvrstitve na seznam pri nas\"}]},{\"@type\":\"WebSite\",\"@id\":\"https:\/\/boatopoly.com\/#website\",\"url\":\"https:\/\/boatopoly.com\/\",\"name\":\"Boatopoly\",\"description\":\"no bubbles, just boats\",\"publisher\":{\"@id\":\"https:\/\/boatopoly.com\/#organization\"},\"potentialAction\":[{\"@type\":\"SearchAction\",\"target\":{\"@type\":\"EntryPoint\",\"urlTemplate\":\"https:\/\/boatopoly.com\/?s={search_term_string}\"},\"query-input\":{\"@type\":\"PropertyValueSpecification\",\"valueRequired\":true,\"valueName\":\"search_term_string\"}}],\"inLanguage\":\"sl-SI\"},{\"@type\":\"Organization\",\"@id\":\"https:\/\/boatopoly.com\/#organization\",\"name\":\"Boatopoly\",\"url\":\"https:\/\/boatopoly.com\/\",\"logo\":{\"@type\":\"ImageObject\",\"inLanguage\":\"sl-SI\",\"@id\":\"https:\/\/boatopoly.com\/#\/schema\/logo\/image\/\",\"url\":\"https:\/\/boatopoly.com\/wp-content\/uploads\/2024\/07\/2024-07-03-Boatopoly-Logo-1200x1200-1.png\",\"contentUrl\":\"https:\/\/boatopoly.com\/wp-content\/uploads\/2024\/07\/2024-07-03-Boatopoly-Logo-1200x1200-1.png\",\"width\":1200,\"height\":1200,\"caption\":\"Boatopoly\"},\"image\":{\"@id\":\"https:\/\/boatopoly.com\/#\/schema\/logo\/image\/\"},\"sameAs\":[\"https:\/\/www.facebook.com\/boatopoly\"]}]}<\/script>\n<!-- \/ Yoast SEO Premium plugin. -->","yoast_head_json":{"title":"Prednosti uvrstitve na seznam pri nas | Boatopoly","canonical":"https:\/\/boatopoly.com\/sl\/prednosti-uvrstitve-na-seznam-pri-nas\/","og_locale":"sl_SI","og_type":"article","og_title":"Prednosti uvrstitve na seznam pri nas","og_description":"Za najve\u010djo mo\u017eno izpostavljenost vpi\u0161ite svoj izdelek v Boatopoly. Ne glede na to, ali prodajate \u010doln, jahto, plovilo, prikolico ali kateri koli drug predmet, povezan s plovbo, je Boatopoly va\u0161a vstopna to\u010dka za doseganje potencialnih...","og_url":"https:\/\/boatopoly.com\/sl\/prednosti-uvrstitve-na-seznam-pri-nas\/","og_site_name":"Boatopoly","article_publisher":"https:\/\/www.facebook.com\/boatopoly","article_modified_time":"2024-05-16T05:32:15+00:00","twitter_card":"summary_large_image","twitter_misc":{"Est. reading time":"1 minuta"},"schema":{"@context":"https:\/\/schema.org","@graph":[{"@type":"WebPage","@id":"https:\/\/boatopoly.com\/sl\/prednosti-uvrstitve-na-seznam-pri-nas\/","url":"https:\/\/boatopoly.com\/sl\/prednosti-uvrstitve-na-seznam-pri-nas\/","name":"Prednosti uvrstitve na seznam pri nas | Boatopoly","isPartOf":{"@id":"https:\/\/boatopoly.com\/#website"},"datePublished":"2024-05-03T15:21:12+00:00","dateModified":"2024-05-16T05:32:15+00:00","breadcrumb":{"@id":"https:\/\/boatopoly.com\/sl\/prednosti-uvrstitve-na-seznam-pri-nas\/#breadcrumb"},"inLanguage":"sl-SI","potentialAction":[{"@type":"ReadAction","target":["https:\/\/boatopoly.com\/sl\/prednosti-uvrstitve-na-seznam-pri-nas\/"]}]},{"@type":"BreadcrumbList","@id":"https:\/\/boatopoly.com\/sl\/prednosti-uvrstitve-na-seznam-pri-nas\/#breadcrumb","itemListElement":[{"@type":"ListItem","position":1,"name":"Home","item":"https:\/\/boatopoly.com\/sl\/domov\/"},{"@type":"ListItem","position":2,"name":"Prednosti uvrstitve na seznam pri nas"}]},{"@type":"WebSite","@id":"https:\/\/boatopoly.com\/#website","url":"https:\/\/boatopoly.com\/","name":"Boatopoly","description":"no bubbles, just boats","publisher":{"@id":"https:\/\/boatopoly.com\/#organization"},"potentialAction":[{"@type":"SearchAction","target":{"@type":"EntryPoint","urlTemplate":"https:\/\/boatopoly.com\/?s={search_term_string}"},"query-input":{"@type":"PropertyValueSpecification","valueRequired":true,"valueName":"search_term_string"}}],"inLanguage":"sl-SI"},{"@type":"Organization","@id":"https:\/\/boatopoly.com\/#organization","name":"Boatopoly","url":"https:\/\/boatopoly.com\/","logo":{"@type":"ImageObject","inLanguage":"sl-SI","@id":"https:\/\/boatopoly.com\/#\/schema\/logo\/image\/","url":"https:\/\/boatopoly.com\/wp-content\/uploads\/2024\/07\/2024-07-03-Boatopoly-Logo-1200x1200-1.png","contentUrl":"https:\/\/boatopoly.com\/wp-content\/uploads\/2024\/07\/2024-07-03-Boatopoly-Logo-1200x1200-1.png","width":1200,"height":1200,"caption":"Boatopoly"},"image":{"@id":"https:\/\/boatopoly.com\/#\/schema\/logo\/image\/"},"sameAs":["https:\/\/www.facebook.com\/boatopoly"]}]}},"_links":{"self":[{"href":"https:\/\/boatopoly.com\/sl\/wp-json\/wp\/v2\/pages\/27465"}],"collection":[{"href":"https:\/\/boatopoly.com\/sl\/wp-json\/wp\/v2\/pages"}],"about":[{"href":"https:\/\/boatopoly.com\/sl\/wp-json\/wp\/v2\/types\/page"}],"author":[{"embeddable":true,"href":"https:\/\/boatopoly.com\/sl\/wp-json\/wp\/v2\/users\/455"}],"replies":[{"embeddable":true,"href":"https:\/\/boatopoly.com\/sl\/wp-json\/wp\/v2\/comments?post=27465"}],"version-history":[{"count":1,"href":"https:\/\/boatopoly.com\/sl\/wp-json\/wp\/v2\/pages\/27465\/revisions"}],"predecessor-version":[{"id":27723,"href":"https:\/\/boatopoly.com\/sl\/wp-json\/wp\/v2\/pages\/27465\/revisions\/27723"}],"wp:attachment":[{"href":"https:\/\/boatopoly.com\/sl\/wp-json\/wp\/v2\/media?parent=27465"}],"curies":[{"name":"wp","href":"https:\/\/api.w.org\/{rel}","templated":true}]}}