{"id":27456,"date":"2024-05-03T15:20:45","date_gmt":"2024-05-03T15:20:45","guid":{"rendered":"https:\/\/dev2.boatopoly.com\/koristni-nasveti-za-hitro-prodajo-colna\/"},"modified":"2024-05-16T05:31:54","modified_gmt":"2024-05-16T05:31:54","slug":"koristni-nasveti-za-hitro-prodajo-colna","status":"publish","type":"page","link":"https:\/\/boatopoly.com\/sl\/koristni-nasveti-za-hitro-prodajo-colna\/","title":{"rendered":"Koristni nasveti za hitro prodajo \u010dolna"},"content":{"rendered":"<h3>1. Tr\u017eenje \u010dolna je klju\u010dnega pomena.<\/h3>\n<p><span style=\"font-size: 12pt;\">Mo\u010dno se ogla\u0161ujte. Postavite oglase v lokalni navti\u010dni tisk, v velikem dnevnem \u010dasopisu, in \u010de gre za velik \u010doln ali omejeno razpolo\u017eljivost, da kupci lahko potujejo zunaj dr\u017eave, da bi si ogledali, postavite oglase v top regionalnih in nacionalnih lokacijah. Oglasi s slikami in podrobnimi informacijami pritegnejo ve\u010d prometa. Lahko enostavno natisnete Expos\u00e9 va\u0161ega \u010dolna oglas na Boatopoly in poslati ali izro\u010diti potencialnim kupcem.<\/span><\/p>\n<h3>2. \u010coln mora biti v dobrem stanju, ko je prikazan stranki.<\/h3>\n<p><span style=\"font-size: 12pt;\">Tehni\u010dno in vizualno stanje plovila mora biti najbolj\u0161e, ko si ga stranka ogleda. Najprej se prepri\u010dajte, da je motor  <\/span><span style=\"font-size: 12pt;\">ali motorji delujejo brezhibno. Za pomo\u010d pri tem zagnati motor in ga ogreti eno uro, preden potencialni kupec pride na ogled \u010dolna.  <\/span><span style=\"font-size: 12pt;\">Nemoten zagon \u010dolna lahko mo\u010dno pospe\u0161i postopek prodaje \u010dolnov, \u010de pa se va\u0161 \u010doln ne za\u017eene takoj, lahko <\/span><span style=\"font-size: 12pt;\">prav tako lahko prenehate prodajati.<\/span><\/p>\n<h3>3. Pred razstavo \u010doln o\u010distite in spolirajte.<\/h3>\n<p><span style=\"font-size: 12pt;\">\u010ceprav nekateri ljudje videz \u010dolna kot sekundarni dejavnik, to zagotovo ne dr\u017ei, ko govorimo o prodaji va\u0161ega \u010dolna. Va\u0161  <\/span><span style=\"font-size: 12pt;\">\u010doln je vreden toliko, kolikor je nekdo pripravljen pla\u010dati zanj, in bolje je videti, vi\u0161jo ceno lahko postavite in ve\u010d ljudi  <\/span><span style=\"font-size: 12pt;\">bi si \u017eelel lastiti va\u0161 \u010doln. \u010ce je mogo\u010de, uporabite profesionalni \u010distilni material in storitve ali pa to storite sami, kolikor je le mogo\u010de!  <\/span><span style=\"font-size: 12pt;\">O\u010distite posodo za shranjevanje, sredinske konzole, preproge in oblazinjenje ter obri\u0161ite omare in vse druge prostore za shranjevanje, da bodo videti <\/span><span style=\"font-size: 12pt;\">lepo in vabljivo.<\/span><\/p>\n<h3>4. Odpravite svoje plovilo.<\/h3>\n<p><span style=\"font-size: 12pt;\">\u010ce \u017eelite poudariti prostor na \u010dolnu, odstranite vse nepotrebne in odve\u010dne predmete z njega, na primer nekaj hrane. <\/span><span style=\"font-size: 12pt;\">in pija\u010do, zasebne predmete in predmete, ki niso bili v \u010dolnu, ko ste ga prvi\u010d kupili.<\/span><\/p>\n<h3>5. \u010coln po potrebi polirajte ali prema\u017eite s sve\u017eim premazom.<\/h3>\n<p><span style=\"font-size: 12pt;\">Veliko la\u017eje je prodati \u010doln, ki je popolnoma pripravljen za novega uporabnika. \u010ce ni popolnoma pripravljen za novega uporabnika, bo to zagotovo  <\/span><span style=\"font-size: 12pt;\">vplivati na \u010das, potreben za sklenitev posla, in znesek denarja, ki ga boste prejeli iz transakcije, bo neizogibno manj\u0161i.  <\/span><span style=\"font-size: 12pt;\">\u010coln prebarvajte, \u010de je zbledela ali opraskana. Izvedite manj\u0161e izbolj\u0161ave ali celo dodajte povsem nov pla\u0161\u010d. Ne glede na to, kaj pritegne kupca  <\/span><span style=\"font-size: 12pt;\">pozornost. Pobarvajte dno (\u010de je pobarvano) in lepilo z osnovnimi barvami trupa \u010dolna, na primer z belo ali temno modro. Kupca lahko zlahka  <\/span><span style=\"font-size: 12pt;\">izklopi, \u010de je \u010doln pobarvan v presenetljivo funky barvo.<\/span><\/p>\n<p><span style=\"font-size: 12pt;\">Po potrebi \u010doln dobro nama\u017eite z voskom. Pri fotografiranju \u010dolna za oglas ali ogled, \u010doln mora sijati  <\/span><span style=\"font-size: 12pt;\">in so videti kot novi. Razpr\u0161ljivi vosek za pohi\u0161tvo bo zagotovil za\u010dasen sijaj, vendar bo poseben vosek, razvit za plovila, trajal dlje in  <\/span><span style=\"font-size: 12pt;\">videti \u0161e bolje.<\/span><\/p>\n<h3>6. Naredite res dobre fotografije.<\/h3>\n<p><span style=\"font-size: 12pt;\">Navdih za vrste in kote slik lahko dobite v strokovnih navti\u010dnih revijah ali na spletnih straneh. Tamkaj\u0161nje fotografije  <\/span><span style=\"font-size: 12pt;\">predstavljajo, kako strokovnjaki vidijo in \u017eelijo, da se ladja videti. Ne priporo\u010dam, da si vedno ogledate druge oglase na  <\/span><span style=\"font-size: 12pt;\">trg kot navdih, saj vsi prodajalci nimajo pravega in u\u010dinkovitega pristopa. \u010ce ste pripravljeni vlo\u017eiti ve\u010d za prodajo \u010dolna,  <\/span><span style=\"font-size: 12pt;\">najem profesionalnega fotografa se vam bo zagotovo obrestoval v ve\u010djem \u0161tevilu povpra\u0161evanj. Ujemite najbolj\u0161e kote \u010dolnov z razli\u010dnimi in razli\u010dnimi  <\/span><span style=\"font-size: 12pt;\">posnetkov, med katerimi lahko izberete najbolj\u0161e, ki bodo va\u0161o ladjo predstavili v najbolj\u0161i lu\u010di. Vsekakor si oglejte sliko kri\u017earjenja ladje. To bo  <\/span><span style=\"font-size: 12pt;\">zelo primerno za prikaz dimenzij va\u0161ega \u010dolna s pomo\u010djo slik. Ne pozabite ujeti najlep\u0161ih podrobnosti o ladji z<\/span><br \/>\n<span style=\"font-size: 12pt;\">bli\u017enji posnetki.<\/span><\/p>\n<h3>7. Uredite dokumentacijo.<\/h3>\n<p><span style=\"font-size: 12pt;\">\u010ceprav se to zdi o\u010ditno, se v\u010dasih lastniki ne zavedajo, da nekateri dokumenti niso v redu ali da preprosto  <\/span><span style=\"font-size: 12pt;\">manjka. Preverite, ali imate dokazilo o lastni\u0161tvu, in naredite korak naprej ter pripravite dokumente za prenos  <\/span><span style=\"font-size: 12pt;\">lastni\u0161tvo. Da bi se izognili neprijetnim situacijam in dokazali svojo strokovnost, poskrbite, da je vsa dokumentacija urejena. V tem  <\/span><span style=\"font-size: 12pt;\">primeru organizirana dokumentacija lahko bistveno zmanj\u0161a \u010das prodaje \u010dolna.<\/span><\/p>\n","protected":false},"excerpt":{"rendered":"<p>1. Tr\u017eenje \u010dolna je klju\u010dnega pomena. Mo\u010dno se ogla\u0161ujte. Postavite oglase v lokalni navti\u010dni tisk, v velikem dnevnem \u010dasopisu, in \u010de gre za velik \u010doln ali omejeno razpolo\u017eljivost, da kupci lahko potujejo zunaj dr\u017eave, da&#8230;<\/p>\n","protected":false},"author":455,"featured_media":0,"parent":0,"menu_order":0,"comment_status":"closed","ping_status":"closed","template":"","meta":{"footnotes":""},"class_list":["post-27456","page","type-page","status-publish","hentry"],"yoast_head":"<!-- This site is optimized with the Yoast SEO Premium plugin v25.0 (Yoast SEO v25.1) - https:\/\/yoast.com\/wordpress\/plugins\/seo\/ -->\n<title>Koristni nasveti za hitro prodajo \u010dolna | Boatopoly<\/title>\n<link rel=\"canonical\" href=\"https:\/\/boatopoly.com\/sl\/koristni-nasveti-za-hitro-prodajo-colna\/\" \/>\n<meta property=\"og:locale\" content=\"sl_SI\" \/>\n<meta property=\"og:type\" content=\"article\" \/>\n<meta property=\"og:title\" content=\"Koristni nasveti za hitro prodajo \u010dolna\" \/>\n<meta property=\"og:description\" content=\"1. Tr\u017eenje \u010dolna je klju\u010dnega pomena. Mo\u010dno se ogla\u0161ujte. Postavite oglase v lokalni navti\u010dni tisk, v velikem dnevnem \u010dasopisu, in \u010de gre za velik \u010doln ali omejeno razpolo\u017eljivost, da kupci lahko potujejo zunaj dr\u017eave, da...\" \/>\n<meta property=\"og:url\" content=\"https:\/\/boatopoly.com\/sl\/koristni-nasveti-za-hitro-prodajo-colna\/\" \/>\n<meta property=\"og:site_name\" content=\"Boatopoly\" \/>\n<meta property=\"article:publisher\" content=\"https:\/\/www.facebook.com\/boatopoly\" \/>\n<meta property=\"article:modified_time\" content=\"2024-05-16T05:31:54+00:00\" \/>\n<meta name=\"twitter:card\" content=\"summary_large_image\" \/>\n<meta name=\"twitter:label1\" content=\"Est. reading time\" \/>\n\t<meta name=\"twitter:data1\" content=\"4 minute\" \/>\n<script type=\"application\/ld+json\" class=\"yoast-schema-graph\">{\"@context\":\"https:\/\/schema.org\",\"@graph\":[{\"@type\":\"WebPage\",\"@id\":\"https:\/\/boatopoly.com\/sl\/koristni-nasveti-za-hitro-prodajo-colna\/\",\"url\":\"https:\/\/boatopoly.com\/sl\/koristni-nasveti-za-hitro-prodajo-colna\/\",\"name\":\"Koristni nasveti za hitro prodajo \u010dolna | Boatopoly\",\"isPartOf\":{\"@id\":\"https:\/\/boatopoly.com\/#website\"},\"datePublished\":\"2024-05-03T15:20:45+00:00\",\"dateModified\":\"2024-05-16T05:31:54+00:00\",\"breadcrumb\":{\"@id\":\"https:\/\/boatopoly.com\/sl\/koristni-nasveti-za-hitro-prodajo-colna\/#breadcrumb\"},\"inLanguage\":\"sl-SI\",\"potentialAction\":[{\"@type\":\"ReadAction\",\"target\":[\"https:\/\/boatopoly.com\/sl\/koristni-nasveti-za-hitro-prodajo-colna\/\"]}]},{\"@type\":\"BreadcrumbList\",\"@id\":\"https:\/\/boatopoly.com\/sl\/koristni-nasveti-za-hitro-prodajo-colna\/#breadcrumb\",\"itemListElement\":[{\"@type\":\"ListItem\",\"position\":1,\"name\":\"Home\",\"item\":\"https:\/\/boatopoly.com\/sl\/domov\/\"},{\"@type\":\"ListItem\",\"position\":2,\"name\":\"Koristni nasveti za hitro prodajo \u010dolna\"}]},{\"@type\":\"WebSite\",\"@id\":\"https:\/\/boatopoly.com\/#website\",\"url\":\"https:\/\/boatopoly.com\/\",\"name\":\"Boatopoly\",\"description\":\"no bubbles, just boats\",\"publisher\":{\"@id\":\"https:\/\/boatopoly.com\/#organization\"},\"potentialAction\":[{\"@type\":\"SearchAction\",\"target\":{\"@type\":\"EntryPoint\",\"urlTemplate\":\"https:\/\/boatopoly.com\/?s={search_term_string}\"},\"query-input\":{\"@type\":\"PropertyValueSpecification\",\"valueRequired\":true,\"valueName\":\"search_term_string\"}}],\"inLanguage\":\"sl-SI\"},{\"@type\":\"Organization\",\"@id\":\"https:\/\/boatopoly.com\/#organization\",\"name\":\"Boatopoly\",\"url\":\"https:\/\/boatopoly.com\/\",\"logo\":{\"@type\":\"ImageObject\",\"inLanguage\":\"sl-SI\",\"@id\":\"https:\/\/boatopoly.com\/#\/schema\/logo\/image\/\",\"url\":\"https:\/\/boatopoly.com\/wp-content\/uploads\/2024\/07\/2024-07-03-Boatopoly-Logo-1200x1200-1.png\",\"contentUrl\":\"https:\/\/boatopoly.com\/wp-content\/uploads\/2024\/07\/2024-07-03-Boatopoly-Logo-1200x1200-1.png\",\"width\":1200,\"height\":1200,\"caption\":\"Boatopoly\"},\"image\":{\"@id\":\"https:\/\/boatopoly.com\/#\/schema\/logo\/image\/\"},\"sameAs\":[\"https:\/\/www.facebook.com\/boatopoly\"]}]}<\/script>\n<!-- \/ Yoast SEO Premium plugin. -->","yoast_head_json":{"title":"Koristni nasveti za hitro prodajo \u010dolna | Boatopoly","canonical":"https:\/\/boatopoly.com\/sl\/koristni-nasveti-za-hitro-prodajo-colna\/","og_locale":"sl_SI","og_type":"article","og_title":"Koristni nasveti za hitro prodajo \u010dolna","og_description":"1. Tr\u017eenje \u010dolna je klju\u010dnega pomena. Mo\u010dno se ogla\u0161ujte. Postavite oglase v lokalni navti\u010dni tisk, v velikem dnevnem \u010dasopisu, in \u010de gre za velik \u010doln ali omejeno razpolo\u017eljivost, da kupci lahko potujejo zunaj dr\u017eave, da...","og_url":"https:\/\/boatopoly.com\/sl\/koristni-nasveti-za-hitro-prodajo-colna\/","og_site_name":"Boatopoly","article_publisher":"https:\/\/www.facebook.com\/boatopoly","article_modified_time":"2024-05-16T05:31:54+00:00","twitter_card":"summary_large_image","twitter_misc":{"Est. reading time":"4 minute"},"schema":{"@context":"https:\/\/schema.org","@graph":[{"@type":"WebPage","@id":"https:\/\/boatopoly.com\/sl\/koristni-nasveti-za-hitro-prodajo-colna\/","url":"https:\/\/boatopoly.com\/sl\/koristni-nasveti-za-hitro-prodajo-colna\/","name":"Koristni nasveti za hitro prodajo \u010dolna | Boatopoly","isPartOf":{"@id":"https:\/\/boatopoly.com\/#website"},"datePublished":"2024-05-03T15:20:45+00:00","dateModified":"2024-05-16T05:31:54+00:00","breadcrumb":{"@id":"https:\/\/boatopoly.com\/sl\/koristni-nasveti-za-hitro-prodajo-colna\/#breadcrumb"},"inLanguage":"sl-SI","potentialAction":[{"@type":"ReadAction","target":["https:\/\/boatopoly.com\/sl\/koristni-nasveti-za-hitro-prodajo-colna\/"]}]},{"@type":"BreadcrumbList","@id":"https:\/\/boatopoly.com\/sl\/koristni-nasveti-za-hitro-prodajo-colna\/#breadcrumb","itemListElement":[{"@type":"ListItem","position":1,"name":"Home","item":"https:\/\/boatopoly.com\/sl\/domov\/"},{"@type":"ListItem","position":2,"name":"Koristni nasveti za hitro prodajo \u010dolna"}]},{"@type":"WebSite","@id":"https:\/\/boatopoly.com\/#website","url":"https:\/\/boatopoly.com\/","name":"Boatopoly","description":"no bubbles, just boats","publisher":{"@id":"https:\/\/boatopoly.com\/#organization"},"potentialAction":[{"@type":"SearchAction","target":{"@type":"EntryPoint","urlTemplate":"https:\/\/boatopoly.com\/?s={search_term_string}"},"query-input":{"@type":"PropertyValueSpecification","valueRequired":true,"valueName":"search_term_string"}}],"inLanguage":"sl-SI"},{"@type":"Organization","@id":"https:\/\/boatopoly.com\/#organization","name":"Boatopoly","url":"https:\/\/boatopoly.com\/","logo":{"@type":"ImageObject","inLanguage":"sl-SI","@id":"https:\/\/boatopoly.com\/#\/schema\/logo\/image\/","url":"https:\/\/boatopoly.com\/wp-content\/uploads\/2024\/07\/2024-07-03-Boatopoly-Logo-1200x1200-1.png","contentUrl":"https:\/\/boatopoly.com\/wp-content\/uploads\/2024\/07\/2024-07-03-Boatopoly-Logo-1200x1200-1.png","width":1200,"height":1200,"caption":"Boatopoly"},"image":{"@id":"https:\/\/boatopoly.com\/#\/schema\/logo\/image\/"},"sameAs":["https:\/\/www.facebook.com\/boatopoly"]}]}},"_links":{"self":[{"href":"https:\/\/boatopoly.com\/sl\/wp-json\/wp\/v2\/pages\/27456"}],"collection":[{"href":"https:\/\/boatopoly.com\/sl\/wp-json\/wp\/v2\/pages"}],"about":[{"href":"https:\/\/boatopoly.com\/sl\/wp-json\/wp\/v2\/types\/page"}],"author":[{"embeddable":true,"href":"https:\/\/boatopoly.com\/sl\/wp-json\/wp\/v2\/users\/455"}],"replies":[{"embeddable":true,"href":"https:\/\/boatopoly.com\/sl\/wp-json\/wp\/v2\/comments?post=27456"}],"version-history":[{"count":1,"href":"https:\/\/boatopoly.com\/sl\/wp-json\/wp\/v2\/pages\/27456\/revisions"}],"predecessor-version":[{"id":27714,"href":"https:\/\/boatopoly.com\/sl\/wp-json\/wp\/v2\/pages\/27456\/revisions\/27714"}],"wp:attachment":[{"href":"https:\/\/boatopoly.com\/sl\/wp-json\/wp\/v2\/media?parent=27456"}],"curies":[{"name":"wp","href":"https:\/\/api.w.org\/{rel}","templated":true}]}}