{"id":27423,"date":"2024-05-03T15:19:40","date_gmt":"2024-05-03T15:19:40","guid":{"rendered":"https:\/\/dev2.boatopoly.com\/pogosta-vprasanja\/"},"modified":"2024-05-16T05:31:10","modified_gmt":"2024-05-16T05:31:10","slug":"pogosta-vprasanja","status":"publish","type":"page","link":"https:\/\/boatopoly.com\/sl\/pogosta-vprasanja\/","title":{"rendered":"POGOSTA VPRA\u0160ANJA"},"content":{"rendered":"<div class=\"accordion-content\">\n<h3>Za prijavo ne morem uporabiti svojih podatkov (uporabni\u0161kega imena in gesla). Kaj bi lahko bil razlog za to?<\/h3>\n<p>Morda imate v podatkih tiskarsko napako &#8211; tukaj je nekaj nasvetov: Preverite, ali so v va\u0161em e-po\u0161tnem naslovu ali uporabni\u0161kem imenu in geslu vnesene velike in male \u010drke.<\/p>\n<p>\u010ce se gesla ne spomnite, vam lahko po\u0161ljemo novo: <a href=\"https:\/\/dev2.boatopoly.com\/reset-password\/\">&#8220;Po\u0161lji novo geslo<\/a>&#8220;. Samo vnesite svoj e-po\u0161tni naslov in samodejno boste prejeli povezavo do spletnega mesta z mo\u017enostmi za obnovitev.<br \/>\n\u010ce se ne spomnite svojega uporabni\u0161kega imena, ki je lahko enako va\u0161emu prijavnemu e-po\u0161tnemu sporo\u010dilu, se obrnite na na\u0161o ekipo za podporo. Pomagamo vam lahko tudi pri ogla\u0161evanju in \u0161tevilu strank.<\/p>\n<a class=\"color-blue\" href=\"https:\/\/boatopoly.com\/sl\/pisite-nam\/\" target=\"_blank\">Pi\u0161ite nam<\/a>\n<p>Elektronska po\u0161ta:  <a href=\"mailto:support@boatopoly.com\" class=\"color-inherit d-inline-block\">support@boatopoly.com<\/a><\/p>\n<h3>Novega gesla, za katerega sem zahteval, da mi ga po\u0161ljete, \u0161e nisem prejel &#8211; kaj bi lahko bil razlog za to?<\/h3>\n<p>Mo\u017eno je, da ste pri registraciji uporabili drug e-po\u0161tni naslov v primerjavi s tistim, ki ste ga pravkar preverili. Ali pa ste se zmotili v svojem e-po\u0161tnem naslovu.<\/p>\n<p>Obrnite se na nas prek <a href=\"https:\/\/dev2.boatopoly.com\/contact-us\/\">obrazca za stike<\/a>. Radi bi vam pomagali \u0161e naprej. Prosimo, da imate pripravljeno \u0161tevilko stranke ali oglasa ali pa nas o tem \u017ee obvestite v svojem sporo\u010dilu.<\/p>\n<a class=\"color-blue\" href=\"https:\/\/boatopoly.com\/sl\/pisite-nam\/\" target=\"_blank\">Pi\u0161ite nam<\/a>\n<p>Elektronska po\u0161ta:  <a href=\"mailto:support@boatopoly.com\" class=\"color-inherit d-inline-block\">support@boatopoly.com<\/a><\/p>\n<h3>Nisem prejel nobenih zahtevkov za nakup &#8211; kaj bi lahko bil razlog za to?<\/h3>\n<p>Povpra\u0161evanje po va\u0161em prodajnem predmetu je premajhno glede na va\u0161e vnaprej dolo\u010dene pogoje (na primer ceno).<\/p>\n<p>Ali pa je va\u0161 predmet \u0161e posebej nenavaden, velik, ekskluziven itd., zato lahko iskanje pravega kupca traja dlje. Zelo dragi predmeti se obi\u010dajno prodajajo dlje \u010dasa. Po statisti\u010dnih podatkih je potrebno pribli\u017eno 270 dni, da je ladja prodana.<\/p>\n<p>Preverite, ali je va\u0161 e-po\u0161tni predal morda poln.<\/p>\n<p>V navedenem e-po\u0161tnem naslovu je morda pri\u0161lo do tiskarske napake ali pa uporabljate drug e-po\u0161tni naslov. Preverite svoj e-po\u0161tni naslov in ga po potrebi popravite. Za dodatno pomo\u010d <a href=\"https:\/\/dev2.boatopoly.com\/contact-us\/\">se<\/a> lahko <a href=\"https:\/\/dev2.boatopoly.com\/contact-us\/\">obrnete<\/a> tudi <a href=\"https:\/\/dev2.boatopoly.com\/contact-us\/\">na ekipo za podporo<\/a>. Navedite \u0161tevilko oglasa ali ra\u010duna.<\/p>\n<a class=\"color-blue\" href=\"https:\/\/boatopoly.com\/sl\/pisite-nam\/\" target=\"_blank\">Pi\u0161ite nam<\/a>\n<h3>Kaj je razlog, da ne morete videti sprememb mojega oglasa kot takega?<\/h3>\n<p>Ob nalaganju spletnega mesta ga spletni brskalnik shrani v predpomnilnik brskalnika.<\/p>\n<p>Za ogled najnovej\u0161e razli\u010dice in s tem sprememb na spletnem mestu je morda koristno osve\u017eiti stran (pogosto s F5 ali z gumbom &#8220;osve\u017ei&#8221; v brskalniku). V posebej trdovratnih primerih bo morda treba izbrisati seznam predpomnilnika (za\u010dasni seznam).<\/p>\n<h3>Zakaj moj oglas ni naveden na vrhu strani, \u010deprav sem ga aktiviral \u0161ele zdaj?<\/h3>\n<p>Da bi zagotovili po\u0161teno vidnost va\u0161ega oglasa in visoke prodajne mo\u017enosti v celotnem obdobju objave, se vsi oglasi med objavo neprekinjeno me\u0161ajo. Zato predmeti z dalj\u0161im obdobjem uvrstitve na seznam nimajo pomanjkljivosti.<\/p>\n<h3>Kako lahko podalj\u0161am obdobje objave oglasa, \u010de se bli\u017ea konec?<\/h3>\n<p>Obdobje objave oglasa lahko podalj\u0161ate tako, da se prijavite v svoj uporabni\u0161ki ra\u010dun. Pojdite v &#8220;Moji oglasi&#8221; in kot mo\u017enost urejanja izberite &#8220;Raz\u0161iriti&#8221;.<\/p>\n<p>Poleg tega boste ob koncu obdobja objave prejeli samodejno obvestilno e-po\u0161to, ki omogo\u010da zelo priro\u010dno podalj\u0161anje oglasa prek povezave. To mo\u017enost lahko prekli\u010dete v nastavitvah e-po\u0161te.<\/p>\n<h3>Kateri formati datotek so mogo\u010di za nalaganje fotografij?<\/h3>\n<p>Fotografije lahko za zdaj nalo\u017eite v formatih jpg, gif in png &#8211; na voljo bo \u0161e ve\u010d mo\u017enosti.<\/p>\n<p>\u010ce imate fotografije v razli\u010dnih formatih, jih lahko pretvorite v drug format s pretvornikom formatov slik. Lahko nam tudi po\u0161ljete fotografije in mi jih bomo nalo\u017eili v va\u0161em imenu:  <a href=\"mailto:support@boatopoly.com\" class=\"color-inherit d-inline-block\">support@boatopoly.com<\/a><\/p>\n<h3>Kako lahko deaktiviram ali izbri\u0161em oglas?<\/h3>\n<p>\u010ce ste uspe\u0161no prodali svoje plovilo in ne potrebujete ve\u010d dodatnih poizvedb, lahko seveda izbri\u0161ete svoj oglas.<\/p>\n<p><a href=\"https:\/\/dev2.boatopoly.com\/login\/\">Prijavite se v<\/a> svoj uporabni\u0161ki ra\u010dun in na pregledni strani izberite &#8220;Moji oglasi&#8221; ter kliknite mo\u017enost &#8220;Izbri\u0161i&#8221;.<\/p>\n<p>\u0160e vedno imate ponujeni prodajni predmet, vendar bi radi za dolo\u010den \u010das prenehali z ogla\u0161evanjem? V tem primeru priporo\u010damo le &#8220;deaktiviranje&#8221; oglasa, saj ga lahko nato kadar koli znova aktivirate. Vendar pa se kupljeno obdobje uvrstitve na seznam nadaljuje.<\/p>\n<a class=\"color-blue\" href=\"https:\/\/boatopoly.com\/sl\/prijava\/\" target=\"_blank\">Prijava<\/a>\n<h3>Kje lahko najdem pregled \u0161tevilk dostopa ali statisti\u010dnih podatkov o klikih na oglas?<\/h3>\n<p>Ko se prijavite v svoj uporabni\u0161ki ra\u010dun, si lahko v razdelku &#8220;Moji oglasi&#8221; ogledate trenutno \u0161tevilo obiskovalcev va\u0161ega oglasa.<\/p>\n<h3>Kje si lahko ogledam svoj oglas v Boatopolyju?<\/h3>\n<p>Po prijavi v uporabni\u0161ki ra\u010dun lahko v razdelku &#8220;Moji oglasi&#8221; izberete svoj oglas.<\/p>\n<p>\u010ce \u017eelite ogla\u0161evati ve\u010d predmetov, lahko \u017eeleni predmet izberete s seznama. Tako si lahko oglas ogledate tako, kot si ga ogledujejo potencialni kupci, in z njihove perspektive.<\/p>\n<p>Predmet lahko poi\u0161\u010dete tudi s funkcijo iskanja, ki se nahaja v menijski vrstici. Ni vam treba biti prijavljen.<\/p>\n<p>Priporo\u010deni pristop: Najprej izberite kategorijo \u010dolna ali predmeta (npr. motorni \u010doln ali jadrnica). Nato lahko v iskalno vrstico vnesete naslov iskanja v skladu z naslovom oglasa. Natan\u010dnej\u0161i kot je va\u0161 naslov, hitreje boste na\u0161li svoj oglas med rezultati.<\/p>\n<h3>Ali obstaja mo\u017enost za delno povra\u010dilo, \u010de je bila ladja prodana pred koncem kupljenega obdobja uvrstitve na seznam?<\/h3>\n<p class=\"western\" lang=\"de-DE\"><span lang=\"en-GB\">Najprej vam \u010destitam za prodajo. Upamo, da je oglas prispeval k prodaji va\u0161ega predmeta.  <\/span><\/p>\n<p class=\"western\" lang=\"de-DE\"><span lang=\"en-GB\">Povra\u010dilo po aktivaciji oglasa \u017eal ni mogo\u010de &#8211; tudi \u010de do prodaje ni pri\u0161lo. \u017delimo si prizadevati, da bi v prihodnje oblikovali oglase, ki bodo za kupce privla\u010dnej\u0161i, ter uporabili svoje izku\u0161nje in znanje.  <\/span><\/p>\n<p>V skladu z dogovorjenimi pogoji se celotna pristojbina pla\u010da ob objavi oglasa. Povra\u010dilo je izklju\u010deno in ni prenosljivo.<\/p>\n<h3>Ali lahko prejmem ra\u010dun za pla\u010dani oglas?<\/h3>\n<p>Seveda boste za pla\u010dane pristojbine prejeli ustrezen zakonit ra\u010dun. Na ra\u010dunu so navedene vse ustrezne zahteve v skladu z dav\u010dno zakonodajo ter drugi potrebni podatki in davki.<\/p>\n<h3>Ali so cene navedene kot bruto ali neto zneski? In kako je z davkom na dodano vrednost?<\/h3>\n<p>Navedene cene so bruto cene, ki \u017ee vklju\u010dujejo znesek davka na dodano vrednost. To pomeni, da se DDV ne doda. DDV je naveden v skladu z zakonom.<\/p>\n<p>\u010ce ste zasebni kupec iz dr\u017eave EU, je prikazan va\u0161 nacionalni prometni davek, neto cena pa je izra\u010dunana tako, da je bruto cena enaka ne glede na va\u0161o dr\u017eavo izvora.<\/p>\n<p>Izjema: Ogla\u0161ujete se kot podjetje in imate sede\u017e podjetja v drugih dr\u017eavah EU (ne v Nem\u010diji) (1) ter imate identifikacijsko \u0161tevilko za davek na dodano vrednost (2), ki ste jo navedli in potrdili v svojem uporabni\u0161kem profilu (3)? V tem primeru je izdani ra\u010dun brez DDV.<\/p>\n<\/div>\n","protected":false},"excerpt":{"rendered":"<p>Za prijavo ne morem uporabiti svojih podatkov (uporabni\u0161kega imena in gesla). Kaj bi lahko bil razlog za to? Morda imate v podatkih tiskarsko napako &#8211; tukaj je nekaj nasvetov: Preverite, ali so v va\u0161em e-po\u0161tnem&#8230;<\/p>\n","protected":false},"author":455,"featured_media":0,"parent":0,"menu_order":0,"comment_status":"closed","ping_status":"closed","template":"","meta":{"footnotes":""},"class_list":["post-27423","page","type-page","status-publish","hentry"],"yoast_head":"<!-- This site is optimized with the Yoast SEO Premium plugin v25.0 (Yoast SEO v25.1) - https:\/\/yoast.com\/wordpress\/plugins\/seo\/ -->\n<title>POGOSTA VPRA\u0160ANJA | Boatopoly<\/title>\n<link rel=\"canonical\" href=\"https:\/\/boatopoly.com\/sl\/pogosta-vprasanja\/\" \/>\n<meta property=\"og:locale\" content=\"sl_SI\" \/>\n<meta property=\"og:type\" content=\"article\" \/>\n<meta property=\"og:title\" content=\"POGOSTA VPRA\u0160ANJA\" \/>\n<meta property=\"og:description\" content=\"Za prijavo ne morem uporabiti svojih podatkov (uporabni\u0161kega imena in gesla). Kaj bi lahko bil razlog za to? Morda imate v podatkih tiskarsko napako &#8211; tukaj je nekaj nasvetov: Preverite, ali so v va\u0161em e-po\u0161tnem...\" \/>\n<meta property=\"og:url\" content=\"https:\/\/boatopoly.com\/sl\/pogosta-vprasanja\/\" \/>\n<meta property=\"og:site_name\" content=\"Boatopoly\" \/>\n<meta property=\"article:publisher\" content=\"https:\/\/www.facebook.com\/boatopoly\" \/>\n<meta property=\"article:modified_time\" content=\"2024-05-16T05:31:10+00:00\" \/>\n<meta name=\"twitter:card\" content=\"summary_large_image\" \/>\n<meta name=\"twitter:label1\" content=\"Est. reading time\" \/>\n\t<meta name=\"twitter:data1\" content=\"6 minut\" \/>\n<script type=\"application\/ld+json\" class=\"yoast-schema-graph\">{\"@context\":\"https:\/\/schema.org\",\"@graph\":[{\"@type\":\"WebPage\",\"@id\":\"https:\/\/boatopoly.com\/sl\/pogosta-vprasanja\/\",\"url\":\"https:\/\/boatopoly.com\/sl\/pogosta-vprasanja\/\",\"name\":\"POGOSTA VPRA\u0160ANJA | Boatopoly\",\"isPartOf\":{\"@id\":\"https:\/\/boatopoly.com\/#website\"},\"datePublished\":\"2024-05-03T15:19:40+00:00\",\"dateModified\":\"2024-05-16T05:31:10+00:00\",\"breadcrumb\":{\"@id\":\"https:\/\/boatopoly.com\/sl\/pogosta-vprasanja\/#breadcrumb\"},\"inLanguage\":\"sl-SI\",\"potentialAction\":[{\"@type\":\"ReadAction\",\"target\":[\"https:\/\/boatopoly.com\/sl\/pogosta-vprasanja\/\"]}]},{\"@type\":\"BreadcrumbList\",\"@id\":\"https:\/\/boatopoly.com\/sl\/pogosta-vprasanja\/#breadcrumb\",\"itemListElement\":[{\"@type\":\"ListItem\",\"position\":1,\"name\":\"Home\",\"item\":\"https:\/\/boatopoly.com\/sl\/domov\/\"},{\"@type\":\"ListItem\",\"position\":2,\"name\":\"POGOSTA VPRA\u0160ANJA\"}]},{\"@type\":\"WebSite\",\"@id\":\"https:\/\/boatopoly.com\/#website\",\"url\":\"https:\/\/boatopoly.com\/\",\"name\":\"Boatopoly\",\"description\":\"no bubbles, just boats\",\"publisher\":{\"@id\":\"https:\/\/boatopoly.com\/#organization\"},\"potentialAction\":[{\"@type\":\"SearchAction\",\"target\":{\"@type\":\"EntryPoint\",\"urlTemplate\":\"https:\/\/boatopoly.com\/?s={search_term_string}\"},\"query-input\":{\"@type\":\"PropertyValueSpecification\",\"valueRequired\":true,\"valueName\":\"search_term_string\"}}],\"inLanguage\":\"sl-SI\"},{\"@type\":\"Organization\",\"@id\":\"https:\/\/boatopoly.com\/#organization\",\"name\":\"Boatopoly\",\"url\":\"https:\/\/boatopoly.com\/\",\"logo\":{\"@type\":\"ImageObject\",\"inLanguage\":\"sl-SI\",\"@id\":\"https:\/\/boatopoly.com\/#\/schema\/logo\/image\/\",\"url\":\"https:\/\/boatopoly.com\/wp-content\/uploads\/2024\/07\/2024-07-03-Boatopoly-Logo-1200x1200-1.png\",\"contentUrl\":\"https:\/\/boatopoly.com\/wp-content\/uploads\/2024\/07\/2024-07-03-Boatopoly-Logo-1200x1200-1.png\",\"width\":1200,\"height\":1200,\"caption\":\"Boatopoly\"},\"image\":{\"@id\":\"https:\/\/boatopoly.com\/#\/schema\/logo\/image\/\"},\"sameAs\":[\"https:\/\/www.facebook.com\/boatopoly\"]}]}<\/script>\n<!-- \/ Yoast SEO Premium plugin. -->","yoast_head_json":{"title":"POGOSTA VPRA\u0160ANJA | Boatopoly","canonical":"https:\/\/boatopoly.com\/sl\/pogosta-vprasanja\/","og_locale":"sl_SI","og_type":"article","og_title":"POGOSTA VPRA\u0160ANJA","og_description":"Za prijavo ne morem uporabiti svojih podatkov (uporabni\u0161kega imena in gesla). Kaj bi lahko bil razlog za to? Morda imate v podatkih tiskarsko napako &#8211; tukaj je nekaj nasvetov: Preverite, ali so v va\u0161em e-po\u0161tnem...","og_url":"https:\/\/boatopoly.com\/sl\/pogosta-vprasanja\/","og_site_name":"Boatopoly","article_publisher":"https:\/\/www.facebook.com\/boatopoly","article_modified_time":"2024-05-16T05:31:10+00:00","twitter_card":"summary_large_image","twitter_misc":{"Est. reading time":"6 minut"},"schema":{"@context":"https:\/\/schema.org","@graph":[{"@type":"WebPage","@id":"https:\/\/boatopoly.com\/sl\/pogosta-vprasanja\/","url":"https:\/\/boatopoly.com\/sl\/pogosta-vprasanja\/","name":"POGOSTA VPRA\u0160ANJA | Boatopoly","isPartOf":{"@id":"https:\/\/boatopoly.com\/#website"},"datePublished":"2024-05-03T15:19:40+00:00","dateModified":"2024-05-16T05:31:10+00:00","breadcrumb":{"@id":"https:\/\/boatopoly.com\/sl\/pogosta-vprasanja\/#breadcrumb"},"inLanguage":"sl-SI","potentialAction":[{"@type":"ReadAction","target":["https:\/\/boatopoly.com\/sl\/pogosta-vprasanja\/"]}]},{"@type":"BreadcrumbList","@id":"https:\/\/boatopoly.com\/sl\/pogosta-vprasanja\/#breadcrumb","itemListElement":[{"@type":"ListItem","position":1,"name":"Home","item":"https:\/\/boatopoly.com\/sl\/domov\/"},{"@type":"ListItem","position":2,"name":"POGOSTA VPRA\u0160ANJA"}]},{"@type":"WebSite","@id":"https:\/\/boatopoly.com\/#website","url":"https:\/\/boatopoly.com\/","name":"Boatopoly","description":"no bubbles, just boats","publisher":{"@id":"https:\/\/boatopoly.com\/#organization"},"potentialAction":[{"@type":"SearchAction","target":{"@type":"EntryPoint","urlTemplate":"https:\/\/boatopoly.com\/?s={search_term_string}"},"query-input":{"@type":"PropertyValueSpecification","valueRequired":true,"valueName":"search_term_string"}}],"inLanguage":"sl-SI"},{"@type":"Organization","@id":"https:\/\/boatopoly.com\/#organization","name":"Boatopoly","url":"https:\/\/boatopoly.com\/","logo":{"@type":"ImageObject","inLanguage":"sl-SI","@id":"https:\/\/boatopoly.com\/#\/schema\/logo\/image\/","url":"https:\/\/boatopoly.com\/wp-content\/uploads\/2024\/07\/2024-07-03-Boatopoly-Logo-1200x1200-1.png","contentUrl":"https:\/\/boatopoly.com\/wp-content\/uploads\/2024\/07\/2024-07-03-Boatopoly-Logo-1200x1200-1.png","width":1200,"height":1200,"caption":"Boatopoly"},"image":{"@id":"https:\/\/boatopoly.com\/#\/schema\/logo\/image\/"},"sameAs":["https:\/\/www.facebook.com\/boatopoly"]}]}},"_links":{"self":[{"href":"https:\/\/boatopoly.com\/sl\/wp-json\/wp\/v2\/pages\/27423"}],"collection":[{"href":"https:\/\/boatopoly.com\/sl\/wp-json\/wp\/v2\/pages"}],"about":[{"href":"https:\/\/boatopoly.com\/sl\/wp-json\/wp\/v2\/types\/page"}],"author":[{"embeddable":true,"href":"https:\/\/boatopoly.com\/sl\/wp-json\/wp\/v2\/users\/455"}],"replies":[{"embeddable":true,"href":"https:\/\/boatopoly.com\/sl\/wp-json\/wp\/v2\/comments?post=27423"}],"version-history":[{"count":1,"href":"https:\/\/boatopoly.com\/sl\/wp-json\/wp\/v2\/pages\/27423\/revisions"}],"predecessor-version":[{"id":27694,"href":"https:\/\/boatopoly.com\/sl\/wp-json\/wp\/v2\/pages\/27423\/revisions\/27694"}],"wp:attachment":[{"href":"https:\/\/boatopoly.com\/sl\/wp-json\/wp\/v2\/media?parent=27423"}],"curies":[{"name":"wp","href":"https:\/\/api.w.org\/{rel}","templated":true}]}}