{"id":27422,"date":"2024-05-03T15:19:37","date_gmt":"2024-05-03T15:19:37","guid":{"rendered":"https:\/\/dev2.boatopoly.com\/o-nas\/"},"modified":"2024-05-16T05:31:09","modified_gmt":"2024-05-16T05:31:09","slug":"o-nas","status":"publish","type":"page","link":"https:\/\/boatopoly.com\/sl\/o-nas\/","title":{"rendered":"O nas"},"content":{"rendered":"<p>Boatopoly &#8211; Brez mehur\u010dkov, samo \u010dolni.<\/p>\n<p>Boatopoly, ustanovljen leta 2015 s sede\u017eem v M\u00fcnchnu v Nem\u010diji, je zaupanja vredna skupnostna tr\u017enica, na kateri lahko ljudje objavljajo, odkrivajo in kupujejo \u010dolne in opremo za \u010dolne po vsem svetu &#8211; prek spleta ali mobilnega telefona ali tabli\u010dnega ra\u010dunalnika.<\/p>\n<p>Na\u0161e poslanstvo je prodajalcem zagotoviti platformo, re\u0161itve in podporo, ki jih potrebujejo za rast in uspeh svojega podjetja. Svoj uspeh merimo z uspehom na\u0161ih strank.<\/p>\n<p>Ne glede na to, ali gre za motorni \u010doln za dru\u017einske pustolov\u0161\u010dine, jahto za kakovostno pre\u017eivljanje \u010dasa s prijatelji ali ladjo za va\u0161e podjetje, Boatopoly povezuje ljudi z edinstvenimi morskimi do\u017eivetji po vsem svetu po vseh cenah. Z vrhunskimi storitvami za stranke in rasto\u010do skupnostjo uporabnikov je Boatopoly najla\u017eji na\u010din, da ljudje zaslu\u017eijo za svoje neuporabne \u010dolne ali da milijonskemu ob\u010dinstvu predstavijo nove.<\/p>\n<p>Za poizvedbe o izdelkih, tehni\u010dno podporo in pravna vpra\u0161anja nas lahko kontaktirate prek<a href=\"https:\/\/dev2.boatopoly.com\/contact-us\/\"> spletnega kontaktnega obrazca<\/a>.<\/p>\n","protected":false},"excerpt":{"rendered":"<p>Boatopoly &#8211; Brez mehur\u010dkov, samo \u010dolni. Boatopoly, ustanovljen leta 2015 s sede\u017eem v M\u00fcnchnu v Nem\u010diji, je zaupanja vredna skupnostna tr\u017enica, na kateri lahko ljudje objavljajo, odkrivajo in kupujejo \u010dolne in opremo za \u010dolne po&#8230;<\/p>\n","protected":false},"author":455,"featured_media":0,"parent":0,"menu_order":0,"comment_status":"closed","ping_status":"closed","template":"","meta":{"footnotes":""},"class_list":["post-27422","page","type-page","status-publish","hentry"],"yoast_head":"<!-- This site is optimized with the Yoast SEO Premium plugin v25.0 (Yoast SEO v25.1) - https:\/\/yoast.com\/wordpress\/plugins\/seo\/ -->\n<title>O nas | Boatopoly<\/title>\n<meta name=\"description\" content=\"o nas testni meta opis\" \/>\n<link rel=\"canonical\" href=\"https:\/\/boatopoly.com\/sl\/o-nas\/\" \/>\n<meta property=\"og:locale\" content=\"sl_SI\" \/>\n<meta property=\"og:type\" content=\"article\" \/>\n<meta property=\"og:title\" content=\"O nas\" \/>\n<meta property=\"og:description\" content=\"o nas testni meta opis\" \/>\n<meta property=\"og:url\" content=\"https:\/\/boatopoly.com\/sl\/o-nas\/\" \/>\n<meta property=\"og:site_name\" content=\"Boatopoly\" \/>\n<meta property=\"article:publisher\" content=\"https:\/\/www.facebook.com\/boatopoly\" \/>\n<meta property=\"article:modified_time\" content=\"2024-05-16T05:31:09+00:00\" \/>\n<meta name=\"twitter:card\" content=\"summary_large_image\" \/>\n<meta name=\"twitter:label1\" content=\"Est. reading time\" \/>\n\t<meta name=\"twitter:data1\" content=\"1 minuta\" \/>\n<script type=\"application\/ld+json\" class=\"yoast-schema-graph\">{\"@context\":\"https:\/\/schema.org\",\"@graph\":[{\"@type\":\"WebPage\",\"@id\":\"https:\/\/boatopoly.com\/sl\/o-nas\/\",\"url\":\"https:\/\/boatopoly.com\/sl\/o-nas\/\",\"name\":\"O nas | Boatopoly\",\"isPartOf\":{\"@id\":\"https:\/\/boatopoly.com\/#website\"},\"datePublished\":\"2024-05-03T15:19:37+00:00\",\"dateModified\":\"2024-05-16T05:31:09+00:00\",\"description\":\"o nas testni meta opis\",\"breadcrumb\":{\"@id\":\"https:\/\/boatopoly.com\/sl\/o-nas\/#breadcrumb\"},\"inLanguage\":\"sl-SI\",\"potentialAction\":[{\"@type\":\"ReadAction\",\"target\":[\"https:\/\/boatopoly.com\/sl\/o-nas\/\"]}]},{\"@type\":\"BreadcrumbList\",\"@id\":\"https:\/\/boatopoly.com\/sl\/o-nas\/#breadcrumb\",\"itemListElement\":[{\"@type\":\"ListItem\",\"position\":1,\"name\":\"Home\",\"item\":\"https:\/\/boatopoly.com\/sl\/domov\/\"},{\"@type\":\"ListItem\",\"position\":2,\"name\":\"O nas\"}]},{\"@type\":\"WebSite\",\"@id\":\"https:\/\/boatopoly.com\/#website\",\"url\":\"https:\/\/boatopoly.com\/\",\"name\":\"Boatopoly\",\"description\":\"no bubbles, just boats\",\"publisher\":{\"@id\":\"https:\/\/boatopoly.com\/#organization\"},\"potentialAction\":[{\"@type\":\"SearchAction\",\"target\":{\"@type\":\"EntryPoint\",\"urlTemplate\":\"https:\/\/boatopoly.com\/?s={search_term_string}\"},\"query-input\":{\"@type\":\"PropertyValueSpecification\",\"valueRequired\":true,\"valueName\":\"search_term_string\"}}],\"inLanguage\":\"sl-SI\"},{\"@type\":\"Organization\",\"@id\":\"https:\/\/boatopoly.com\/#organization\",\"name\":\"Boatopoly\",\"url\":\"https:\/\/boatopoly.com\/\",\"logo\":{\"@type\":\"ImageObject\",\"inLanguage\":\"sl-SI\",\"@id\":\"https:\/\/boatopoly.com\/#\/schema\/logo\/image\/\",\"url\":\"https:\/\/boatopoly.com\/wp-content\/uploads\/2024\/07\/2024-07-03-Boatopoly-Logo-1200x1200-1.png\",\"contentUrl\":\"https:\/\/boatopoly.com\/wp-content\/uploads\/2024\/07\/2024-07-03-Boatopoly-Logo-1200x1200-1.png\",\"width\":1200,\"height\":1200,\"caption\":\"Boatopoly\"},\"image\":{\"@id\":\"https:\/\/boatopoly.com\/#\/schema\/logo\/image\/\"},\"sameAs\":[\"https:\/\/www.facebook.com\/boatopoly\"]}]}<\/script>\n<!-- \/ Yoast SEO Premium plugin. -->","yoast_head_json":{"title":"O nas | Boatopoly","description":"o nas testni meta opis","canonical":"https:\/\/boatopoly.com\/sl\/o-nas\/","og_locale":"sl_SI","og_type":"article","og_title":"O nas","og_description":"o nas testni meta opis","og_url":"https:\/\/boatopoly.com\/sl\/o-nas\/","og_site_name":"Boatopoly","article_publisher":"https:\/\/www.facebook.com\/boatopoly","article_modified_time":"2024-05-16T05:31:09+00:00","twitter_card":"summary_large_image","twitter_misc":{"Est. reading time":"1 minuta"},"schema":{"@context":"https:\/\/schema.org","@graph":[{"@type":"WebPage","@id":"https:\/\/boatopoly.com\/sl\/o-nas\/","url":"https:\/\/boatopoly.com\/sl\/o-nas\/","name":"O nas | Boatopoly","isPartOf":{"@id":"https:\/\/boatopoly.com\/#website"},"datePublished":"2024-05-03T15:19:37+00:00","dateModified":"2024-05-16T05:31:09+00:00","description":"o nas testni meta opis","breadcrumb":{"@id":"https:\/\/boatopoly.com\/sl\/o-nas\/#breadcrumb"},"inLanguage":"sl-SI","potentialAction":[{"@type":"ReadAction","target":["https:\/\/boatopoly.com\/sl\/o-nas\/"]}]},{"@type":"BreadcrumbList","@id":"https:\/\/boatopoly.com\/sl\/o-nas\/#breadcrumb","itemListElement":[{"@type":"ListItem","position":1,"name":"Home","item":"https:\/\/boatopoly.com\/sl\/domov\/"},{"@type":"ListItem","position":2,"name":"O nas"}]},{"@type":"WebSite","@id":"https:\/\/boatopoly.com\/#website","url":"https:\/\/boatopoly.com\/","name":"Boatopoly","description":"no bubbles, just boats","publisher":{"@id":"https:\/\/boatopoly.com\/#organization"},"potentialAction":[{"@type":"SearchAction","target":{"@type":"EntryPoint","urlTemplate":"https:\/\/boatopoly.com\/?s={search_term_string}"},"query-input":{"@type":"PropertyValueSpecification","valueRequired":true,"valueName":"search_term_string"}}],"inLanguage":"sl-SI"},{"@type":"Organization","@id":"https:\/\/boatopoly.com\/#organization","name":"Boatopoly","url":"https:\/\/boatopoly.com\/","logo":{"@type":"ImageObject","inLanguage":"sl-SI","@id":"https:\/\/boatopoly.com\/#\/schema\/logo\/image\/","url":"https:\/\/boatopoly.com\/wp-content\/uploads\/2024\/07\/2024-07-03-Boatopoly-Logo-1200x1200-1.png","contentUrl":"https:\/\/boatopoly.com\/wp-content\/uploads\/2024\/07\/2024-07-03-Boatopoly-Logo-1200x1200-1.png","width":1200,"height":1200,"caption":"Boatopoly"},"image":{"@id":"https:\/\/boatopoly.com\/#\/schema\/logo\/image\/"},"sameAs":["https:\/\/www.facebook.com\/boatopoly"]}]}},"_links":{"self":[{"href":"https:\/\/boatopoly.com\/sl\/wp-json\/wp\/v2\/pages\/27422"}],"collection":[{"href":"https:\/\/boatopoly.com\/sl\/wp-json\/wp\/v2\/pages"}],"about":[{"href":"https:\/\/boatopoly.com\/sl\/wp-json\/wp\/v2\/types\/page"}],"author":[{"embeddable":true,"href":"https:\/\/boatopoly.com\/sl\/wp-json\/wp\/v2\/users\/455"}],"replies":[{"embeddable":true,"href":"https:\/\/boatopoly.com\/sl\/wp-json\/wp\/v2\/comments?post=27422"}],"version-history":[{"count":1,"href":"https:\/\/boatopoly.com\/sl\/wp-json\/wp\/v2\/pages\/27422\/revisions"}],"predecessor-version":[{"id":27693,"href":"https:\/\/boatopoly.com\/sl\/wp-json\/wp\/v2\/pages\/27422\/revisions\/27693"}],"wp:attachment":[{"href":"https:\/\/boatopoly.com\/sl\/wp-json\/wp\/v2\/media?parent=27422"}],"curies":[{"name":"wp","href":"https:\/\/api.w.org\/{rel}","templated":true}]}}