{"id":27565,"date":"2020-04-07T09:04:58","date_gmt":"2020-04-07T09:04:58","guid":{"rendered":"https:\/\/dev2.boatopoly.com\/izvelieties-savu-reklamas-paketi\/"},"modified":"2024-05-16T05:33:23","modified_gmt":"2024-05-16T05:33:23","slug":"izvelieties-savu-reklamas-paketi","status":"publish","type":"page","link":"https:\/\/boatopoly.com\/lv\/pardod-laivu\/izvelieties-savu-reklamas-paketi\/","title":{"rendered":"Izv\u0113lieties savu rekl\u0101mas paketi"},"content":{"rendered":"<h1>BOATOPOLY PRIEK\u0160ROC\u012aBAS JUMS<\/h1>\n<p>Maks\u0101jiet tikai vienu reizi. Atcel\u0161ana nav nepiecie\u0161ama. Atjaunojiet rekl\u0101mu tikai p\u0113c vajadz\u012bbas.<\/p>\n<table style=\"border-collapse: collapse; width: 68.043%;\">\n<tbody>\n<tr>\n<td style=\"width: 5.81656%;\"><img loading=\"lazy\" decoding=\"async\" class=\"alignnone size-full wp-image-3975\" src=\"https:\/\/dev2.boatopoly.com\/wp-content\/uploads\/2020\/06\/03.jpg\" alt=\"\" width=\"52\" height=\"52\"><\/td>\n<td style=\"width: 24.7128%;\"><strong>Glob\u0101l\u0101:<\/strong> Sasniedziet potenci\u0101los pirc\u0113jus no visas pasaules.<\/td>\n<td style=\"width: 5.36913%;\"><img loading=\"lazy\" decoding=\"async\" class=\"alignnone size-full wp-image-3976\" src=\"https:\/\/dev2.boatopoly.com\/wp-content\/uploads\/2020\/06\/05.jpg\" alt=\"\" width=\"53\" height=\"53\"><\/td>\n<td style=\"width: 26.9071%;\"><strong>Vair\u0101kas valodas:<\/strong> M\u0113s pied\u0101v\u0101jam j\u016bsu sludin\u0101juma tulko\u0161anu un lokaliz\u0101ciju.<\/td>\n<\/tr>\n<tr>\n<td style=\"width: 5.81656%;\"><img loading=\"lazy\" decoding=\"async\" class=\"alignnone size-full wp-image-3977\" src=\"https:\/\/dev2.boatopoly.com\/wp-content\/uploads\/2020\/06\/07.jpg\" alt=\"\" width=\"56\" height=\"41\"><\/td>\n<td style=\"width: 24.7128%;\"><strong>SEO:<\/strong> \u013baujiet, lai j\u016bsu rekl\u0101ma tiktu atrasta Google un cit\u0101s liel\u0101kaj\u0101s mekl\u0113t\u0101jprogramm\u0101s.<\/td>\n<td style=\"width: 5.36913%;\"><img loading=\"lazy\" decoding=\"async\" class=\"alignnone size-full wp-image-3978\" src=\"https:\/\/dev2.boatopoly.com\/wp-content\/uploads\/2020\/06\/08.jpg\" alt=\"\" width=\"58\" height=\"41\"><\/td>\n<td style=\"width: 26.9071%;\"><strong>Dro\u0161s maks\u0101jums:<\/strong> Izv\u0113lieties savu iecien\u012bt\u0101ko maks\u0101jumu pakalpojumu sniedz\u0113ju.<\/td>\n<\/tr>\n<tr>\n<td style=\"width: 5.81656%;\"><img loading=\"lazy\" decoding=\"async\" class=\"alignnone size-full wp-image-3979\" src=\"https:\/\/dev2.boatopoly.com\/wp-content\/uploads\/2020\/06\/09.jpg\" alt=\"\" width=\"58\" height=\"39\"><\/td>\n<td style=\"width: 24.7128%;\"><strong>Lietot\u0101ja p\u0101rbaude:<\/strong> J\u016bs varat b\u016bt p\u0101rliecin\u0101ts, ar ko sarun\u0101jaties, jo visi dal\u012bbnieki ir p\u0101rbaud\u012bti.<\/td>\n<td style=\"width: 5.36913%;\"><img loading=\"lazy\" decoding=\"async\" class=\"alignnone size-full wp-image-3980\" src=\"https:\/\/dev2.boatopoly.com\/wp-content\/uploads\/2020\/06\/12.jpg\" alt=\"\" width=\"60\" height=\"47\"><\/td>\n<td style=\"width: 26.9071%;\"><strong>Neierobe\u017eota att\u0113lu aug\u0161upiel\u0101de:<\/strong> Pievienojiet tik daudz att\u0113lu, cik v\u0113laties.<\/td>\n<\/tr>\n<tr>\n<td style=\"width: 5.81656%;\"><img loading=\"lazy\" decoding=\"async\" class=\"alignnone size-full wp-image-3982\" src=\"https:\/\/dev2.boatopoly.com\/wp-content\/uploads\/2020\/06\/16.jpg\" alt=\"\" width=\"58\" height=\"40\"><\/td>\n<td style=\"width: 24.7128%;\"><strong>Dro\u0161a sazi\u0146a:<\/strong> Izmantojiet m\u016bsu patent\u0113to zi\u0146ojumapmai\u0146as sist\u0113mu.<\/td>\n<td style=\"width: 5.36913%;\"><img loading=\"lazy\" decoding=\"async\" class=\"alignnone size-full wp-image-3981\" src=\"https:\/\/dev2.boatopoly.com\/wp-content\/uploads\/2020\/06\/15.jpg\" alt=\"\" width=\"60\" height=\"55\"><\/td>\n<td style=\"width: 26.9071%;\"><strong>Pla\u0161s diapazons:<\/strong> Nodarbojas ar visu veidu \u016bdens transportl\u012bdzek\u013ciem &#8211; no laivas l\u012bdz kravas laivai, no jahtas l\u012bdz ku\u0123im.<\/td>\n<\/tr>\n<tr>\n<td style=\"width: 5.81656%;\"><img loading=\"lazy\" decoding=\"async\" class=\"alignnone size-full wp-image-3984\" src=\"https:\/\/dev2.boatopoly.com\/wp-content\/uploads\/2020\/06\/19.jpg\" alt=\"\" width=\"54\" height=\"55\"><\/td>\n<td style=\"width: 24.7128%;\"><strong>Klientu atbalsts:<\/strong> M\u0113s esam gatavi jums pal\u012bdz\u0113t. Sazinieties ar m\u016bsu draudz\u012bgo atbalsta komandu septi\u0146as dienas ned\u0113\u013c\u0101. Uz\u0146\u0113mum\u0101 Boatopoly ir \u012bsti cilv\u0113ki, kas labpr\u0101t jums pal\u012bdz\u0113s.<\/td>\n<td style=\"width: 5.36913%;\"><img loading=\"lazy\" decoding=\"async\" class=\"alignnone size-full wp-image-3983\" src=\"https:\/\/dev2.boatopoly.com\/wp-content\/uploads\/2020\/06\/18.png\" alt=\"\" width=\"57\" height=\"39\"><\/td>\n<td style=\"width: 26.9071%;\"><strong>Vizualiz\u0101cija:<\/strong> Laivas da\u013cu grafikas un specifik\u0101cijas atvieglo detaliz\u0113tas inform\u0101cijas par j\u016bsu laivu nor\u0101d\u012b\u0161anu.<\/td>\n<\/tr>\n<\/tbody>\n<\/table>\n","protected":false},"excerpt":{"rendered":"<p>BOATOPOLY PRIEK\u0160ROC\u012aBAS JUMS Maks\u0101jiet tikai vienu reizi. Atcel\u0161ana nav nepiecie\u0161ama. Atjaunojiet rekl\u0101mu tikai p\u0113c vajadz\u012bbas. Glob\u0101l\u0101: Sasniedziet potenci\u0101los pirc\u0113jus no visas pasaules. Vair\u0101kas valodas: M\u0113s pied\u0101v\u0101jam j\u016bsu sludin\u0101juma tulko\u0161anu un lokaliz\u0101ciju. SEO: \u013baujiet, lai j\u016bsu&#8230;<\/p>\n","protected":false},"author":455,"featured_media":0,"parent":27576,"menu_order":0,"comment_status":"closed","ping_status":"closed","template":"page-packages.php","meta":{"footnotes":""},"class_list":["post-27565","page","type-page","status-publish","hentry"],"yoast_head":"<!-- This site is optimized with the Yoast SEO Premium plugin v25.0 (Yoast SEO v25.1) - https:\/\/yoast.com\/wordpress\/plugins\/seo\/ -->\n<title>Izv\u0113lieties savu rekl\u0101mas paketi | Boatopoly<\/title>\n<link rel=\"canonical\" href=\"https:\/\/boatopoly.com\/lv\/pardod-laivu\/izvelieties-savu-reklamas-paketi\/\" \/>\n<meta property=\"og:locale\" content=\"lv_LV\" \/>\n<meta property=\"og:type\" content=\"article\" \/>\n<meta property=\"og:title\" content=\"Izv\u0113lieties savu rekl\u0101mas paketi\" \/>\n<meta property=\"og:description\" content=\"BOATOPOLY PRIEK\u0160ROC\u012aBAS JUMS Maks\u0101jiet tikai vienu reizi. Atcel\u0161ana nav nepiecie\u0161ama. Atjaunojiet rekl\u0101mu tikai p\u0113c vajadz\u012bbas. Glob\u0101l\u0101: Sasniedziet potenci\u0101los pirc\u0113jus no visas pasaules. Vair\u0101kas valodas: M\u0113s pied\u0101v\u0101jam j\u016bsu sludin\u0101juma tulko\u0161anu un lokaliz\u0101ciju. SEO: \u013baujiet, lai j\u016bsu...\" \/>\n<meta property=\"og:url\" content=\"https:\/\/boatopoly.com\/lv\/pardod-laivu\/izvelieties-savu-reklamas-paketi\/\" \/>\n<meta property=\"og:site_name\" content=\"Boatopoly\" \/>\n<meta property=\"article:publisher\" content=\"https:\/\/www.facebook.com\/boatopoly\" \/>\n<meta property=\"article:modified_time\" content=\"2024-05-16T05:33:23+00:00\" \/>\n<meta property=\"og:image\" content=\"https:\/\/dev2.boatopoly.com\/wp-content\/uploads\/2020\/06\/03.jpg\" \/>\n<meta name=\"twitter:card\" content=\"summary_large_image\" \/>\n<meta name=\"twitter:label1\" content=\"Est. reading time\" \/>\n\t<meta name=\"twitter:data1\" content=\"3 minutes\" \/>\n<script type=\"application\/ld+json\" class=\"yoast-schema-graph\">{\"@context\":\"https:\/\/schema.org\",\"@graph\":[{\"@type\":\"WebPage\",\"@id\":\"https:\/\/boatopoly.com\/lv\/pardod-laivu\/izvelieties-savu-reklamas-paketi\/\",\"url\":\"https:\/\/boatopoly.com\/lv\/pardod-laivu\/izvelieties-savu-reklamas-paketi\/\",\"name\":\"Izv\u0113lieties savu rekl\u0101mas paketi | Boatopoly\",\"isPartOf\":{\"@id\":\"https:\/\/boatopoly.com\/#website\"},\"primaryImageOfPage\":{\"@id\":\"https:\/\/boatopoly.com\/lv\/pardod-laivu\/izvelieties-savu-reklamas-paketi\/#primaryimage\"},\"image\":{\"@id\":\"https:\/\/boatopoly.com\/lv\/pardod-laivu\/izvelieties-savu-reklamas-paketi\/#primaryimage\"},\"thumbnailUrl\":\"https:\/\/dev2.boatopoly.com\/wp-content\/uploads\/2020\/06\/03.jpg\",\"datePublished\":\"2020-04-07T09:04:58+00:00\",\"dateModified\":\"2024-05-16T05:33:23+00:00\",\"breadcrumb\":{\"@id\":\"https:\/\/boatopoly.com\/lv\/pardod-laivu\/izvelieties-savu-reklamas-paketi\/#breadcrumb\"},\"inLanguage\":\"lv-LV\",\"potentialAction\":[{\"@type\":\"ReadAction\",\"target\":[\"https:\/\/boatopoly.com\/lv\/pardod-laivu\/izvelieties-savu-reklamas-paketi\/\"]}]},{\"@type\":\"ImageObject\",\"inLanguage\":\"lv-LV\",\"@id\":\"https:\/\/boatopoly.com\/lv\/pardod-laivu\/izvelieties-savu-reklamas-paketi\/#primaryimage\",\"url\":\"https:\/\/dev2.boatopoly.com\/wp-content\/uploads\/2020\/06\/03.jpg\",\"contentUrl\":\"https:\/\/dev2.boatopoly.com\/wp-content\/uploads\/2020\/06\/03.jpg\"},{\"@type\":\"BreadcrumbList\",\"@id\":\"https:\/\/boatopoly.com\/lv\/pardod-laivu\/izvelieties-savu-reklamas-paketi\/#breadcrumb\",\"itemListElement\":[{\"@type\":\"ListItem\",\"position\":1,\"name\":\"Home\",\"item\":\"https:\/\/boatopoly.com\/lv\/sakums\/\"},{\"@type\":\"ListItem\",\"position\":2,\"name\":\"P\u0101rdod laivu\",\"item\":\"https:\/\/boatopoly.com\/lv\/pardod-laivu\/\"},{\"@type\":\"ListItem\",\"position\":3,\"name\":\"Izv\u0113lieties savu rekl\u0101mas paketi\"}]},{\"@type\":\"WebSite\",\"@id\":\"https:\/\/boatopoly.com\/#website\",\"url\":\"https:\/\/boatopoly.com\/\",\"name\":\"Boatopoly\",\"description\":\"no bubbles, just boats\",\"publisher\":{\"@id\":\"https:\/\/boatopoly.com\/#organization\"},\"potentialAction\":[{\"@type\":\"SearchAction\",\"target\":{\"@type\":\"EntryPoint\",\"urlTemplate\":\"https:\/\/boatopoly.com\/?s={search_term_string}\"},\"query-input\":{\"@type\":\"PropertyValueSpecification\",\"valueRequired\":true,\"valueName\":\"search_term_string\"}}],\"inLanguage\":\"lv-LV\"},{\"@type\":\"Organization\",\"@id\":\"https:\/\/boatopoly.com\/#organization\",\"name\":\"Boatopoly\",\"url\":\"https:\/\/boatopoly.com\/\",\"logo\":{\"@type\":\"ImageObject\",\"inLanguage\":\"lv-LV\",\"@id\":\"https:\/\/boatopoly.com\/#\/schema\/logo\/image\/\",\"url\":\"https:\/\/boatopoly.com\/wp-content\/uploads\/2024\/07\/2024-07-03-Boatopoly-Logo-1200x1200-1.png\",\"contentUrl\":\"https:\/\/boatopoly.com\/wp-content\/uploads\/2024\/07\/2024-07-03-Boatopoly-Logo-1200x1200-1.png\",\"width\":1200,\"height\":1200,\"caption\":\"Boatopoly\"},\"image\":{\"@id\":\"https:\/\/boatopoly.com\/#\/schema\/logo\/image\/\"},\"sameAs\":[\"https:\/\/www.facebook.com\/boatopoly\"]}]}<\/script>\n<!-- \/ Yoast SEO Premium plugin. -->","yoast_head_json":{"title":"Izv\u0113lieties savu rekl\u0101mas paketi | Boatopoly","canonical":"https:\/\/boatopoly.com\/lv\/pardod-laivu\/izvelieties-savu-reklamas-paketi\/","og_locale":"lv_LV","og_type":"article","og_title":"Izv\u0113lieties savu rekl\u0101mas paketi","og_description":"BOATOPOLY PRIEK\u0160ROC\u012aBAS JUMS Maks\u0101jiet tikai vienu reizi. Atcel\u0161ana nav nepiecie\u0161ama. Atjaunojiet rekl\u0101mu tikai p\u0113c vajadz\u012bbas. Glob\u0101l\u0101: Sasniedziet potenci\u0101los pirc\u0113jus no visas pasaules. Vair\u0101kas valodas: M\u0113s pied\u0101v\u0101jam j\u016bsu sludin\u0101juma tulko\u0161anu un lokaliz\u0101ciju. SEO: \u013baujiet, lai j\u016bsu...","og_url":"https:\/\/boatopoly.com\/lv\/pardod-laivu\/izvelieties-savu-reklamas-paketi\/","og_site_name":"Boatopoly","article_publisher":"https:\/\/www.facebook.com\/boatopoly","article_modified_time":"2024-05-16T05:33:23+00:00","og_image":[{"url":"https:\/\/dev2.boatopoly.com\/wp-content\/uploads\/2020\/06\/03.jpg","type":"","width":"","height":""}],"twitter_card":"summary_large_image","twitter_misc":{"Est. reading time":"3 minutes"},"schema":{"@context":"https:\/\/schema.org","@graph":[{"@type":"WebPage","@id":"https:\/\/boatopoly.com\/lv\/pardod-laivu\/izvelieties-savu-reklamas-paketi\/","url":"https:\/\/boatopoly.com\/lv\/pardod-laivu\/izvelieties-savu-reklamas-paketi\/","name":"Izv\u0113lieties savu rekl\u0101mas paketi | Boatopoly","isPartOf":{"@id":"https:\/\/boatopoly.com\/#website"},"primaryImageOfPage":{"@id":"https:\/\/boatopoly.com\/lv\/pardod-laivu\/izvelieties-savu-reklamas-paketi\/#primaryimage"},"image":{"@id":"https:\/\/boatopoly.com\/lv\/pardod-laivu\/izvelieties-savu-reklamas-paketi\/#primaryimage"},"thumbnailUrl":"https:\/\/dev2.boatopoly.com\/wp-content\/uploads\/2020\/06\/03.jpg","datePublished":"2020-04-07T09:04:58+00:00","dateModified":"2024-05-16T05:33:23+00:00","breadcrumb":{"@id":"https:\/\/boatopoly.com\/lv\/pardod-laivu\/izvelieties-savu-reklamas-paketi\/#breadcrumb"},"inLanguage":"lv-LV","potentialAction":[{"@type":"ReadAction","target":["https:\/\/boatopoly.com\/lv\/pardod-laivu\/izvelieties-savu-reklamas-paketi\/"]}]},{"@type":"ImageObject","inLanguage":"lv-LV","@id":"https:\/\/boatopoly.com\/lv\/pardod-laivu\/izvelieties-savu-reklamas-paketi\/#primaryimage","url":"https:\/\/dev2.boatopoly.com\/wp-content\/uploads\/2020\/06\/03.jpg","contentUrl":"https:\/\/dev2.boatopoly.com\/wp-content\/uploads\/2020\/06\/03.jpg"},{"@type":"BreadcrumbList","@id":"https:\/\/boatopoly.com\/lv\/pardod-laivu\/izvelieties-savu-reklamas-paketi\/#breadcrumb","itemListElement":[{"@type":"ListItem","position":1,"name":"Home","item":"https:\/\/boatopoly.com\/lv\/sakums\/"},{"@type":"ListItem","position":2,"name":"P\u0101rdod laivu","item":"https:\/\/boatopoly.com\/lv\/pardod-laivu\/"},{"@type":"ListItem","position":3,"name":"Izv\u0113lieties savu rekl\u0101mas paketi"}]},{"@type":"WebSite","@id":"https:\/\/boatopoly.com\/#website","url":"https:\/\/boatopoly.com\/","name":"Boatopoly","description":"no bubbles, just boats","publisher":{"@id":"https:\/\/boatopoly.com\/#organization"},"potentialAction":[{"@type":"SearchAction","target":{"@type":"EntryPoint","urlTemplate":"https:\/\/boatopoly.com\/?s={search_term_string}"},"query-input":{"@type":"PropertyValueSpecification","valueRequired":true,"valueName":"search_term_string"}}],"inLanguage":"lv-LV"},{"@type":"Organization","@id":"https:\/\/boatopoly.com\/#organization","name":"Boatopoly","url":"https:\/\/boatopoly.com\/","logo":{"@type":"ImageObject","inLanguage":"lv-LV","@id":"https:\/\/boatopoly.com\/#\/schema\/logo\/image\/","url":"https:\/\/boatopoly.com\/wp-content\/uploads\/2024\/07\/2024-07-03-Boatopoly-Logo-1200x1200-1.png","contentUrl":"https:\/\/boatopoly.com\/wp-content\/uploads\/2024\/07\/2024-07-03-Boatopoly-Logo-1200x1200-1.png","width":1200,"height":1200,"caption":"Boatopoly"},"image":{"@id":"https:\/\/boatopoly.com\/#\/schema\/logo\/image\/"},"sameAs":["https:\/\/www.facebook.com\/boatopoly"]}]}},"_links":{"self":[{"href":"https:\/\/boatopoly.com\/lv\/wp-json\/wp\/v2\/pages\/27565"}],"collection":[{"href":"https:\/\/boatopoly.com\/lv\/wp-json\/wp\/v2\/pages"}],"about":[{"href":"https:\/\/boatopoly.com\/lv\/wp-json\/wp\/v2\/types\/page"}],"author":[{"embeddable":true,"href":"https:\/\/boatopoly.com\/lv\/wp-json\/wp\/v2\/users\/455"}],"replies":[{"embeddable":true,"href":"https:\/\/boatopoly.com\/lv\/wp-json\/wp\/v2\/comments?post=27565"}],"version-history":[{"count":1,"href":"https:\/\/boatopoly.com\/lv\/wp-json\/wp\/v2\/pages\/27565\/revisions"}],"predecessor-version":[{"id":27755,"href":"https:\/\/boatopoly.com\/lv\/wp-json\/wp\/v2\/pages\/27565\/revisions\/27755"}],"up":[{"embeddable":true,"href":"https:\/\/boatopoly.com\/lv\/wp-json\/wp\/v2\/pages\/27576"}],"wp:attachment":[{"href":"https:\/\/boatopoly.com\/lv\/wp-json\/wp\/v2\/media?parent=27565"}],"curies":[{"name":"wp","href":"https:\/\/api.w.org\/{rel}","templated":true}]}}