{"id":27547,"date":"2024-05-03T15:23:41","date_gmt":"2024-05-03T15:23:41","guid":{"rendered":"https:\/\/dev2.boatopoly.com\/juridiskais-pazinojums\/"},"modified":"2024-05-16T05:32:57","modified_gmt":"2024-05-16T05:32:57","slug":"juridiskais-pazinojums","status":"publish","type":"page","link":"https:\/\/boatopoly.com\/lv\/juridiskais-pazinojums\/","title":{"rendered":"Juridiskais pazi\u0146ojums"},"content":{"rendered":"<p><b>Boatopoly.com &#8211; Bergx2 GmbH grupas uz\u0146\u0113mums<\/b><\/p>\n<table style=\"border-collapse: collapse; width: 68.9733%;\">\n<tbody>\n<tr>\n<td style=\"width: 21.4092%;\">E-pasta adrese:<\/td>\n<td style=\"width: 60.273%;\"><a href=\"mailto:info@boatopoly.com\">info@boatopoly.com<\/a><\/td>\n<\/tr>\n<tr>\n<td style=\"width: 21.4092%;\">T\u0101lrunis:<\/td>\n<td style=\"width: 60.273%;\">+49 89 70074700<\/td>\n<\/tr>\n<tr>\n<td style=\"width: 21.4092%;\">Uz\u0146\u0113muma adrese:<\/td>\n<td style=\"width: 60.273%;\">Hochriesstr. 46 85560 Ebersberg V\u0101cija<\/td>\n<\/tr>\n<tr>\n<td style=\"width: 21.4092%;\">Galven\u0101 m\u012btne \/<br \/>\npasta adrese<\/td>\n<td style=\"width: 60.273%;\">F\u00fcrstenstr. 15 80333 Minhene V\u0101cija<\/td>\n<\/tr>\n<\/tbody>\n<\/table>\n<p>P\u0101rst\u0101v r\u012bkot\u0101jdirektors: Istok Sernc.<br \/>\nDatu aizsardz\u012bbas inspektors: Zsu Sernc-Urban<\/p>\n<p><b>Bankas konts:<\/b><\/p>\n<table style=\"border-collapse: collapse; width: 69.0978%;\">\n<tbody>\n<tr>\n<td style=\"width: 15.3846%;\">Sa\u0146\u0113m\u0113js:<\/td>\n<td style=\"width: 106.099%;\">Boatopoly &#8211; Bergx2 GmbH<\/td>\n<\/tr>\n<tr>\n<td style=\"width: 15.3846%;\">Sa\u0146\u0113m\u0113ja adrese:<\/td>\n<td style=\"width: 106.099%;\">Hochriesstr. 46 85560 Ebersberg V\u0101cija<\/td>\n<\/tr>\n<tr>\n<td style=\"width: 15.3846%;\">IBAN:<\/td>\n<td style=\"width: 106.099%;\">BE21 9671 6309 9503<\/td>\n<\/tr>\n<tr>\n<td style=\"width: 15.3846%;\">BIC \/ SWIFT:<\/td>\n<td style=\"width: 106.099%;\">TRWIBEB1XXX<\/td>\n<\/tr>\n<tr>\n<td style=\"width: 15.3846%;\">Bankas nosaukums:<\/td>\n<td style=\"width: 106.099%;\">Wise Europe SA<\/td>\n<\/tr>\n<tr>\n<td style=\"width: 15.3846%;\">Bankas adrese:<\/td>\n<td style=\"width: 106.099%;\">Wise Europe SA, Rue du Tr\u00f4ne 100, 3. st\u0101vs, 1050 Brisele, Be\u013c\u0123ija<\/td>\n<\/tr>\n<\/tbody>\n<\/table>\n<div id=\"imprint-page\">\n<p><b>Korpor\u0101cijas re\u0123istr\u0101cija<\/b><\/p>\n<p>Komercre\u0123istr\u0101cija: Re\u0123istr\u0101cijas tiesa Minhene<\/p>\n<p>Re\u0123istr\u0101cijas numurs: HRB 203364<\/p>\n<p>Pievienot\u0101s v\u0113rt\u012bbas nodok\u013ca identifik\u0101cijas numurs saska\u0146\u0101 ar Pievienot\u0101s v\u0113rt\u012bbas nodok\u013ca likuma 27.a pantu: DE287472874<\/p>\n<p>Nodok\u013cu maks\u0101t\u0101ja numurs: 114\/122\/30533<\/p>\n<\/div>\n<p><span id=\"result_box\" class=\"\" lang=\"en\"><span class=\"\">Boatopoly nepiedal\u0101s pat\u0113r\u0113t\u0101ju \u0161\u0137\u012br\u0113jtiesu str\u012bdu iz\u0161\u0137ir\u0161anas proced\u016br\u0101s un tam nav pien\u0101kuma to dar\u012bt. Eiropas Komisija nodro\u0161ina platformu str\u012bdu iz\u0161\u0137ir\u0161anai tie\u0161saist\u0113 (OS): http: <a href=\"http:\/\/ec.europa.eu\/consumers\/odr\/\">\/\/ec.europa.eu\/consumers\/odr\/<\/a>. Par jums atbild\u012bg\u0101 pat\u0113r\u0113t\u0101ju \u0161\u0137\u012br\u0113jtiesas padome ir: Allgemeine Verbraucherschlichtungsstelle des Zentrums f\u00fcr Schlichtung e. V., Stra\u00dfburger Str. 8, 77694 Kehl, V\u0101cija.<\/span><\/span><\/p>\n","protected":false},"excerpt":{"rendered":"<p>Boatopoly.com &#8211; Bergx2 GmbH grupas uz\u0146\u0113mums E-pasta adrese: info@boatopoly.com T\u0101lrunis: +49 89 70074700 Uz\u0146\u0113muma adrese: Hochriesstr. 46 85560 Ebersberg V\u0101cija Galven\u0101 m\u012btne \/ pasta adrese F\u00fcrstenstr. 15 80333 Minhene V\u0101cija P\u0101rst\u0101v r\u012bkot\u0101jdirektors: Istok Sernc. Datu&#8230;<\/p>\n","protected":false},"author":455,"featured_media":0,"parent":0,"menu_order":0,"comment_status":"closed","ping_status":"closed","template":"","meta":{"footnotes":""},"class_list":["post-27547","page","type-page","status-publish","hentry"],"yoast_head":"<!-- This site is optimized with the Yoast SEO Premium plugin v25.0 (Yoast SEO v25.1) - https:\/\/yoast.com\/wordpress\/plugins\/seo\/ -->\n<title>Juridiskais pazi\u0146ojums | Boatopoly<\/title>\n<link rel=\"canonical\" href=\"https:\/\/boatopoly.com\/lv\/juridiskais-pazinojums\/\" \/>\n<meta property=\"og:locale\" content=\"lv_LV\" \/>\n<meta property=\"og:type\" content=\"article\" \/>\n<meta property=\"og:title\" content=\"Juridiskais pazi\u0146ojums\" \/>\n<meta property=\"og:description\" content=\"Boatopoly.com &#8211; Bergx2 GmbH grupas uz\u0146\u0113mums E-pasta adrese: info@boatopoly.com T\u0101lrunis: +49 89 70074700 Uz\u0146\u0113muma adrese: Hochriesstr. 46 85560 Ebersberg V\u0101cija Galven\u0101 m\u012btne \/ pasta adrese F\u00fcrstenstr. 15 80333 Minhene V\u0101cija P\u0101rst\u0101v r\u012bkot\u0101jdirektors: Istok Sernc. Datu...\" \/>\n<meta property=\"og:url\" content=\"https:\/\/boatopoly.com\/lv\/juridiskais-pazinojums\/\" \/>\n<meta property=\"og:site_name\" content=\"Boatopoly\" \/>\n<meta property=\"article:publisher\" content=\"https:\/\/www.facebook.com\/boatopoly\" \/>\n<meta property=\"article:modified_time\" content=\"2024-05-16T05:32:57+00:00\" \/>\n<meta name=\"twitter:card\" content=\"summary_large_image\" \/>\n<meta name=\"twitter:label1\" content=\"Est. reading time\" \/>\n\t<meta name=\"twitter:data1\" content=\"1 minute\" \/>\n<script type=\"application\/ld+json\" class=\"yoast-schema-graph\">{\"@context\":\"https:\/\/schema.org\",\"@graph\":[{\"@type\":\"WebPage\",\"@id\":\"https:\/\/boatopoly.com\/lv\/juridiskais-pazinojums\/\",\"url\":\"https:\/\/boatopoly.com\/lv\/juridiskais-pazinojums\/\",\"name\":\"Juridiskais pazi\u0146ojums | Boatopoly\",\"isPartOf\":{\"@id\":\"https:\/\/boatopoly.com\/#website\"},\"datePublished\":\"2024-05-03T15:23:41+00:00\",\"dateModified\":\"2024-05-16T05:32:57+00:00\",\"breadcrumb\":{\"@id\":\"https:\/\/boatopoly.com\/lv\/juridiskais-pazinojums\/#breadcrumb\"},\"inLanguage\":\"lv-LV\",\"potentialAction\":[{\"@type\":\"ReadAction\",\"target\":[\"https:\/\/boatopoly.com\/lv\/juridiskais-pazinojums\/\"]}]},{\"@type\":\"BreadcrumbList\",\"@id\":\"https:\/\/boatopoly.com\/lv\/juridiskais-pazinojums\/#breadcrumb\",\"itemListElement\":[{\"@type\":\"ListItem\",\"position\":1,\"name\":\"Home\",\"item\":\"https:\/\/boatopoly.com\/lv\/sakums\/\"},{\"@type\":\"ListItem\",\"position\":2,\"name\":\"Juridiskais pazi\u0146ojums\"}]},{\"@type\":\"WebSite\",\"@id\":\"https:\/\/boatopoly.com\/#website\",\"url\":\"https:\/\/boatopoly.com\/\",\"name\":\"Boatopoly\",\"description\":\"no bubbles, just boats\",\"publisher\":{\"@id\":\"https:\/\/boatopoly.com\/#organization\"},\"potentialAction\":[{\"@type\":\"SearchAction\",\"target\":{\"@type\":\"EntryPoint\",\"urlTemplate\":\"https:\/\/boatopoly.com\/?s={search_term_string}\"},\"query-input\":{\"@type\":\"PropertyValueSpecification\",\"valueRequired\":true,\"valueName\":\"search_term_string\"}}],\"inLanguage\":\"lv-LV\"},{\"@type\":\"Organization\",\"@id\":\"https:\/\/boatopoly.com\/#organization\",\"name\":\"Boatopoly\",\"url\":\"https:\/\/boatopoly.com\/\",\"logo\":{\"@type\":\"ImageObject\",\"inLanguage\":\"lv-LV\",\"@id\":\"https:\/\/boatopoly.com\/#\/schema\/logo\/image\/\",\"url\":\"https:\/\/boatopoly.com\/wp-content\/uploads\/2024\/07\/2024-07-03-Boatopoly-Logo-1200x1200-1.png\",\"contentUrl\":\"https:\/\/boatopoly.com\/wp-content\/uploads\/2024\/07\/2024-07-03-Boatopoly-Logo-1200x1200-1.png\",\"width\":1200,\"height\":1200,\"caption\":\"Boatopoly\"},\"image\":{\"@id\":\"https:\/\/boatopoly.com\/#\/schema\/logo\/image\/\"},\"sameAs\":[\"https:\/\/www.facebook.com\/boatopoly\"]}]}<\/script>\n<!-- \/ Yoast SEO Premium plugin. -->","yoast_head_json":{"title":"Juridiskais pazi\u0146ojums | Boatopoly","canonical":"https:\/\/boatopoly.com\/lv\/juridiskais-pazinojums\/","og_locale":"lv_LV","og_type":"article","og_title":"Juridiskais pazi\u0146ojums","og_description":"Boatopoly.com &#8211; Bergx2 GmbH grupas uz\u0146\u0113mums E-pasta adrese: info@boatopoly.com T\u0101lrunis: +49 89 70074700 Uz\u0146\u0113muma adrese: Hochriesstr. 46 85560 Ebersberg V\u0101cija Galven\u0101 m\u012btne \/ pasta adrese F\u00fcrstenstr. 15 80333 Minhene V\u0101cija P\u0101rst\u0101v r\u012bkot\u0101jdirektors: Istok Sernc. Datu...","og_url":"https:\/\/boatopoly.com\/lv\/juridiskais-pazinojums\/","og_site_name":"Boatopoly","article_publisher":"https:\/\/www.facebook.com\/boatopoly","article_modified_time":"2024-05-16T05:32:57+00:00","twitter_card":"summary_large_image","twitter_misc":{"Est. reading time":"1 minute"},"schema":{"@context":"https:\/\/schema.org","@graph":[{"@type":"WebPage","@id":"https:\/\/boatopoly.com\/lv\/juridiskais-pazinojums\/","url":"https:\/\/boatopoly.com\/lv\/juridiskais-pazinojums\/","name":"Juridiskais pazi\u0146ojums | Boatopoly","isPartOf":{"@id":"https:\/\/boatopoly.com\/#website"},"datePublished":"2024-05-03T15:23:41+00:00","dateModified":"2024-05-16T05:32:57+00:00","breadcrumb":{"@id":"https:\/\/boatopoly.com\/lv\/juridiskais-pazinojums\/#breadcrumb"},"inLanguage":"lv-LV","potentialAction":[{"@type":"ReadAction","target":["https:\/\/boatopoly.com\/lv\/juridiskais-pazinojums\/"]}]},{"@type":"BreadcrumbList","@id":"https:\/\/boatopoly.com\/lv\/juridiskais-pazinojums\/#breadcrumb","itemListElement":[{"@type":"ListItem","position":1,"name":"Home","item":"https:\/\/boatopoly.com\/lv\/sakums\/"},{"@type":"ListItem","position":2,"name":"Juridiskais pazi\u0146ojums"}]},{"@type":"WebSite","@id":"https:\/\/boatopoly.com\/#website","url":"https:\/\/boatopoly.com\/","name":"Boatopoly","description":"no bubbles, just boats","publisher":{"@id":"https:\/\/boatopoly.com\/#organization"},"potentialAction":[{"@type":"SearchAction","target":{"@type":"EntryPoint","urlTemplate":"https:\/\/boatopoly.com\/?s={search_term_string}"},"query-input":{"@type":"PropertyValueSpecification","valueRequired":true,"valueName":"search_term_string"}}],"inLanguage":"lv-LV"},{"@type":"Organization","@id":"https:\/\/boatopoly.com\/#organization","name":"Boatopoly","url":"https:\/\/boatopoly.com\/","logo":{"@type":"ImageObject","inLanguage":"lv-LV","@id":"https:\/\/boatopoly.com\/#\/schema\/logo\/image\/","url":"https:\/\/boatopoly.com\/wp-content\/uploads\/2024\/07\/2024-07-03-Boatopoly-Logo-1200x1200-1.png","contentUrl":"https:\/\/boatopoly.com\/wp-content\/uploads\/2024\/07\/2024-07-03-Boatopoly-Logo-1200x1200-1.png","width":1200,"height":1200,"caption":"Boatopoly"},"image":{"@id":"https:\/\/boatopoly.com\/#\/schema\/logo\/image\/"},"sameAs":["https:\/\/www.facebook.com\/boatopoly"]}]}},"_links":{"self":[{"href":"https:\/\/boatopoly.com\/lv\/wp-json\/wp\/v2\/pages\/27547"}],"collection":[{"href":"https:\/\/boatopoly.com\/lv\/wp-json\/wp\/v2\/pages"}],"about":[{"href":"https:\/\/boatopoly.com\/lv\/wp-json\/wp\/v2\/types\/page"}],"author":[{"embeddable":true,"href":"https:\/\/boatopoly.com\/lv\/wp-json\/wp\/v2\/users\/455"}],"replies":[{"embeddable":true,"href":"https:\/\/boatopoly.com\/lv\/wp-json\/wp\/v2\/comments?post=27547"}],"version-history":[{"count":1,"href":"https:\/\/boatopoly.com\/lv\/wp-json\/wp\/v2\/pages\/27547\/revisions"}],"predecessor-version":[{"id":27743,"href":"https:\/\/boatopoly.com\/lv\/wp-json\/wp\/v2\/pages\/27547\/revisions\/27743"}],"wp:attachment":[{"href":"https:\/\/boatopoly.com\/lv\/wp-json\/wp\/v2\/media?parent=27547"}],"curies":[{"name":"wp","href":"https:\/\/api.w.org\/{rel}","templated":true}]}}