{"id":27414,"date":"2024-05-03T15:18:30","date_gmt":"2024-05-03T15:18:30","guid":{"rendered":"https:\/\/dev2.boatopoly.com\/paroles-atiestatisana\/"},"modified":"2024-05-16T05:30:51","modified_gmt":"2024-05-16T05:30:51","slug":"paroles-atiestatisana","status":"publish","type":"page","link":"https:\/\/boatopoly.com\/lv\/paroles-atiestatisana\/","title":{"rendered":"Paroles atiestat\u012b\u0161ana"},"content":{"rendered":"<h3>Vai zin\u0101j\u0101t?<\/h3>\n<p><b>Neuz\u0137erieties uz &#8220;pik\u0161\u0137er\u0113\u0161anas&#8221; uzbrukumiem.<\/b>  Esiet \u013coti uzman\u012bgi, pirms noklik\u0161\u0137in\u0101t uz saites (pat ja t\u0101 \u0161\u0137iet no likum\u012bgas vietnes), kur\u0101 tiek pras\u012bts pieteikties, main\u012bt paroli vai sniegt citu personisku inform\u0101ciju. Tas var b\u016bt likum\u012bgs vai ar\u012b tas var b\u016bt &#8220;pik\u0161\u0137er\u0113\u0161anas&#8221; kr\u0101p\u0161anas gad\u012bjums, kad j\u016bsu ievad\u012bt\u0101 inform\u0101cija non\u0101k pie hakera. Ja rodas \u0161aubas, piesakieties manu\u0101li, ievadot p\u0101rl\u016bkprogrammas log\u0101 zin\u0101mo vietnes URL adresi.<\/p>\n<div class=\"form-control-static\">\n<p>Avots: <em><br \/>\n  <a href=\"http:\/\/www.connectsafely.org\/tips-to-create-and-manage-strong-passwords\/\" target=\"_blank\" rel=\"noopener noreferrer\">ConnectSafely<\/a><br \/>\n<\/em><\/p>\n<\/div>\n","protected":false},"excerpt":{"rendered":"<p>Vai zin\u0101j\u0101t? Neuz\u0137erieties uz &#8220;pik\u0161\u0137er\u0113\u0161anas&#8221; uzbrukumiem. Esiet \u013coti uzman\u012bgi, pirms noklik\u0161\u0137in\u0101t uz saites (pat ja t\u0101 \u0161\u0137iet no likum\u012bgas vietnes), kur\u0101 tiek pras\u012bts pieteikties, main\u012bt paroli vai sniegt citu personisku inform\u0101ciju. Tas var b\u016bt likum\u012bgs&#8230;<\/p>\n","protected":false},"author":455,"featured_media":0,"parent":0,"menu_order":0,"comment_status":"closed","ping_status":"closed","template":"page-pwdreset.php","meta":{"footnotes":""},"class_list":["post-27414","page","type-page","status-publish","hentry"],"yoast_head":"<!-- This site is optimized with the Yoast SEO Premium plugin v25.0 (Yoast SEO v25.1) - https:\/\/yoast.com\/wordpress\/plugins\/seo\/ -->\n<title>Paroles atiestat\u012b\u0161ana | Boatopoly<\/title>\n<link rel=\"canonical\" href=\"https:\/\/boatopoly.com\/reset-password\/\" \/>\n<meta property=\"og:locale\" content=\"lv_LV\" \/>\n<meta property=\"og:type\" content=\"article\" \/>\n<meta property=\"og:title\" content=\"Paroles atiestat\u012b\u0161ana\" \/>\n<meta property=\"og:description\" content=\"Vai zin\u0101j\u0101t? Neuz\u0137erieties uz &#8220;pik\u0161\u0137er\u0113\u0161anas&#8221; uzbrukumiem. Esiet \u013coti uzman\u012bgi, pirms noklik\u0161\u0137in\u0101t uz saites (pat ja t\u0101 \u0161\u0137iet no likum\u012bgas vietnes), kur\u0101 tiek pras\u012bts pieteikties, main\u012bt paroli vai sniegt citu personisku inform\u0101ciju. Tas var b\u016bt likum\u012bgs...\" \/>\n<meta property=\"og:url\" content=\"https:\/\/boatopoly.com\/reset-password\/\" \/>\n<meta property=\"og:site_name\" content=\"Boatopoly\" \/>\n<meta property=\"article:publisher\" content=\"https:\/\/www.facebook.com\/boatopoly\" \/>\n<meta property=\"article:modified_time\" content=\"2024-05-16T05:30:51+00:00\" \/>\n<meta name=\"twitter:card\" content=\"summary_large_image\" \/>\n<script type=\"application\/ld+json\" class=\"yoast-schema-graph\">{\"@context\":\"https:\/\/schema.org\",\"@graph\":[{\"@type\":\"WebPage\",\"@id\":\"https:\/\/boatopoly.com\/reset-password\/\",\"url\":\"https:\/\/boatopoly.com\/reset-password\/\",\"name\":\"Paroles atiestat\u012b\u0161ana | Boatopoly\",\"isPartOf\":{\"@id\":\"https:\/\/boatopoly.com\/#website\"},\"datePublished\":\"2024-05-03T15:18:30+00:00\",\"dateModified\":\"2024-05-16T05:30:51+00:00\",\"breadcrumb\":{\"@id\":\"https:\/\/boatopoly.com\/reset-password\/#breadcrumb\"},\"inLanguage\":\"lv-LV\",\"potentialAction\":[{\"@type\":\"ReadAction\",\"target\":[\"https:\/\/boatopoly.com\/reset-password\/\"]}]},{\"@type\":\"BreadcrumbList\",\"@id\":\"https:\/\/boatopoly.com\/reset-password\/#breadcrumb\",\"itemListElement\":[{\"@type\":\"ListItem\",\"position\":1,\"name\":\"Home\",\"item\":\"https:\/\/boatopoly.com\/lv\/sakums\/\"},{\"@type\":\"ListItem\",\"position\":2,\"name\":\"Paroles atiestat\u012b\u0161ana\"}]},{\"@type\":\"WebSite\",\"@id\":\"https:\/\/boatopoly.com\/#website\",\"url\":\"https:\/\/boatopoly.com\/\",\"name\":\"Boatopoly\",\"description\":\"no bubbles, just boats\",\"publisher\":{\"@id\":\"https:\/\/boatopoly.com\/#organization\"},\"potentialAction\":[{\"@type\":\"SearchAction\",\"target\":{\"@type\":\"EntryPoint\",\"urlTemplate\":\"https:\/\/boatopoly.com\/?s={search_term_string}\"},\"query-input\":{\"@type\":\"PropertyValueSpecification\",\"valueRequired\":true,\"valueName\":\"search_term_string\"}}],\"inLanguage\":\"lv-LV\"},{\"@type\":\"Organization\",\"@id\":\"https:\/\/boatopoly.com\/#organization\",\"name\":\"Boatopoly\",\"url\":\"https:\/\/boatopoly.com\/\",\"logo\":{\"@type\":\"ImageObject\",\"inLanguage\":\"lv-LV\",\"@id\":\"https:\/\/boatopoly.com\/#\/schema\/logo\/image\/\",\"url\":\"https:\/\/boatopoly.com\/wp-content\/uploads\/2024\/07\/2024-07-03-Boatopoly-Logo-1200x1200-1.png\",\"contentUrl\":\"https:\/\/boatopoly.com\/wp-content\/uploads\/2024\/07\/2024-07-03-Boatopoly-Logo-1200x1200-1.png\",\"width\":1200,\"height\":1200,\"caption\":\"Boatopoly\"},\"image\":{\"@id\":\"https:\/\/boatopoly.com\/#\/schema\/logo\/image\/\"},\"sameAs\":[\"https:\/\/www.facebook.com\/boatopoly\"]}]}<\/script>\n<!-- \/ Yoast SEO Premium plugin. -->","yoast_head_json":{"title":"Paroles atiestat\u012b\u0161ana | Boatopoly","canonical":"https:\/\/boatopoly.com\/reset-password\/","og_locale":"lv_LV","og_type":"article","og_title":"Paroles atiestat\u012b\u0161ana","og_description":"Vai zin\u0101j\u0101t? Neuz\u0137erieties uz &#8220;pik\u0161\u0137er\u0113\u0161anas&#8221; uzbrukumiem. Esiet \u013coti uzman\u012bgi, pirms noklik\u0161\u0137in\u0101t uz saites (pat ja t\u0101 \u0161\u0137iet no likum\u012bgas vietnes), kur\u0101 tiek pras\u012bts pieteikties, main\u012bt paroli vai sniegt citu personisku inform\u0101ciju. Tas var b\u016bt likum\u012bgs...","og_url":"https:\/\/boatopoly.com\/reset-password\/","og_site_name":"Boatopoly","article_publisher":"https:\/\/www.facebook.com\/boatopoly","article_modified_time":"2024-05-16T05:30:51+00:00","twitter_card":"summary_large_image","schema":{"@context":"https:\/\/schema.org","@graph":[{"@type":"WebPage","@id":"https:\/\/boatopoly.com\/reset-password\/","url":"https:\/\/boatopoly.com\/reset-password\/","name":"Paroles atiestat\u012b\u0161ana | Boatopoly","isPartOf":{"@id":"https:\/\/boatopoly.com\/#website"},"datePublished":"2024-05-03T15:18:30+00:00","dateModified":"2024-05-16T05:30:51+00:00","breadcrumb":{"@id":"https:\/\/boatopoly.com\/reset-password\/#breadcrumb"},"inLanguage":"lv-LV","potentialAction":[{"@type":"ReadAction","target":["https:\/\/boatopoly.com\/reset-password\/"]}]},{"@type":"BreadcrumbList","@id":"https:\/\/boatopoly.com\/reset-password\/#breadcrumb","itemListElement":[{"@type":"ListItem","position":1,"name":"Home","item":"https:\/\/boatopoly.com\/lv\/sakums\/"},{"@type":"ListItem","position":2,"name":"Paroles atiestat\u012b\u0161ana"}]},{"@type":"WebSite","@id":"https:\/\/boatopoly.com\/#website","url":"https:\/\/boatopoly.com\/","name":"Boatopoly","description":"no bubbles, just boats","publisher":{"@id":"https:\/\/boatopoly.com\/#organization"},"potentialAction":[{"@type":"SearchAction","target":{"@type":"EntryPoint","urlTemplate":"https:\/\/boatopoly.com\/?s={search_term_string}"},"query-input":{"@type":"PropertyValueSpecification","valueRequired":true,"valueName":"search_term_string"}}],"inLanguage":"lv-LV"},{"@type":"Organization","@id":"https:\/\/boatopoly.com\/#organization","name":"Boatopoly","url":"https:\/\/boatopoly.com\/","logo":{"@type":"ImageObject","inLanguage":"lv-LV","@id":"https:\/\/boatopoly.com\/#\/schema\/logo\/image\/","url":"https:\/\/boatopoly.com\/wp-content\/uploads\/2024\/07\/2024-07-03-Boatopoly-Logo-1200x1200-1.png","contentUrl":"https:\/\/boatopoly.com\/wp-content\/uploads\/2024\/07\/2024-07-03-Boatopoly-Logo-1200x1200-1.png","width":1200,"height":1200,"caption":"Boatopoly"},"image":{"@id":"https:\/\/boatopoly.com\/#\/schema\/logo\/image\/"},"sameAs":["https:\/\/www.facebook.com\/boatopoly"]}]}},"_links":{"self":[{"href":"https:\/\/boatopoly.com\/lv\/wp-json\/wp\/v2\/pages\/27414"}],"collection":[{"href":"https:\/\/boatopoly.com\/lv\/wp-json\/wp\/v2\/pages"}],"about":[{"href":"https:\/\/boatopoly.com\/lv\/wp-json\/wp\/v2\/types\/page"}],"author":[{"embeddable":true,"href":"https:\/\/boatopoly.com\/lv\/wp-json\/wp\/v2\/users\/455"}],"replies":[{"embeddable":true,"href":"https:\/\/boatopoly.com\/lv\/wp-json\/wp\/v2\/comments?post=27414"}],"version-history":[{"count":1,"href":"https:\/\/boatopoly.com\/lv\/wp-json\/wp\/v2\/pages\/27414\/revisions"}],"predecessor-version":[{"id":27685,"href":"https:\/\/boatopoly.com\/lv\/wp-json\/wp\/v2\/pages\/27414\/revisions\/27685"}],"wp:attachment":[{"href":"https:\/\/boatopoly.com\/lv\/wp-json\/wp\/v2\/media?parent=27414"}],"curies":[{"name":"wp","href":"https:\/\/api.w.org\/{rel}","templated":true}]}}