{"id":27410,"date":"2024-05-03T15:15:37","date_gmt":"2024-05-03T15:15:37","guid":{"rendered":"https:\/\/dev2.boatopoly.com\/par-mums\/"},"modified":"2024-05-16T05:30:44","modified_gmt":"2024-05-16T05:30:44","slug":"par-mums","status":"publish","type":"page","link":"https:\/\/boatopoly.com\/lv\/par-mums\/","title":{"rendered":"Par mums"},"content":{"rendered":"<p>Boatopoly &#8211; Nav burbu\u013cu, tikai laivas.<\/p>\n<p>Boatopoly, kas dibin\u0101ts 2015. gad\u0101 Minhen\u0113, V\u0101cij\u0101, ir uzticams kopienas tirgus, kur\u0101 cilv\u0113ki var uzskait\u012bt, atrast un ieg\u0101d\u0101ties laivas un laivu apr\u012bkojumu vis\u0101 pasaul\u0113 &#8211; tie\u0161saist\u0113 vai izmantojot mobilo t\u0101lruni vai plan\u0161etdatoru.<\/p>\n<p>M\u016bsu misija ir nodro\u0161in\u0101t p\u0101rdev\u0113jiem platformu, risin\u0101jumus un atbalstu, kas nepiecie\u0161ams, lai vi\u0146i var\u0113tu att\u012bst\u012bt savu uz\u0146\u0113m\u0113jdarb\u012bbu un uzplaukt. Savus pan\u0101kumus m\u0113s v\u0113rt\u0113jam p\u0113c m\u016bsu klientu pan\u0101kumiem.<\/p>\n<p>Neatkar\u012bgi no t\u0101, vai ieg\u0101d\u0101jaties motorlaivu \u0123imenes piedz\u012bvojumiem, jahtu kvalitat\u012bvai laika pavad\u012b\u0161anai kop\u0101 ar draugiem vai ku\u0123i savam biznesam, Boatopoly nodro\u0161ina cilv\u0113kiem iesp\u0113ju g\u016bt unik\u0101lu j\u016bras pieredzi par jebkuru cenu vis\u0101 pasaul\u0113. Pateicoties pasaules klases klientu apkalpo\u0161anai un augo\u0161ajai lietot\u0101ju kopienai, Boatopoly ir visvienk\u0101r\u0161\u0101kais veids, k\u0101 cilv\u0113ki var g\u016bt pe\u013c\u0146u no sav\u0101m vairs nelietotaj\u0101m laiv\u0101m vai demonstr\u0113t jaunas miljoniem cilv\u0113ku auditorijai.<\/p>\n<p>Lai sa\u0146emtu inform\u0101ciju par produktiem, tehnisko atbalstu un juridiskus jaut\u0101jumus, varat sazin\u0101ties ar mums, izmantojot m\u016bsu<a href=\"https:\/\/dev2.boatopoly.com\/contact-us\/\"> tie\u0161saistes kontaktformu<\/a>.<\/p>\n","protected":false},"excerpt":{"rendered":"<p>Boatopoly &#8211; Nav burbu\u013cu, tikai laivas. Boatopoly, kas dibin\u0101ts 2015. gad\u0101 Minhen\u0113, V\u0101cij\u0101, ir uzticams kopienas tirgus, kur\u0101 cilv\u0113ki var uzskait\u012bt, atrast un ieg\u0101d\u0101ties laivas un laivu apr\u012bkojumu vis\u0101 pasaul\u0113 &#8211; tie\u0161saist\u0113 vai izmantojot mobilo&#8230;<\/p>\n","protected":false},"author":455,"featured_media":0,"parent":0,"menu_order":0,"comment_status":"closed","ping_status":"closed","template":"","meta":{"footnotes":""},"class_list":["post-27410","page","type-page","status-publish","hentry"],"yoast_head":"<!-- This site is optimized with the Yoast SEO Premium plugin v25.0 (Yoast SEO v25.1) - https:\/\/yoast.com\/wordpress\/plugins\/seo\/ -->\n<title>Par mums | Boatopoly<\/title>\n<meta name=\"description\" content=\"par mums testa meta apraksts\" \/>\n<link rel=\"canonical\" href=\"https:\/\/boatopoly.com\/lv\/par-mums\/\" \/>\n<meta property=\"og:locale\" content=\"lv_LV\" \/>\n<meta property=\"og:type\" content=\"article\" \/>\n<meta property=\"og:title\" content=\"Par mums\" \/>\n<meta property=\"og:description\" content=\"par mums testa meta apraksts\" \/>\n<meta property=\"og:url\" content=\"https:\/\/boatopoly.com\/lv\/par-mums\/\" \/>\n<meta property=\"og:site_name\" content=\"Boatopoly\" \/>\n<meta property=\"article:publisher\" content=\"https:\/\/www.facebook.com\/boatopoly\" \/>\n<meta property=\"article:modified_time\" content=\"2024-05-16T05:30:44+00:00\" \/>\n<meta name=\"twitter:card\" content=\"summary_large_image\" \/>\n<meta name=\"twitter:label1\" content=\"Est. reading time\" \/>\n\t<meta name=\"twitter:data1\" content=\"1 minute\" \/>\n<script type=\"application\/ld+json\" class=\"yoast-schema-graph\">{\"@context\":\"https:\/\/schema.org\",\"@graph\":[{\"@type\":\"WebPage\",\"@id\":\"https:\/\/boatopoly.com\/lv\/par-mums\/\",\"url\":\"https:\/\/boatopoly.com\/lv\/par-mums\/\",\"name\":\"Par mums | Boatopoly\",\"isPartOf\":{\"@id\":\"https:\/\/boatopoly.com\/#website\"},\"datePublished\":\"2024-05-03T15:15:37+00:00\",\"dateModified\":\"2024-05-16T05:30:44+00:00\",\"description\":\"par mums testa meta apraksts\",\"breadcrumb\":{\"@id\":\"https:\/\/boatopoly.com\/lv\/par-mums\/#breadcrumb\"},\"inLanguage\":\"lv-LV\",\"potentialAction\":[{\"@type\":\"ReadAction\",\"target\":[\"https:\/\/boatopoly.com\/lv\/par-mums\/\"]}]},{\"@type\":\"BreadcrumbList\",\"@id\":\"https:\/\/boatopoly.com\/lv\/par-mums\/#breadcrumb\",\"itemListElement\":[{\"@type\":\"ListItem\",\"position\":1,\"name\":\"Home\",\"item\":\"https:\/\/boatopoly.com\/lv\/sakums\/\"},{\"@type\":\"ListItem\",\"position\":2,\"name\":\"Par mums\"}]},{\"@type\":\"WebSite\",\"@id\":\"https:\/\/boatopoly.com\/#website\",\"url\":\"https:\/\/boatopoly.com\/\",\"name\":\"Boatopoly\",\"description\":\"no bubbles, just boats\",\"publisher\":{\"@id\":\"https:\/\/boatopoly.com\/#organization\"},\"potentialAction\":[{\"@type\":\"SearchAction\",\"target\":{\"@type\":\"EntryPoint\",\"urlTemplate\":\"https:\/\/boatopoly.com\/?s={search_term_string}\"},\"query-input\":{\"@type\":\"PropertyValueSpecification\",\"valueRequired\":true,\"valueName\":\"search_term_string\"}}],\"inLanguage\":\"lv-LV\"},{\"@type\":\"Organization\",\"@id\":\"https:\/\/boatopoly.com\/#organization\",\"name\":\"Boatopoly\",\"url\":\"https:\/\/boatopoly.com\/\",\"logo\":{\"@type\":\"ImageObject\",\"inLanguage\":\"lv-LV\",\"@id\":\"https:\/\/boatopoly.com\/#\/schema\/logo\/image\/\",\"url\":\"https:\/\/boatopoly.com\/wp-content\/uploads\/2024\/07\/2024-07-03-Boatopoly-Logo-1200x1200-1.png\",\"contentUrl\":\"https:\/\/boatopoly.com\/wp-content\/uploads\/2024\/07\/2024-07-03-Boatopoly-Logo-1200x1200-1.png\",\"width\":1200,\"height\":1200,\"caption\":\"Boatopoly\"},\"image\":{\"@id\":\"https:\/\/boatopoly.com\/#\/schema\/logo\/image\/\"},\"sameAs\":[\"https:\/\/www.facebook.com\/boatopoly\"]}]}<\/script>\n<!-- \/ Yoast SEO Premium plugin. -->","yoast_head_json":{"title":"Par mums | Boatopoly","description":"par mums testa meta apraksts","canonical":"https:\/\/boatopoly.com\/lv\/par-mums\/","og_locale":"lv_LV","og_type":"article","og_title":"Par mums","og_description":"par mums testa meta apraksts","og_url":"https:\/\/boatopoly.com\/lv\/par-mums\/","og_site_name":"Boatopoly","article_publisher":"https:\/\/www.facebook.com\/boatopoly","article_modified_time":"2024-05-16T05:30:44+00:00","twitter_card":"summary_large_image","twitter_misc":{"Est. reading time":"1 minute"},"schema":{"@context":"https:\/\/schema.org","@graph":[{"@type":"WebPage","@id":"https:\/\/boatopoly.com\/lv\/par-mums\/","url":"https:\/\/boatopoly.com\/lv\/par-mums\/","name":"Par mums | Boatopoly","isPartOf":{"@id":"https:\/\/boatopoly.com\/#website"},"datePublished":"2024-05-03T15:15:37+00:00","dateModified":"2024-05-16T05:30:44+00:00","description":"par mums testa meta apraksts","breadcrumb":{"@id":"https:\/\/boatopoly.com\/lv\/par-mums\/#breadcrumb"},"inLanguage":"lv-LV","potentialAction":[{"@type":"ReadAction","target":["https:\/\/boatopoly.com\/lv\/par-mums\/"]}]},{"@type":"BreadcrumbList","@id":"https:\/\/boatopoly.com\/lv\/par-mums\/#breadcrumb","itemListElement":[{"@type":"ListItem","position":1,"name":"Home","item":"https:\/\/boatopoly.com\/lv\/sakums\/"},{"@type":"ListItem","position":2,"name":"Par mums"}]},{"@type":"WebSite","@id":"https:\/\/boatopoly.com\/#website","url":"https:\/\/boatopoly.com\/","name":"Boatopoly","description":"no bubbles, just boats","publisher":{"@id":"https:\/\/boatopoly.com\/#organization"},"potentialAction":[{"@type":"SearchAction","target":{"@type":"EntryPoint","urlTemplate":"https:\/\/boatopoly.com\/?s={search_term_string}"},"query-input":{"@type":"PropertyValueSpecification","valueRequired":true,"valueName":"search_term_string"}}],"inLanguage":"lv-LV"},{"@type":"Organization","@id":"https:\/\/boatopoly.com\/#organization","name":"Boatopoly","url":"https:\/\/boatopoly.com\/","logo":{"@type":"ImageObject","inLanguage":"lv-LV","@id":"https:\/\/boatopoly.com\/#\/schema\/logo\/image\/","url":"https:\/\/boatopoly.com\/wp-content\/uploads\/2024\/07\/2024-07-03-Boatopoly-Logo-1200x1200-1.png","contentUrl":"https:\/\/boatopoly.com\/wp-content\/uploads\/2024\/07\/2024-07-03-Boatopoly-Logo-1200x1200-1.png","width":1200,"height":1200,"caption":"Boatopoly"},"image":{"@id":"https:\/\/boatopoly.com\/#\/schema\/logo\/image\/"},"sameAs":["https:\/\/www.facebook.com\/boatopoly"]}]}},"_links":{"self":[{"href":"https:\/\/boatopoly.com\/lv\/wp-json\/wp\/v2\/pages\/27410"}],"collection":[{"href":"https:\/\/boatopoly.com\/lv\/wp-json\/wp\/v2\/pages"}],"about":[{"href":"https:\/\/boatopoly.com\/lv\/wp-json\/wp\/v2\/types\/page"}],"author":[{"embeddable":true,"href":"https:\/\/boatopoly.com\/lv\/wp-json\/wp\/v2\/users\/455"}],"replies":[{"embeddable":true,"href":"https:\/\/boatopoly.com\/lv\/wp-json\/wp\/v2\/comments?post=27410"}],"version-history":[{"count":1,"href":"https:\/\/boatopoly.com\/lv\/wp-json\/wp\/v2\/pages\/27410\/revisions"}],"predecessor-version":[{"id":27681,"href":"https:\/\/boatopoly.com\/lv\/wp-json\/wp\/v2\/pages\/27410\/revisions\/27681"}],"wp:attachment":[{"href":"https:\/\/boatopoly.com\/lv\/wp-json\/wp\/v2\/media?parent=27410"}],"curies":[{"name":"wp","href":"https:\/\/api.w.org\/{rel}","templated":true}]}}