{"id":27409,"date":"2024-05-03T15:15:18","date_gmt":"2024-05-03T15:15:18","guid":{"rendered":"https:\/\/dev2.boatopoly.com\/noderigi-padomi-atrai-laivas-pardosanai\/"},"modified":"2024-05-16T05:30:42","modified_gmt":"2024-05-16T05:30:42","slug":"noderigi-padomi-atrai-laivas-pardosanai","status":"publish","type":"page","link":"https:\/\/boatopoly.com\/lv\/noderigi-padomi-atrai-laivas-pardosanai\/","title":{"rendered":"Noder\u012bgi padomi \u0101trai laivas p\u0101rdo\u0161anai"},"content":{"rendered":"<h3>1. Laivas m\u0101rketings ir \u013coti svar\u012bgs.<\/h3>\n<p><span style=\"font-size: 12pt;\">Sp\u0113c\u012bgi reklam\u0113t. Ievietot rekl\u0101mas viet\u0113j\u0101 laivo\u0161anas pres\u0113, lielaj\u0101 dienas laikrakst\u0101, un, ja tas ir liels laivu vai ierobe\u017eota pieejam\u012bba, ka pirc\u0113ji var b\u016bt ce\u013co \u0101rpus valsts, lai apskat\u012btu, ievietot rekl\u0101mas top re\u0123ion\u0101l\u0101s un valsts viet\u0101s. Sludin\u0101jumi ar att\u0113liem un detaliz\u0113tu inform\u0101ciju piesaista liel\u0101ku datpl\u016bsmu. J\u016bs varat viegli izdruk\u0101t savu laivas rekl\u0101mu Boatopoly un nos\u016bt\u012bt vai nodot potenci\u0101lajiem pirc\u0113jiem.<\/span><\/p>\n<h3>2. Laivai j\u0101b\u016bt lab\u0101 st\u0101vokl\u012b, kad t\u0101 tiek par\u0101d\u012bta klientam.<\/h3>\n<p><span style=\"font-size: 12pt;\">Ku\u0123a tehniskajam un vizu\u0101lajam st\u0101voklim j\u0101b\u016bt vislab\u0101kaj\u0101 st\u0101vokl\u012b, kad klients apskata ku\u0123i. Pirmk\u0101rt, p\u0101rliecinieties, ka dzin\u0113js  <\/span><span style=\"font-size: 12pt;\">vai dzin\u0113ji darbojas nevainojami. Lai to atvieglotu, iedarbiniet dzin\u0113ju un iesildiet to stundu pirms potenci\u0101lais pirc\u0113js ierodas apskat\u012bt laivu.  <\/span><span style=\"font-size: 12pt;\">Vienm\u0113r\u012bga laivas iedarbin\u0101\u0161ana var iev\u0113rojami uzlabot j\u016bsu laivas p\u0101rdo\u0161anas procesu, bet, ja j\u016bsu laiva neuzs\u0101kas uzreiz, j\u016bs varat. <\/span><span style=\"font-size: 12pt;\">tikpat labi p\u0101rtraukt t\u0101s p\u0101rdo\u0161anu.<\/span><\/p>\n<h3>3. Pirms par\u0101d\u012b\u0161anas izt\u012briet un not\u012briet laivu.<\/h3>\n<p><span style=\"font-size: 12pt;\">Lai gan da\u017ei cilv\u0113ki laivas izskatu uzskata par sekund\u0101ru faktoru, tas noteikti nav taisn\u012bba, ja run\u0101jam par laivas p\u0101rdo\u0161anu. J\u016bsu  <\/span><span style=\"font-size: 12pt;\">laiva ir tik v\u0113rta, cik k\u0101ds ir gatavs par to maks\u0101t, un jo lab\u0101k t\u0101 izskat\u0101s, jo augst\u0101ku cenu var noteikt, un vair\u0101k cilv\u0113ku par to v\u0113las maks\u0101t.  <\/span><span style=\"font-size: 12pt;\">v\u0113l\u0113tos, lai jums pieder\u0113tu j\u016bsu laiva. Ja iesp\u0113jams, izmantojiet profesion\u0101lus t\u012br\u012b\u0161anas piederumus un pakalpojumus vai dariet to pa\u0161i, cik vien labi varat!  <\/span><span style=\"font-size: 12pt;\">Not\u012briet glab\u0101\u0161anas tvertni, centr\u0101l\u0101s konsoles, pakl\u0101jus un polster\u0113jumu, k\u0101 ar\u012b noslaukiet skapjus un visas citas glab\u0101\u0161anas zonas, lai t\u0101s izskat\u012btos labi. <\/span><span style=\"font-size: 12pt;\">skaisti un pievilc\u012bgi.<\/span><\/p>\n<h3>4. Atbr\u012bvojiet savu laivu no k\u0101rt\u012bbas.<\/h3>\n<p><span style=\"font-size: 12pt;\">Lai akcent\u0113tu savas laivas telpu, p\u0101rliecinieties, ka no laivas ir iz\u0146emti visi nevajadz\u012bgie un lieki priek\u0161meti, piem\u0113ram, p\u0101rtika. <\/span><span style=\"font-size: 12pt;\">un dz\u0113rienu kr\u0101jumus, priv\u0101tos priek\u0161metus un priek\u0161metus, kas nebija laiv\u0101, kad ieg\u0101d\u0101j\u0101ties laivu pirmo reizi.<\/span><\/p>\n<h3>5. Ja nepiecie\u0161ams, nosl\u012bp\u0113jiet un nopul\u0113jiet laivu vai p\u0101rkl\u0101jiet to ar svaigu kr\u0101sas k\u0101rtu.<\/h3>\n<p><span style=\"font-size: 12pt;\">Ir daudz viegl\u0101k p\u0101rdot laivu, kas ir piln\u012bb\u0101 gatava jaunajam lietot\u0101jam. Ja tas nav piln\u012bb\u0101 gatavs jaunajam lietot\u0101jam, tas noteikti  <\/span><span style=\"font-size: 12pt;\">ietekm\u0113t laiku, kas nepiecie\u0161ams dar\u012bjuma nosl\u0113g\u0161anai, un naudas summu, ko sa\u0146emsiet no dar\u012bjuma, neizb\u0113gami b\u016bs maz\u0101ka.  <\/span><span style=\"font-size: 12pt;\">P\u0101rkr\u0101sojiet laivu, ja t\u0101 ir izbal\u0113jusi vai saskr\u0101p\u0113ta. Veiciet nelielus uzlabojumus vai pat pievienojiet pavisam jaunu m\u0113teli. Neatkar\u012bgi no t\u0101, kas piesaista pirc\u0113ja  <\/span><span style=\"font-size: 12pt;\">uzman\u012bba. Apak\u0161da\u013cu (ja t\u0101 ir kr\u0101sota) un l\u012bmi nokr\u0101sojiet ar laivas korpusa pamatkr\u0101su, piem\u0113ram, baltu vai tum\u0161i zilu. Pirc\u0113ju var viegli  <\/span><span style=\"font-size: 12pt;\">izsl\u0113gts, ja laiva ir kr\u0101sota p\u0101rsteidzo\u0161i funky kr\u0101s\u0101.<\/span><\/p>\n<p><span style=\"font-size: 12pt;\">Ja nepiecie\u0161ams, uzkl\u0101jiet uz laivas k\u0101rt\u012bgu vaska k\u0101rtu. Fotograf\u0113jot laivu rekl\u0101mai vai apskatei, laivai ir sp\u012bd\u0113t.  <\/span><span style=\"font-size: 12pt;\">un izskat\u0101s k\u0101 jauni. Izsmidzin\u0101ms m\u0113be\u013cu vasks nodro\u0161in\u0101s \u012bslaic\u012bgu sp\u012bdumu, bet \u012bpa\u0161ais vasks, kas izstr\u0101d\u0101ts laiv\u0101m, kalpos ilg\u0101k un  <\/span><span style=\"font-size: 12pt;\">izskat\u0101s v\u0113l lab\u0101k.<\/span><\/p>\n<h3>6. Uz\u0146emiet patie\u0161\u0101m labus att\u0113lus.<\/h3>\n<p><span style=\"font-size: 12pt;\">Iedvesmu att\u0113lu tipiem un le\u0146\u0137iem varat smelties profesion\u0101los laivo\u0161anas \u017eurn\u0101los vai vietn\u0113s. Fotogr\u0101fijas tur  <\/span><span style=\"font-size: 12pt;\">atspogu\u013co to, k\u0101 profesion\u0101\u013ci redz un v\u0113las, lai laivu redz\u0113tu. Es neiesaku vienm\u0113r skat\u012bties uz cit\u0101m rekl\u0101m\u0101m, kas ir  <\/span><span style=\"font-size: 12pt;\">tirgus k\u0101 iedvesmas avots, jo ne visiem p\u0101rdev\u0113jiem ir pareiza un efekt\u012bva pieeja. Ja esat gatavs ieguld\u012bt vair\u0101k, lai p\u0101rdotu savu laivu,  <\/span><span style=\"font-size: 12pt;\">profesion\u0101la fotogr\u0101fa nol\u012bg\u0161ana noteikti atmaks\u0101sies ar vair\u0101k piepras\u012bjumiem. Uz\u0146emiet savas laivas no lab\u0101kajiem le\u0146\u0137iem, izmantojot da\u017e\u0101dus un at\u0161\u0137ir\u012bgus  <\/span><span style=\"font-size: 12pt;\">kadrus, no kuriem varat izv\u0113l\u0113ties lab\u0101kos, lai j\u016bsu laiva tiktu par\u0101d\u012bta vislab\u0101kaj\u0101 gaism\u0101. Noteikti ieg\u016bstiet bildi ar laivu, kas brauc kru\u012bza braucien\u0101. Tas b\u016bs  <\/span><span style=\"font-size: 12pt;\">\u013coti piem\u0113rots, lai par\u0101d\u012btu savas laivas izm\u0113rus ar att\u0113lu pal\u012bdz\u012bbu. Neaizmirstiet iem\u016b\u017ein\u0101t laivas lab\u0101k\u0101s deta\u013cas ar<\/span><br \/>\n<span style=\"font-size: 12pt;\">tuvpl\u0101ni.<\/span><\/p>\n<h3>7. Organiz\u0113jiet dokumentu k\u0101rto\u0161anu.<\/h3>\n<p><span style=\"font-size: 12pt;\">Lai gan tas \u0161\u0137iet pa\u0161saprotami, da\u017ek\u0101rt \u012bpa\u0161nieki neapzin\u0101s, ka da\u017ei dokumenti nav k\u0101rt\u012bb\u0101 vai ar\u012b vienk\u0101r\u0161i.  <\/span><span style=\"font-size: 12pt;\">tr\u016bkst. P\u0101rbaudiet, vai jums ir \u012bpa\u0161umties\u012bbu apliecin\u0101jums, k\u0101 ar\u012b ejiet soli uz priek\u0161u un sagatavojiet dokumentus \u012bpa\u0161umties\u012bbu nodo\u0161anai.  <\/span><span style=\"font-size: 12pt;\">\u012bpa\u0161umties\u012bbas. Lai izvair\u012btos no nepat\u012bkam\u0101m situ\u0101cij\u0101m un apliecin\u0101tu savu profesionalit\u0101ti, p\u0101rliecinieties, ka visi dokumenti ir k\u0101rt\u012bb\u0101. \u0160aj\u0101  <\/span><span style=\"font-size: 12pt;\">gad\u012bjum\u0101 organiz\u0113ta dokument\u0101cija var iev\u0113rojami samazin\u0101t laiku laivas p\u0101rdo\u0161anu.<\/span><\/p>\n","protected":false},"excerpt":{"rendered":"<p>1. Laivas m\u0101rketings ir \u013coti svar\u012bgs. Sp\u0113c\u012bgi reklam\u0113t. Ievietot rekl\u0101mas viet\u0113j\u0101 laivo\u0161anas pres\u0113, lielaj\u0101 dienas laikrakst\u0101, un, ja tas ir liels laivu vai ierobe\u017eota pieejam\u012bba, ka pirc\u0113ji var b\u016bt ce\u013co \u0101rpus valsts, lai apskat\u012btu, ievietot&#8230;<\/p>\n","protected":false},"author":455,"featured_media":0,"parent":0,"menu_order":0,"comment_status":"closed","ping_status":"closed","template":"","meta":{"footnotes":""},"class_list":["post-27409","page","type-page","status-publish","hentry"],"yoast_head":"<!-- This site is optimized with the Yoast SEO Premium plugin v25.0 (Yoast SEO v25.1) - https:\/\/yoast.com\/wordpress\/plugins\/seo\/ -->\n<title>Noder\u012bgi padomi \u0101trai laivas p\u0101rdo\u0161anai | Boatopoly<\/title>\n<link rel=\"canonical\" href=\"https:\/\/boatopoly.com\/lv\/noderigi-padomi-atrai-laivas-pardosanai\/\" \/>\n<meta property=\"og:locale\" content=\"lv_LV\" \/>\n<meta property=\"og:type\" content=\"article\" \/>\n<meta property=\"og:title\" content=\"Noder\u012bgi padomi \u0101trai laivas p\u0101rdo\u0161anai\" \/>\n<meta property=\"og:description\" content=\"1. Laivas m\u0101rketings ir \u013coti svar\u012bgs. Sp\u0113c\u012bgi reklam\u0113t. Ievietot rekl\u0101mas viet\u0113j\u0101 laivo\u0161anas pres\u0113, lielaj\u0101 dienas laikrakst\u0101, un, ja tas ir liels laivu vai ierobe\u017eota pieejam\u012bba, ka pirc\u0113ji var b\u016bt ce\u013co \u0101rpus valsts, lai apskat\u012btu, ievietot...\" \/>\n<meta property=\"og:url\" content=\"https:\/\/boatopoly.com\/lv\/noderigi-padomi-atrai-laivas-pardosanai\/\" \/>\n<meta property=\"og:site_name\" content=\"Boatopoly\" \/>\n<meta property=\"article:publisher\" content=\"https:\/\/www.facebook.com\/boatopoly\" \/>\n<meta property=\"article:modified_time\" content=\"2024-05-16T05:30:42+00:00\" \/>\n<meta name=\"twitter:card\" content=\"summary_large_image\" \/>\n<meta name=\"twitter:label1\" content=\"Est. reading time\" \/>\n\t<meta name=\"twitter:data1\" content=\"4 minutes\" \/>\n<script type=\"application\/ld+json\" class=\"yoast-schema-graph\">{\"@context\":\"https:\/\/schema.org\",\"@graph\":[{\"@type\":\"WebPage\",\"@id\":\"https:\/\/boatopoly.com\/lv\/noderigi-padomi-atrai-laivas-pardosanai\/\",\"url\":\"https:\/\/boatopoly.com\/lv\/noderigi-padomi-atrai-laivas-pardosanai\/\",\"name\":\"Noder\u012bgi padomi \u0101trai laivas p\u0101rdo\u0161anai | Boatopoly\",\"isPartOf\":{\"@id\":\"https:\/\/boatopoly.com\/#website\"},\"datePublished\":\"2024-05-03T15:15:18+00:00\",\"dateModified\":\"2024-05-16T05:30:42+00:00\",\"breadcrumb\":{\"@id\":\"https:\/\/boatopoly.com\/lv\/noderigi-padomi-atrai-laivas-pardosanai\/#breadcrumb\"},\"inLanguage\":\"lv-LV\",\"potentialAction\":[{\"@type\":\"ReadAction\",\"target\":[\"https:\/\/boatopoly.com\/lv\/noderigi-padomi-atrai-laivas-pardosanai\/\"]}]},{\"@type\":\"BreadcrumbList\",\"@id\":\"https:\/\/boatopoly.com\/lv\/noderigi-padomi-atrai-laivas-pardosanai\/#breadcrumb\",\"itemListElement\":[{\"@type\":\"ListItem\",\"position\":1,\"name\":\"Home\",\"item\":\"https:\/\/boatopoly.com\/lv\/sakums\/\"},{\"@type\":\"ListItem\",\"position\":2,\"name\":\"Noder\u012bgi padomi \u0101trai laivas p\u0101rdo\u0161anai\"}]},{\"@type\":\"WebSite\",\"@id\":\"https:\/\/boatopoly.com\/#website\",\"url\":\"https:\/\/boatopoly.com\/\",\"name\":\"Boatopoly\",\"description\":\"no bubbles, just boats\",\"publisher\":{\"@id\":\"https:\/\/boatopoly.com\/#organization\"},\"potentialAction\":[{\"@type\":\"SearchAction\",\"target\":{\"@type\":\"EntryPoint\",\"urlTemplate\":\"https:\/\/boatopoly.com\/?s={search_term_string}\"},\"query-input\":{\"@type\":\"PropertyValueSpecification\",\"valueRequired\":true,\"valueName\":\"search_term_string\"}}],\"inLanguage\":\"lv-LV\"},{\"@type\":\"Organization\",\"@id\":\"https:\/\/boatopoly.com\/#organization\",\"name\":\"Boatopoly\",\"url\":\"https:\/\/boatopoly.com\/\",\"logo\":{\"@type\":\"ImageObject\",\"inLanguage\":\"lv-LV\",\"@id\":\"https:\/\/boatopoly.com\/#\/schema\/logo\/image\/\",\"url\":\"https:\/\/boatopoly.com\/wp-content\/uploads\/2024\/07\/2024-07-03-Boatopoly-Logo-1200x1200-1.png\",\"contentUrl\":\"https:\/\/boatopoly.com\/wp-content\/uploads\/2024\/07\/2024-07-03-Boatopoly-Logo-1200x1200-1.png\",\"width\":1200,\"height\":1200,\"caption\":\"Boatopoly\"},\"image\":{\"@id\":\"https:\/\/boatopoly.com\/#\/schema\/logo\/image\/\"},\"sameAs\":[\"https:\/\/www.facebook.com\/boatopoly\"]}]}<\/script>\n<!-- \/ Yoast SEO Premium plugin. -->","yoast_head_json":{"title":"Noder\u012bgi padomi \u0101trai laivas p\u0101rdo\u0161anai | Boatopoly","canonical":"https:\/\/boatopoly.com\/lv\/noderigi-padomi-atrai-laivas-pardosanai\/","og_locale":"lv_LV","og_type":"article","og_title":"Noder\u012bgi padomi \u0101trai laivas p\u0101rdo\u0161anai","og_description":"1. Laivas m\u0101rketings ir \u013coti svar\u012bgs. Sp\u0113c\u012bgi reklam\u0113t. Ievietot rekl\u0101mas viet\u0113j\u0101 laivo\u0161anas pres\u0113, lielaj\u0101 dienas laikrakst\u0101, un, ja tas ir liels laivu vai ierobe\u017eota pieejam\u012bba, ka pirc\u0113ji var b\u016bt ce\u013co \u0101rpus valsts, lai apskat\u012btu, ievietot...","og_url":"https:\/\/boatopoly.com\/lv\/noderigi-padomi-atrai-laivas-pardosanai\/","og_site_name":"Boatopoly","article_publisher":"https:\/\/www.facebook.com\/boatopoly","article_modified_time":"2024-05-16T05:30:42+00:00","twitter_card":"summary_large_image","twitter_misc":{"Est. reading time":"4 minutes"},"schema":{"@context":"https:\/\/schema.org","@graph":[{"@type":"WebPage","@id":"https:\/\/boatopoly.com\/lv\/noderigi-padomi-atrai-laivas-pardosanai\/","url":"https:\/\/boatopoly.com\/lv\/noderigi-padomi-atrai-laivas-pardosanai\/","name":"Noder\u012bgi padomi \u0101trai laivas p\u0101rdo\u0161anai | Boatopoly","isPartOf":{"@id":"https:\/\/boatopoly.com\/#website"},"datePublished":"2024-05-03T15:15:18+00:00","dateModified":"2024-05-16T05:30:42+00:00","breadcrumb":{"@id":"https:\/\/boatopoly.com\/lv\/noderigi-padomi-atrai-laivas-pardosanai\/#breadcrumb"},"inLanguage":"lv-LV","potentialAction":[{"@type":"ReadAction","target":["https:\/\/boatopoly.com\/lv\/noderigi-padomi-atrai-laivas-pardosanai\/"]}]},{"@type":"BreadcrumbList","@id":"https:\/\/boatopoly.com\/lv\/noderigi-padomi-atrai-laivas-pardosanai\/#breadcrumb","itemListElement":[{"@type":"ListItem","position":1,"name":"Home","item":"https:\/\/boatopoly.com\/lv\/sakums\/"},{"@type":"ListItem","position":2,"name":"Noder\u012bgi padomi \u0101trai laivas p\u0101rdo\u0161anai"}]},{"@type":"WebSite","@id":"https:\/\/boatopoly.com\/#website","url":"https:\/\/boatopoly.com\/","name":"Boatopoly","description":"no bubbles, just boats","publisher":{"@id":"https:\/\/boatopoly.com\/#organization"},"potentialAction":[{"@type":"SearchAction","target":{"@type":"EntryPoint","urlTemplate":"https:\/\/boatopoly.com\/?s={search_term_string}"},"query-input":{"@type":"PropertyValueSpecification","valueRequired":true,"valueName":"search_term_string"}}],"inLanguage":"lv-LV"},{"@type":"Organization","@id":"https:\/\/boatopoly.com\/#organization","name":"Boatopoly","url":"https:\/\/boatopoly.com\/","logo":{"@type":"ImageObject","inLanguage":"lv-LV","@id":"https:\/\/boatopoly.com\/#\/schema\/logo\/image\/","url":"https:\/\/boatopoly.com\/wp-content\/uploads\/2024\/07\/2024-07-03-Boatopoly-Logo-1200x1200-1.png","contentUrl":"https:\/\/boatopoly.com\/wp-content\/uploads\/2024\/07\/2024-07-03-Boatopoly-Logo-1200x1200-1.png","width":1200,"height":1200,"caption":"Boatopoly"},"image":{"@id":"https:\/\/boatopoly.com\/#\/schema\/logo\/image\/"},"sameAs":["https:\/\/www.facebook.com\/boatopoly"]}]}},"_links":{"self":[{"href":"https:\/\/boatopoly.com\/lv\/wp-json\/wp\/v2\/pages\/27409"}],"collection":[{"href":"https:\/\/boatopoly.com\/lv\/wp-json\/wp\/v2\/pages"}],"about":[{"href":"https:\/\/boatopoly.com\/lv\/wp-json\/wp\/v2\/types\/page"}],"author":[{"embeddable":true,"href":"https:\/\/boatopoly.com\/lv\/wp-json\/wp\/v2\/users\/455"}],"replies":[{"embeddable":true,"href":"https:\/\/boatopoly.com\/lv\/wp-json\/wp\/v2\/comments?post=27409"}],"version-history":[{"count":1,"href":"https:\/\/boatopoly.com\/lv\/wp-json\/wp\/v2\/pages\/27409\/revisions"}],"predecessor-version":[{"id":27680,"href":"https:\/\/boatopoly.com\/lv\/wp-json\/wp\/v2\/pages\/27409\/revisions\/27680"}],"wp:attachment":[{"href":"https:\/\/boatopoly.com\/lv\/wp-json\/wp\/v2\/media?parent=27409"}],"curies":[{"name":"wp","href":"https:\/\/api.w.org\/{rel}","templated":true}]}}