{"id":27405,"date":"2024-05-03T15:15:09","date_gmt":"2024-05-03T15:15:09","guid":{"rendered":"https:\/\/dev2.boatopoly.com\/sakums\/"},"modified":"2024-05-16T05:30:34","modified_gmt":"2024-05-16T05:30:34","slug":"sakums","status":"publish","type":"page","link":"https:\/\/boatopoly.com\/lv\/","title":{"rendered":"S\u0101kums"},"content":{"rendered":"","protected":false},"excerpt":{"rendered":"","protected":false},"author":455,"featured_media":0,"parent":0,"menu_order":0,"comment_status":"closed","ping_status":"closed","template":"index.php","meta":{"footnotes":""},"class_list":["post-27405","page","type-page","status-publish","hentry"],"yoast_head":"<!-- This site is optimized with the Yoast SEO Premium plugin v25.0 (Yoast SEO v25.1) - https:\/\/yoast.com\/wordpress\/plugins\/seo\/ -->\n<title>S\u0101kums | Boatopoly<\/title>\n<meta name=\"description\" content=\"Uzticama kopiena tie\u0161saistes tirgus cilv\u0113kiem, lai uzskait\u012btu, atkl\u0101t, un pirkt laivas un laivu apr\u012bkojumu vis\u0101 pasaul\u0113.\" \/>\n<link rel=\"canonical\" href=\"https:\/\/boatopoly.com\/lv\/sakums\/\" \/>\n<meta property=\"og:locale\" content=\"lv_LV\" \/>\n<meta property=\"og:type\" content=\"article\" \/>\n<meta property=\"og:title\" content=\"Boatopoly testa nosaukums\" \/>\n<meta property=\"og:description\" content=\"boatopoly testa apraksts\" \/>\n<meta property=\"og:url\" content=\"https:\/\/boatopoly.com\/lv\/sakums\/\" \/>\n<meta property=\"og:site_name\" content=\"Boatopoly\" \/>\n<meta property=\"article:publisher\" content=\"https:\/\/www.facebook.com\/boatopoly\" \/>\n<meta property=\"article:modified_time\" content=\"2024-05-16T05:30:34+00:00\" \/>\n<meta property=\"og:image\" content=\"https:\/\/dev2.boatopoly.com\/wp-content\/uploads\/2023\/09\/23862__125497157gallery_wm.jpg\" \/>\n<meta name=\"twitter:card\" content=\"summary_large_image\" \/>\n<meta name=\"twitter:title\" content=\"S\u0101kums\" \/>\n<script type=\"application\/ld+json\" class=\"yoast-schema-graph\">{\"@context\":\"https:\/\/schema.org\",\"@graph\":[{\"@type\":\"WebPage\",\"@id\":\"https:\/\/boatopoly.com\/lv\/sakums\/\",\"url\":\"https:\/\/boatopoly.com\/lv\/sakums\/\",\"name\":\"S\u0101kums | Boatopoly\",\"isPartOf\":{\"@id\":\"https:\/\/boatopoly.com\/#website\"},\"datePublished\":\"2024-05-03T15:15:09+00:00\",\"dateModified\":\"2024-05-16T05:30:34+00:00\",\"description\":\"Uzticama kopiena tie\u0161saistes tirgus cilv\u0113kiem, lai uzskait\u012btu, atkl\u0101t, un pirkt laivas un laivu apr\u012bkojumu vis\u0101 pasaul\u0113.\",\"breadcrumb\":{\"@id\":\"https:\/\/boatopoly.com\/lv\/sakums\/#breadcrumb\"},\"inLanguage\":\"lv-LV\",\"potentialAction\":[{\"@type\":\"ReadAction\",\"target\":[\"https:\/\/boatopoly.com\/lv\/sakums\/\"]}]},{\"@type\":\"BreadcrumbList\",\"@id\":\"https:\/\/boatopoly.com\/lv\/sakums\/#breadcrumb\",\"itemListElement\":[{\"@type\":\"ListItem\",\"position\":1,\"name\":\"Home\",\"item\":\"https:\/\/boatopoly.com\/lv\/sakums\/\"},{\"@type\":\"ListItem\",\"position\":2,\"name\":\"S\u0101kums\"}]},{\"@type\":\"WebSite\",\"@id\":\"https:\/\/boatopoly.com\/#website\",\"url\":\"https:\/\/boatopoly.com\/\",\"name\":\"Boatopoly\",\"description\":\"no bubbles, just boats\",\"publisher\":{\"@id\":\"https:\/\/boatopoly.com\/#organization\"},\"potentialAction\":[{\"@type\":\"SearchAction\",\"target\":{\"@type\":\"EntryPoint\",\"urlTemplate\":\"https:\/\/boatopoly.com\/?s={search_term_string}\"},\"query-input\":{\"@type\":\"PropertyValueSpecification\",\"valueRequired\":true,\"valueName\":\"search_term_string\"}}],\"inLanguage\":\"lv-LV\"},{\"@type\":\"Organization\",\"@id\":\"https:\/\/boatopoly.com\/#organization\",\"name\":\"Boatopoly\",\"url\":\"https:\/\/boatopoly.com\/\",\"logo\":{\"@type\":\"ImageObject\",\"inLanguage\":\"lv-LV\",\"@id\":\"https:\/\/boatopoly.com\/#\/schema\/logo\/image\/\",\"url\":\"https:\/\/boatopoly.com\/wp-content\/uploads\/2024\/07\/2024-07-03-Boatopoly-Logo-1200x1200-1.png\",\"contentUrl\":\"https:\/\/boatopoly.com\/wp-content\/uploads\/2024\/07\/2024-07-03-Boatopoly-Logo-1200x1200-1.png\",\"width\":1200,\"height\":1200,\"caption\":\"Boatopoly\"},\"image\":{\"@id\":\"https:\/\/boatopoly.com\/#\/schema\/logo\/image\/\"},\"sameAs\":[\"https:\/\/www.facebook.com\/boatopoly\"]}]}<\/script>\n<!-- \/ Yoast SEO Premium plugin. -->","yoast_head_json":{"title":"S\u0101kums | Boatopoly","description":"Uzticama kopiena tie\u0161saistes tirgus cilv\u0113kiem, lai uzskait\u012btu, atkl\u0101t, un pirkt laivas un laivu apr\u012bkojumu vis\u0101 pasaul\u0113.","canonical":"https:\/\/boatopoly.com\/lv\/sakums\/","og_locale":"lv_LV","og_type":"article","og_title":"Boatopoly testa nosaukums","og_description":"boatopoly testa apraksts","og_url":"https:\/\/boatopoly.com\/lv\/sakums\/","og_site_name":"Boatopoly","article_publisher":"https:\/\/www.facebook.com\/boatopoly","article_modified_time":"2024-05-16T05:30:34+00:00","og_image":[{"url":"https:\/\/dev2.boatopoly.com\/wp-content\/uploads\/2023\/09\/23862__125497157gallery_wm.jpg","type":"","width":"","height":""}],"twitter_card":"summary_large_image","twitter_title":"S\u0101kums","schema":{"@context":"https:\/\/schema.org","@graph":[{"@type":"WebPage","@id":"https:\/\/boatopoly.com\/lv\/sakums\/","url":"https:\/\/boatopoly.com\/lv\/sakums\/","name":"S\u0101kums | Boatopoly","isPartOf":{"@id":"https:\/\/boatopoly.com\/#website"},"datePublished":"2024-05-03T15:15:09+00:00","dateModified":"2024-05-16T05:30:34+00:00","description":"Uzticama kopiena tie\u0161saistes tirgus cilv\u0113kiem, lai uzskait\u012btu, atkl\u0101t, un pirkt laivas un laivu apr\u012bkojumu vis\u0101 pasaul\u0113.","breadcrumb":{"@id":"https:\/\/boatopoly.com\/lv\/sakums\/#breadcrumb"},"inLanguage":"lv-LV","potentialAction":[{"@type":"ReadAction","target":["https:\/\/boatopoly.com\/lv\/sakums\/"]}]},{"@type":"BreadcrumbList","@id":"https:\/\/boatopoly.com\/lv\/sakums\/#breadcrumb","itemListElement":[{"@type":"ListItem","position":1,"name":"Home","item":"https:\/\/boatopoly.com\/lv\/sakums\/"},{"@type":"ListItem","position":2,"name":"S\u0101kums"}]},{"@type":"WebSite","@id":"https:\/\/boatopoly.com\/#website","url":"https:\/\/boatopoly.com\/","name":"Boatopoly","description":"no bubbles, just boats","publisher":{"@id":"https:\/\/boatopoly.com\/#organization"},"potentialAction":[{"@type":"SearchAction","target":{"@type":"EntryPoint","urlTemplate":"https:\/\/boatopoly.com\/?s={search_term_string}"},"query-input":{"@type":"PropertyValueSpecification","valueRequired":true,"valueName":"search_term_string"}}],"inLanguage":"lv-LV"},{"@type":"Organization","@id":"https:\/\/boatopoly.com\/#organization","name":"Boatopoly","url":"https:\/\/boatopoly.com\/","logo":{"@type":"ImageObject","inLanguage":"lv-LV","@id":"https:\/\/boatopoly.com\/#\/schema\/logo\/image\/","url":"https:\/\/boatopoly.com\/wp-content\/uploads\/2024\/07\/2024-07-03-Boatopoly-Logo-1200x1200-1.png","contentUrl":"https:\/\/boatopoly.com\/wp-content\/uploads\/2024\/07\/2024-07-03-Boatopoly-Logo-1200x1200-1.png","width":1200,"height":1200,"caption":"Boatopoly"},"image":{"@id":"https:\/\/boatopoly.com\/#\/schema\/logo\/image\/"},"sameAs":["https:\/\/www.facebook.com\/boatopoly"]}]}},"_links":{"self":[{"href":"https:\/\/boatopoly.com\/lv\/wp-json\/wp\/v2\/pages\/27405"}],"collection":[{"href":"https:\/\/boatopoly.com\/lv\/wp-json\/wp\/v2\/pages"}],"about":[{"href":"https:\/\/boatopoly.com\/lv\/wp-json\/wp\/v2\/types\/page"}],"author":[{"embeddable":true,"href":"https:\/\/boatopoly.com\/lv\/wp-json\/wp\/v2\/users\/455"}],"replies":[{"embeddable":true,"href":"https:\/\/boatopoly.com\/lv\/wp-json\/wp\/v2\/comments?post=27405"}],"version-history":[{"count":1,"href":"https:\/\/boatopoly.com\/lv\/wp-json\/wp\/v2\/pages\/27405\/revisions"}],"predecessor-version":[{"id":27676,"href":"https:\/\/boatopoly.com\/lv\/wp-json\/wp\/v2\/pages\/27405\/revisions\/27676"}],"wp:attachment":[{"href":"https:\/\/boatopoly.com\/lv\/wp-json\/wp\/v2\/media?parent=27405"}],"curies":[{"name":"wp","href":"https:\/\/api.w.org\/{rel}","templated":true}]}}