{"id":27402,"date":"2024-05-03T15:14:13","date_gmt":"2024-05-03T15:14:13","guid":{"rendered":"https:\/\/dev2.boatopoly.com\/adaptivas-reklamas-izvietosanas-iespejas\/"},"modified":"2024-05-16T05:30:30","modified_gmt":"2024-05-16T05:30:30","slug":"adaptivas-reklamas-izvietosanas-iespejas","status":"publish","type":"page","link":"https:\/\/boatopoly.com\/lv\/adaptivas-reklamas-izvietosanas-iespejas\/","title":{"rendered":"Adapt\u012bv\u0101s rekl\u0101mas izvieto\u0161anas iesp\u0113jas"},"content":{"rendered":"\n<p>Uz\u0146\u0113mum\u0101 Boatopoly varat izv\u0113l\u0113ties no trim da\u017e\u0101diem rekl\u0101mas public\u0113\u0161anas laikiem: 30 dienas, 90 dienas vai 365 dienas. J\u016bs varat iepl\u0101not, deaktiviz\u0113t vai atjaunot savu rekl\u0101mu sev \u0113rt\u0101 laik\u0101. Da\u017e\u0101du veidu laiv\u0101m un laivo\u0161anas apr\u012bkojumam ir at\u0161\u0137ir\u012bgs tirgus piepras\u012bjums un p\u0101rdo\u0161anas termi\u0146i. Lai p\u0101rdotu laivu, vid\u0113ji ir nepiecie\u0161amas aptuveni 270 dienas. Tom\u0113r Boatopoly \u013cauj izv\u0113l\u0113ties j\u016bsu precei piem\u0113rot\u0101ko rekl\u0101mas garumu.<\/p>\n","protected":false},"excerpt":{"rendered":"<p>Uz\u0146\u0113mum\u0101 Boatopoly varat izv\u0113l\u0113ties no trim da\u017e\u0101diem rekl\u0101mas public\u0113\u0161anas laikiem: 30 dienas, 90 dienas vai 365 dienas. J\u016bs varat iepl\u0101not, deaktiviz\u0113t vai atjaunot savu rekl\u0101mu sev \u0113rt\u0101 laik\u0101. Da\u017e\u0101du veidu laiv\u0101m un laivo\u0161anas apr\u012bkojumam ir&#8230;<\/p>\n","protected":false},"author":455,"featured_media":0,"parent":0,"menu_order":0,"comment_status":"closed","ping_status":"closed","template":"page-buy-with-us.php","meta":{"footnotes":""},"class_list":["post-27402","page","type-page","status-publish","hentry"],"yoast_head":"<!-- This site is optimized with the Yoast SEO Premium plugin v25.0 (Yoast SEO v25.1) - https:\/\/yoast.com\/wordpress\/plugins\/seo\/ -->\n<title>Adapt\u012bv\u0101s rekl\u0101mas izvieto\u0161anas iesp\u0113jas | Boatopoly<\/title>\n<link rel=\"canonical\" href=\"https:\/\/boatopoly.com\/lv\/adaptivas-reklamas-izvietosanas-iespejas\/\" \/>\n<meta property=\"og:locale\" content=\"lv_LV\" \/>\n<meta property=\"og:type\" content=\"article\" \/>\n<meta property=\"og:title\" content=\"Adapt\u012bv\u0101s rekl\u0101mas izvieto\u0161anas iesp\u0113jas\" \/>\n<meta property=\"og:description\" content=\"Uz\u0146\u0113mum\u0101 Boatopoly varat izv\u0113l\u0113ties no trim da\u017e\u0101diem rekl\u0101mas public\u0113\u0161anas laikiem: 30 dienas, 90 dienas vai 365 dienas. J\u016bs varat iepl\u0101not, deaktiviz\u0113t vai atjaunot savu rekl\u0101mu sev \u0113rt\u0101 laik\u0101. Da\u017e\u0101du veidu laiv\u0101m un laivo\u0161anas apr\u012bkojumam ir...\" \/>\n<meta property=\"og:url\" content=\"https:\/\/boatopoly.com\/lv\/adaptivas-reklamas-izvietosanas-iespejas\/\" \/>\n<meta property=\"og:site_name\" content=\"Boatopoly\" \/>\n<meta property=\"article:publisher\" content=\"https:\/\/www.facebook.com\/boatopoly\" \/>\n<meta property=\"article:modified_time\" content=\"2024-05-16T05:30:30+00:00\" \/>\n<meta name=\"twitter:card\" content=\"summary_large_image\" \/>\n<meta name=\"twitter:label1\" content=\"Est. reading time\" \/>\n\t<meta name=\"twitter:data1\" content=\"1 minute\" \/>\n<script type=\"application\/ld+json\" class=\"yoast-schema-graph\">{\"@context\":\"https:\/\/schema.org\",\"@graph\":[{\"@type\":\"WebPage\",\"@id\":\"https:\/\/boatopoly.com\/lv\/adaptivas-reklamas-izvietosanas-iespejas\/\",\"url\":\"https:\/\/boatopoly.com\/lv\/adaptivas-reklamas-izvietosanas-iespejas\/\",\"name\":\"Adapt\u012bv\u0101s rekl\u0101mas izvieto\u0161anas iesp\u0113jas | Boatopoly\",\"isPartOf\":{\"@id\":\"https:\/\/boatopoly.com\/#website\"},\"datePublished\":\"2024-05-03T15:14:13+00:00\",\"dateModified\":\"2024-05-16T05:30:30+00:00\",\"breadcrumb\":{\"@id\":\"https:\/\/boatopoly.com\/lv\/adaptivas-reklamas-izvietosanas-iespejas\/#breadcrumb\"},\"inLanguage\":\"lv-LV\",\"potentialAction\":[{\"@type\":\"ReadAction\",\"target\":[\"https:\/\/boatopoly.com\/lv\/adaptivas-reklamas-izvietosanas-iespejas\/\"]}]},{\"@type\":\"BreadcrumbList\",\"@id\":\"https:\/\/boatopoly.com\/lv\/adaptivas-reklamas-izvietosanas-iespejas\/#breadcrumb\",\"itemListElement\":[{\"@type\":\"ListItem\",\"position\":1,\"name\":\"Home\",\"item\":\"https:\/\/boatopoly.com\/lv\/sakums\/\"},{\"@type\":\"ListItem\",\"position\":2,\"name\":\"Adapt\u012bv\u0101s rekl\u0101mas izvieto\u0161anas iesp\u0113jas\"}]},{\"@type\":\"WebSite\",\"@id\":\"https:\/\/boatopoly.com\/#website\",\"url\":\"https:\/\/boatopoly.com\/\",\"name\":\"Boatopoly\",\"description\":\"no bubbles, just boats\",\"publisher\":{\"@id\":\"https:\/\/boatopoly.com\/#organization\"},\"potentialAction\":[{\"@type\":\"SearchAction\",\"target\":{\"@type\":\"EntryPoint\",\"urlTemplate\":\"https:\/\/boatopoly.com\/?s={search_term_string}\"},\"query-input\":{\"@type\":\"PropertyValueSpecification\",\"valueRequired\":true,\"valueName\":\"search_term_string\"}}],\"inLanguage\":\"lv-LV\"},{\"@type\":\"Organization\",\"@id\":\"https:\/\/boatopoly.com\/#organization\",\"name\":\"Boatopoly\",\"url\":\"https:\/\/boatopoly.com\/\",\"logo\":{\"@type\":\"ImageObject\",\"inLanguage\":\"lv-LV\",\"@id\":\"https:\/\/boatopoly.com\/#\/schema\/logo\/image\/\",\"url\":\"https:\/\/boatopoly.com\/wp-content\/uploads\/2024\/07\/2024-07-03-Boatopoly-Logo-1200x1200-1.png\",\"contentUrl\":\"https:\/\/boatopoly.com\/wp-content\/uploads\/2024\/07\/2024-07-03-Boatopoly-Logo-1200x1200-1.png\",\"width\":1200,\"height\":1200,\"caption\":\"Boatopoly\"},\"image\":{\"@id\":\"https:\/\/boatopoly.com\/#\/schema\/logo\/image\/\"},\"sameAs\":[\"https:\/\/www.facebook.com\/boatopoly\"]}]}<\/script>\n<!-- \/ Yoast SEO Premium plugin. -->","yoast_head_json":{"title":"Adapt\u012bv\u0101s rekl\u0101mas izvieto\u0161anas iesp\u0113jas | Boatopoly","canonical":"https:\/\/boatopoly.com\/lv\/adaptivas-reklamas-izvietosanas-iespejas\/","og_locale":"lv_LV","og_type":"article","og_title":"Adapt\u012bv\u0101s rekl\u0101mas izvieto\u0161anas iesp\u0113jas","og_description":"Uz\u0146\u0113mum\u0101 Boatopoly varat izv\u0113l\u0113ties no trim da\u017e\u0101diem rekl\u0101mas public\u0113\u0161anas laikiem: 30 dienas, 90 dienas vai 365 dienas. J\u016bs varat iepl\u0101not, deaktiviz\u0113t vai atjaunot savu rekl\u0101mu sev \u0113rt\u0101 laik\u0101. Da\u017e\u0101du veidu laiv\u0101m un laivo\u0161anas apr\u012bkojumam ir...","og_url":"https:\/\/boatopoly.com\/lv\/adaptivas-reklamas-izvietosanas-iespejas\/","og_site_name":"Boatopoly","article_publisher":"https:\/\/www.facebook.com\/boatopoly","article_modified_time":"2024-05-16T05:30:30+00:00","twitter_card":"summary_large_image","twitter_misc":{"Est. reading time":"1 minute"},"schema":{"@context":"https:\/\/schema.org","@graph":[{"@type":"WebPage","@id":"https:\/\/boatopoly.com\/lv\/adaptivas-reklamas-izvietosanas-iespejas\/","url":"https:\/\/boatopoly.com\/lv\/adaptivas-reklamas-izvietosanas-iespejas\/","name":"Adapt\u012bv\u0101s rekl\u0101mas izvieto\u0161anas iesp\u0113jas | Boatopoly","isPartOf":{"@id":"https:\/\/boatopoly.com\/#website"},"datePublished":"2024-05-03T15:14:13+00:00","dateModified":"2024-05-16T05:30:30+00:00","breadcrumb":{"@id":"https:\/\/boatopoly.com\/lv\/adaptivas-reklamas-izvietosanas-iespejas\/#breadcrumb"},"inLanguage":"lv-LV","potentialAction":[{"@type":"ReadAction","target":["https:\/\/boatopoly.com\/lv\/adaptivas-reklamas-izvietosanas-iespejas\/"]}]},{"@type":"BreadcrumbList","@id":"https:\/\/boatopoly.com\/lv\/adaptivas-reklamas-izvietosanas-iespejas\/#breadcrumb","itemListElement":[{"@type":"ListItem","position":1,"name":"Home","item":"https:\/\/boatopoly.com\/lv\/sakums\/"},{"@type":"ListItem","position":2,"name":"Adapt\u012bv\u0101s rekl\u0101mas izvieto\u0161anas iesp\u0113jas"}]},{"@type":"WebSite","@id":"https:\/\/boatopoly.com\/#website","url":"https:\/\/boatopoly.com\/","name":"Boatopoly","description":"no bubbles, just boats","publisher":{"@id":"https:\/\/boatopoly.com\/#organization"},"potentialAction":[{"@type":"SearchAction","target":{"@type":"EntryPoint","urlTemplate":"https:\/\/boatopoly.com\/?s={search_term_string}"},"query-input":{"@type":"PropertyValueSpecification","valueRequired":true,"valueName":"search_term_string"}}],"inLanguage":"lv-LV"},{"@type":"Organization","@id":"https:\/\/boatopoly.com\/#organization","name":"Boatopoly","url":"https:\/\/boatopoly.com\/","logo":{"@type":"ImageObject","inLanguage":"lv-LV","@id":"https:\/\/boatopoly.com\/#\/schema\/logo\/image\/","url":"https:\/\/boatopoly.com\/wp-content\/uploads\/2024\/07\/2024-07-03-Boatopoly-Logo-1200x1200-1.png","contentUrl":"https:\/\/boatopoly.com\/wp-content\/uploads\/2024\/07\/2024-07-03-Boatopoly-Logo-1200x1200-1.png","width":1200,"height":1200,"caption":"Boatopoly"},"image":{"@id":"https:\/\/boatopoly.com\/#\/schema\/logo\/image\/"},"sameAs":["https:\/\/www.facebook.com\/boatopoly"]}]}},"_links":{"self":[{"href":"https:\/\/boatopoly.com\/lv\/wp-json\/wp\/v2\/pages\/27402"}],"collection":[{"href":"https:\/\/boatopoly.com\/lv\/wp-json\/wp\/v2\/pages"}],"about":[{"href":"https:\/\/boatopoly.com\/lv\/wp-json\/wp\/v2\/types\/page"}],"author":[{"embeddable":true,"href":"https:\/\/boatopoly.com\/lv\/wp-json\/wp\/v2\/users\/455"}],"replies":[{"embeddable":true,"href":"https:\/\/boatopoly.com\/lv\/wp-json\/wp\/v2\/comments?post=27402"}],"version-history":[{"count":1,"href":"https:\/\/boatopoly.com\/lv\/wp-json\/wp\/v2\/pages\/27402\/revisions"}],"predecessor-version":[{"id":27674,"href":"https:\/\/boatopoly.com\/lv\/wp-json\/wp\/v2\/pages\/27402\/revisions\/27674"}],"wp:attachment":[{"href":"https:\/\/boatopoly.com\/lv\/wp-json\/wp\/v2\/media?parent=27402"}],"curies":[{"name":"wp","href":"https:\/\/api.w.org\/{rel}","templated":true}]}}