{"id":27400,"date":"2024-05-03T15:14:08","date_gmt":"2024-05-03T15:14:08","guid":{"rendered":"https:\/\/dev2.boatopoly.com\/ieguvumi-ko-sniedz-musu-saraksts\/"},"modified":"2024-05-16T05:30:27","modified_gmt":"2024-05-16T05:30:27","slug":"ieguvumi-ko-sniedz-musu-saraksts","status":"publish","type":"page","link":"https:\/\/boatopoly.com\/lv\/ieguvumi-ko-sniedz-musu-saraksts\/","title":{"rendered":"Ieguvumi, ko sniedz m\u016bsu saraksts"},"content":{"rendered":"\n<p>Maksim\u0101lai ekspon\u0113\u0161anai izvietojiet savu preci Boatopoly sarakst\u0101. Neatkar\u012bgi no t\u0101, vai p\u0101rdodat laivu, jahtu, ku\u0123i, piekabi vai jebkuru citu ar laivo\u0161anu saist\u012btu preci, Boatopoly ir j\u016bsu v\u0101rti, lai sasniegtu potenci\u0101los pirc\u0113jus viet\u0113j\u0101 un pasaules m\u0113rog\u0101. Atkl\u0101jiet priek\u0161roc\u012bbas, ko sniedz m\u016bsu pied\u0101v\u0101jums, un g\u016bstiet virkni priek\u0161roc\u012bbu.<\/p>\n\n<p><\/p>\n","protected":false},"excerpt":{"rendered":"<p>Maksim\u0101lai ekspon\u0113\u0161anai izvietojiet savu preci Boatopoly sarakst\u0101. Neatkar\u012bgi no t\u0101, vai p\u0101rdodat laivu, jahtu, ku\u0123i, piekabi vai jebkuru citu ar laivo\u0161anu saist\u012btu preci, Boatopoly ir j\u016bsu v\u0101rti, lai sasniegtu potenci\u0101los pirc\u0113jus viet\u0113j\u0101 un pasaules m\u0113rog\u0101&#8230;.<\/p>\n","protected":false},"author":455,"featured_media":0,"parent":0,"menu_order":0,"comment_status":"closed","ping_status":"closed","template":"page-buy-with-us.php","meta":{"footnotes":""},"class_list":["post-27400","page","type-page","status-publish","hentry"],"yoast_head":"<!-- This site is optimized with the Yoast SEO Premium plugin v25.0 (Yoast SEO v25.1) - https:\/\/yoast.com\/wordpress\/plugins\/seo\/ -->\n<title>Ieguvumi, ko sniedz m\u016bsu saraksts | Boatopoly<\/title>\n<link rel=\"canonical\" href=\"https:\/\/boatopoly.com\/lv\/ieguvumi-ko-sniedz-musu-saraksts\/\" \/>\n<meta property=\"og:locale\" content=\"lv_LV\" \/>\n<meta property=\"og:type\" content=\"article\" \/>\n<meta property=\"og:title\" content=\"Ieguvumi, ko sniedz m\u016bsu saraksts\" \/>\n<meta property=\"og:description\" content=\"Maksim\u0101lai ekspon\u0113\u0161anai izvietojiet savu preci Boatopoly sarakst\u0101. Neatkar\u012bgi no t\u0101, vai p\u0101rdodat laivu, jahtu, ku\u0123i, piekabi vai jebkuru citu ar laivo\u0161anu saist\u012btu preci, Boatopoly ir j\u016bsu v\u0101rti, lai sasniegtu potenci\u0101los pirc\u0113jus viet\u0113j\u0101 un pasaules m\u0113rog\u0101....\" \/>\n<meta property=\"og:url\" content=\"https:\/\/boatopoly.com\/lv\/ieguvumi-ko-sniedz-musu-saraksts\/\" \/>\n<meta property=\"og:site_name\" content=\"Boatopoly\" \/>\n<meta property=\"article:publisher\" content=\"https:\/\/www.facebook.com\/boatopoly\" \/>\n<meta property=\"article:modified_time\" content=\"2024-05-16T05:30:27+00:00\" \/>\n<meta name=\"twitter:card\" content=\"summary_large_image\" \/>\n<meta name=\"twitter:label1\" content=\"Est. reading time\" \/>\n\t<meta name=\"twitter:data1\" content=\"1 minute\" \/>\n<script type=\"application\/ld+json\" class=\"yoast-schema-graph\">{\"@context\":\"https:\/\/schema.org\",\"@graph\":[{\"@type\":\"WebPage\",\"@id\":\"https:\/\/boatopoly.com\/lv\/ieguvumi-ko-sniedz-musu-saraksts\/\",\"url\":\"https:\/\/boatopoly.com\/lv\/ieguvumi-ko-sniedz-musu-saraksts\/\",\"name\":\"Ieguvumi, ko sniedz m\u016bsu saraksts | Boatopoly\",\"isPartOf\":{\"@id\":\"https:\/\/boatopoly.com\/#website\"},\"datePublished\":\"2024-05-03T15:14:08+00:00\",\"dateModified\":\"2024-05-16T05:30:27+00:00\",\"breadcrumb\":{\"@id\":\"https:\/\/boatopoly.com\/lv\/ieguvumi-ko-sniedz-musu-saraksts\/#breadcrumb\"},\"inLanguage\":\"lv-LV\",\"potentialAction\":[{\"@type\":\"ReadAction\",\"target\":[\"https:\/\/boatopoly.com\/lv\/ieguvumi-ko-sniedz-musu-saraksts\/\"]}]},{\"@type\":\"BreadcrumbList\",\"@id\":\"https:\/\/boatopoly.com\/lv\/ieguvumi-ko-sniedz-musu-saraksts\/#breadcrumb\",\"itemListElement\":[{\"@type\":\"ListItem\",\"position\":1,\"name\":\"Home\",\"item\":\"https:\/\/boatopoly.com\/lv\/sakums\/\"},{\"@type\":\"ListItem\",\"position\":2,\"name\":\"Ieguvumi, ko sniedz m\u016bsu saraksts\"}]},{\"@type\":\"WebSite\",\"@id\":\"https:\/\/boatopoly.com\/#website\",\"url\":\"https:\/\/boatopoly.com\/\",\"name\":\"Boatopoly\",\"description\":\"no bubbles, just boats\",\"publisher\":{\"@id\":\"https:\/\/boatopoly.com\/#organization\"},\"potentialAction\":[{\"@type\":\"SearchAction\",\"target\":{\"@type\":\"EntryPoint\",\"urlTemplate\":\"https:\/\/boatopoly.com\/?s={search_term_string}\"},\"query-input\":{\"@type\":\"PropertyValueSpecification\",\"valueRequired\":true,\"valueName\":\"search_term_string\"}}],\"inLanguage\":\"lv-LV\"},{\"@type\":\"Organization\",\"@id\":\"https:\/\/boatopoly.com\/#organization\",\"name\":\"Boatopoly\",\"url\":\"https:\/\/boatopoly.com\/\",\"logo\":{\"@type\":\"ImageObject\",\"inLanguage\":\"lv-LV\",\"@id\":\"https:\/\/boatopoly.com\/#\/schema\/logo\/image\/\",\"url\":\"https:\/\/boatopoly.com\/wp-content\/uploads\/2024\/07\/2024-07-03-Boatopoly-Logo-1200x1200-1.png\",\"contentUrl\":\"https:\/\/boatopoly.com\/wp-content\/uploads\/2024\/07\/2024-07-03-Boatopoly-Logo-1200x1200-1.png\",\"width\":1200,\"height\":1200,\"caption\":\"Boatopoly\"},\"image\":{\"@id\":\"https:\/\/boatopoly.com\/#\/schema\/logo\/image\/\"},\"sameAs\":[\"https:\/\/www.facebook.com\/boatopoly\"]}]}<\/script>\n<!-- \/ Yoast SEO Premium plugin. -->","yoast_head_json":{"title":"Ieguvumi, ko sniedz m\u016bsu saraksts | Boatopoly","canonical":"https:\/\/boatopoly.com\/lv\/ieguvumi-ko-sniedz-musu-saraksts\/","og_locale":"lv_LV","og_type":"article","og_title":"Ieguvumi, ko sniedz m\u016bsu saraksts","og_description":"Maksim\u0101lai ekspon\u0113\u0161anai izvietojiet savu preci Boatopoly sarakst\u0101. Neatkar\u012bgi no t\u0101, vai p\u0101rdodat laivu, jahtu, ku\u0123i, piekabi vai jebkuru citu ar laivo\u0161anu saist\u012btu preci, Boatopoly ir j\u016bsu v\u0101rti, lai sasniegtu potenci\u0101los pirc\u0113jus viet\u0113j\u0101 un pasaules m\u0113rog\u0101....","og_url":"https:\/\/boatopoly.com\/lv\/ieguvumi-ko-sniedz-musu-saraksts\/","og_site_name":"Boatopoly","article_publisher":"https:\/\/www.facebook.com\/boatopoly","article_modified_time":"2024-05-16T05:30:27+00:00","twitter_card":"summary_large_image","twitter_misc":{"Est. reading time":"1 minute"},"schema":{"@context":"https:\/\/schema.org","@graph":[{"@type":"WebPage","@id":"https:\/\/boatopoly.com\/lv\/ieguvumi-ko-sniedz-musu-saraksts\/","url":"https:\/\/boatopoly.com\/lv\/ieguvumi-ko-sniedz-musu-saraksts\/","name":"Ieguvumi, ko sniedz m\u016bsu saraksts | Boatopoly","isPartOf":{"@id":"https:\/\/boatopoly.com\/#website"},"datePublished":"2024-05-03T15:14:08+00:00","dateModified":"2024-05-16T05:30:27+00:00","breadcrumb":{"@id":"https:\/\/boatopoly.com\/lv\/ieguvumi-ko-sniedz-musu-saraksts\/#breadcrumb"},"inLanguage":"lv-LV","potentialAction":[{"@type":"ReadAction","target":["https:\/\/boatopoly.com\/lv\/ieguvumi-ko-sniedz-musu-saraksts\/"]}]},{"@type":"BreadcrumbList","@id":"https:\/\/boatopoly.com\/lv\/ieguvumi-ko-sniedz-musu-saraksts\/#breadcrumb","itemListElement":[{"@type":"ListItem","position":1,"name":"Home","item":"https:\/\/boatopoly.com\/lv\/sakums\/"},{"@type":"ListItem","position":2,"name":"Ieguvumi, ko sniedz m\u016bsu saraksts"}]},{"@type":"WebSite","@id":"https:\/\/boatopoly.com\/#website","url":"https:\/\/boatopoly.com\/","name":"Boatopoly","description":"no bubbles, just boats","publisher":{"@id":"https:\/\/boatopoly.com\/#organization"},"potentialAction":[{"@type":"SearchAction","target":{"@type":"EntryPoint","urlTemplate":"https:\/\/boatopoly.com\/?s={search_term_string}"},"query-input":{"@type":"PropertyValueSpecification","valueRequired":true,"valueName":"search_term_string"}}],"inLanguage":"lv-LV"},{"@type":"Organization","@id":"https:\/\/boatopoly.com\/#organization","name":"Boatopoly","url":"https:\/\/boatopoly.com\/","logo":{"@type":"ImageObject","inLanguage":"lv-LV","@id":"https:\/\/boatopoly.com\/#\/schema\/logo\/image\/","url":"https:\/\/boatopoly.com\/wp-content\/uploads\/2024\/07\/2024-07-03-Boatopoly-Logo-1200x1200-1.png","contentUrl":"https:\/\/boatopoly.com\/wp-content\/uploads\/2024\/07\/2024-07-03-Boatopoly-Logo-1200x1200-1.png","width":1200,"height":1200,"caption":"Boatopoly"},"image":{"@id":"https:\/\/boatopoly.com\/#\/schema\/logo\/image\/"},"sameAs":["https:\/\/www.facebook.com\/boatopoly"]}]}},"_links":{"self":[{"href":"https:\/\/boatopoly.com\/lv\/wp-json\/wp\/v2\/pages\/27400"}],"collection":[{"href":"https:\/\/boatopoly.com\/lv\/wp-json\/wp\/v2\/pages"}],"about":[{"href":"https:\/\/boatopoly.com\/lv\/wp-json\/wp\/v2\/types\/page"}],"author":[{"embeddable":true,"href":"https:\/\/boatopoly.com\/lv\/wp-json\/wp\/v2\/users\/455"}],"replies":[{"embeddable":true,"href":"https:\/\/boatopoly.com\/lv\/wp-json\/wp\/v2\/comments?post=27400"}],"version-history":[{"count":1,"href":"https:\/\/boatopoly.com\/lv\/wp-json\/wp\/v2\/pages\/27400\/revisions"}],"predecessor-version":[{"id":27673,"href":"https:\/\/boatopoly.com\/lv\/wp-json\/wp\/v2\/pages\/27400\/revisions\/27673"}],"wp:attachment":[{"href":"https:\/\/boatopoly.com\/lv\/wp-json\/wp\/v2\/media?parent=27400"}],"curies":[{"name":"wp","href":"https:\/\/api.w.org\/{rel}","templated":true}]}}