{"id":27398,"date":"2024-05-03T15:14:04","date_gmt":"2024-05-03T15:14:04","guid":{"rendered":"https:\/\/dev2.boatopoly.com\/prieksrocibas-perkot-pie-mums\/"},"modified":"2024-07-08T09:10:26","modified_gmt":"2024-07-08T09:10:26","slug":"prieksrocibas-perkot-pie-mums","status":"publish","type":"page","link":"https:\/\/boatopoly.com\/lv\/prieksrocibas-perkot-pie-mums\/","title":{"rendered":"Priek\u0161roc\u012bbas, p\u0113rkot pie mums"},"content":{"rendered":"\n<p>What to consider before making your purchase? Enhance your boat-buying journey by registering with us. By becoming a part of our community, you unlock a world of advantages that will make your search for the perfect boat or equipment all the more rewarding. Explore the benefits of Boatopoly today!<\/p>\n","protected":false},"excerpt":{"rendered":"<p>What to consider before making your purchase? Enhance your boat-buying journey by registering with us. By becoming a part of our community, you unlock a world of advantages that will make your search for the&#8230;<\/p>\n","protected":false},"author":455,"featured_media":0,"parent":0,"menu_order":0,"comment_status":"closed","ping_status":"closed","template":"page-buy-with-us.php","meta":{"footnotes":""},"class_list":["post-27398","page","type-page","status-publish","hentry"],"yoast_head":"<!-- This site is optimized with the Yoast SEO Premium plugin v25.0 (Yoast SEO v25.1) - https:\/\/yoast.com\/wordpress\/plugins\/seo\/ -->\n<title>Priek\u0161roc\u012bbas, p\u0113rkot pie mums | Boatopoly<\/title>\n<link rel=\"canonical\" href=\"https:\/\/boatopoly.com\/lv\/prieksrocibas-perkot-pie-mums\/\" \/>\n<meta property=\"og:locale\" content=\"lv_LV\" \/>\n<meta property=\"og:type\" content=\"article\" \/>\n<meta property=\"og:title\" content=\"Priek\u0161roc\u012bbas, p\u0113rkot pie mums\" \/>\n<meta property=\"og:description\" content=\"What to consider before making your purchase? Enhance your boat-buying journey by registering with us. By becoming a part of our community, you unlock a world of advantages that will make your search for the...\" \/>\n<meta property=\"og:url\" content=\"https:\/\/boatopoly.com\/lv\/prieksrocibas-perkot-pie-mums\/\" \/>\n<meta property=\"og:site_name\" content=\"Boatopoly\" \/>\n<meta property=\"article:publisher\" content=\"https:\/\/www.facebook.com\/boatopoly\" \/>\n<meta property=\"article:modified_time\" content=\"2024-07-08T09:10:26+00:00\" \/>\n<meta name=\"twitter:card\" content=\"summary_large_image\" \/>\n<meta name=\"twitter:label1\" content=\"Est. reading time\" \/>\n\t<meta name=\"twitter:data1\" content=\"1 minute\" \/>\n<script type=\"application\/ld+json\" class=\"yoast-schema-graph\">{\"@context\":\"https:\/\/schema.org\",\"@graph\":[{\"@type\":\"WebPage\",\"@id\":\"https:\/\/boatopoly.com\/lv\/prieksrocibas-perkot-pie-mums\/\",\"url\":\"https:\/\/boatopoly.com\/lv\/prieksrocibas-perkot-pie-mums\/\",\"name\":\"Priek\u0161roc\u012bbas, p\u0113rkot pie mums | Boatopoly\",\"isPartOf\":{\"@id\":\"https:\/\/boatopoly.com\/#website\"},\"datePublished\":\"2024-05-03T15:14:04+00:00\",\"dateModified\":\"2024-07-08T09:10:26+00:00\",\"breadcrumb\":{\"@id\":\"https:\/\/boatopoly.com\/lv\/prieksrocibas-perkot-pie-mums\/#breadcrumb\"},\"inLanguage\":\"lv-LV\",\"potentialAction\":[{\"@type\":\"ReadAction\",\"target\":[\"https:\/\/boatopoly.com\/lv\/prieksrocibas-perkot-pie-mums\/\"]}]},{\"@type\":\"BreadcrumbList\",\"@id\":\"https:\/\/boatopoly.com\/lv\/prieksrocibas-perkot-pie-mums\/#breadcrumb\",\"itemListElement\":[{\"@type\":\"ListItem\",\"position\":1,\"name\":\"Home\",\"item\":\"https:\/\/boatopoly.com\/lv\/sakums\/\"},{\"@type\":\"ListItem\",\"position\":2,\"name\":\"Priek\u0161roc\u012bbas, p\u0113rkot pie mums\"}]},{\"@type\":\"WebSite\",\"@id\":\"https:\/\/boatopoly.com\/#website\",\"url\":\"https:\/\/boatopoly.com\/\",\"name\":\"Boatopoly\",\"description\":\"no bubbles, just boats\",\"publisher\":{\"@id\":\"https:\/\/boatopoly.com\/#organization\"},\"potentialAction\":[{\"@type\":\"SearchAction\",\"target\":{\"@type\":\"EntryPoint\",\"urlTemplate\":\"https:\/\/boatopoly.com\/?s={search_term_string}\"},\"query-input\":{\"@type\":\"PropertyValueSpecification\",\"valueRequired\":true,\"valueName\":\"search_term_string\"}}],\"inLanguage\":\"lv-LV\"},{\"@type\":\"Organization\",\"@id\":\"https:\/\/boatopoly.com\/#organization\",\"name\":\"Boatopoly\",\"url\":\"https:\/\/boatopoly.com\/\",\"logo\":{\"@type\":\"ImageObject\",\"inLanguage\":\"lv-LV\",\"@id\":\"https:\/\/boatopoly.com\/#\/schema\/logo\/image\/\",\"url\":\"https:\/\/boatopoly.com\/wp-content\/uploads\/2024\/07\/2024-07-03-Boatopoly-Logo-1200x1200-1.png\",\"contentUrl\":\"https:\/\/boatopoly.com\/wp-content\/uploads\/2024\/07\/2024-07-03-Boatopoly-Logo-1200x1200-1.png\",\"width\":1200,\"height\":1200,\"caption\":\"Boatopoly\"},\"image\":{\"@id\":\"https:\/\/boatopoly.com\/#\/schema\/logo\/image\/\"},\"sameAs\":[\"https:\/\/www.facebook.com\/boatopoly\"]}]}<\/script>\n<!-- \/ Yoast SEO Premium plugin. -->","yoast_head_json":{"title":"Priek\u0161roc\u012bbas, p\u0113rkot pie mums | Boatopoly","canonical":"https:\/\/boatopoly.com\/lv\/prieksrocibas-perkot-pie-mums\/","og_locale":"lv_LV","og_type":"article","og_title":"Priek\u0161roc\u012bbas, p\u0113rkot pie mums","og_description":"What to consider before making your purchase? Enhance your boat-buying journey by registering with us. By becoming a part of our community, you unlock a world of advantages that will make your search for the...","og_url":"https:\/\/boatopoly.com\/lv\/prieksrocibas-perkot-pie-mums\/","og_site_name":"Boatopoly","article_publisher":"https:\/\/www.facebook.com\/boatopoly","article_modified_time":"2024-07-08T09:10:26+00:00","twitter_card":"summary_large_image","twitter_misc":{"Est. reading time":"1 minute"},"schema":{"@context":"https:\/\/schema.org","@graph":[{"@type":"WebPage","@id":"https:\/\/boatopoly.com\/lv\/prieksrocibas-perkot-pie-mums\/","url":"https:\/\/boatopoly.com\/lv\/prieksrocibas-perkot-pie-mums\/","name":"Priek\u0161roc\u012bbas, p\u0113rkot pie mums | Boatopoly","isPartOf":{"@id":"https:\/\/boatopoly.com\/#website"},"datePublished":"2024-05-03T15:14:04+00:00","dateModified":"2024-07-08T09:10:26+00:00","breadcrumb":{"@id":"https:\/\/boatopoly.com\/lv\/prieksrocibas-perkot-pie-mums\/#breadcrumb"},"inLanguage":"lv-LV","potentialAction":[{"@type":"ReadAction","target":["https:\/\/boatopoly.com\/lv\/prieksrocibas-perkot-pie-mums\/"]}]},{"@type":"BreadcrumbList","@id":"https:\/\/boatopoly.com\/lv\/prieksrocibas-perkot-pie-mums\/#breadcrumb","itemListElement":[{"@type":"ListItem","position":1,"name":"Home","item":"https:\/\/boatopoly.com\/lv\/sakums\/"},{"@type":"ListItem","position":2,"name":"Priek\u0161roc\u012bbas, p\u0113rkot pie mums"}]},{"@type":"WebSite","@id":"https:\/\/boatopoly.com\/#website","url":"https:\/\/boatopoly.com\/","name":"Boatopoly","description":"no bubbles, just boats","publisher":{"@id":"https:\/\/boatopoly.com\/#organization"},"potentialAction":[{"@type":"SearchAction","target":{"@type":"EntryPoint","urlTemplate":"https:\/\/boatopoly.com\/?s={search_term_string}"},"query-input":{"@type":"PropertyValueSpecification","valueRequired":true,"valueName":"search_term_string"}}],"inLanguage":"lv-LV"},{"@type":"Organization","@id":"https:\/\/boatopoly.com\/#organization","name":"Boatopoly","url":"https:\/\/boatopoly.com\/","logo":{"@type":"ImageObject","inLanguage":"lv-LV","@id":"https:\/\/boatopoly.com\/#\/schema\/logo\/image\/","url":"https:\/\/boatopoly.com\/wp-content\/uploads\/2024\/07\/2024-07-03-Boatopoly-Logo-1200x1200-1.png","contentUrl":"https:\/\/boatopoly.com\/wp-content\/uploads\/2024\/07\/2024-07-03-Boatopoly-Logo-1200x1200-1.png","width":1200,"height":1200,"caption":"Boatopoly"},"image":{"@id":"https:\/\/boatopoly.com\/#\/schema\/logo\/image\/"},"sameAs":["https:\/\/www.facebook.com\/boatopoly"]}]}},"_links":{"self":[{"href":"https:\/\/boatopoly.com\/lv\/wp-json\/wp\/v2\/pages\/27398"}],"collection":[{"href":"https:\/\/boatopoly.com\/lv\/wp-json\/wp\/v2\/pages"}],"about":[{"href":"https:\/\/boatopoly.com\/lv\/wp-json\/wp\/v2\/types\/page"}],"author":[{"embeddable":true,"href":"https:\/\/boatopoly.com\/lv\/wp-json\/wp\/v2\/users\/455"}],"replies":[{"embeddable":true,"href":"https:\/\/boatopoly.com\/lv\/wp-json\/wp\/v2\/comments?post=27398"}],"version-history":[{"count":3,"href":"https:\/\/boatopoly.com\/lv\/wp-json\/wp\/v2\/pages\/27398\/revisions"}],"predecessor-version":[{"id":27774,"href":"https:\/\/boatopoly.com\/lv\/wp-json\/wp\/v2\/pages\/27398\/revisions\/27774"}],"wp:attachment":[{"href":"https:\/\/boatopoly.com\/lv\/wp-json\/wp\/v2\/media?parent=27398"}],"curies":[{"name":"wp","href":"https:\/\/api.w.org\/{rel}","templated":true}]}}