{"id":25753,"date":"2024-03-25T13:25:48","date_gmt":"2024-03-25T13:25:48","guid":{"rendered":"https:\/\/dev2.boatopoly.com\/condiciones-generales\/"},"modified":"2024-05-16T05:29:58","modified_gmt":"2024-05-16T05:29:58","slug":"condiciones-generales","status":"publish","type":"page","link":"https:\/\/boatopoly.com\/es\/condiciones-generales\/","title":{"rendered":"T\u00c9RMINOS Y CONDICIONES GENERALES"},"content":{"rendered":"<p><span style=\"font-size: 16px;\"><span style=\"font-site: 16px;\"><strong>1. \u00c1mbito de aplicaci\u00f3n<\/strong><\/span><\/span><\/p>\n<p>1.1 Bergx2 GmbH es la empresa matriz de la marca Boatopoly.com y opera Boatopoly.com dentro de su grupo empresarial como portal online internacional para barcos, yates y buques.<br \/>\nBoatopoly.com se llamar\u00e1 a partir de ahora \u00abBoatopoly\u00bb.<\/p>\n<p>1.2 Las siguientes condiciones generales se aplican a todas las ofertas y servicios de Boatopoly. El cliente acepta estas condiciones sin excepci\u00f3n ni reserva alguna.<br \/>\nmediante el pedido de nuestros servicios o el uso de una oferta o un servicio.<\/p>\n<p>1.3 Esta plataforma funciona en varios idiomas. Sin embargo, el idioma principal del contrato es siempre el alem\u00e1n.<\/p>\n<p><span style=\"font-site: 16px;\"><strong>2. Inicio y duraci\u00f3n del contrato<\/strong><\/span><\/p>\n<p>2.1 La relaci\u00f3n contractual comienza directamente tras el pedido del cliente o tras la publicaci\u00f3n del anuncio por parte del cliente. La publicaci\u00f3n del anuncio se activar\u00e1<br \/>\nmediante la confirmaci\u00f3n de la duraci\u00f3n y mediante el accionamiento del bot\u00f3n \u00abCompra con obligaci\u00f3n de pago\u00bb o \u00abPedido con obligaci\u00f3n de pago\u00bb y se nos transmitir\u00e1 como pedido.<\/p>\n<p>2.2 La duraci\u00f3n del contrato puede ser de 30, 90 \u00f3 365 d\u00edas seg\u00fan la oferta del pedido de publicidad. En cuanto caduque la duraci\u00f3n del contrato, el anuncio<br \/>\ncambiar\u00e1 autom\u00e1ticamente a \u00abcaducado\u00bb.<\/p>\n<p>2.3 Adem\u00e1s, el cliente puede optar por la posibilidad de un contrato sin l\u00edmite de tiempo cuando tenga una relaci\u00f3n contractual especial continuada con una duraci\u00f3n<br \/>\nde m\u00e1s de un a\u00f1o. En tales casos, y s\u00f3lo en tales casos, es posible una rescisi\u00f3n hasta el final del mes siguiente.<br \/>\nLa rescisi\u00f3n debe hacerse por escrito.<\/p>\n<p>2.4 Con el env\u00edo electr\u00f3nico del pedido, el cliente acepta todos los t\u00e9rminos y condiciones del contrato.<\/p>\n<p><span style=\"font-site: 16px;\"><strong>3. Precios y condiciones de pago<\/strong><\/span><\/p>\n<p>3.1 El cliente acepta la emisi\u00f3n de una factura electr\u00f3nica.<\/p>\n<p>3.2 El servicio calculado incluye la utilizaci\u00f3n del portal en l\u00ednea y los servicios adecuados de la oferta seg\u00fan la descripci\u00f3n del producto. Servicios adicionales por separado<br \/>\ns\u00f3lo se cobrar\u00e1 previo acuerdo individual con el cliente.<\/p>\n<p>3.3 Todos los precios publicados en el sitio web de Boatopoly.com tienen validez. Los precios en el momento de presentar el pedido son decisivos. Los cambios de precio para duraciones futuras pueden ser completados por Boatopoly. Esto no afecta a las relaciones contractuales actualmente vigentes.<\/p>\n<p>3.4 En caso de pr\u00f3rroga de un contrato, los precios se aplicar\u00e1n seg\u00fan el importe publicado en ese momento.<\/p>\n<p>3.5 La factura debe abonarse inmediatamente despu\u00e9s de la publicaci\u00f3n. Boatopoly puede rescindir el contrato sin derecho a indemnizaci\u00f3n y sin previo aviso, si el cliente no paga. Adem\u00e1s, Boatopoly se reserva el derecho de bloquear el acceso a las aplicaciones al cliente, si \u00e9ste no paga a tiempo. S\u00f3lo cuando el cliente haya liquidado la totalidad importe pendiente, el cliente volver\u00e1 a tener acceso. Por el tiempo perdido durante la vigencia de una factura pendiente y no liquidada, el cliente no puede solicitar una indemnizaci\u00f3n en forma de pr\u00f3rroga.<\/p>\n<p>3.6 Boatopoly se reserva el derecho a rescindir el contrato sin plazo, as\u00ed como a cancelar la utilizaci\u00f3n de los servicios, si el cliente se retrasa en los pagos.<\/p>\n<p>3.7 El cliente puede incurrir en otros costes de transacci\u00f3n en el momento de liquidar el pago.<\/p>\n<p>3.8 En caso de que el cliente se retrase en los pagos, se le podr\u00e1n aplicar intereses de demora. Otros costes del cobro pueden ser los gastos de reclamaci\u00f3n y los gastos de cobro.<\/p>\n<p><span style=\"font-site: 16px;\"><strong>4. Derechos de publicidad<\/strong><\/span><\/p>\n<p>4.1 Boatopoly recibe el derecho de utilizaci\u00f3n del anuncio tras la puesta en servicio y publicaci\u00f3n en el portal.<\/p>\n<p><span style=\"font-site: 16px;\"><strong>5. Interfaz de publicaci\u00f3n<\/strong><\/span><\/p>\n<p>5.1 La publicaci\u00f3n del anuncio s\u00f3lo obliga a Boatopoly -y a ninguna organizaci\u00f3n asociada- a prestar servicios. El rastreo, copia, enlace o framing por parte de terceros<br \/>\ndel contenido de los anuncios no puede excluirse con garant\u00eda. En caso de grabaci\u00f3n o copia ilegal de contenidos en Boatopoly, el cliente no podr\u00e1 obtener da\u00f1os y perjuicios<br \/>\no reclamaciones de indemnizaci\u00f3n contra Boatopoly.<\/p>\n<p>5.2 Boatopoly est\u00e1 autorizado a publicar el anuncio en sus propias p\u00e1ginas del portal, en sitios web de socios del portal, as\u00ed como mediante la utilizaci\u00f3n de entradas en motores de b\u00fasqueda.<\/p>\n<p>5.3 La publicaci\u00f3n del anuncio puede producirse adem\u00e1s a trav\u00e9s de otros canales o portales de medios de comunicaci\u00f3n, por ejemplo a trav\u00e9s de correo electr\u00f3nico, banner o tel\u00e9fono. Los socios colaboradores son autorizado a distribuir el anuncio. En el caso de otras medidas no solicitadas expl\u00edcitamente por el cliente como parte del contrato, y utilizadas por Boatopoly o sus socios de cooperaci\u00f3n de forma voluntaria, no puede suponer m\u00e1s costes para el cliente.<\/p>\n<p><span style=\"font-site: 16px;\"><strong>6. Edici\u00f3n de textos publicitarios<\/strong><\/span><\/p>\n<p>6.1 La edici\u00f3n del contenido del anuncio est\u00e1 permitida al cliente incluso despu\u00e9s de la publicaci\u00f3n, siempre que los cambios no den lugar a un objeto ofertado completamente nuevo dentro del anuncio. Por activaci\u00f3n de anuncio s\u00f3lo se permite un objeto ofertado para toda la fase de publicaci\u00f3n.<\/p>\n<p>6.2 El anuncio puede incluir una indicaci\u00f3n (tal vez un distintivo) que diga \u00abprecio reducido\u00bb, por ejemplo, a petici\u00f3n del cliente si se cumplen determinados criterios. Los criterios suelen incluir que el art\u00edculo se haya ofrecido al precio m\u00e1s alto durante al menos diez d\u00edas, y que la reducci\u00f3n del precio sea de al menos el tres por ciento. El derecho a estas pantallas no existe y los criterios pueden cambiar.<\/p>\n<p><span style=\"font-site: 16px;\"><strong>7. 7. Derecho de oposici\u00f3n<\/strong><\/span><\/p>\n<p>7.1 Boatopoly puede rechazar ofertas de clientes individuales sin citar el motivo.<\/p>\n<p>7.2 Boatopoly tambi\u00e9n podr\u00e1 llevar a cabo peque\u00f1as adaptaciones relativas al contenido publicitario sin el consentimiento del cliente, si estos cambios redundan en beneficio del cliente o por la claridad del contenido. Adem\u00e1s, Boatopoly puede publicar el anuncio en varios idiomas.<\/p>\n<p>7.3 Si el cliente no respeta las condiciones, se podr\u00e1 denegar la publicaci\u00f3n del anuncio.<\/p>\n<p>7.4 Boatopoly no est\u00e1 obligado a cumplir su parte del contrato si se alega un motivo justificado. Por ejemplo: una factura no pagada a tiempo, una operaci\u00f3n de pago fallida con<br \/>\nmedios electr\u00f3nicos como tarjeta de cr\u00e9dito, domiciliaci\u00f3n bancaria, etc., un comportamiento il\u00edcito y perjudicial en el portal, cuando el cliente haya realizado declaraciones falsas.<\/p>\n<p>7.5 Boatopoly tiene derecho a la desactivaci\u00f3n, suspensi\u00f3n o eliminaci\u00f3n de anuncios si \u00e9stos restringen los derechos de otras partes. Incluidos los derechos sobre la imagen, los derechos de autor o derechos de propiedad sobre nombres y marcas, o cuando no se respetan las leyes estatales. Se puede prescindir de un plazo o notificaci\u00f3n previa si es urgente. No se da derecho al reembolso de la tasa.<\/p>\n<p><span style=\"font-site: 16px;\"><strong>8. Obligaci\u00f3n contractual y tareas para el cliente<\/strong><\/span><\/p>\n<p>8.1 El cliente es responsable de la publicaci\u00f3n de contenidos en Internet y de las causas que de ello se deriven. Una revisi\u00f3n preliminar obligatoria o autom\u00e1tica antes de la<br \/>\nLa publicaci\u00f3n no corre a cargo de Boatopoly.<\/p>\n<p>8.2 No est\u00e1n permitidos los contenidos que sean generalmente il\u00edcitos, los que infrinjan el c\u00f3digo organizacional, los que enmarquen un potencial discriminatorio o los que violen el Derecho Alem\u00e1n, Europeo o Internacional. Por ejemplo, contenidos pol\u00edticamente extremos, no aptos para menores, que exalten la violencia o inmorales. No se permiten contenidos que infrinjan el derecho sobre los derechos de autor de otras partes.<\/p>\n<p>8.3 Boatopoly no est\u00e1 obligado a realizar copias de los contenidos del cliente a efectos de seguridad de los datos. El cliente debe asegurar sus datos antes de la carga. Boatopoly crea copias de seguridad a determinadas horas en sus servidores, pero \u00e9stas nunca pueden representar el momento m\u00e1s actual.<\/p>\n<p>8.4 Los t\u00e9rminos y condiciones de Boatopoly ser\u00e1n aceptados por el cliente mediante y en el momento del encargo.<\/p>\n<p>8.5 La creaci\u00f3n y activaci\u00f3n del anuncio u otros servicios es competencia del cliente.<\/p>\n<p>8.6 No est\u00e1 permitida la transferencia de informaci\u00f3n personal o de acceso a la cuenta de usuario (en particular la contrase\u00f1a) a otras personas o la accesibilidad negligente y p\u00fablica.<\/p>\n<p>8.7 Boatopoly podr\u00e1 suspender la prestaci\u00f3n de los servicios as\u00ed como el contrato sin previo aviso ni plazo alguno, incluso sin ofrecer indemnizaci\u00f3n, si el cliente no<br \/>\nse adhiera a partes de las condiciones o infrinja las condiciones del servicio.<\/p>\n<p><span style=\"font-site: 16px;\"><strong>9. Eliminaci\u00f3n anticipada de anuncios<\/strong><\/span><\/p>\n<p>9.1 Tras la publicaci\u00f3n, el cliente puede eliminar su anuncio en cualquier momento. Si el objeto de venta se vende efectivamente, el cliente est\u00e1 obligado a retirar su anuncio de la gama de ofertas para no impedir otra oferta enga\u00f1osa y reducir las solicitudes innecesarias.<\/p>\n<p>9.2 La desactivaci\u00f3n o eliminaci\u00f3n de un anuncio la realiza el cliente &#8211; con los datos de acceso y de usuario.<\/p>\n<p>9.3 Si el cliente decide eliminar su anuncio antes de que caduque la duraci\u00f3n del contrato suscrito, la validez del contrato no se ver\u00e1 afectada.<\/p>\n<p>9.4 Con la publicaci\u00f3n del anuncio del cliente en el portal por parte de Boatopoly, su servicio ya ha sido prestado aunque el anuncio pueda ser eliminado o desactivado por el cliente debido a una venta antes del final de la duraci\u00f3n del contrato. Por lo tanto, no ser\u00e1 posible el reembolso de la tasa de publicaci\u00f3n, ni en un c\u00e1lculo prorrateado en funci\u00f3n de la duraci\u00f3n de la publicaci\u00f3n.<\/p>\n<p><span style=\"font-site: 16px;\"><strong>10. Responsabilidad y garant\u00eda<\/strong><\/span><\/p>\n<p>10.1 Boatopoly no asume ninguna responsabilidad por el riesgo que se impone al cliente a trav\u00e9s de la transferencia de datos, la publicaci\u00f3n del anuncio en Internet y la utilizaci\u00f3n.<br \/>\nde nuestro portal. El cliente debe sopesar y asumir este riesgo.<\/p>\n<p>10.2 Boatopoly no asume responsabilidad alguna por p\u00e9rdidas debidas a imprevistos como fallos del servidor, p\u00e9rdida de datos, da\u00f1os en la transferencia y seguridad de los datos. Adem\u00e1s, Boatopoly no puede asumir la responsabilidad de las posibles p\u00e9rdidas de beneficios u otros da\u00f1os resultantes.<\/p>\n<p>10.3 Boatopoly no se hace responsable de los casos de otros impedimentos ajenos a su potestad de disposici\u00f3n, como fallo de Internet, d\u00e9ficit de seguridad, fallos de la red interna, la red de telecomunicaciones u otros proveedores de servicios. Boatopoly no puede asumir los costes de otros proveedores de servicios.<\/p>\n<p>10.4 Boatopoly no puede garantizar la seguridad absoluta de la prestaci\u00f3n del servicio sin defectos, especialmente cuando el deterioro haya sido causado por terceros. Adem\u00e1s,<br \/>\ntampoco puede garantizarse el acceso ilimitado ni una oferta de datos sin errores.<\/p>\n<p>10.5 Boatopoly no se hace responsable de las posibles consecuencias causadas por terceros que perturben la infraestructura de Internet.<\/p>\n<p>10.6 El proveedor o el vendedor es responsable de los objetos ofrecidos al cliente. Boatopoly no se hace responsable de los acuerdos de compra ni de los acuerdos contractuales<br \/>\ny no es parte del contrato entre comprador y vendedor de un objeto anunciado. Boatopoly no ofrece garant\u00eda para el objeto anunciado.<\/p>\n<p>10.7 Los precios indicados por el vendedor ser\u00e1n representados en la moneda del vendedor y tambi\u00e9n en otras monedas, como la moneda del comprador interesado, como ayuda adicional.<br \/>\nEl usuario debe orientarse principalmente por la moneda original. Los tipos de cambio se calcular\u00e1n y actualizar\u00e1n una vez al d\u00eda seg\u00fan el BCE y otras fuentes.<br \/>\nHe <a href=\"https:\/\/dev2.boatopoly.com\/currency-list\/\" data-wplink-edit=\"true\">aqu\u00ed<\/a> un resumen de los tipos de cambio empleados actualmente.<\/p>\n<p>Boatopoly no puede garantizar la exactitud de los tipos de cambio mostrados. El usuario siempre debe confirmar los tipos de cambio actuales con un corredor de divisas de confianza antes de realizar cualquier operaci\u00f3n que pudiera verse afectada por las variaciones de estos tipos.<\/p>\n<p><span style=\"font-site: 16px;\"><strong>11. Junta arbitral de consumidores<\/strong><\/span><\/p>\n<p>11.1. Boatopoly no participa en procedimientos de resoluci\u00f3n de litigios en juntas arbitrales de consumo y no est\u00e1 obligado a hacerlo. La Comisi\u00f3n Europea ofrece una plataforma para la resoluci\u00f3n de litigios en l\u00ednea (OS): http:\/\/ec.europa.eu\/consumers\/odr\/ La junta de arbitraje de consumo responsable de usted es: Allgemeine Verbraucherschlichtungsstelle des Zentrums f\u00fcr Schlichtung e. V., Stra\u00dfburger Str. 8, 77694 Kehl, Alemania.<\/p>\n<p><span style=\"font-site: 16px;\"><strong>12. Cl\u00e1usulas finales<\/strong><\/span><\/p>\n<p>12.1 Las presentes condiciones se rigen exclusivamente por la legislaci\u00f3n alemana. El lugar de jurisdicci\u00f3n es M\u00fanich, Alemania.<\/p>\n<p>12.2 En caso de nulidad de alguna de las cl\u00e1usulas, el presente contrato permanecer\u00e1 en vigor. La eficacia de las dem\u00e1s cl\u00e1usulas no se ve afectada. El reglamento de vac\u00edo<br \/>\ndebe sustituirse por otro reglamento que se aproxime m\u00e1s al reglamento nulo.<\/p>\n<p><span style=\"font-site: 16px;\"><strong>13. Derecho de revocaci\u00f3n<\/strong><\/span><\/p>\n<p>13.1 El derecho de revocaci\u00f3n de los usuarios es de 14 d\u00edas. Encontrar\u00e1s m\u00e1s informaci\u00f3n al respecto en nuestro aviso de revocaci\u00f3n.<\/p>\n<p><strong>14. Pol\u00edtica de privacidad<\/strong><\/p>\n<p>14.1 Recopilamos los datos de tu perfil p\u00fablico \u00fanicamente a partir del consentimiento que nos otorgas antes de hacer el Inicio de Sesi\u00f3n Social, desde la red social utilizada para iniciar sesi\u00f3n en nuestro sitio web. Estos datos incluyen tu nombre, apellidos, direcci\u00f3n de correo electr\u00f3nico, enlace a tu perfil en las redes sociales, identificador \u00fanico, enlace al avatar de tu perfil social. Estos datos se utilizan para crear tu perfil de usuario en nuestro sitio web. Puedes revocar este consentimiento en cualquier momento desde tu p\u00e1gina de perfil en nuestro sitio web o envi\u00e1ndonos un correo electr\u00f3nico.<\/p>\n","protected":false},"excerpt":{"rendered":"<p>1. \u00c1mbito de aplicaci\u00f3n 1.1 Bergx2 GmbH es la empresa matriz de la marca Boatopoly.com y opera Boatopoly.com dentro de su grupo empresarial como portal online internacional para barcos, yates y buques. Boatopoly.com se llamar\u00e1&#8230;<\/p>\n","protected":false},"author":455,"featured_media":0,"parent":0,"menu_order":0,"comment_status":"closed","ping_status":"closed","template":"","meta":{"footnotes":""},"class_list":["post-25753","page","type-page","status-publish","hentry"],"yoast_head":"<!-- This site is optimized with the Yoast SEO Premium plugin v25.0 (Yoast SEO v25.1) - https:\/\/yoast.com\/wordpress\/plugins\/seo\/ -->\n<title>T\u00c9RMINOS Y CONDICIONES GENERALES | Boatopoly<\/title>\n<link rel=\"canonical\" href=\"https:\/\/boatopoly.com\/es\/condiciones-generales\/\" \/>\n<meta property=\"og:locale\" content=\"es_ES\" \/>\n<meta property=\"og:type\" content=\"article\" \/>\n<meta property=\"og:title\" content=\"T\u00c9RMINOS Y CONDICIONES GENERALES\" \/>\n<meta property=\"og:description\" content=\"1. \u00c1mbito de aplicaci\u00f3n 1.1 Bergx2 GmbH es la empresa matriz de la marca Boatopoly.com y opera Boatopoly.com dentro de su grupo empresarial como portal online internacional para barcos, yates y buques. Boatopoly.com se llamar\u00e1...\" \/>\n<meta property=\"og:url\" content=\"https:\/\/boatopoly.com\/es\/condiciones-generales\/\" \/>\n<meta property=\"og:site_name\" content=\"Boatopoly\" \/>\n<meta property=\"article:publisher\" content=\"https:\/\/www.facebook.com\/boatopoly\" \/>\n<meta property=\"article:modified_time\" content=\"2024-05-16T05:29:58+00:00\" \/>\n<meta name=\"twitter:card\" content=\"summary_large_image\" \/>\n<meta name=\"twitter:label1\" content=\"Est. reading time\" \/>\n\t<meta name=\"twitter:data1\" content=\"10 minutos\" \/>\n<script type=\"application\/ld+json\" class=\"yoast-schema-graph\">{\"@context\":\"https:\/\/schema.org\",\"@graph\":[{\"@type\":\"WebPage\",\"@id\":\"https:\/\/boatopoly.com\/es\/condiciones-generales\/\",\"url\":\"https:\/\/boatopoly.com\/es\/condiciones-generales\/\",\"name\":\"T\u00c9RMINOS Y CONDICIONES GENERALES | Boatopoly\",\"isPartOf\":{\"@id\":\"https:\/\/boatopoly.com\/#website\"},\"datePublished\":\"2024-03-25T13:25:48+00:00\",\"dateModified\":\"2024-05-16T05:29:58+00:00\",\"breadcrumb\":{\"@id\":\"https:\/\/boatopoly.com\/es\/condiciones-generales\/#breadcrumb\"},\"inLanguage\":\"es\",\"potentialAction\":[{\"@type\":\"ReadAction\",\"target\":[\"https:\/\/boatopoly.com\/es\/condiciones-generales\/\"]}]},{\"@type\":\"BreadcrumbList\",\"@id\":\"https:\/\/boatopoly.com\/es\/condiciones-generales\/#breadcrumb\",\"itemListElement\":[{\"@type\":\"ListItem\",\"position\":1,\"name\":\"Home\",\"item\":\"https:\/\/boatopoly.com\/es\/\"},{\"@type\":\"ListItem\",\"position\":2,\"name\":\"T\u00c9RMINOS Y CONDICIONES GENERALES\"}]},{\"@type\":\"WebSite\",\"@id\":\"https:\/\/boatopoly.com\/#website\",\"url\":\"https:\/\/boatopoly.com\/\",\"name\":\"Boatopoly\",\"description\":\"no bubbles, just boats\",\"publisher\":{\"@id\":\"https:\/\/boatopoly.com\/#organization\"},\"potentialAction\":[{\"@type\":\"SearchAction\",\"target\":{\"@type\":\"EntryPoint\",\"urlTemplate\":\"https:\/\/boatopoly.com\/?s={search_term_string}\"},\"query-input\":{\"@type\":\"PropertyValueSpecification\",\"valueRequired\":true,\"valueName\":\"search_term_string\"}}],\"inLanguage\":\"es\"},{\"@type\":\"Organization\",\"@id\":\"https:\/\/boatopoly.com\/#organization\",\"name\":\"Boatopoly\",\"url\":\"https:\/\/boatopoly.com\/\",\"logo\":{\"@type\":\"ImageObject\",\"inLanguage\":\"es\",\"@id\":\"https:\/\/boatopoly.com\/#\/schema\/logo\/image\/\",\"url\":\"https:\/\/boatopoly.com\/wp-content\/uploads\/2024\/07\/2024-07-03-Boatopoly-Logo-1200x1200-1.png\",\"contentUrl\":\"https:\/\/boatopoly.com\/wp-content\/uploads\/2024\/07\/2024-07-03-Boatopoly-Logo-1200x1200-1.png\",\"width\":1200,\"height\":1200,\"caption\":\"Boatopoly\"},\"image\":{\"@id\":\"https:\/\/boatopoly.com\/#\/schema\/logo\/image\/\"},\"sameAs\":[\"https:\/\/www.facebook.com\/boatopoly\"]}]}<\/script>\n<!-- \/ Yoast SEO Premium plugin. -->","yoast_head_json":{"title":"T\u00c9RMINOS Y CONDICIONES GENERALES | Boatopoly","canonical":"https:\/\/boatopoly.com\/es\/condiciones-generales\/","og_locale":"es_ES","og_type":"article","og_title":"T\u00c9RMINOS Y CONDICIONES GENERALES","og_description":"1. \u00c1mbito de aplicaci\u00f3n 1.1 Bergx2 GmbH es la empresa matriz de la marca Boatopoly.com y opera Boatopoly.com dentro de su grupo empresarial como portal online internacional para barcos, yates y buques. Boatopoly.com se llamar\u00e1...","og_url":"https:\/\/boatopoly.com\/es\/condiciones-generales\/","og_site_name":"Boatopoly","article_publisher":"https:\/\/www.facebook.com\/boatopoly","article_modified_time":"2024-05-16T05:29:58+00:00","twitter_card":"summary_large_image","twitter_misc":{"Est. reading time":"10 minutos"},"schema":{"@context":"https:\/\/schema.org","@graph":[{"@type":"WebPage","@id":"https:\/\/boatopoly.com\/es\/condiciones-generales\/","url":"https:\/\/boatopoly.com\/es\/condiciones-generales\/","name":"T\u00c9RMINOS Y CONDICIONES GENERALES | Boatopoly","isPartOf":{"@id":"https:\/\/boatopoly.com\/#website"},"datePublished":"2024-03-25T13:25:48+00:00","dateModified":"2024-05-16T05:29:58+00:00","breadcrumb":{"@id":"https:\/\/boatopoly.com\/es\/condiciones-generales\/#breadcrumb"},"inLanguage":"es","potentialAction":[{"@type":"ReadAction","target":["https:\/\/boatopoly.com\/es\/condiciones-generales\/"]}]},{"@type":"BreadcrumbList","@id":"https:\/\/boatopoly.com\/es\/condiciones-generales\/#breadcrumb","itemListElement":[{"@type":"ListItem","position":1,"name":"Home","item":"https:\/\/boatopoly.com\/es\/"},{"@type":"ListItem","position":2,"name":"T\u00c9RMINOS Y CONDICIONES GENERALES"}]},{"@type":"WebSite","@id":"https:\/\/boatopoly.com\/#website","url":"https:\/\/boatopoly.com\/","name":"Boatopoly","description":"no bubbles, just boats","publisher":{"@id":"https:\/\/boatopoly.com\/#organization"},"potentialAction":[{"@type":"SearchAction","target":{"@type":"EntryPoint","urlTemplate":"https:\/\/boatopoly.com\/?s={search_term_string}"},"query-input":{"@type":"PropertyValueSpecification","valueRequired":true,"valueName":"search_term_string"}}],"inLanguage":"es"},{"@type":"Organization","@id":"https:\/\/boatopoly.com\/#organization","name":"Boatopoly","url":"https:\/\/boatopoly.com\/","logo":{"@type":"ImageObject","inLanguage":"es","@id":"https:\/\/boatopoly.com\/#\/schema\/logo\/image\/","url":"https:\/\/boatopoly.com\/wp-content\/uploads\/2024\/07\/2024-07-03-Boatopoly-Logo-1200x1200-1.png","contentUrl":"https:\/\/boatopoly.com\/wp-content\/uploads\/2024\/07\/2024-07-03-Boatopoly-Logo-1200x1200-1.png","width":1200,"height":1200,"caption":"Boatopoly"},"image":{"@id":"https:\/\/boatopoly.com\/#\/schema\/logo\/image\/"},"sameAs":["https:\/\/www.facebook.com\/boatopoly"]}]}},"_links":{"self":[{"href":"https:\/\/boatopoly.com\/es\/wp-json\/wp\/v2\/pages\/25753"}],"collection":[{"href":"https:\/\/boatopoly.com\/es\/wp-json\/wp\/v2\/pages"}],"about":[{"href":"https:\/\/boatopoly.com\/es\/wp-json\/wp\/v2\/types\/page"}],"author":[{"embeddable":true,"href":"https:\/\/boatopoly.com\/es\/wp-json\/wp\/v2\/users\/455"}],"replies":[{"embeddable":true,"href":"https:\/\/boatopoly.com\/es\/wp-json\/wp\/v2\/comments?post=25753"}],"version-history":[{"count":1,"href":"https:\/\/boatopoly.com\/es\/wp-json\/wp\/v2\/pages\/25753\/revisions"}],"predecessor-version":[{"id":27658,"href":"https:\/\/boatopoly.com\/es\/wp-json\/wp\/v2\/pages\/25753\/revisions\/27658"}],"wp:attachment":[{"href":"https:\/\/boatopoly.com\/es\/wp-json\/wp\/v2\/media?parent=25753"}],"curies":[{"name":"wp","href":"https:\/\/api.w.org\/{rel}","templated":true}]}}