{"id":25739,"date":"2024-03-25T13:17:05","date_gmt":"2024-03-25T13:17:05","guid":{"rendered":"https:\/\/dev2.boatopoly.com\/menciones-legales\/"},"modified":"2024-05-16T05:29:50","modified_gmt":"2024-05-16T05:29:50","slug":"menciones-legales","status":"publish","type":"page","link":"https:\/\/boatopoly.com\/es\/menciones-legales\/","title":{"rendered":"Aviso legal"},"content":{"rendered":"<p><b>Boatopoly.com &#8211; una empresa del grupo Bergx2 GmbH<\/b><\/p>\n<table style=\"border-collapse: collapse; width: 68.9733%;\">\n<tbody>\n<tr>\n<td style=\"width: 21.4092%;\">Direcci\u00f3n de correo electr\u00f3nico:<\/td>\n<td style=\"width: 60.273%;\"><a href=\"mailto:info@boatopoly.com\">info@boatopoly.com<\/a><\/td>\n<\/tr>\n<tr>\n<td style=\"width: 21.4092%;\">Tel\u00e9fono:<\/td>\n<td style=\"width: 60.273%;\">+49 89 70074700<\/td>\n<\/tr>\n<tr>\n<td style=\"width: 21.4092%;\">Direcci\u00f3n de la empresa:<\/td>\n<td style=\"width: 60.273%;\">Hochriesstr. 46 85560 Ebersberg Alemania<\/td>\n<\/tr>\n<tr>\n<td style=\"width: 21.4092%;\">Sede \/<br \/>\ndirecci\u00f3n postal<\/td>\n<td style=\"width: 60.273%;\">F\u00fcrstenstr. 15 80333 M\u00fanich Alemania<\/td>\n<\/tr>\n<\/tbody>\n<\/table>\n<p>Representado por el director gerente: Istok Sernc<br \/>\nResponsable de la protecci\u00f3n de datos: Zsu Sernc-Urban<\/p>\n<p><b>Cuenta bancaria:<\/b><\/p>\n<table style=\"border-collapse: collapse; width: 69.0978%;\">\n<tbody>\n<tr>\n<td style=\"width: 15.3846%;\">Beneficiario:<\/td>\n<td style=\"width: 106.099%;\">Boatopoly &#8211; Bergx2 GmbH<\/td>\n<\/tr>\n<tr>\n<td style=\"width: 15.3846%;\">Direcci\u00f3n del beneficiario:<\/td>\n<td style=\"width: 106.099%;\">Hochriesstr. 46 85560 Ebersberg Alemania<\/td>\n<\/tr>\n<tr>\n<td style=\"width: 15.3846%;\">IBAN:<\/td>\n<td style=\"width: 106.099%;\">BE21 9671 6309 9503<\/td>\n<\/tr>\n<tr>\n<td style=\"width: 15.3846%;\">BIC \/ SWIFT:<\/td>\n<td style=\"width: 106.099%;\">TRWIBEB1XXX<\/td>\n<\/tr>\n<tr>\n<td style=\"width: 15.3846%;\">Nombre del banco:<\/td>\n<td style=\"width: 106.099%;\">Wise Europe SA<\/td>\n<\/tr>\n<tr>\n<td style=\"width: 15.3846%;\">Direcci\u00f3n del banco:<\/td>\n<td style=\"width: 106.099%;\">Wise Europe SA, Rue du Tr\u00f4ne 100, 3\u00aa planta, 1050 Bruselas, B\u00e9lgica<\/td>\n<\/tr>\n<\/tbody>\n<\/table>\n<div id=\"imprint-page\">\n<p><b>Registro de sociedades<\/b><\/p>\n<p>Registro mercantil: Tribunal de registro de M\u00fanich<\/p>\n<p>N\u00famero de registro: HRB 203364<\/p>\n<p>N\u00famero de identificaci\u00f3n del Impuesto sobre el Valor aA\u00f1adido de conformidad con el art\u00edculo 27 a de la Ley del Impuesto Sobre el Valor A\u00f1adido: DE287472874<\/p>\n<p>N\u00famero de identificaci\u00f3n fiscal: 114\/122\/30533<\/p>\n<\/div>\n<p><span id=\"result_box\" class=\"\" lang=\"en\"><span class=\"\">Boatopoly no participa en procedimientos de resoluci\u00f3n de litigios en juntas arbitrales de consumo y no est\u00e1 obligado a hacerlo. La Comisi\u00f3n Europea ofrece una plataforma para la resoluci\u00f3n de litigios en l\u00ednea (OS): <a href=\"http:\/\/ec.europa.eu\/consumers\/odr\/\">http:\/\/ec.europa.eu\/consumers\/odr\/.<\/a> La junta de arbitraje de consumo competente para usted es: Allgemeine Verbraucherschlichtungsstelle des Zentrums f\u00fcr Schlichtung e. V., Stra\u00dfburger Str. 8, 77694 Kehl, Alemania.<\/span><\/span><\/p>\n","protected":false},"excerpt":{"rendered":"<p>Boatopoly.com &#8211; una empresa del grupo Bergx2 GmbH Direcci\u00f3n de correo electr\u00f3nico: info@boatopoly.com Tel\u00e9fono: +49 89 70074700 Direcci\u00f3n de la empresa: Hochriesstr. 46 85560 Ebersberg Alemania Sede \/ direcci\u00f3n postal F\u00fcrstenstr. 15 80333 M\u00fanich Alemania&#8230;<\/p>\n","protected":false},"author":455,"featured_media":0,"parent":0,"menu_order":0,"comment_status":"closed","ping_status":"closed","template":"","meta":{"footnotes":""},"class_list":["post-25739","page","type-page","status-publish","hentry"],"yoast_head":"<!-- This site is optimized with the Yoast SEO Premium plugin v25.0 (Yoast SEO v25.1) - https:\/\/yoast.com\/wordpress\/plugins\/seo\/ -->\n<title>Aviso legal | Boatopoly<\/title>\n<link rel=\"canonical\" href=\"https:\/\/boatopoly.com\/es\/menciones-legales\/\" \/>\n<meta property=\"og:locale\" content=\"es_ES\" \/>\n<meta property=\"og:type\" content=\"article\" \/>\n<meta property=\"og:title\" content=\"Aviso legal\" \/>\n<meta property=\"og:description\" content=\"Boatopoly.com &#8211; una empresa del grupo Bergx2 GmbH Direcci\u00f3n de correo electr\u00f3nico: info@boatopoly.com Tel\u00e9fono: +49 89 70074700 Direcci\u00f3n de la empresa: Hochriesstr. 46 85560 Ebersberg Alemania Sede \/ direcci\u00f3n postal F\u00fcrstenstr. 15 80333 M\u00fanich Alemania...\" \/>\n<meta property=\"og:url\" content=\"https:\/\/boatopoly.com\/es\/menciones-legales\/\" \/>\n<meta property=\"og:site_name\" content=\"Boatopoly\" \/>\n<meta property=\"article:publisher\" content=\"https:\/\/www.facebook.com\/boatopoly\" \/>\n<meta property=\"article:modified_time\" content=\"2024-05-16T05:29:50+00:00\" \/>\n<meta name=\"twitter:card\" content=\"summary_large_image\" \/>\n<meta name=\"twitter:label1\" content=\"Est. reading time\" \/>\n\t<meta name=\"twitter:data1\" content=\"1 minuto\" \/>\n<script type=\"application\/ld+json\" class=\"yoast-schema-graph\">{\"@context\":\"https:\/\/schema.org\",\"@graph\":[{\"@type\":\"WebPage\",\"@id\":\"https:\/\/boatopoly.com\/es\/menciones-legales\/\",\"url\":\"https:\/\/boatopoly.com\/es\/menciones-legales\/\",\"name\":\"Aviso legal | Boatopoly\",\"isPartOf\":{\"@id\":\"https:\/\/boatopoly.com\/#website\"},\"datePublished\":\"2024-03-25T13:17:05+00:00\",\"dateModified\":\"2024-05-16T05:29:50+00:00\",\"breadcrumb\":{\"@id\":\"https:\/\/boatopoly.com\/es\/menciones-legales\/#breadcrumb\"},\"inLanguage\":\"es\",\"potentialAction\":[{\"@type\":\"ReadAction\",\"target\":[\"https:\/\/boatopoly.com\/es\/menciones-legales\/\"]}]},{\"@type\":\"BreadcrumbList\",\"@id\":\"https:\/\/boatopoly.com\/es\/menciones-legales\/#breadcrumb\",\"itemListElement\":[{\"@type\":\"ListItem\",\"position\":1,\"name\":\"Home\",\"item\":\"https:\/\/boatopoly.com\/es\/\"},{\"@type\":\"ListItem\",\"position\":2,\"name\":\"Aviso legal\"}]},{\"@type\":\"WebSite\",\"@id\":\"https:\/\/boatopoly.com\/#website\",\"url\":\"https:\/\/boatopoly.com\/\",\"name\":\"Boatopoly\",\"description\":\"no bubbles, just boats\",\"publisher\":{\"@id\":\"https:\/\/boatopoly.com\/#organization\"},\"potentialAction\":[{\"@type\":\"SearchAction\",\"target\":{\"@type\":\"EntryPoint\",\"urlTemplate\":\"https:\/\/boatopoly.com\/?s={search_term_string}\"},\"query-input\":{\"@type\":\"PropertyValueSpecification\",\"valueRequired\":true,\"valueName\":\"search_term_string\"}}],\"inLanguage\":\"es\"},{\"@type\":\"Organization\",\"@id\":\"https:\/\/boatopoly.com\/#organization\",\"name\":\"Boatopoly\",\"url\":\"https:\/\/boatopoly.com\/\",\"logo\":{\"@type\":\"ImageObject\",\"inLanguage\":\"es\",\"@id\":\"https:\/\/boatopoly.com\/#\/schema\/logo\/image\/\",\"url\":\"https:\/\/boatopoly.com\/wp-content\/uploads\/2024\/07\/2024-07-03-Boatopoly-Logo-1200x1200-1.png\",\"contentUrl\":\"https:\/\/boatopoly.com\/wp-content\/uploads\/2024\/07\/2024-07-03-Boatopoly-Logo-1200x1200-1.png\",\"width\":1200,\"height\":1200,\"caption\":\"Boatopoly\"},\"image\":{\"@id\":\"https:\/\/boatopoly.com\/#\/schema\/logo\/image\/\"},\"sameAs\":[\"https:\/\/www.facebook.com\/boatopoly\"]}]}<\/script>\n<!-- \/ Yoast SEO Premium plugin. -->","yoast_head_json":{"title":"Aviso legal | Boatopoly","canonical":"https:\/\/boatopoly.com\/es\/menciones-legales\/","og_locale":"es_ES","og_type":"article","og_title":"Aviso legal","og_description":"Boatopoly.com &#8211; una empresa del grupo Bergx2 GmbH Direcci\u00f3n de correo electr\u00f3nico: info@boatopoly.com Tel\u00e9fono: +49 89 70074700 Direcci\u00f3n de la empresa: Hochriesstr. 46 85560 Ebersberg Alemania Sede \/ direcci\u00f3n postal F\u00fcrstenstr. 15 80333 M\u00fanich Alemania...","og_url":"https:\/\/boatopoly.com\/es\/menciones-legales\/","og_site_name":"Boatopoly","article_publisher":"https:\/\/www.facebook.com\/boatopoly","article_modified_time":"2024-05-16T05:29:50+00:00","twitter_card":"summary_large_image","twitter_misc":{"Est. reading time":"1 minuto"},"schema":{"@context":"https:\/\/schema.org","@graph":[{"@type":"WebPage","@id":"https:\/\/boatopoly.com\/es\/menciones-legales\/","url":"https:\/\/boatopoly.com\/es\/menciones-legales\/","name":"Aviso legal | Boatopoly","isPartOf":{"@id":"https:\/\/boatopoly.com\/#website"},"datePublished":"2024-03-25T13:17:05+00:00","dateModified":"2024-05-16T05:29:50+00:00","breadcrumb":{"@id":"https:\/\/boatopoly.com\/es\/menciones-legales\/#breadcrumb"},"inLanguage":"es","potentialAction":[{"@type":"ReadAction","target":["https:\/\/boatopoly.com\/es\/menciones-legales\/"]}]},{"@type":"BreadcrumbList","@id":"https:\/\/boatopoly.com\/es\/menciones-legales\/#breadcrumb","itemListElement":[{"@type":"ListItem","position":1,"name":"Home","item":"https:\/\/boatopoly.com\/es\/"},{"@type":"ListItem","position":2,"name":"Aviso legal"}]},{"@type":"WebSite","@id":"https:\/\/boatopoly.com\/#website","url":"https:\/\/boatopoly.com\/","name":"Boatopoly","description":"no bubbles, just boats","publisher":{"@id":"https:\/\/boatopoly.com\/#organization"},"potentialAction":[{"@type":"SearchAction","target":{"@type":"EntryPoint","urlTemplate":"https:\/\/boatopoly.com\/?s={search_term_string}"},"query-input":{"@type":"PropertyValueSpecification","valueRequired":true,"valueName":"search_term_string"}}],"inLanguage":"es"},{"@type":"Organization","@id":"https:\/\/boatopoly.com\/#organization","name":"Boatopoly","url":"https:\/\/boatopoly.com\/","logo":{"@type":"ImageObject","inLanguage":"es","@id":"https:\/\/boatopoly.com\/#\/schema\/logo\/image\/","url":"https:\/\/boatopoly.com\/wp-content\/uploads\/2024\/07\/2024-07-03-Boatopoly-Logo-1200x1200-1.png","contentUrl":"https:\/\/boatopoly.com\/wp-content\/uploads\/2024\/07\/2024-07-03-Boatopoly-Logo-1200x1200-1.png","width":1200,"height":1200,"caption":"Boatopoly"},"image":{"@id":"https:\/\/boatopoly.com\/#\/schema\/logo\/image\/"},"sameAs":["https:\/\/www.facebook.com\/boatopoly"]}]}},"_links":{"self":[{"href":"https:\/\/boatopoly.com\/es\/wp-json\/wp\/v2\/pages\/25739"}],"collection":[{"href":"https:\/\/boatopoly.com\/es\/wp-json\/wp\/v2\/pages"}],"about":[{"href":"https:\/\/boatopoly.com\/es\/wp-json\/wp\/v2\/types\/page"}],"author":[{"embeddable":true,"href":"https:\/\/boatopoly.com\/es\/wp-json\/wp\/v2\/users\/455"}],"replies":[{"embeddable":true,"href":"https:\/\/boatopoly.com\/es\/wp-json\/wp\/v2\/comments?post=25739"}],"version-history":[{"count":1,"href":"https:\/\/boatopoly.com\/es\/wp-json\/wp\/v2\/pages\/25739\/revisions"}],"predecessor-version":[{"id":27655,"href":"https:\/\/boatopoly.com\/es\/wp-json\/wp\/v2\/pages\/25739\/revisions\/27655"}],"wp:attachment":[{"href":"https:\/\/boatopoly.com\/es\/wp-json\/wp\/v2\/media?parent=25739"}],"curies":[{"name":"wp","href":"https:\/\/api.w.org\/{rel}","templated":true}]}}