{"id":25738,"date":"2020-04-07T09:04:58","date_gmt":"2020-04-07T09:04:58","guid":{"rendered":"https:\/\/dev2.boatopoly.com\/elija-su-paquete-publicitario\/"},"modified":"2024-05-16T05:29:48","modified_gmt":"2024-05-16T05:29:48","slug":"elija-su-paquete-publicitario","status":"publish","type":"page","link":"https:\/\/boatopoly.com\/es\/sell-boat\/elija-su-paquete-publicitario\/","title":{"rendered":"Elije tu paquete de anuncios"},"content":{"rendered":"<h1>VENTAJAS DEL BOATOPOLY PARA USTED<\/h1>\n<p>Pague una sola vez. No es necesario cancelar. Renueve el anuncio s\u00f3lo cuando sea necesario.<\/p>\n<table style=\"border-collapse: collapse; width: 68.043%;\">\n<tbody>\n<tr>\n<td style=\"width: 5.81656%;\"><img loading=\"lazy\" decoding=\"async\" class=\"alignnone size-full wp-image-3975\" src=\"https:\/\/dev2.boatopoly.com\/wp-content\/uploads\/2020\/06\/03.jpg\" alt=\"\" width=\"52\" height=\"52\"><\/td>\n<td style=\"width: 24.7128%;\"><strong>Global:<\/strong> Llegue a compradores potenciales de todo el mundo.<\/td>\n<td style=\"width: 5.36913%;\"><img loading=\"lazy\" decoding=\"async\" class=\"alignnone size-full wp-image-3976\" src=\"https:\/\/dev2.boatopoly.com\/wp-content\/uploads\/2020\/06\/05.jpg\" alt=\"\" width=\"53\" height=\"53\"><\/td>\n<td style=\"width: 26.9071%;\"><strong>Varios idiomas:<\/strong> Ofrecemos traducci\u00f3n y localizaci\u00f3n de su anuncio.<\/td>\n<\/tr>\n<tr>\n<td style=\"width: 5.81656%;\"><img loading=\"lazy\" decoding=\"async\" class=\"alignnone size-full wp-image-3977\" src=\"https:\/\/dev2.boatopoly.com\/wp-content\/uploads\/2020\/06\/07.jpg\" alt=\"\" width=\"56\" height=\"41\"><\/td>\n<td style=\"width: 24.7128%;\"><strong>SEO:<\/strong> Permite que tu anuncio aparezca en Google y otros motores de b\u00fasqueda importantes.<\/td>\n<td style=\"width: 5.36913%;\"><img loading=\"lazy\" decoding=\"async\" class=\"alignnone size-full wp-image-3978\" src=\"https:\/\/dev2.boatopoly.com\/wp-content\/uploads\/2020\/06\/08.jpg\" alt=\"\" width=\"58\" height=\"41\"><\/td>\n<td style=\"width: 26.9071%;\"><strong>Pago seguro:<\/strong> Selecciona tu proveedor de pago favorito.<\/td>\n<\/tr>\n<tr>\n<td style=\"width: 5.81656%;\"><img loading=\"lazy\" decoding=\"async\" class=\"alignnone size-full wp-image-3979\" src=\"https:\/\/dev2.boatopoly.com\/wp-content\/uploads\/2020\/06\/09.jpg\" alt=\"\" width=\"58\" height=\"39\"><\/td>\n<td style=\"width: 24.7128%;\"><strong>Verificaci\u00f3n de usuarios:<\/strong> Puedes estar seguro de con qui\u00e9n est\u00e1s hablando porque todos los miembros est\u00e1n verificados.<\/td>\n<td style=\"width: 5.36913%;\"><img loading=\"lazy\" decoding=\"async\" class=\"alignnone size-full wp-image-3980\" src=\"https:\/\/dev2.boatopoly.com\/wp-content\/uploads\/2020\/06\/12.jpg\" alt=\"\" width=\"60\" height=\"47\"><\/td>\n<td style=\"width: 26.9071%;\"><strong>Carga ilimitada de im\u00e1genes:<\/strong> A\u00f1ade tantas fotos como quieras.<\/td>\n<\/tr>\n<tr>\n<td style=\"width: 5.81656%;\"><img loading=\"lazy\" decoding=\"async\" class=\"alignnone size-full wp-image-3982\" src=\"https:\/\/dev2.boatopoly.com\/wp-content\/uploads\/2020\/06\/16.jpg\" alt=\"\" width=\"58\" height=\"40\"><\/td>\n<td style=\"width: 24.7128%;\"><strong>Comunicaci\u00f3n segura:<\/strong> Benef\u00edciate de nuestro sistema de mensajer\u00eda patentado.<\/td>\n<td style=\"width: 5.36913%;\"><img loading=\"lazy\" decoding=\"async\" class=\"alignnone size-full wp-image-3981\" src=\"https:\/\/dev2.boatopoly.com\/wp-content\/uploads\/2020\/06\/15.jpg\" alt=\"\" width=\"60\" height=\"55\"><\/td>\n<td style=\"width: 26.9071%;\"><strong>Amplia gama:<\/strong> Para todo tipo de embarcaciones, desde lanchas hasta cargueros, desde yates hasta barcos.<\/td>\n<\/tr>\n<tr>\n<td style=\"width: 5.81656%;\"><img loading=\"lazy\" decoding=\"async\" class=\"alignnone size-full wp-image-3984\" src=\"https:\/\/dev2.boatopoly.com\/wp-content\/uploads\/2020\/06\/19.jpg\" alt=\"\" width=\"54\" height=\"55\"><\/td>\n<td style=\"width: 24.7128%;\"><strong>Atenci\u00f3n al cliente:<\/strong> Estamos a su disposici\u00f3n para ayudarle. Contacte con nuestro amable equipo de asistencia los siete d\u00edas de la semana. Las personas de Boatopoly estar\u00e1n encantadas de ayudarle.<\/td>\n<td style=\"width: 5.36913%;\"><img loading=\"lazy\" decoding=\"async\" class=\"alignnone size-full wp-image-3983\" src=\"https:\/\/dev2.boatopoly.com\/wp-content\/uploads\/2020\/06\/18.png\" alt=\"\" width=\"57\" height=\"39\"><\/td>\n<td style=\"width: 26.9071%;\"><strong>Visualizaci\u00f3n:<\/strong> Los gr\u00e1ficos y las especificaciones de las piezas de la embarcaci\u00f3n facilitan la consulta de informaci\u00f3n detallada sobre la embarcaci\u00f3n.<\/td>\n<\/tr>\n<\/tbody>\n<\/table>\n","protected":false},"excerpt":{"rendered":"<p>VENTAJAS DEL BOATOPOLY PARA USTED Pague una sola vez. No es necesario cancelar. Renueve el anuncio s\u00f3lo cuando sea necesario. Global: Llegue a compradores potenciales de todo el mundo. Varios idiomas: Ofrecemos traducci\u00f3n y localizaci\u00f3n&#8230;<\/p>\n","protected":false},"author":455,"featured_media":0,"parent":25734,"menu_order":0,"comment_status":"closed","ping_status":"closed","template":"page-packages.php","meta":{"footnotes":""},"class_list":["post-25738","page","type-page","status-publish","hentry"],"yoast_head":"<!-- This site is optimized with the Yoast SEO Premium plugin v25.0 (Yoast SEO v25.1) - https:\/\/yoast.com\/wordpress\/plugins\/seo\/ -->\n<title>Elije tu paquete de anuncios | Boatopoly<\/title>\n<link rel=\"canonical\" href=\"https:\/\/boatopoly.com\/es\/sell-boat\/elija-su-paquete-publicitario\/\" \/>\n<meta property=\"og:locale\" content=\"es_ES\" \/>\n<meta property=\"og:type\" content=\"article\" \/>\n<meta property=\"og:title\" content=\"Elije tu paquete de anuncios\" \/>\n<meta property=\"og:description\" content=\"VENTAJAS DEL BOATOPOLY PARA USTED Pague una sola vez. No es necesario cancelar. Renueve el anuncio s\u00f3lo cuando sea necesario. Global: Llegue a compradores potenciales de todo el mundo. Varios idiomas: Ofrecemos traducci\u00f3n y localizaci\u00f3n...\" \/>\n<meta property=\"og:url\" content=\"https:\/\/boatopoly.com\/es\/sell-boat\/elija-su-paquete-publicitario\/\" \/>\n<meta property=\"og:site_name\" content=\"Boatopoly\" \/>\n<meta property=\"article:publisher\" content=\"https:\/\/www.facebook.com\/boatopoly\" \/>\n<meta property=\"article:modified_time\" content=\"2024-05-16T05:29:48+00:00\" \/>\n<meta property=\"og:image\" content=\"https:\/\/dev2.boatopoly.com\/wp-content\/uploads\/2020\/06\/03.jpg\" \/>\n<meta name=\"twitter:card\" content=\"summary_large_image\" \/>\n<meta name=\"twitter:label1\" content=\"Est. reading time\" \/>\n\t<meta name=\"twitter:data1\" content=\"3 minutos\" \/>\n<script type=\"application\/ld+json\" class=\"yoast-schema-graph\">{\"@context\":\"https:\/\/schema.org\",\"@graph\":[{\"@type\":\"WebPage\",\"@id\":\"https:\/\/boatopoly.com\/es\/sell-boat\/elija-su-paquete-publicitario\/\",\"url\":\"https:\/\/boatopoly.com\/es\/sell-boat\/elija-su-paquete-publicitario\/\",\"name\":\"Elije tu paquete de anuncios | Boatopoly\",\"isPartOf\":{\"@id\":\"https:\/\/boatopoly.com\/#website\"},\"primaryImageOfPage\":{\"@id\":\"https:\/\/boatopoly.com\/es\/sell-boat\/elija-su-paquete-publicitario\/#primaryimage\"},\"image\":{\"@id\":\"https:\/\/boatopoly.com\/es\/sell-boat\/elija-su-paquete-publicitario\/#primaryimage\"},\"thumbnailUrl\":\"https:\/\/dev2.boatopoly.com\/wp-content\/uploads\/2020\/06\/03.jpg\",\"datePublished\":\"2020-04-07T09:04:58+00:00\",\"dateModified\":\"2024-05-16T05:29:48+00:00\",\"breadcrumb\":{\"@id\":\"https:\/\/boatopoly.com\/es\/sell-boat\/elija-su-paquete-publicitario\/#breadcrumb\"},\"inLanguage\":\"es\",\"potentialAction\":[{\"@type\":\"ReadAction\",\"target\":[\"https:\/\/boatopoly.com\/es\/sell-boat\/elija-su-paquete-publicitario\/\"]}]},{\"@type\":\"ImageObject\",\"inLanguage\":\"es\",\"@id\":\"https:\/\/boatopoly.com\/es\/sell-boat\/elija-su-paquete-publicitario\/#primaryimage\",\"url\":\"https:\/\/dev2.boatopoly.com\/wp-content\/uploads\/2020\/06\/03.jpg\",\"contentUrl\":\"https:\/\/dev2.boatopoly.com\/wp-content\/uploads\/2020\/06\/03.jpg\"},{\"@type\":\"BreadcrumbList\",\"@id\":\"https:\/\/boatopoly.com\/es\/sell-boat\/elija-su-paquete-publicitario\/#breadcrumb\",\"itemListElement\":[{\"@type\":\"ListItem\",\"position\":1,\"name\":\"Home\",\"item\":\"https:\/\/boatopoly.com\/es\/\"},{\"@type\":\"ListItem\",\"position\":2,\"name\":\"Vender barco\",\"item\":\"https:\/\/boatopoly.com\/es\/sell-boat\/\"},{\"@type\":\"ListItem\",\"position\":3,\"name\":\"Elije tu paquete de anuncios\"}]},{\"@type\":\"WebSite\",\"@id\":\"https:\/\/boatopoly.com\/#website\",\"url\":\"https:\/\/boatopoly.com\/\",\"name\":\"Boatopoly\",\"description\":\"no bubbles, just boats\",\"publisher\":{\"@id\":\"https:\/\/boatopoly.com\/#organization\"},\"potentialAction\":[{\"@type\":\"SearchAction\",\"target\":{\"@type\":\"EntryPoint\",\"urlTemplate\":\"https:\/\/boatopoly.com\/?s={search_term_string}\"},\"query-input\":{\"@type\":\"PropertyValueSpecification\",\"valueRequired\":true,\"valueName\":\"search_term_string\"}}],\"inLanguage\":\"es\"},{\"@type\":\"Organization\",\"@id\":\"https:\/\/boatopoly.com\/#organization\",\"name\":\"Boatopoly\",\"url\":\"https:\/\/boatopoly.com\/\",\"logo\":{\"@type\":\"ImageObject\",\"inLanguage\":\"es\",\"@id\":\"https:\/\/boatopoly.com\/#\/schema\/logo\/image\/\",\"url\":\"https:\/\/boatopoly.com\/wp-content\/uploads\/2024\/07\/2024-07-03-Boatopoly-Logo-1200x1200-1.png\",\"contentUrl\":\"https:\/\/boatopoly.com\/wp-content\/uploads\/2024\/07\/2024-07-03-Boatopoly-Logo-1200x1200-1.png\",\"width\":1200,\"height\":1200,\"caption\":\"Boatopoly\"},\"image\":{\"@id\":\"https:\/\/boatopoly.com\/#\/schema\/logo\/image\/\"},\"sameAs\":[\"https:\/\/www.facebook.com\/boatopoly\"]}]}<\/script>\n<!-- \/ Yoast SEO Premium plugin. -->","yoast_head_json":{"title":"Elije tu paquete de anuncios | Boatopoly","canonical":"https:\/\/boatopoly.com\/es\/sell-boat\/elija-su-paquete-publicitario\/","og_locale":"es_ES","og_type":"article","og_title":"Elije tu paquete de anuncios","og_description":"VENTAJAS DEL BOATOPOLY PARA USTED Pague una sola vez. No es necesario cancelar. Renueve el anuncio s\u00f3lo cuando sea necesario. Global: Llegue a compradores potenciales de todo el mundo. Varios idiomas: Ofrecemos traducci\u00f3n y localizaci\u00f3n...","og_url":"https:\/\/boatopoly.com\/es\/sell-boat\/elija-su-paquete-publicitario\/","og_site_name":"Boatopoly","article_publisher":"https:\/\/www.facebook.com\/boatopoly","article_modified_time":"2024-05-16T05:29:48+00:00","og_image":[{"url":"https:\/\/dev2.boatopoly.com\/wp-content\/uploads\/2020\/06\/03.jpg","type":"","width":"","height":""}],"twitter_card":"summary_large_image","twitter_misc":{"Est. reading time":"3 minutos"},"schema":{"@context":"https:\/\/schema.org","@graph":[{"@type":"WebPage","@id":"https:\/\/boatopoly.com\/es\/sell-boat\/elija-su-paquete-publicitario\/","url":"https:\/\/boatopoly.com\/es\/sell-boat\/elija-su-paquete-publicitario\/","name":"Elije tu paquete de anuncios | Boatopoly","isPartOf":{"@id":"https:\/\/boatopoly.com\/#website"},"primaryImageOfPage":{"@id":"https:\/\/boatopoly.com\/es\/sell-boat\/elija-su-paquete-publicitario\/#primaryimage"},"image":{"@id":"https:\/\/boatopoly.com\/es\/sell-boat\/elija-su-paquete-publicitario\/#primaryimage"},"thumbnailUrl":"https:\/\/dev2.boatopoly.com\/wp-content\/uploads\/2020\/06\/03.jpg","datePublished":"2020-04-07T09:04:58+00:00","dateModified":"2024-05-16T05:29:48+00:00","breadcrumb":{"@id":"https:\/\/boatopoly.com\/es\/sell-boat\/elija-su-paquete-publicitario\/#breadcrumb"},"inLanguage":"es","potentialAction":[{"@type":"ReadAction","target":["https:\/\/boatopoly.com\/es\/sell-boat\/elija-su-paquete-publicitario\/"]}]},{"@type":"ImageObject","inLanguage":"es","@id":"https:\/\/boatopoly.com\/es\/sell-boat\/elija-su-paquete-publicitario\/#primaryimage","url":"https:\/\/dev2.boatopoly.com\/wp-content\/uploads\/2020\/06\/03.jpg","contentUrl":"https:\/\/dev2.boatopoly.com\/wp-content\/uploads\/2020\/06\/03.jpg"},{"@type":"BreadcrumbList","@id":"https:\/\/boatopoly.com\/es\/sell-boat\/elija-su-paquete-publicitario\/#breadcrumb","itemListElement":[{"@type":"ListItem","position":1,"name":"Home","item":"https:\/\/boatopoly.com\/es\/"},{"@type":"ListItem","position":2,"name":"Vender barco","item":"https:\/\/boatopoly.com\/es\/sell-boat\/"},{"@type":"ListItem","position":3,"name":"Elije tu paquete de anuncios"}]},{"@type":"WebSite","@id":"https:\/\/boatopoly.com\/#website","url":"https:\/\/boatopoly.com\/","name":"Boatopoly","description":"no bubbles, just boats","publisher":{"@id":"https:\/\/boatopoly.com\/#organization"},"potentialAction":[{"@type":"SearchAction","target":{"@type":"EntryPoint","urlTemplate":"https:\/\/boatopoly.com\/?s={search_term_string}"},"query-input":{"@type":"PropertyValueSpecification","valueRequired":true,"valueName":"search_term_string"}}],"inLanguage":"es"},{"@type":"Organization","@id":"https:\/\/boatopoly.com\/#organization","name":"Boatopoly","url":"https:\/\/boatopoly.com\/","logo":{"@type":"ImageObject","inLanguage":"es","@id":"https:\/\/boatopoly.com\/#\/schema\/logo\/image\/","url":"https:\/\/boatopoly.com\/wp-content\/uploads\/2024\/07\/2024-07-03-Boatopoly-Logo-1200x1200-1.png","contentUrl":"https:\/\/boatopoly.com\/wp-content\/uploads\/2024\/07\/2024-07-03-Boatopoly-Logo-1200x1200-1.png","width":1200,"height":1200,"caption":"Boatopoly"},"image":{"@id":"https:\/\/boatopoly.com\/#\/schema\/logo\/image\/"},"sameAs":["https:\/\/www.facebook.com\/boatopoly"]}]}},"_links":{"self":[{"href":"https:\/\/boatopoly.com\/es\/wp-json\/wp\/v2\/pages\/25738"}],"collection":[{"href":"https:\/\/boatopoly.com\/es\/wp-json\/wp\/v2\/pages"}],"about":[{"href":"https:\/\/boatopoly.com\/es\/wp-json\/wp\/v2\/types\/page"}],"author":[{"embeddable":true,"href":"https:\/\/boatopoly.com\/es\/wp-json\/wp\/v2\/users\/455"}],"replies":[{"embeddable":true,"href":"https:\/\/boatopoly.com\/es\/wp-json\/wp\/v2\/comments?post=25738"}],"version-history":[{"count":1,"href":"https:\/\/boatopoly.com\/es\/wp-json\/wp\/v2\/pages\/25738\/revisions"}],"predecessor-version":[{"id":27654,"href":"https:\/\/boatopoly.com\/es\/wp-json\/wp\/v2\/pages\/25738\/revisions\/27654"}],"up":[{"embeddable":true,"href":"https:\/\/boatopoly.com\/es\/wp-json\/wp\/v2\/pages\/25734"}],"wp:attachment":[{"href":"https:\/\/boatopoly.com\/es\/wp-json\/wp\/v2\/media?parent=25738"}],"curies":[{"name":"wp","href":"https:\/\/api.w.org\/{rel}","templated":true}]}}