{"id":25706,"date":"2024-03-25T13:11:16","date_gmt":"2024-03-25T13:11:16","guid":{"rendered":"https:\/\/dev2.boatopoly.com\/restablecer-contrasena\/"},"modified":"2024-05-16T05:28:54","modified_gmt":"2024-05-16T05:28:54","slug":"restablecer-contrasena","status":"publish","type":"page","link":"https:\/\/boatopoly.com\/es\/restablecer-contrasena\/","title":{"rendered":"Restablecer contrase\u00f1a"},"content":{"rendered":"<h3>\u00bfLo sab\u00edas?<\/h3>\n<p><b>No caiga en los ataques de \u00abphishing\u00bb.<\/b>  Tenga mucho cuidado antes de hacer clic en un enlace (aunque parezca proceder de un sitio leg\u00edtimo) que le pida que inicie sesi\u00f3n, cambie su contrase\u00f1a o facilite cualquier otra informaci\u00f3n personal. Puede que sea leg\u00edtimo o puede que sea una estafa de \u00abphishing\u00bb en la que la informaci\u00f3n que introduces va a parar a un pirata inform\u00e1tico. En caso de duda, con\u00e9ctese manualmente escribiendo en la ventana de su navegador lo que sabe que es la URL del sitio.<\/p>\n<div class=\"form-control-static\">\n<p>Fuente: <em><br \/>\n  <a href=\"http:\/\/www.connectsafely.org\/tips-to-create-and-manage-strong-passwords\/\" target=\"_blank\" rel=\"noopener noreferrer\">ConnectSafely<\/a><br \/>\n<\/em><\/p>\n<\/div>\n","protected":false},"excerpt":{"rendered":"<p>\u00bfLo sab\u00edas? No caiga en los ataques de \u00abphishing\u00bb. Tenga mucho cuidado antes de hacer clic en un enlace (aunque parezca proceder de un sitio leg\u00edtimo) que le pida que inicie sesi\u00f3n, cambie su contrase\u00f1a&#8230;<\/p>\n","protected":false},"author":455,"featured_media":0,"parent":0,"menu_order":0,"comment_status":"closed","ping_status":"closed","template":"page-pwdreset.php","meta":{"footnotes":""},"class_list":["post-25706","page","type-page","status-publish","hentry"],"yoast_head":"<!-- This site is optimized with the Yoast SEO Premium plugin v25.0 (Yoast SEO v25.1) - https:\/\/yoast.com\/wordpress\/plugins\/seo\/ -->\n<title>Restablecer contrase\u00f1a | Boatopoly<\/title>\n<link rel=\"canonical\" href=\"https:\/\/boatopoly.com\/reset-password\/\" \/>\n<meta property=\"og:locale\" content=\"es_ES\" \/>\n<meta property=\"og:type\" content=\"article\" \/>\n<meta property=\"og:title\" content=\"Restablecer contrase\u00f1a\" \/>\n<meta property=\"og:description\" content=\"\u00bfLo sab\u00edas? No caiga en los ataques de \u00abphishing\u00bb. Tenga mucho cuidado antes de hacer clic en un enlace (aunque parezca proceder de un sitio leg\u00edtimo) que le pida que inicie sesi\u00f3n, cambie su contrase\u00f1a...\" \/>\n<meta property=\"og:url\" content=\"https:\/\/boatopoly.com\/reset-password\/\" \/>\n<meta property=\"og:site_name\" content=\"Boatopoly\" \/>\n<meta property=\"article:publisher\" content=\"https:\/\/www.facebook.com\/boatopoly\" \/>\n<meta property=\"article:modified_time\" content=\"2024-05-16T05:28:54+00:00\" \/>\n<meta name=\"twitter:card\" content=\"summary_large_image\" \/>\n<meta name=\"twitter:label1\" content=\"Est. reading time\" \/>\n\t<meta name=\"twitter:data1\" content=\"1 minuto\" \/>\n<script type=\"application\/ld+json\" class=\"yoast-schema-graph\">{\"@context\":\"https:\/\/schema.org\",\"@graph\":[{\"@type\":\"WebPage\",\"@id\":\"https:\/\/boatopoly.com\/reset-password\/\",\"url\":\"https:\/\/boatopoly.com\/reset-password\/\",\"name\":\"Restablecer contrase\u00f1a | Boatopoly\",\"isPartOf\":{\"@id\":\"https:\/\/boatopoly.com\/#website\"},\"datePublished\":\"2024-03-25T13:11:16+00:00\",\"dateModified\":\"2024-05-16T05:28:54+00:00\",\"breadcrumb\":{\"@id\":\"https:\/\/boatopoly.com\/reset-password\/#breadcrumb\"},\"inLanguage\":\"es\",\"potentialAction\":[{\"@type\":\"ReadAction\",\"target\":[\"https:\/\/boatopoly.com\/reset-password\/\"]}]},{\"@type\":\"BreadcrumbList\",\"@id\":\"https:\/\/boatopoly.com\/reset-password\/#breadcrumb\",\"itemListElement\":[{\"@type\":\"ListItem\",\"position\":1,\"name\":\"Home\",\"item\":\"https:\/\/boatopoly.com\/es\/\"},{\"@type\":\"ListItem\",\"position\":2,\"name\":\"Restablecer contrase\u00f1a\"}]},{\"@type\":\"WebSite\",\"@id\":\"https:\/\/boatopoly.com\/#website\",\"url\":\"https:\/\/boatopoly.com\/\",\"name\":\"Boatopoly\",\"description\":\"no bubbles, just boats\",\"publisher\":{\"@id\":\"https:\/\/boatopoly.com\/#organization\"},\"potentialAction\":[{\"@type\":\"SearchAction\",\"target\":{\"@type\":\"EntryPoint\",\"urlTemplate\":\"https:\/\/boatopoly.com\/?s={search_term_string}\"},\"query-input\":{\"@type\":\"PropertyValueSpecification\",\"valueRequired\":true,\"valueName\":\"search_term_string\"}}],\"inLanguage\":\"es\"},{\"@type\":\"Organization\",\"@id\":\"https:\/\/boatopoly.com\/#organization\",\"name\":\"Boatopoly\",\"url\":\"https:\/\/boatopoly.com\/\",\"logo\":{\"@type\":\"ImageObject\",\"inLanguage\":\"es\",\"@id\":\"https:\/\/boatopoly.com\/#\/schema\/logo\/image\/\",\"url\":\"https:\/\/boatopoly.com\/wp-content\/uploads\/2024\/07\/2024-07-03-Boatopoly-Logo-1200x1200-1.png\",\"contentUrl\":\"https:\/\/boatopoly.com\/wp-content\/uploads\/2024\/07\/2024-07-03-Boatopoly-Logo-1200x1200-1.png\",\"width\":1200,\"height\":1200,\"caption\":\"Boatopoly\"},\"image\":{\"@id\":\"https:\/\/boatopoly.com\/#\/schema\/logo\/image\/\"},\"sameAs\":[\"https:\/\/www.facebook.com\/boatopoly\"]}]}<\/script>\n<!-- \/ Yoast SEO Premium plugin. -->","yoast_head_json":{"title":"Restablecer contrase\u00f1a | Boatopoly","canonical":"https:\/\/boatopoly.com\/reset-password\/","og_locale":"es_ES","og_type":"article","og_title":"Restablecer contrase\u00f1a","og_description":"\u00bfLo sab\u00edas? No caiga en los ataques de \u00abphishing\u00bb. Tenga mucho cuidado antes de hacer clic en un enlace (aunque parezca proceder de un sitio leg\u00edtimo) que le pida que inicie sesi\u00f3n, cambie su contrase\u00f1a...","og_url":"https:\/\/boatopoly.com\/reset-password\/","og_site_name":"Boatopoly","article_publisher":"https:\/\/www.facebook.com\/boatopoly","article_modified_time":"2024-05-16T05:28:54+00:00","twitter_card":"summary_large_image","twitter_misc":{"Est. reading time":"1 minuto"},"schema":{"@context":"https:\/\/schema.org","@graph":[{"@type":"WebPage","@id":"https:\/\/boatopoly.com\/reset-password\/","url":"https:\/\/boatopoly.com\/reset-password\/","name":"Restablecer contrase\u00f1a | Boatopoly","isPartOf":{"@id":"https:\/\/boatopoly.com\/#website"},"datePublished":"2024-03-25T13:11:16+00:00","dateModified":"2024-05-16T05:28:54+00:00","breadcrumb":{"@id":"https:\/\/boatopoly.com\/reset-password\/#breadcrumb"},"inLanguage":"es","potentialAction":[{"@type":"ReadAction","target":["https:\/\/boatopoly.com\/reset-password\/"]}]},{"@type":"BreadcrumbList","@id":"https:\/\/boatopoly.com\/reset-password\/#breadcrumb","itemListElement":[{"@type":"ListItem","position":1,"name":"Home","item":"https:\/\/boatopoly.com\/es\/"},{"@type":"ListItem","position":2,"name":"Restablecer contrase\u00f1a"}]},{"@type":"WebSite","@id":"https:\/\/boatopoly.com\/#website","url":"https:\/\/boatopoly.com\/","name":"Boatopoly","description":"no bubbles, just boats","publisher":{"@id":"https:\/\/boatopoly.com\/#organization"},"potentialAction":[{"@type":"SearchAction","target":{"@type":"EntryPoint","urlTemplate":"https:\/\/boatopoly.com\/?s={search_term_string}"},"query-input":{"@type":"PropertyValueSpecification","valueRequired":true,"valueName":"search_term_string"}}],"inLanguage":"es"},{"@type":"Organization","@id":"https:\/\/boatopoly.com\/#organization","name":"Boatopoly","url":"https:\/\/boatopoly.com\/","logo":{"@type":"ImageObject","inLanguage":"es","@id":"https:\/\/boatopoly.com\/#\/schema\/logo\/image\/","url":"https:\/\/boatopoly.com\/wp-content\/uploads\/2024\/07\/2024-07-03-Boatopoly-Logo-1200x1200-1.png","contentUrl":"https:\/\/boatopoly.com\/wp-content\/uploads\/2024\/07\/2024-07-03-Boatopoly-Logo-1200x1200-1.png","width":1200,"height":1200,"caption":"Boatopoly"},"image":{"@id":"https:\/\/boatopoly.com\/#\/schema\/logo\/image\/"},"sameAs":["https:\/\/www.facebook.com\/boatopoly"]}]}},"_links":{"self":[{"href":"https:\/\/boatopoly.com\/es\/wp-json\/wp\/v2\/pages\/25706"}],"collection":[{"href":"https:\/\/boatopoly.com\/es\/wp-json\/wp\/v2\/pages"}],"about":[{"href":"https:\/\/boatopoly.com\/es\/wp-json\/wp\/v2\/types\/page"}],"author":[{"embeddable":true,"href":"https:\/\/boatopoly.com\/es\/wp-json\/wp\/v2\/users\/455"}],"replies":[{"embeddable":true,"href":"https:\/\/boatopoly.com\/es\/wp-json\/wp\/v2\/comments?post=25706"}],"version-history":[{"count":1,"href":"https:\/\/boatopoly.com\/es\/wp-json\/wp\/v2\/pages\/25706\/revisions"}],"predecessor-version":[{"id":27630,"href":"https:\/\/boatopoly.com\/es\/wp-json\/wp\/v2\/pages\/25706\/revisions\/27630"}],"wp:attachment":[{"href":"https:\/\/boatopoly.com\/es\/wp-json\/wp\/v2\/media?parent=25706"}],"curies":[{"name":"wp","href":"https:\/\/api.w.org\/{rel}","templated":true}]}}