{"id":25702,"date":"2024-03-25T13:07:58","date_gmt":"2024-03-25T13:07:58","guid":{"rendered":"https:\/\/dev2.boatopoly.com\/consejos-utiles-para-vender-su-barco-rapidamente\/"},"modified":"2024-05-16T05:28:47","modified_gmt":"2024-05-16T05:28:47","slug":"consejos-utiles-para-vender-su-barco-rapidamente","status":"publish","type":"page","link":"https:\/\/boatopoly.com\/es\/consejos-utiles-para-vender-su-barco-rapidamente\/","title":{"rendered":"Consejos para vender tu barco"},"content":{"rendered":"<h3>1. La comercializaci\u00f3n de un barco es crucial.<\/h3>\n<p><span style=\"font-size: 12pt;\">An\u00fanciate con fuerza. Publique anuncios en la prensa n\u00e1utica local, en el gran diario y, si se trata de una embarcaci\u00f3n grande o de disponibilidad limitada que los compradores pueden viajar fuera del pa\u00eds para ver, coloque anuncios en los principales lugares regionales y nacionales. Los anuncios con im\u00e1genes e informaci\u00f3n detallada atraen m\u00e1s tr\u00e1fico. Puede imprimir f\u00e1cilmente el Expos\u00e9 de su anuncio de barco en Boatopoly y enviarlo o entregarlo a los compradores potenciales.<\/span><\/p>\n<h3>2. El barco debe estar en buenas condiciones cuando se muestre al cliente.<\/h3>\n<p><span style=\"font-size: 12pt;\">El estado t\u00e9cnico y visual de la embarcaci\u00f3n debe ser \u00f3ptimo cuando el cliente la vea. En primer lugar, aseg\u00farese de que el motor <\/span><span style=\"font-size: 12pt;\">o los motores funcionan sin problemas. Para ello, arranque el motor y cali\u00e9ntelo una hora antes de que el posible comprador venga a ver el barco. <\/span><span style=\"font-size: 12pt;\">Un arranque suave del barco puede aumentar enormemente el proceso de venta de su embarcaci\u00f3n, pero si su barco no arranca de inmediato, podr\u00eda <\/span><span style=\"font-size: 12pt;\">dejar de venderlo.<\/span><\/p>\n<h3>3. Limpie y pula su embarcaci\u00f3n antes de exponerla.<\/h3>\n<p><span style=\"font-size: 12pt;\">Aunque algunas personas consideran que el aspecto de la embarcaci\u00f3n es un factor secundario, esto no es cierto cuando se trata de venderla. Su <\/span><span style=\"font-size: 12pt;\">Un barco vale tanto como alguien est\u00e9 dispuesto a pagar por \u00e9l, y cuanto mejor sea su aspecto, m\u00e1s alto ser\u00e1 el precio de venta y m\u00e1s gente lo comprar\u00e1. <\/span><span style=\"font-size: 12pt;\">estar\u00eda muy interesado en poseer su barco. Utiliza productos y servicios de limpieza profesionales, si es posible, o hazlo t\u00fa mismo lo mejor que puedas. <\/span><span style=\"font-size: 12pt;\">Limpie el dep\u00f3sito, las consolas centrales, las alfombras y la tapicer\u00eda y pase un trapo por los armarios y todas las dem\u00e1s zonas de almacenamiento para que tengan un aspecto <\/span><span style=\"font-size: 12pt;\">agradables y acogedoras.<\/span><\/p>\n<h3>4. Desordena tu barco.<\/h3>\n<p><span style=\"font-size: 12pt;\">Para acentuar el espacio de su embarcaci\u00f3n, aseg\u00farese de retirar todos los objetos innecesarios y excesivos de su embarcaci\u00f3n, como algunas reservas de comida y bebida, objetos privados y objetos que no estaban en la embarcaci\u00f3n cuando la compr\u00f3 por primera vez. <\/span><span style=\"font-size: 12pt;\">comida y bebida, objetos personales y objetos que no estaban en el barco cuando lo compr\u00f3 por primera vez.<\/span><\/p>\n<h3>5. Pula y abrillante la embarcaci\u00f3n o dele una nueva capa de pintura si es necesario.<\/h3>\n<p><span style=\"font-size: 12pt;\">Es mucho m\u00e1s f\u00e1cil vender un barco que est\u00e1 completamente listo para el nuevo usuario. Si no est\u00e1 totalmente listo para el nuevo usuario, que sin duda <\/span><span style=\"font-size: 12pt;\">influyen en el tiempo necesario para cerrar el trato y la cantidad de dinero en efectivo que recibir\u00e1 de la transacci\u00f3n ser\u00e1 inevitablemente menor. <\/span><span style=\"font-size: 12pt;\">Vuelva a pintar la embarcaci\u00f3n si est\u00e1 descolorida o ara\u00f1ada. Haz peque\u00f1as mejoras o incluso a\u00f1ade una capa nueva. No importa lo que atraiga al comprador <\/span><span style=\"font-size: 12pt;\">atenci\u00f3n. Pinta el fondo (si est\u00e1 pintado) y pega con los colores base del casco del barco, como blanco o azul oscuro. El comprador puede ser f\u00e1cilmente <\/span><span style=\"font-size: 12pt;\">apagado si el barco est\u00e1 pintado en un color sorprendentemente funky.<\/span><\/p>\n<p><span style=\"font-size: 12pt;\">Si es necesario, d\u00e9 a su embarcaci\u00f3n una buena capa de cera. Al fotografiar una embarcaci\u00f3n para la publicidad o el visionado, la embarcaci\u00f3n debe brillar <\/span><span style=\"font-size: 12pt;\">y parecen nuevos. La cera para muebles en spray le dar\u00e1 un brillo temporal, pero la cera especial desarrollada para barcos durar\u00e1 m\u00e1s y <\/span><span style=\"font-size: 12pt;\">lucir a\u00fan mejor.<\/span><\/p>\n<h3>6. Haz fotos realmente buenas.<\/h3>\n<p><span style=\"font-size: 12pt;\">Puedes inspirarte en los tipos y \u00e1ngulos de las fotos de las revistas o p\u00e1ginas web de n\u00e1utica profesional. Las fotos <\/span><span style=\"font-size: 12pt;\">representan c\u00f3mo los profesionales ven y quieren que se vea el barco. Yo no sugerir\u00eda mirar siempre los otros anuncios de la <\/span><span style=\"font-size: 12pt;\">mercado como inspiraci\u00f3n, porque no todos los vendedores tienen el enfoque adecuado y eficaz. Si est\u00e1 dispuesto a invertir m\u00e1s para vender su barco, <\/span><span style=\"font-size: 12pt;\">contratar a un fot\u00f3grafo profesional le reportar\u00e1 sin duda m\u00e1s consultas. Captura los mejores \u00e1ngulos de tus barcos tomando varias y diferentes <\/span><span style=\"font-size: 12pt;\">disparos entre los que podr\u00e1 elegir los mejores para representar a su embarcaci\u00f3n de la mejor manera. Definitivamente conseguir una imagen de un barco de crucero. Ser\u00e1 <\/span><span style=\"font-size: 12pt;\">muy apropiado para mostrar las dimensiones de su embarcaci\u00f3n con ayuda de im\u00e1genes. No olvide captar los mejores detalles del barco con<\/span><br \/>\n<span style=\"font-size: 12pt;\">primeros planos.<\/span><\/p>\n<h3>7. Organizar el papeleo.<\/h3>\n<p><span style=\"font-size: 12pt;\">Aunque parezca una obviedad, a veces los propietarios no son conscientes de que alg\u00fan tr\u00e1mite no est\u00e1 en regla o simplemente <\/span><span style=\"font-size: 12pt;\">desaparecida. Compruebe que tiene la prueba de propiedad y tambi\u00e9n vaya un paso por delante y prepare el papeleo para transferir el <\/span><span style=\"font-size: 12pt;\">propiedad. Para evitar situaciones inc\u00f3modas y demostrar su profesionalidad, aseg\u00farese de que toda la documentaci\u00f3n est\u00e1 en regla. En este <\/span><span style=\"font-size: 12pt;\">Un caso de papeleo organizado puede reducir significativamente el tiempo de venta de la embarcaci\u00f3n.<\/span><\/p>\n","protected":false},"excerpt":{"rendered":"<p>1. La comercializaci\u00f3n de un barco es crucial. An\u00fanciate con fuerza. Publique anuncios en la prensa n\u00e1utica local, en el gran diario y, si se trata de una embarcaci\u00f3n grande o de disponibilidad limitada que&#8230;<\/p>\n","protected":false},"author":455,"featured_media":0,"parent":0,"menu_order":0,"comment_status":"closed","ping_status":"closed","template":"","meta":{"footnotes":""},"class_list":["post-25702","page","type-page","status-publish","hentry"],"yoast_head":"<!-- This site is optimized with the Yoast SEO Premium plugin v25.0 (Yoast SEO v25.1) - https:\/\/yoast.com\/wordpress\/plugins\/seo\/ -->\n<title>Consejos para vender tu barco | Boatopoly<\/title>\n<link rel=\"canonical\" href=\"https:\/\/boatopoly.com\/es\/consejos-utiles-para-vender-su-barco-rapidamente\/\" \/>\n<meta property=\"og:locale\" content=\"es_ES\" \/>\n<meta property=\"og:type\" content=\"article\" \/>\n<meta property=\"og:title\" content=\"Consejos para vender tu barco\" \/>\n<meta property=\"og:description\" content=\"1. La comercializaci\u00f3n de un barco es crucial. An\u00fanciate con fuerza. Publique anuncios en la prensa n\u00e1utica local, en el gran diario y, si se trata de una embarcaci\u00f3n grande o de disponibilidad limitada que...\" \/>\n<meta property=\"og:url\" content=\"https:\/\/boatopoly.com\/es\/consejos-utiles-para-vender-su-barco-rapidamente\/\" \/>\n<meta property=\"og:site_name\" content=\"Boatopoly\" \/>\n<meta property=\"article:publisher\" content=\"https:\/\/www.facebook.com\/boatopoly\" \/>\n<meta property=\"article:modified_time\" content=\"2024-05-16T05:28:47+00:00\" \/>\n<meta name=\"twitter:card\" content=\"summary_large_image\" \/>\n<meta name=\"twitter:label1\" content=\"Est. reading time\" \/>\n\t<meta name=\"twitter:data1\" content=\"4 minutos\" \/>\n<script type=\"application\/ld+json\" class=\"yoast-schema-graph\">{\"@context\":\"https:\/\/schema.org\",\"@graph\":[{\"@type\":\"WebPage\",\"@id\":\"https:\/\/boatopoly.com\/es\/consejos-utiles-para-vender-su-barco-rapidamente\/\",\"url\":\"https:\/\/boatopoly.com\/es\/consejos-utiles-para-vender-su-barco-rapidamente\/\",\"name\":\"Consejos para vender tu barco | Boatopoly\",\"isPartOf\":{\"@id\":\"https:\/\/boatopoly.com\/#website\"},\"datePublished\":\"2024-03-25T13:07:58+00:00\",\"dateModified\":\"2024-05-16T05:28:47+00:00\",\"breadcrumb\":{\"@id\":\"https:\/\/boatopoly.com\/es\/consejos-utiles-para-vender-su-barco-rapidamente\/#breadcrumb\"},\"inLanguage\":\"es\",\"potentialAction\":[{\"@type\":\"ReadAction\",\"target\":[\"https:\/\/boatopoly.com\/es\/consejos-utiles-para-vender-su-barco-rapidamente\/\"]}]},{\"@type\":\"BreadcrumbList\",\"@id\":\"https:\/\/boatopoly.com\/es\/consejos-utiles-para-vender-su-barco-rapidamente\/#breadcrumb\",\"itemListElement\":[{\"@type\":\"ListItem\",\"position\":1,\"name\":\"Home\",\"item\":\"https:\/\/boatopoly.com\/es\/\"},{\"@type\":\"ListItem\",\"position\":2,\"name\":\"Consejos para vender tu barco\"}]},{\"@type\":\"WebSite\",\"@id\":\"https:\/\/boatopoly.com\/#website\",\"url\":\"https:\/\/boatopoly.com\/\",\"name\":\"Boatopoly\",\"description\":\"no bubbles, just boats\",\"publisher\":{\"@id\":\"https:\/\/boatopoly.com\/#organization\"},\"potentialAction\":[{\"@type\":\"SearchAction\",\"target\":{\"@type\":\"EntryPoint\",\"urlTemplate\":\"https:\/\/boatopoly.com\/?s={search_term_string}\"},\"query-input\":{\"@type\":\"PropertyValueSpecification\",\"valueRequired\":true,\"valueName\":\"search_term_string\"}}],\"inLanguage\":\"es\"},{\"@type\":\"Organization\",\"@id\":\"https:\/\/boatopoly.com\/#organization\",\"name\":\"Boatopoly\",\"url\":\"https:\/\/boatopoly.com\/\",\"logo\":{\"@type\":\"ImageObject\",\"inLanguage\":\"es\",\"@id\":\"https:\/\/boatopoly.com\/#\/schema\/logo\/image\/\",\"url\":\"https:\/\/boatopoly.com\/wp-content\/uploads\/2024\/07\/2024-07-03-Boatopoly-Logo-1200x1200-1.png\",\"contentUrl\":\"https:\/\/boatopoly.com\/wp-content\/uploads\/2024\/07\/2024-07-03-Boatopoly-Logo-1200x1200-1.png\",\"width\":1200,\"height\":1200,\"caption\":\"Boatopoly\"},\"image\":{\"@id\":\"https:\/\/boatopoly.com\/#\/schema\/logo\/image\/\"},\"sameAs\":[\"https:\/\/www.facebook.com\/boatopoly\"]}]}<\/script>\n<!-- \/ Yoast SEO Premium plugin. -->","yoast_head_json":{"title":"Consejos para vender tu barco | Boatopoly","canonical":"https:\/\/boatopoly.com\/es\/consejos-utiles-para-vender-su-barco-rapidamente\/","og_locale":"es_ES","og_type":"article","og_title":"Consejos para vender tu barco","og_description":"1. La comercializaci\u00f3n de un barco es crucial. An\u00fanciate con fuerza. Publique anuncios en la prensa n\u00e1utica local, en el gran diario y, si se trata de una embarcaci\u00f3n grande o de disponibilidad limitada que...","og_url":"https:\/\/boatopoly.com\/es\/consejos-utiles-para-vender-su-barco-rapidamente\/","og_site_name":"Boatopoly","article_publisher":"https:\/\/www.facebook.com\/boatopoly","article_modified_time":"2024-05-16T05:28:47+00:00","twitter_card":"summary_large_image","twitter_misc":{"Est. reading time":"4 minutos"},"schema":{"@context":"https:\/\/schema.org","@graph":[{"@type":"WebPage","@id":"https:\/\/boatopoly.com\/es\/consejos-utiles-para-vender-su-barco-rapidamente\/","url":"https:\/\/boatopoly.com\/es\/consejos-utiles-para-vender-su-barco-rapidamente\/","name":"Consejos para vender tu barco | Boatopoly","isPartOf":{"@id":"https:\/\/boatopoly.com\/#website"},"datePublished":"2024-03-25T13:07:58+00:00","dateModified":"2024-05-16T05:28:47+00:00","breadcrumb":{"@id":"https:\/\/boatopoly.com\/es\/consejos-utiles-para-vender-su-barco-rapidamente\/#breadcrumb"},"inLanguage":"es","potentialAction":[{"@type":"ReadAction","target":["https:\/\/boatopoly.com\/es\/consejos-utiles-para-vender-su-barco-rapidamente\/"]}]},{"@type":"BreadcrumbList","@id":"https:\/\/boatopoly.com\/es\/consejos-utiles-para-vender-su-barco-rapidamente\/#breadcrumb","itemListElement":[{"@type":"ListItem","position":1,"name":"Home","item":"https:\/\/boatopoly.com\/es\/"},{"@type":"ListItem","position":2,"name":"Consejos para vender tu barco"}]},{"@type":"WebSite","@id":"https:\/\/boatopoly.com\/#website","url":"https:\/\/boatopoly.com\/","name":"Boatopoly","description":"no bubbles, just boats","publisher":{"@id":"https:\/\/boatopoly.com\/#organization"},"potentialAction":[{"@type":"SearchAction","target":{"@type":"EntryPoint","urlTemplate":"https:\/\/boatopoly.com\/?s={search_term_string}"},"query-input":{"@type":"PropertyValueSpecification","valueRequired":true,"valueName":"search_term_string"}}],"inLanguage":"es"},{"@type":"Organization","@id":"https:\/\/boatopoly.com\/#organization","name":"Boatopoly","url":"https:\/\/boatopoly.com\/","logo":{"@type":"ImageObject","inLanguage":"es","@id":"https:\/\/boatopoly.com\/#\/schema\/logo\/image\/","url":"https:\/\/boatopoly.com\/wp-content\/uploads\/2024\/07\/2024-07-03-Boatopoly-Logo-1200x1200-1.png","contentUrl":"https:\/\/boatopoly.com\/wp-content\/uploads\/2024\/07\/2024-07-03-Boatopoly-Logo-1200x1200-1.png","width":1200,"height":1200,"caption":"Boatopoly"},"image":{"@id":"https:\/\/boatopoly.com\/#\/schema\/logo\/image\/"},"sameAs":["https:\/\/www.facebook.com\/boatopoly"]}]}},"_links":{"self":[{"href":"https:\/\/boatopoly.com\/es\/wp-json\/wp\/v2\/pages\/25702"}],"collection":[{"href":"https:\/\/boatopoly.com\/es\/wp-json\/wp\/v2\/pages"}],"about":[{"href":"https:\/\/boatopoly.com\/es\/wp-json\/wp\/v2\/types\/page"}],"author":[{"embeddable":true,"href":"https:\/\/boatopoly.com\/es\/wp-json\/wp\/v2\/users\/455"}],"replies":[{"embeddable":true,"href":"https:\/\/boatopoly.com\/es\/wp-json\/wp\/v2\/comments?post=25702"}],"version-history":[{"count":1,"href":"https:\/\/boatopoly.com\/es\/wp-json\/wp\/v2\/pages\/25702\/revisions"}],"predecessor-version":[{"id":27627,"href":"https:\/\/boatopoly.com\/es\/wp-json\/wp\/v2\/pages\/25702\/revisions\/27627"}],"wp:attachment":[{"href":"https:\/\/boatopoly.com\/es\/wp-json\/wp\/v2\/media?parent=25702"}],"curies":[{"name":"wp","href":"https:\/\/api.w.org\/{rel}","templated":true}]}}