{"id":25682,"date":"2024-03-25T13:06:10","date_gmt":"2024-03-25T13:06:10","guid":{"rendered":"https:\/\/dev2.boatopoly.com\/ventajas-de-comprar-con-nosotros\/"},"modified":"2024-05-16T05:28:36","modified_gmt":"2024-05-16T05:28:36","slug":"ventajas-de-comprar-con-nosotros","status":"publish","type":"page","link":"https:\/\/boatopoly.com\/es\/ventajas-de-comprar-con-nosotros\/","title":{"rendered":"Ventajas de comprar con nosotros"},"content":{"rendered":"\n<p><\/p>\n\n\n\n<p><strong>\u00bfQu\u00e9 factores deben considerarse antes de comprar? Mejora tu experiencia de compra de embarcaciones al registrarte con nosotros. Al unirte a nuestra comunidad, acceder\u00e1 a un mundo de beneficios que har\u00e1n que tu b\u00fasqueda de la embarcaci\u00f3n o equipo perfectos sea a\u00fan m\u00e1s gratificante. \u00a1Descubra hoy mismo las ventajas de Boatopoly!<\/strong><\/p>\n","protected":false},"excerpt":{"rendered":"<p>\u00bfQu\u00e9 factores deben considerarse antes de comprar? Mejora tu experiencia de compra de embarcaciones al registrarte con nosotros. Al unirte a nuestra comunidad, acceder\u00e1 a un mundo de beneficios que har\u00e1n que tu b\u00fasqueda de&#8230;<\/p>\n","protected":false},"author":455,"featured_media":0,"parent":0,"menu_order":0,"comment_status":"closed","ping_status":"closed","template":"page-buy-with-us.php","meta":{"footnotes":""},"class_list":["post-25682","page","type-page","status-publish","hentry"],"yoast_head":"<!-- This site is optimized with the Yoast SEO Premium plugin v25.0 (Yoast SEO v25.1) - https:\/\/yoast.com\/wordpress\/plugins\/seo\/ -->\n<title>Ventajas de comprar con nosotros | Boatopoly<\/title>\n<link rel=\"canonical\" href=\"https:\/\/boatopoly.com\/es\/ventajas-de-comprar-con-nosotros\/\" \/>\n<meta property=\"og:locale\" content=\"es_ES\" \/>\n<meta property=\"og:type\" content=\"article\" \/>\n<meta property=\"og:title\" content=\"Ventajas de comprar con nosotros\" \/>\n<meta property=\"og:description\" content=\"\u00bfQu\u00e9 factores deben considerarse antes de comprar? Mejora tu experiencia de compra de embarcaciones al registrarte con nosotros. Al unirte a nuestra comunidad, acceder\u00e1 a un mundo de beneficios que har\u00e1n que tu b\u00fasqueda de...\" \/>\n<meta property=\"og:url\" content=\"https:\/\/boatopoly.com\/es\/ventajas-de-comprar-con-nosotros\/\" \/>\n<meta property=\"og:site_name\" content=\"Boatopoly\" \/>\n<meta property=\"article:publisher\" content=\"https:\/\/www.facebook.com\/boatopoly\" \/>\n<meta property=\"article:modified_time\" content=\"2024-05-16T05:28:36+00:00\" \/>\n<meta name=\"twitter:card\" content=\"summary_large_image\" \/>\n<meta name=\"twitter:label1\" content=\"Est. reading time\" \/>\n\t<meta name=\"twitter:data1\" content=\"1 minuto\" \/>\n<script type=\"application\/ld+json\" class=\"yoast-schema-graph\">{\"@context\":\"https:\/\/schema.org\",\"@graph\":[{\"@type\":\"WebPage\",\"@id\":\"https:\/\/boatopoly.com\/es\/ventajas-de-comprar-con-nosotros\/\",\"url\":\"https:\/\/boatopoly.com\/es\/ventajas-de-comprar-con-nosotros\/\",\"name\":\"Ventajas de comprar con nosotros | Boatopoly\",\"isPartOf\":{\"@id\":\"https:\/\/boatopoly.com\/#website\"},\"datePublished\":\"2024-03-25T13:06:10+00:00\",\"dateModified\":\"2024-05-16T05:28:36+00:00\",\"breadcrumb\":{\"@id\":\"https:\/\/boatopoly.com\/es\/ventajas-de-comprar-con-nosotros\/#breadcrumb\"},\"inLanguage\":\"es\",\"potentialAction\":[{\"@type\":\"ReadAction\",\"target\":[\"https:\/\/boatopoly.com\/es\/ventajas-de-comprar-con-nosotros\/\"]}]},{\"@type\":\"BreadcrumbList\",\"@id\":\"https:\/\/boatopoly.com\/es\/ventajas-de-comprar-con-nosotros\/#breadcrumb\",\"itemListElement\":[{\"@type\":\"ListItem\",\"position\":1,\"name\":\"Home\",\"item\":\"https:\/\/boatopoly.com\/es\/\"},{\"@type\":\"ListItem\",\"position\":2,\"name\":\"Ventajas de comprar con nosotros\"}]},{\"@type\":\"WebSite\",\"@id\":\"https:\/\/boatopoly.com\/#website\",\"url\":\"https:\/\/boatopoly.com\/\",\"name\":\"Boatopoly\",\"description\":\"no bubbles, just boats\",\"publisher\":{\"@id\":\"https:\/\/boatopoly.com\/#organization\"},\"potentialAction\":[{\"@type\":\"SearchAction\",\"target\":{\"@type\":\"EntryPoint\",\"urlTemplate\":\"https:\/\/boatopoly.com\/?s={search_term_string}\"},\"query-input\":{\"@type\":\"PropertyValueSpecification\",\"valueRequired\":true,\"valueName\":\"search_term_string\"}}],\"inLanguage\":\"es\"},{\"@type\":\"Organization\",\"@id\":\"https:\/\/boatopoly.com\/#organization\",\"name\":\"Boatopoly\",\"url\":\"https:\/\/boatopoly.com\/\",\"logo\":{\"@type\":\"ImageObject\",\"inLanguage\":\"es\",\"@id\":\"https:\/\/boatopoly.com\/#\/schema\/logo\/image\/\",\"url\":\"https:\/\/boatopoly.com\/wp-content\/uploads\/2024\/07\/2024-07-03-Boatopoly-Logo-1200x1200-1.png\",\"contentUrl\":\"https:\/\/boatopoly.com\/wp-content\/uploads\/2024\/07\/2024-07-03-Boatopoly-Logo-1200x1200-1.png\",\"width\":1200,\"height\":1200,\"caption\":\"Boatopoly\"},\"image\":{\"@id\":\"https:\/\/boatopoly.com\/#\/schema\/logo\/image\/\"},\"sameAs\":[\"https:\/\/www.facebook.com\/boatopoly\"]}]}<\/script>\n<!-- \/ Yoast SEO Premium plugin. -->","yoast_head_json":{"title":"Ventajas de comprar con nosotros | Boatopoly","canonical":"https:\/\/boatopoly.com\/es\/ventajas-de-comprar-con-nosotros\/","og_locale":"es_ES","og_type":"article","og_title":"Ventajas de comprar con nosotros","og_description":"\u00bfQu\u00e9 factores deben considerarse antes de comprar? Mejora tu experiencia de compra de embarcaciones al registrarte con nosotros. Al unirte a nuestra comunidad, acceder\u00e1 a un mundo de beneficios que har\u00e1n que tu b\u00fasqueda de...","og_url":"https:\/\/boatopoly.com\/es\/ventajas-de-comprar-con-nosotros\/","og_site_name":"Boatopoly","article_publisher":"https:\/\/www.facebook.com\/boatopoly","article_modified_time":"2024-05-16T05:28:36+00:00","twitter_card":"summary_large_image","twitter_misc":{"Est. reading time":"1 minuto"},"schema":{"@context":"https:\/\/schema.org","@graph":[{"@type":"WebPage","@id":"https:\/\/boatopoly.com\/es\/ventajas-de-comprar-con-nosotros\/","url":"https:\/\/boatopoly.com\/es\/ventajas-de-comprar-con-nosotros\/","name":"Ventajas de comprar con nosotros | Boatopoly","isPartOf":{"@id":"https:\/\/boatopoly.com\/#website"},"datePublished":"2024-03-25T13:06:10+00:00","dateModified":"2024-05-16T05:28:36+00:00","breadcrumb":{"@id":"https:\/\/boatopoly.com\/es\/ventajas-de-comprar-con-nosotros\/#breadcrumb"},"inLanguage":"es","potentialAction":[{"@type":"ReadAction","target":["https:\/\/boatopoly.com\/es\/ventajas-de-comprar-con-nosotros\/"]}]},{"@type":"BreadcrumbList","@id":"https:\/\/boatopoly.com\/es\/ventajas-de-comprar-con-nosotros\/#breadcrumb","itemListElement":[{"@type":"ListItem","position":1,"name":"Home","item":"https:\/\/boatopoly.com\/es\/"},{"@type":"ListItem","position":2,"name":"Ventajas de comprar con nosotros"}]},{"@type":"WebSite","@id":"https:\/\/boatopoly.com\/#website","url":"https:\/\/boatopoly.com\/","name":"Boatopoly","description":"no bubbles, just boats","publisher":{"@id":"https:\/\/boatopoly.com\/#organization"},"potentialAction":[{"@type":"SearchAction","target":{"@type":"EntryPoint","urlTemplate":"https:\/\/boatopoly.com\/?s={search_term_string}"},"query-input":{"@type":"PropertyValueSpecification","valueRequired":true,"valueName":"search_term_string"}}],"inLanguage":"es"},{"@type":"Organization","@id":"https:\/\/boatopoly.com\/#organization","name":"Boatopoly","url":"https:\/\/boatopoly.com\/","logo":{"@type":"ImageObject","inLanguage":"es","@id":"https:\/\/boatopoly.com\/#\/schema\/logo\/image\/","url":"https:\/\/boatopoly.com\/wp-content\/uploads\/2024\/07\/2024-07-03-Boatopoly-Logo-1200x1200-1.png","contentUrl":"https:\/\/boatopoly.com\/wp-content\/uploads\/2024\/07\/2024-07-03-Boatopoly-Logo-1200x1200-1.png","width":1200,"height":1200,"caption":"Boatopoly"},"image":{"@id":"https:\/\/boatopoly.com\/#\/schema\/logo\/image\/"},"sameAs":["https:\/\/www.facebook.com\/boatopoly"]}]}},"_links":{"self":[{"href":"https:\/\/boatopoly.com\/es\/wp-json\/wp\/v2\/pages\/25682"}],"collection":[{"href":"https:\/\/boatopoly.com\/es\/wp-json\/wp\/v2\/pages"}],"about":[{"href":"https:\/\/boatopoly.com\/es\/wp-json\/wp\/v2\/types\/page"}],"author":[{"embeddable":true,"href":"https:\/\/boatopoly.com\/es\/wp-json\/wp\/v2\/users\/455"}],"replies":[{"embeddable":true,"href":"https:\/\/boatopoly.com\/es\/wp-json\/wp\/v2\/comments?post=25682"}],"version-history":[{"count":1,"href":"https:\/\/boatopoly.com\/es\/wp-json\/wp\/v2\/pages\/25682\/revisions"}],"predecessor-version":[{"id":27620,"href":"https:\/\/boatopoly.com\/es\/wp-json\/wp\/v2\/pages\/25682\/revisions\/27620"}],"wp:attachment":[{"href":"https:\/\/boatopoly.com\/es\/wp-json\/wp\/v2\/media?parent=25682"}],"curies":[{"name":"wp","href":"https:\/\/api.w.org\/{rel}","templated":true}]}}