{"id":25428,"date":"2024-03-19T14:24:28","date_gmt":"2024-03-19T14:24:28","guid":{"rendered":"https:\/\/dev2.boatopoly.com\/preguntas-frecuentes\/"},"modified":"2024-06-17T10:48:49","modified_gmt":"2024-06-17T10:48:49","slug":"preguntas-frecuentes","status":"publish","type":"page","link":"https:\/\/boatopoly.com\/es\/preguntas-frecuentes\/","title":{"rendered":"PREGUNTAS FRECUENTES"},"content":{"rendered":"<div class=\"accordion-content\">\n<h3>No puedo utilizar mis datos (nombre de usuario y contrase\u00f1a) para iniciar sesi\u00f3n. \u00bfCu\u00e1l podr\u00eda ser la raz\u00f3n?<\/h3>\n<p>Es posible que haya un error tipogr\u00e1fico en tus datos \u2013 aqu\u00ed algunos consejos: Comprueba que tu direcci\u00f3n de correo electr\u00f3nico o tu nombre de usuario y contrase\u00f1a est\u00e1n en may\u00fasculas y min\u00fasculas.<\/p>\n<p>Si no recuerdas tu contrase\u00f1a, podemos enviarte una nueva: <a href=\"https:\/\/boatopoly.com\/es\/restablecer-contrasena\/\">\u00abEnviar nueva contrase\u00f1a\u00bb.<\/a> S\u00f3lo tienes que introducir tu direcci\u00f3n de correo electr\u00f3nico y recibir\u00e1s autom\u00e1ticamente un enlace a un sitio web con opciones de recuperaci\u00f3n.<br \/>\nSi no recuerdas tu nombre de usuario, que puede ser id\u00e9ntico a tu correo electr\u00f3nico de registro, ponte en contacto con nuestro equipo de asistencia. Tambi\u00e9n podemos ayudarte con la publicidad y el n\u00famero de cliente.<\/p>\n<a class=\"color-blue\" href=\"https:\/\/boatopoly.com\/es\/pongase-en-contacto-con-nosotros\/\" target=\"_blank\">Cont\u00e1ctanos<\/a>\n<p>Correo electr\u00f3nico: <a href=\"mailto:support@boatopoly.com\" class=\"color-inherit d-inline-block\">support@boatopoly.com<\/a><\/p>\n<h3>No he recibido la nueva contrase\u00f1a que solicit\u00e9 que me enviaran, \u00bfcu\u00e1l podr\u00eda ser el motivo?<\/h3>\n<p>Es posible que hayas utilizado otra direcci\u00f3n de correo electr\u00f3nico en tu registro comparada con la que acabas de comprobar. O te equivocaste al ingresar tu direcci\u00f3n de correo electr\u00f3nico.<\/p>\n<p>Ponte <a href=\"https:\/\/dev2.boatopoly.com\/contact-us\/\">en contacto<\/a> con nosotros a trav\u00e9s del <a href=\"https:\/\/dev2.boatopoly.com\/contact-us\/\">formulario de contacto<\/a>. Nos gustar\u00eda seguir ayud\u00e1ndote. Por favor, ten a la mano tu n\u00famero de cliente o de anuncio o informanos el n\u00famero por medio de un mensaje.<\/p>\n<a class=\"color-blue\" href=\"https:\/\/boatopoly.com\/es\/pongase-en-contacto-con-nosotros\/\" target=\"_blank\">Cont\u00e1ctanos<\/a>\n<p>Correo electr\u00f3nico: <a href=\"mailto:support@boatopoly.com\" class=\"color-inherit d-inline-block\">support@boatopoly.com<\/a><\/p>\n<h3>No he recibido ninguna solicitud de compra, \u00bfa qu\u00e9 puede deberse?<\/h3>\n<p>La demanda de tu objeto de venta es demasiado baja para las condiciones preestablecidas (por ejemplo, el precio).<\/p>\n<p>O tu objeto es particularmente inusual, grande, exclusivo, etc., raz\u00f3n por la cual puede llevar m\u00e1s tiempo encontrar al comprador adecuado. Los objetos muy caros suelen tardar m\u00e1s en venderse. Seg\u00fan las estad\u00edsticas, se tarda hasta unos 270 d\u00edas en vender un barco.<\/p>\n<p>Por favor, comprueba si tu buz\u00f3n de correo electr\u00f3nico podr\u00eda estar lleno.<\/p>\n<p>Es posible que la direcci\u00f3n de correo electr\u00f3nico facilitada contenga un error tipogr\u00e1fico o que est\u00e9s utilizando una direcci\u00f3n de correo electr\u00f3nico diferente. Comprueba tu direcci\u00f3n de correo electr\u00f3nico y corr\u00edjela si es necesario. Tambi\u00e9n puedes <a href=\"https:\/\/dev2.boatopoly.com\/contact-us\/\">ponerse en contacto con el equipo de asistencia<\/a> para obtener m\u00e1s ayuda. Indica el n\u00famero del anuncio o de la factura.<\/p>\n<a class=\"color-blue\" href=\"https:\/\/boatopoly.com\/es\/pongase-en-contacto-con-nosotros\/\" target=\"_blank\">Cont\u00e1ctanos<\/a>\n<h3>\u00bfCu\u00e1l es la raz\u00f3n de que no pueda ver los cambios en mi anuncio como tal?<\/h3>\n<p>Al cargar un sitio web, el navegador de Internet lo guarda en la cach\u00e9 del navegador.<\/p>\n<p>Para ver la \u00faltima versi\u00f3n y, por tanto, los cambios del sitio web, puede ser \u00fatil actualizar la p\u00e1gina (a menudo con F5 o con el bot\u00f3n \u00abactualizar\u00bb de su navegador). En casos especialmente persistentes puede ser necesario borrar la lista de cach\u00e9 (temporal).<\/p>\n<h3>\u00bfPor qu\u00e9 mi anuncio no aparece en la parte superior de la p\u00e1gina, a pesar de que acabo de activarlo?<\/h3>\n<p>Con el fin de garantizar una visibilidad equitativa de su anuncio y ofrecer altas posibilidades de venta durante todo el periodo de publicaci\u00f3n, todos los anuncios se mezclan continuamente durante su publicaci\u00f3n. Por lo tanto, los objetos con un periodo de cotizaci\u00f3n m\u00e1s largo no tienen desventajas.<\/p>\n<h3>\u00bfC\u00f3mo puedo ampliar el periodo de vigencia de mi anuncio si se acerca el final?<\/h3>\n<p>Puedes ampliar el periodo de publicaci\u00f3n de tu anuncio accediendo a tu cuenta de usuario. Dir\u00edgete a \u00abMis anuncios\u00bb y selecciona \u00abAmpliar\u00bb como opci\u00f3n de edici\u00f3n.<\/p>\n<p>Adem\u00e1s, recibir\u00e1s un correo electr\u00f3nico de notificaci\u00f3n autom\u00e1tica hacia el final del periodo de tu anuncio, lo que permite ampliarlo muy c\u00f3modamente a trav\u00e9s de un enlace. Esta opci\u00f3n puede deseleccionarse en la configuraci\u00f3n del correo electr\u00f3nico.<\/p>\n<h3>\u00bfQu\u00e9 formatos de archivo son posibles para subir fotos?<\/h3>\n<p>Por el momento, las fotos pueden cargarse en los formatos jpg, gif y png; habr\u00e1 m\u00e1s opciones en el futuro.<\/p>\n<p>Si tienes tus fotos en distintos tipos de formato, puedes convertirlas a otro formato con un conversor de formatos de imagen. Tambi\u00e9n puedes enviarnos las fotos y nosotros organizaremos la carga por ti: <a href=\"mailto:support@boatopoly.com\" class=\"color-inherit d-inline-block\">support@boatopoly.com<\/a><\/p>\n<h3>\u00bfC\u00f3mo puedo desactivar o eliminar un anuncio?<\/h3>\n<p>Si has vendido tu embarcaci\u00f3n con \u00e9xito y ya no deseas recibir m\u00e1s consultas, puedes eliminar tu anuncio.<\/p>\n<p>Acceda <a href=\"https:\/\/dev2.boatopoly.com\/login\/\">a<\/a> tu cuenta de usuario, selecciona \u00abMis anuncios\u00bb en la p\u00e1gina de informaci\u00f3n general y haz clic en la opci\u00f3n \u00abEliminar\u00bb.<\/p>\n<p>\u00bfSigues teniendo el objeto de venta ofertado, pero deseas interrumpir la publicidad durante un periodo limitado? En ese caso, te recomendamos que te limites a \u00abdesactivar\u00bb el anuncio, ya que podr\u00e1s volver a activarlo en cualquier momento. Sin embargo, el periodo de compra contin\u00faa activo.<\/p>\n<a class=\"color-blue\" href=\"https:\/\/boatopoly.com\/es\/login\/\" target=\"_blank\">Inicio de sesi\u00f3n<\/a>\n<h3>\u00bfD\u00f3nde puedo encontrar un resumen de los n\u00fameros de acceso o estad\u00edsticas de clics en el anuncio?<\/h3>\n<p>Despu\u00e9s de acceder a tu cuenta de usuario, puedes ver el n\u00famero actual de visitantes de tu anuncio en \u00abMis anuncios\u00bb.<\/p>\n<h3>\u00bfD\u00f3nde puedo ver mi propio anuncio en Boatopoly?<\/h3>\n<p>Tras acceder a tu cuenta de usuario, puedes seleccionar tu anuncio en \u00abMis anuncios\u00bb.<\/p>\n<p>Si tienes varios objetos anunciados, puedes seleccionar el objeto deseado de una lista. As\u00ed, tu anuncio podr\u00e1 verse tal y como lo ven los compradores potenciales y desde su perspectiva.<\/p>\n<p>Tambi\u00e9n puedes buscar tu objeto con la funci\u00f3n de b\u00fasqueda, que se encuentra en la barra de men\u00fa. No es necesario iniciar sesi\u00f3n.<\/p>\n<p>M\u00e9todo recomendado: En primer lugar, elije la categor\u00eda de tu embarcaci\u00f3n u objeto (por ejemplo, lancha motora o velero). Despu\u00e9s puedes introducir el t\u00edtulo de b\u00fasqueda en la barra de b\u00fasqueda de acuerdo con el t\u00edtulo de tu anuncio. Cuanto m\u00e1s preciso sea el t\u00edtulo que introduzcas, m\u00e1s r\u00e1pido encontrar\u00e1s tu anuncio en los resultados.<\/p>\n<h3>\u00bfExiste la posibilidad de un reembolso parcial si la embarcaci\u00f3n se vende antes de que finalice el periodo de cotizaci\u00f3n adquirido?<\/h3>\n<p class=\"western\" lang=\"de-DE\">En primer lugar, enhorabuena por tu venta. Esperamos que el anuncio haya contribuido a la venta de tu objeto.<\/p>\n<p class=\"western\" lang=\"de-DE\">Lamentablemente, no es posible efectuar un reembolso tras la activaci\u00f3n del anuncio, aunque no se haya producido ninguna venta. Nos gustar\u00eda esforzarnos por crear futuros anuncios m\u00e1s atractivos para los compradores y aplicar nuestra experiencia y conocimientos.<\/p>\n<p>De acuerdo con las condiciones acordadas, la tarifa completa se abonar\u00e1 en el momento de la publicaci\u00f3n del anuncio. Se descarta un reembolso y tampoco es transferible.<\/p>\n<h3>\u00bfPuedo recibir una factura por el anuncio pagado?<\/h3>\n<p>Por supuesto, recibir\u00e1s una factura legal por las tasas abonadas. La factura indica todos los requisitos apropiados de acuerdo con la legislaci\u00f3n fiscal, as\u00ed como otra informaci\u00f3n e impuestos necesarios.<\/p>\n<h3>\u00bfLos precios son brutos o netos? \u00bfY c\u00f3mo se gestiona el Impuesto sobre el Valor A\u00f1adido?<\/h3>\n<p>Los precios indicados son precios brutos, que ya incluyen el importe del Impuesto sobre el Valor A\u00f1adido. Esto significa que no se a\u00f1ade m\u00e1s IVA. El IVA se declara conforme a la ley.<\/p>\n<p>Como cliente particular de un pa\u00eds de la UE, se muestra tu impuesto nacional sobre las ventas y se calcula el precio neto para que el precio bruto sea el mismo independientemente de su pa\u00eds de origen.<\/p>\n<p>Excepci\u00f3n: \u00bfTe anuncias como empresa y la ubicaci\u00f3n de tu empresa se encuentra en otros pa\u00edses de la UE (no en Alemania) (1) y posees un n\u00famero de identificaci\u00f3n fiscal (2), que has indicado y confirmado en tu perfil de usuario (3)? Esto aplica cuando la emisi\u00f3n de la factura es sin IVA.<\/p>\n<\/div>\n","protected":false},"excerpt":{"rendered":"<p>No puedo utilizar mis datos (nombre de usuario y contrase\u00f1a) para iniciar sesi\u00f3n. \u00bfCu\u00e1l podr\u00eda ser la raz\u00f3n? Es posible que haya un error tipogr\u00e1fico en tus datos \u2013 aqu\u00ed algunos consejos: Comprueba que tu&#8230;<\/p>\n","protected":false},"author":455,"featured_media":0,"parent":0,"menu_order":0,"comment_status":"closed","ping_status":"closed","template":"","meta":{"footnotes":""},"class_list":["post-25428","page","type-page","status-publish","hentry"],"yoast_head":"<!-- This site is optimized with the Yoast SEO Premium plugin v25.0 (Yoast SEO v25.1) - https:\/\/yoast.com\/wordpress\/plugins\/seo\/ -->\n<title>PREGUNTAS FRECUENTES | Boatopoly<\/title>\n<link rel=\"canonical\" href=\"https:\/\/boatopoly.com\/es\/preguntas-frecuentes\/\" \/>\n<meta property=\"og:locale\" content=\"es_ES\" \/>\n<meta property=\"og:type\" content=\"article\" \/>\n<meta property=\"og:title\" content=\"PREGUNTAS FRECUENTES\" \/>\n<meta property=\"og:description\" content=\"No puedo utilizar mis datos (nombre de usuario y contrase\u00f1a) para iniciar sesi\u00f3n. \u00bfCu\u00e1l podr\u00eda ser la raz\u00f3n? Es posible que haya un error tipogr\u00e1fico en tus datos \u2013 aqu\u00ed algunos consejos: Comprueba que tu...\" \/>\n<meta property=\"og:url\" content=\"https:\/\/boatopoly.com\/es\/preguntas-frecuentes\/\" \/>\n<meta property=\"og:site_name\" content=\"Boatopoly\" \/>\n<meta property=\"article:publisher\" content=\"https:\/\/www.facebook.com\/boatopoly\" \/>\n<meta property=\"article:modified_time\" content=\"2024-06-17T10:48:49+00:00\" \/>\n<meta name=\"twitter:card\" content=\"summary_large_image\" \/>\n<meta name=\"twitter:label1\" content=\"Est. reading time\" \/>\n\t<meta name=\"twitter:data1\" content=\"6 minutos\" \/>\n<script type=\"application\/ld+json\" class=\"yoast-schema-graph\">{\"@context\":\"https:\/\/schema.org\",\"@graph\":[{\"@type\":\"WebPage\",\"@id\":\"https:\/\/boatopoly.com\/es\/preguntas-frecuentes\/\",\"url\":\"https:\/\/boatopoly.com\/es\/preguntas-frecuentes\/\",\"name\":\"PREGUNTAS FRECUENTES | Boatopoly\",\"isPartOf\":{\"@id\":\"https:\/\/boatopoly.com\/#website\"},\"datePublished\":\"2024-03-19T14:24:28+00:00\",\"dateModified\":\"2024-06-17T10:48:49+00:00\",\"breadcrumb\":{\"@id\":\"https:\/\/boatopoly.com\/es\/preguntas-frecuentes\/#breadcrumb\"},\"inLanguage\":\"es\",\"potentialAction\":[{\"@type\":\"ReadAction\",\"target\":[\"https:\/\/boatopoly.com\/es\/preguntas-frecuentes\/\"]}]},{\"@type\":\"BreadcrumbList\",\"@id\":\"https:\/\/boatopoly.com\/es\/preguntas-frecuentes\/#breadcrumb\",\"itemListElement\":[{\"@type\":\"ListItem\",\"position\":1,\"name\":\"Home\",\"item\":\"https:\/\/boatopoly.com\/es\/\"},{\"@type\":\"ListItem\",\"position\":2,\"name\":\"PREGUNTAS FRECUENTES\"}]},{\"@type\":\"WebSite\",\"@id\":\"https:\/\/boatopoly.com\/#website\",\"url\":\"https:\/\/boatopoly.com\/\",\"name\":\"Boatopoly\",\"description\":\"no bubbles, just boats\",\"publisher\":{\"@id\":\"https:\/\/boatopoly.com\/#organization\"},\"potentialAction\":[{\"@type\":\"SearchAction\",\"target\":{\"@type\":\"EntryPoint\",\"urlTemplate\":\"https:\/\/boatopoly.com\/?s={search_term_string}\"},\"query-input\":{\"@type\":\"PropertyValueSpecification\",\"valueRequired\":true,\"valueName\":\"search_term_string\"}}],\"inLanguage\":\"es\"},{\"@type\":\"Organization\",\"@id\":\"https:\/\/boatopoly.com\/#organization\",\"name\":\"Boatopoly\",\"url\":\"https:\/\/boatopoly.com\/\",\"logo\":{\"@type\":\"ImageObject\",\"inLanguage\":\"es\",\"@id\":\"https:\/\/boatopoly.com\/#\/schema\/logo\/image\/\",\"url\":\"https:\/\/boatopoly.com\/wp-content\/uploads\/2024\/07\/2024-07-03-Boatopoly-Logo-1200x1200-1.png\",\"contentUrl\":\"https:\/\/boatopoly.com\/wp-content\/uploads\/2024\/07\/2024-07-03-Boatopoly-Logo-1200x1200-1.png\",\"width\":1200,\"height\":1200,\"caption\":\"Boatopoly\"},\"image\":{\"@id\":\"https:\/\/boatopoly.com\/#\/schema\/logo\/image\/\"},\"sameAs\":[\"https:\/\/www.facebook.com\/boatopoly\"]}]}<\/script>\n<!-- \/ Yoast SEO Premium plugin. -->","yoast_head_json":{"title":"PREGUNTAS FRECUENTES | Boatopoly","canonical":"https:\/\/boatopoly.com\/es\/preguntas-frecuentes\/","og_locale":"es_ES","og_type":"article","og_title":"PREGUNTAS FRECUENTES","og_description":"No puedo utilizar mis datos (nombre de usuario y contrase\u00f1a) para iniciar sesi\u00f3n. \u00bfCu\u00e1l podr\u00eda ser la raz\u00f3n? Es posible que haya un error tipogr\u00e1fico en tus datos \u2013 aqu\u00ed algunos consejos: Comprueba que tu...","og_url":"https:\/\/boatopoly.com\/es\/preguntas-frecuentes\/","og_site_name":"Boatopoly","article_publisher":"https:\/\/www.facebook.com\/boatopoly","article_modified_time":"2024-06-17T10:48:49+00:00","twitter_card":"summary_large_image","twitter_misc":{"Est. reading time":"6 minutos"},"schema":{"@context":"https:\/\/schema.org","@graph":[{"@type":"WebPage","@id":"https:\/\/boatopoly.com\/es\/preguntas-frecuentes\/","url":"https:\/\/boatopoly.com\/es\/preguntas-frecuentes\/","name":"PREGUNTAS FRECUENTES | Boatopoly","isPartOf":{"@id":"https:\/\/boatopoly.com\/#website"},"datePublished":"2024-03-19T14:24:28+00:00","dateModified":"2024-06-17T10:48:49+00:00","breadcrumb":{"@id":"https:\/\/boatopoly.com\/es\/preguntas-frecuentes\/#breadcrumb"},"inLanguage":"es","potentialAction":[{"@type":"ReadAction","target":["https:\/\/boatopoly.com\/es\/preguntas-frecuentes\/"]}]},{"@type":"BreadcrumbList","@id":"https:\/\/boatopoly.com\/es\/preguntas-frecuentes\/#breadcrumb","itemListElement":[{"@type":"ListItem","position":1,"name":"Home","item":"https:\/\/boatopoly.com\/es\/"},{"@type":"ListItem","position":2,"name":"PREGUNTAS FRECUENTES"}]},{"@type":"WebSite","@id":"https:\/\/boatopoly.com\/#website","url":"https:\/\/boatopoly.com\/","name":"Boatopoly","description":"no bubbles, just boats","publisher":{"@id":"https:\/\/boatopoly.com\/#organization"},"potentialAction":[{"@type":"SearchAction","target":{"@type":"EntryPoint","urlTemplate":"https:\/\/boatopoly.com\/?s={search_term_string}"},"query-input":{"@type":"PropertyValueSpecification","valueRequired":true,"valueName":"search_term_string"}}],"inLanguage":"es"},{"@type":"Organization","@id":"https:\/\/boatopoly.com\/#organization","name":"Boatopoly","url":"https:\/\/boatopoly.com\/","logo":{"@type":"ImageObject","inLanguage":"es","@id":"https:\/\/boatopoly.com\/#\/schema\/logo\/image\/","url":"https:\/\/boatopoly.com\/wp-content\/uploads\/2024\/07\/2024-07-03-Boatopoly-Logo-1200x1200-1.png","contentUrl":"https:\/\/boatopoly.com\/wp-content\/uploads\/2024\/07\/2024-07-03-Boatopoly-Logo-1200x1200-1.png","width":1200,"height":1200,"caption":"Boatopoly"},"image":{"@id":"https:\/\/boatopoly.com\/#\/schema\/logo\/image\/"},"sameAs":["https:\/\/www.facebook.com\/boatopoly"]}]}},"_links":{"self":[{"href":"https:\/\/boatopoly.com\/es\/wp-json\/wp\/v2\/pages\/25428"}],"collection":[{"href":"https:\/\/boatopoly.com\/es\/wp-json\/wp\/v2\/pages"}],"about":[{"href":"https:\/\/boatopoly.com\/es\/wp-json\/wp\/v2\/types\/page"}],"author":[{"embeddable":true,"href":"https:\/\/boatopoly.com\/es\/wp-json\/wp\/v2\/users\/455"}],"replies":[{"embeddable":true,"href":"https:\/\/boatopoly.com\/es\/wp-json\/wp\/v2\/comments?post=25428"}],"version-history":[{"count":2,"href":"https:\/\/boatopoly.com\/es\/wp-json\/wp\/v2\/pages\/25428\/revisions"}],"predecessor-version":[{"id":28040,"href":"https:\/\/boatopoly.com\/es\/wp-json\/wp\/v2\/pages\/25428\/revisions\/28040"}],"wp:attachment":[{"href":"https:\/\/boatopoly.com\/es\/wp-json\/wp\/v2\/media?parent=25428"}],"curies":[{"name":"wp","href":"https:\/\/api.w.org\/{rel}","templated":true}]}}