{"id":27454,"date":"2023-08-03T10:22:14","date_gmt":"2023-08-03T10:22:14","guid":{"rendered":"https:\/\/dev2.boatopoly.com\/ueber-uns\/"},"modified":"2024-05-16T05:27:27","modified_gmt":"2024-05-16T05:27:27","slug":"ueber-uns","status":"publish","type":"page","link":"https:\/\/boatopoly.com\/de\/ueber-uns\/","title":{"rendered":"\u00dcber uns"},"content":{"rendered":"<p>Boatopoly \u2013 No bubbles, just boats.<\/p>\n<p>Boatopoly wurde 2015 gegr\u00fcndet und hat seinen Sitz in M\u00fcnchen, Deutschland. Es ist ein vertrauensw\u00fcrdiger Community-Marktplatz, auf dem Menschen auf der ganzen Welt Boote und Bootsausr\u00fcstung auflisten, entdecken und kaufen k\u00f6nnen \u2013 online oder \u00fcber ein Mobiltelefon oder Tablet.<\/p>\n<p>Unsere Mission ist es, Verk\u00e4ufern die Plattform, L\u00f6sungen und Unterst\u00fctzung zu bieten, die sie ben\u00f6tigen, um ihr Gesch\u00e4ft auszubauen und erfolgreich zu sein. Wir messen unseren Erfolg am Erfolg unserer Kunden.<\/p>\n<p>Ob ein Motorboot f\u00fcr Familienabenteuer, eine Yacht, um eine sch\u00f6ne Zeit mit Ihren Freunden zu verbringen, oder ein Schiff f\u00fcr Ihr Unternehmen, Boatopoly verbindet Menschen zu einzigartigen Meereserlebnissen, egal zu welchem Preis, auf der ganzen Welt. Und mit erstklassigem Kundenservice und einer wachsenden Benutzergemeinschaft ist Boatopoly f\u00fcr Menschen die einfachste M\u00f6glichkeit, ihre nicht mehr gebrauchten Boote zu monetarisieren oder einem Millionenpublikum neue Boote vorzustellen.<\/p>\n<p>F\u00fcr Produktanfragen, technischen Support und rechtliche Fragen k\u00f6nnen Sie uns \u00fcber unser <a href=\"https:\/\/dev2.boatopoly.com\/contact-us\/\">Online-Kontaktformular<\/a> kontaktieren.<\/p>\n","protected":false},"excerpt":{"rendered":"<p>Boatopoly \u2013 No bubbles, just boats. Boatopoly wurde 2015 gegr\u00fcndet und hat seinen Sitz in M\u00fcnchen, Deutschland. Es ist ein vertrauensw\u00fcrdiger Community-Marktplatz, auf dem Menschen auf der ganzen Welt Boote und Bootsausr\u00fcstung auflisten, entdecken und&#8230;<\/p>\n","protected":false},"author":455,"featured_media":0,"parent":0,"menu_order":0,"comment_status":"closed","ping_status":"closed","template":"","meta":{"footnotes":""},"class_list":["post-27454","page","type-page","status-publish","hentry"],"yoast_head":"<!-- This site is optimized with the Yoast SEO Premium plugin v25.0 (Yoast SEO v25.1) - https:\/\/yoast.com\/wordpress\/plugins\/seo\/ -->\n<title>\u00dcber uns | Boatopoly<\/title>\n<link rel=\"canonical\" href=\"https:\/\/boatopoly.com\/de\/ueber-uns\/\" \/>\n<meta property=\"og:locale\" content=\"de_DE\" \/>\n<meta property=\"og:type\" content=\"article\" \/>\n<meta property=\"og:title\" content=\"\u00dcber uns\" \/>\n<meta property=\"og:description\" content=\"Boatopoly \u2013 No bubbles, just boats. Boatopoly wurde 2015 gegr\u00fcndet und hat seinen Sitz in M\u00fcnchen, Deutschland. Es ist ein vertrauensw\u00fcrdiger Community-Marktplatz, auf dem Menschen auf der ganzen Welt Boote und Bootsausr\u00fcstung auflisten, entdecken und...\" \/>\n<meta property=\"og:url\" content=\"https:\/\/boatopoly.com\/de\/ueber-uns\/\" \/>\n<meta property=\"og:site_name\" content=\"Boatopoly\" \/>\n<meta property=\"article:publisher\" content=\"https:\/\/www.facebook.com\/boatopoly\" \/>\n<meta property=\"article:modified_time\" content=\"2024-05-16T05:27:27+00:00\" \/>\n<meta name=\"twitter:card\" content=\"summary_large_image\" \/>\n<meta name=\"twitter:label1\" content=\"Est. reading time\" \/>\n\t<meta name=\"twitter:data1\" content=\"1 Minute\" \/>\n<script type=\"application\/ld+json\" class=\"yoast-schema-graph\">{\"@context\":\"https:\/\/schema.org\",\"@graph\":[{\"@type\":\"WebPage\",\"@id\":\"https:\/\/boatopoly.com\/de\/ueber-uns\/\",\"url\":\"https:\/\/boatopoly.com\/de\/ueber-uns\/\",\"name\":\"\u00dcber uns | Boatopoly\",\"isPartOf\":{\"@id\":\"https:\/\/boatopoly.com\/#website\"},\"datePublished\":\"2023-08-03T10:22:14+00:00\",\"dateModified\":\"2024-05-16T05:27:27+00:00\",\"breadcrumb\":{\"@id\":\"https:\/\/boatopoly.com\/de\/ueber-uns\/#breadcrumb\"},\"inLanguage\":\"de-DE\",\"potentialAction\":[{\"@type\":\"ReadAction\",\"target\":[\"https:\/\/boatopoly.com\/de\/ueber-uns\/\"]}]},{\"@type\":\"BreadcrumbList\",\"@id\":\"https:\/\/boatopoly.com\/de\/ueber-uns\/#breadcrumb\",\"itemListElement\":[{\"@type\":\"ListItem\",\"position\":1,\"name\":\"Home\",\"item\":\"https:\/\/boatopoly.com\/de\/\"},{\"@type\":\"ListItem\",\"position\":2,\"name\":\"\u00dcber uns\"}]},{\"@type\":\"WebSite\",\"@id\":\"https:\/\/boatopoly.com\/#website\",\"url\":\"https:\/\/boatopoly.com\/\",\"name\":\"Boatopoly\",\"description\":\"no bubbles, just boats\",\"publisher\":{\"@id\":\"https:\/\/boatopoly.com\/#organization\"},\"potentialAction\":[{\"@type\":\"SearchAction\",\"target\":{\"@type\":\"EntryPoint\",\"urlTemplate\":\"https:\/\/boatopoly.com\/?s={search_term_string}\"},\"query-input\":{\"@type\":\"PropertyValueSpecification\",\"valueRequired\":true,\"valueName\":\"search_term_string\"}}],\"inLanguage\":\"de-DE\"},{\"@type\":\"Organization\",\"@id\":\"https:\/\/boatopoly.com\/#organization\",\"name\":\"Boatopoly\",\"url\":\"https:\/\/boatopoly.com\/\",\"logo\":{\"@type\":\"ImageObject\",\"inLanguage\":\"de-DE\",\"@id\":\"https:\/\/boatopoly.com\/#\/schema\/logo\/image\/\",\"url\":\"https:\/\/boatopoly.com\/wp-content\/uploads\/2024\/07\/2024-07-03-Boatopoly-Logo-1200x1200-1.png\",\"contentUrl\":\"https:\/\/boatopoly.com\/wp-content\/uploads\/2024\/07\/2024-07-03-Boatopoly-Logo-1200x1200-1.png\",\"width\":1200,\"height\":1200,\"caption\":\"Boatopoly\"},\"image\":{\"@id\":\"https:\/\/boatopoly.com\/#\/schema\/logo\/image\/\"},\"sameAs\":[\"https:\/\/www.facebook.com\/boatopoly\"]}]}<\/script>\n<!-- \/ Yoast SEO Premium plugin. -->","yoast_head_json":{"title":"\u00dcber uns | Boatopoly","canonical":"https:\/\/boatopoly.com\/de\/ueber-uns\/","og_locale":"de_DE","og_type":"article","og_title":"\u00dcber uns","og_description":"Boatopoly \u2013 No bubbles, just boats. Boatopoly wurde 2015 gegr\u00fcndet und hat seinen Sitz in M\u00fcnchen, Deutschland. Es ist ein vertrauensw\u00fcrdiger Community-Marktplatz, auf dem Menschen auf der ganzen Welt Boote und Bootsausr\u00fcstung auflisten, entdecken und...","og_url":"https:\/\/boatopoly.com\/de\/ueber-uns\/","og_site_name":"Boatopoly","article_publisher":"https:\/\/www.facebook.com\/boatopoly","article_modified_time":"2024-05-16T05:27:27+00:00","twitter_card":"summary_large_image","twitter_misc":{"Est. reading time":"1 Minute"},"schema":{"@context":"https:\/\/schema.org","@graph":[{"@type":"WebPage","@id":"https:\/\/boatopoly.com\/de\/ueber-uns\/","url":"https:\/\/boatopoly.com\/de\/ueber-uns\/","name":"\u00dcber uns | Boatopoly","isPartOf":{"@id":"https:\/\/boatopoly.com\/#website"},"datePublished":"2023-08-03T10:22:14+00:00","dateModified":"2024-05-16T05:27:27+00:00","breadcrumb":{"@id":"https:\/\/boatopoly.com\/de\/ueber-uns\/#breadcrumb"},"inLanguage":"de-DE","potentialAction":[{"@type":"ReadAction","target":["https:\/\/boatopoly.com\/de\/ueber-uns\/"]}]},{"@type":"BreadcrumbList","@id":"https:\/\/boatopoly.com\/de\/ueber-uns\/#breadcrumb","itemListElement":[{"@type":"ListItem","position":1,"name":"Home","item":"https:\/\/boatopoly.com\/de\/"},{"@type":"ListItem","position":2,"name":"\u00dcber uns"}]},{"@type":"WebSite","@id":"https:\/\/boatopoly.com\/#website","url":"https:\/\/boatopoly.com\/","name":"Boatopoly","description":"no bubbles, just boats","publisher":{"@id":"https:\/\/boatopoly.com\/#organization"},"potentialAction":[{"@type":"SearchAction","target":{"@type":"EntryPoint","urlTemplate":"https:\/\/boatopoly.com\/?s={search_term_string}"},"query-input":{"@type":"PropertyValueSpecification","valueRequired":true,"valueName":"search_term_string"}}],"inLanguage":"de-DE"},{"@type":"Organization","@id":"https:\/\/boatopoly.com\/#organization","name":"Boatopoly","url":"https:\/\/boatopoly.com\/","logo":{"@type":"ImageObject","inLanguage":"de-DE","@id":"https:\/\/boatopoly.com\/#\/schema\/logo\/image\/","url":"https:\/\/boatopoly.com\/wp-content\/uploads\/2024\/07\/2024-07-03-Boatopoly-Logo-1200x1200-1.png","contentUrl":"https:\/\/boatopoly.com\/wp-content\/uploads\/2024\/07\/2024-07-03-Boatopoly-Logo-1200x1200-1.png","width":1200,"height":1200,"caption":"Boatopoly"},"image":{"@id":"https:\/\/boatopoly.com\/#\/schema\/logo\/image\/"},"sameAs":["https:\/\/www.facebook.com\/boatopoly"]}]}},"_links":{"self":[{"href":"https:\/\/boatopoly.com\/de\/wp-json\/wp\/v2\/pages\/27454"}],"collection":[{"href":"https:\/\/boatopoly.com\/de\/wp-json\/wp\/v2\/pages"}],"about":[{"href":"https:\/\/boatopoly.com\/de\/wp-json\/wp\/v2\/types\/page"}],"author":[{"embeddable":true,"href":"https:\/\/boatopoly.com\/de\/wp-json\/wp\/v2\/users\/455"}],"replies":[{"embeddable":true,"href":"https:\/\/boatopoly.com\/de\/wp-json\/wp\/v2\/comments?post=27454"}],"version-history":[{"count":1,"href":"https:\/\/boatopoly.com\/de\/wp-json\/wp\/v2\/pages\/27454\/revisions"}],"predecessor-version":[{"id":27581,"href":"https:\/\/boatopoly.com\/de\/wp-json\/wp\/v2\/pages\/27454\/revisions\/27581"}],"wp:attachment":[{"href":"https:\/\/boatopoly.com\/de\/wp-json\/wp\/v2\/media?parent=27454"}],"curies":[{"name":"wp","href":"https:\/\/api.w.org\/{rel}","templated":true}]}}