{"id":27,"date":"2020-04-07T09:13:52","date_gmt":"2020-04-07T09:13:52","guid":{"rendered":"https:\/\/dev2.boatopoly.com\/?page_id=27"},"modified":"2023-06-01T14:31:16","modified_gmt":"2023-06-01T14:31:16","slug":"allgemeine","status":"publish","type":"page","link":"https:\/\/boatopoly.com\/de\/allgemeine\/","title":{"rendered":"Gesch\u00e4ftsbedingungen"},"content":{"rendered":"<p><span style=\"font-size: 16px;\"><strong>1. Anwendungsbereich<\/strong><\/span><\/p>\n<p>1.1. Die Bergx2 GmbH ist Muttergesellschaft der Marke Boatopoly.com und betreibt diese innerhalb der Unternehmensgruppe als internationales Onlineportal f\u00fcr Boote, Yachten und Schiffe. Boatopoly.com wird nachfolgend auch als \u201eBoatopoly\u201c genannt.<\/p>\n<p>1.2. Die nachfolgenden allgemeinen Gesch\u00e4ftsbedingungen gelten f\u00fcr alle Angebote und Dienstleistungen von Boatopoly. Der Kunde akzeptiert diese Gesch\u00e4ftsbedingungen ohne Ausnahme und Vorbehalt durch die Bestellung unserer Dienstleistung bzw. der Nutzung eines Angebots oder einer Dienstleistung.<\/p>\n<p>1.3. Die Plattform wird in mehreren Sprachen betrieben. Die Vertragssprache ist jedoch stets deutsch.<\/p>\n<p><span style=\"font-size: 16px;\"><strong>2. Beginn und Dauer des Vertrags<\/strong><\/span><\/p>\n<p>2.1. Das Vertragsverh\u00e4ltnis beginnt unmittelbar nach der Bestellung des Kunden bzw. nach der Anzeigenver\u00f6ffentlichung des Kunden. Die Anzeigenver\u00f6ffentlichung wird durch die Best\u00e4tigung der Laufzeit und das Bet\u00e4tigen der Schaltfl\u00e4che \u201cZahlungspflichtig kaufen\u201d oder \u201eZahlungspflichtig bestellen\u201c als Auftrag an uns \u00fcbermittelt.<\/p>\n<p>2.2. Die Dauer des Vertrags kann je nach Angebot der Anzeigenaufgabe 30, 60, 90, 180 oder 365 Tage betragen. Sobald die Frist des Vertrags abgelaufen ist, wird das Inserat automatisch auf inaktiv gesetzt.<\/p>\n<p>2.3 Dar\u00fcber hinaus hat der Kunde bei besonderen Dauervertragsverh\u00e4ltnissen, die einen Zeitraum von mehr als einem Jahr betragen, die M\u00f6glichkeit eine Vertragsdauer ohne zeitliche Befristung auszuw\u00e4hlen. In diesem Fall, und nur in diesem Fall, ist eine K\u00fcndigung zum Ende des n\u00e4chsten Monats m\u00f6glich. Die K\u00fcndigung muss in schriftlicher Form erfolgen.<\/p>\n<p>2.4. Mit der Auftrags\u00fcbermittlung auf elektronischem Weg deutet der Kunde hin, dass er mit allen Bedingungen des Vertrages einverstanden ist.<\/p>\n<p><span style=\"font-size: 16px;\"><strong>3. Preise und Zahlungskonditionen<\/strong><\/span><\/p>\n<p>3.1. Der Kunde erkl\u00e4rt sich mit der \u00dcbermittlung einer elektronischen Rechnung einverstanden.<\/p>\n<p>3.2. Die berechnete Dienstleistung umfasst die Nutzung des Onlineportals und der jeweils zum Angebot geh\u00f6rigen Leistungen entsprechend der Artikelbeschreibung. Separat bestellte zus\u00e4tzliche Leistungen werden nur nach individueller Vereinbarung mit dem Kunden in Rechnung gestellt.<\/p>\n<p>3.3. G\u00fcltigkeit haben die auf der Website von Boatopoly.com publizierten Preise. Ausschlaggebend sind die Preise zum Zeitpunkt der Auftragserteilung. Preis\u00e4nderungen f\u00fcr zuk\u00fcnftige Zeitr\u00e4ume k\u00f6nnen seitens von Boatopoly vorgenommen werden. Dies hat keine Auswirkungen auf bereits laufende Vertragsverh\u00e4ltnisse.<\/p>\n<p>3.4. Im Fall einer Verl\u00e4ngerung des Vertrags gelten die Preise entsprechend der zu diesem Augenblick publizierten H\u00f6he.<\/p>\n<p>3.5. Die Rechnung ist 10 Tage nach Ausstellung zur Zahlung f\u00e4llig. Boatopoly kann den Vertrag ohne Anrecht auf eine Entsch\u00e4digung und auch ohne vorherige Mahnung aufheben, wenn der Kunde nicht vor Ablauf der F\u00e4lligkeit zahlt. Des Weiteren beh\u00e4lt sich Boatpoly das Recht vor dem Kunden den Zugang zu Anwendungen zu sperren, wenn dieser nicht fristgerecht bezahlt. Erst nach Bezahlung des gesamten offenen Betrags wird dem Kunden der Zugang wieder erm\u00f6glicht. F\u00fcr die ausgefallene Zeit der Sperrung, w\u00e4hrend einer \u00fcberf\u00e4lligen aber nicht beglichenen Rechnung, kann der Kunde keinen Ausgleich in Form einer Verl\u00e4ngerung verlangen.<\/p>\n<p>3.6. Boatopoly beh\u00e4lt sich vor den Vertrag auch ohne Fristsetzung zu k\u00fcndigen sowie die Nutzung der Dienstleistung einzustellen, wenn der Kunde in Verzug mit der Zahlung ist.<\/p>\n<p>3.7. M\u00f6gliche Methoden der Zahlung umfassen: Die Kreditkarten Visa, Mastercard und American Express (?), daneben gibt es Rechnung und Bank\u00fcberweisung, Bankeinzug oder PayPal. Zus\u00e4tzliche Transaktionskosten sind vom Kunden aufzubringen.<\/p>\n<p>3.8. Kommt der Kunde in Zahlungsverzug k\u00f6nnen ihm Verzugszinsen berechnet werden. Als weitere Kosten f\u00fcr die Eintreibung k\u00f6nnen Mahn- und Inkassokosten anfallen.<\/p>\n<p><span style=\"font-size: 16px;\"><strong>4. Anzeigenrechte<\/strong><\/span><\/p>\n<p>4.1. Mit Beauftragung und Ver\u00f6ffentlichung auf dem Portal erh\u00e4lt Boatopoly s\u00e4mtliche Exklusivrechte zur Verwertung der Anzeige.<\/p>\n<p><span style=\"font-size: 16px;\"><strong>5. Publikationsfl\u00e4chen<\/strong><\/span><\/p>\n<p>5.1. Die Ver\u00f6ffentlichung der Anzeige verpflichtet einzig Boatopoly \u2013 und nicht Partnerunternehmen \u2013 zur Leistung. Gleichwohl kann das Crawlen, Kopieren Verlinken oder Framen der Anzeigeninhalte durch Dritte, die sich Inhalte anzueignen versuchen, nicht mit Garantie ausgeschlossen werden. Im Falle eines widerrechtlichen Erfassens und Kopierens der Inhalte bei Boatopoly, kann der Kunde keine Schadens- oder Ersatzanspr\u00fcche gegen\u00fcber uns erwirken.<\/p>\n<p>5.2. Boatopoly darf die Anzeige auf den eigenen Portalseiten, auf Webseiten der Portalpartner sowie durch Nutzung von Eintr\u00e4gen in Suchmaschinen, ver\u00f6ffentlichen.<\/p>\n<p>5.3. Die Publikation der Anzeige kann dar\u00fcber hinaus auch durch andere Kan\u00e4le und Medien erfolgen, zum Beispiel mittels E-Mail, Banner oder Telefon. Kooperationspartner sind berechtigt die Anzeige selber zu verbreiten. F\u00fcr s\u00e4mtliche Ma\u00dfnahmen, die nicht explizit durch den Kunden in Auftrag gegeben wurden und von Boatopoly oder seinen Kooperationspartnern freiwillig umgesetzt werden, entstehen dem Kunden keine Zusatzkosten.<\/p>\n<p><span style=\"font-size: 16px;\"><strong>6. Adaption des Anzeigentextes<\/strong><\/span><\/p>\n<p>6.1. Adaptionen des Anzeigeninhalts sind f\u00fcr den Kunden auch nach der Ver\u00f6ffentlichung erlaubt, soweit diese nicht ein g\u00e4nzlich anderes angebotenes Objekt in der Anzeige ergeben. Pro Anzeigenfreischaltung ist w\u00e4hrend der gesamten Publikationsphase nur ein Angebotsobjekt erlaubt.<\/p>\n<p><span style=\"font-size: 16px;\"><strong>7. Recht zur Weigerung<\/strong><\/span><\/p>\n<p>7.1. Einzelne Kundenangebote k\u00f6nnen von Boatopoly auch ohne Nennung der Ursache abgelehnt werden.<\/p>\n<p>7.2. Boatopoly kann auch ohne Erlaubnisanfrage beim Kunden kleine Adaptionen hinsichtlich des Anzeigeninhalts vornehmen, wenn diese auf Grund der Verst\u00e4ndlichkeit oder im Sinne des Kunden sind. Auch darf Boatopoly den Inhalt sowie die Anzeige in verschiedenen Sprachen ver\u00f6ffentlichen.<\/p>\n<p>7.3. Sofern die Nutzungsbedingungen von Boatopoly nicht eingehalten werden, kann die Ver\u00f6ffentlichung der Anzeige verweigert werden.<\/p>\n<p>[hier einf\u00fcgen: Link zu Nutzungsbedingungen]<\/p>\n<p>7.4. Boatopoly ist nicht verpflichtet ihren Teil des Vertrags zu erf\u00fcllen, wenn es einen berechtigten Anlass gibt. Zum Beispiel: eine nicht fristgerecht bezahlte Rechnung, eine erfolglose Bezahltransaktion mit elektronischen Mitteln wie Kreditkarte, Abbuchung usw. vorliegt, bei gesetzeswidrigem und f\u00fcr das Portal sch\u00e4dlichem Verhalten; wenn Falschangaben des Kunden vorliegen.<\/p>\n<p>7.5. Boatopoly ist berechtigt zur Deaktivierung, Sperrung oder L\u00f6schung von Inseraten, wenn diese die Rechte einer anderen Partei beschneiden (zum Beispiel das Recht am Bild, an der Urheberschaft oder Schutzrechte an Namen und Marken) oder wenn staatliche Gesetze nicht eingehalten werden. Dabei kann bei Dringlichkeit auf eine Fristsetzung oder vorherige Mitteilung verzichtet werden. Ein Recht auf Erstattung der Geb\u00fchr besteht nicht.<\/p>\n<p><span style=\"font-size: 16px;\"><strong>8. Vertragspflichten und Aufgaben des Kunden<\/strong><\/span><\/p>\n<p>8.1. F\u00fcr die Publikation der Inhalte im Internet und die sich daraus ergebenden Folgen steht der Kunde in der Haftung. Eine zwingende oder automatische Vorpr\u00fcfung vor einer Ver\u00f6ffentlichung durch Boatopoly findet nicht statt.<\/p>\n<p>8.2. Nicht erlaubt sind Inhalte, die grunds\u00e4tzlich rechtswidrig sind, die gegen den Unternehmenskodex versto\u00dfen, Diskriminierungspotenzial bergen oder ein deutsches, europ\u00e4isches oder internationales Gesetz verletzen. Dazu geh\u00f6ren politisch extremistische, nicht-jugendfreie, gewaltverherrlichende oder sonstige sittenwidrige Inhalte. Nicht erlaubt sind auch Inhalte, die das Recht an der Urheberschaft anderer Parteien brechen.<\/p>\n<p>8.3. Boatopoly is nicht verpflichtet Kopien der Kundeninhalte zum Zwecke der Datensicherung vorzunehmen. Der Kunde ist angehalten seine Daten vor dem Upload bei sich selber zu sichern. Gleichwohl erstellt Boatopoly zu bestimmten Zeiten Backups auf den Servern vor, die aber nie den aktuellsten Moment darstellen k\u00f6nnen.<\/p>\n<p>8.4. Die Nutzungsbedingungen [Link] von Boatopoly werden mittels und zum Zeitpunkt der Beauftragung durch den Kunden akzeptiert.<\/p>\n<p>8.5. Die Aufbereitung und Aktivierung der Anzeige oder sonstiger Leistungen f\u00e4llt in den Aufgabenbereich des Kunden.<\/p>\n<p>8.6. Boatopoly ist nicht verpflichtet Kopien der Kundeninhalte zum Zwecke der Datensicherung vorzunehmen. Der Kunde ist angehalten seine Daten vor dem Upload bei sich selber zu sichern. Gleichwohl erstellt Boatopoly zu bestimmten Zeiten Backups auf den Servern vor, die aber nie den aktuellsten Moment darstellen k\u00f6nnen.<\/p>\n<p>8.3. Die Weitergabe der pers\u00f6nlichen und Benutzerkontozugangsinformationen (insbesondere Passwort) an andere Personen oder die fahrl\u00e4ssige und \u00f6ffentliche Zug\u00e4nglichmachung ist nicht erlaubt.<\/p>\n<p>8.6. Boatopoly kann die Erbringung der Dienstleistung aussetzen sowie den Vertrag ohne Vorwarnung und Frist k\u00fcndigen, auch ohne eine Entsch\u00e4digung aufbringen zu m\u00fcssen, wenn der Kunde die AGBs schon in einzelnen Teilen nicht einh\u00e4lt oder die Nutzungsbedingungen verletzt.<\/p>\n<p><span style=\"font-size: 16px;\"><strong>9. Vorzeitige L\u00f6schung der Anzeige<\/strong><\/span><\/p>\n<p>9.1. Nach der Ver\u00f6ffentlichung kann der Kunde seine Anzeige zu jedem Zeitpunkt l\u00f6schen. Wird das Verkaufsobjekt effektiv verkauft, so ist der Kunde verpflichtet die Anzeige aus dem Angebot zu nehmen, um ein irref\u00fchrendes weiteres Angebot zu verhindern und unn\u00f6tige Anfragen zu reduzieren.<\/p>\n<p>9.2. Die Deaktivierung oder L\u00f6schung einer Anzeige erfolgt durch den Kunden selber \u2013 mittels Anmeldung mit seinen Benutzerdaten.<\/p>\n<p>9.3. Entscheidet sich der Kunde f\u00fcr eine L\u00f6schung der Anzeige vor Ablauf der gebuchten Vertragsdauer, so bleibt die G\u00fcltigkeit des Vertrags davon unber\u00fchrt.<\/p>\n<p>9.4. Mit der Publikation der Kundenanzeige auf dem Portal von Boatopoly ist die Leistung erbracht, auch wenn es auf Grund eines Verkaufs bereits vor Vertragsende zu einer Deaktivierung oder L\u00f6schung der Anzeige durch den Kunden kommt. Eine R\u00fcckzahlung der Publikationsgeb\u00fchr ist daher nicht m\u00f6glich, auch nicht pro rata zur Ver\u00f6ffentlichungsdauer.<\/p>\n<p><span style=\"font-size: 16px;\"><strong>10. Haftung und Gew\u00e4hrleistung<\/strong><\/span><\/p>\n<p>10.1. Boatopoly \u00fcbernimmt keine Schadenshaftung f\u00fcr das Risiko, dem der Kunde durch den Datentransfer, die Publikation der Anzeige im Internet und den Gebrauch unseres Portals ausgesetzt ist. Der Kunde hat das Risiko selber abzuw\u00e4gen und zu tragen.<\/p>\n<p>10.2. F\u00fcr Einbu\u00dfen auf Grund von unvorhergesehenen Schwierigkeiten wie Serverausfall, Verlust von Daten, Transfersch\u00e4den und Datensicherheit \u00fcbernimmt Boatopoly keine Verantwortung. Ebenso kann keine Haftung f\u00fcr daraus m\u00f6glicherweise resultierende Profitausf\u00e4lle oder sonstige Sch\u00e4den \u00fcbernommen werden.<\/p>\n<p>10.3. Im Fall sonstiger, au\u00dferhalb der eigenen Verf\u00fcgungsmacht stehender Beeintr\u00e4chtigungen, wie Internetausfall, Sicherheitsdefizite, Ausf\u00e4lle des internen Netzwerks, des Fernmeldenetzes des lokalen Providers oder anderer Dienstleister kann Boatopoly nicht in Haftung genommen werden. Aufwendungen anderer Serviceprovider kann Boatopoly nicht tragen.<\/p>\n<p>10.4. Absolute Sicherheit f\u00fcr die m\u00e4ngelfreie Erbringung der Dienstleistungen kann Boatopoly nicht bieten \u2013 zumal, wenn die Beeintr\u00e4chtigung durch Dritte verursacht wird. Auch kann der zeitlich uneingeschr\u00e4nkte Zugriff und die Fehlerfreiheit des Datenangebots nicht gew\u00e4hrleistet werden.<\/p>\n<p>10.5. Wenn Au\u00dfenstehende die Infrastruktur des Internets st\u00f6ren, kann Boatopoly keine Haftung f\u00fcr daraus gegebenenfalls entstandene Konsequenzen \u00fcbernehmen.<\/p>\n<p>10.6. F\u00fcr die vom Kunden angebotenen Objekte haftet alleine der Anbieter bzw. der Verk\u00e4ufer. Boatopoly kann nicht in die Pflicht genommen werden f\u00fcr Kaufvertr\u00e4ge oder Vertragsvereinbarungen verantwortlich zu sein und ist zu keinem Zeitpunkt Vertragspartei zwischen K\u00e4ufer und Verk\u00e4ufer eines Objekts. Gew\u00e4hrleistung oder Garantie \u00fcbernimmt Boatopoly daher nicht f\u00fcr das Objekt.<\/p>\n<p><span style=\"font-size: 16px;\"><strong>11. Schlussbestimmungen<\/strong><\/span><\/p>\n<p>11.1. Diese Gesch\u00e4ftsbedingungen unterliegen einzig deutschem Recht. Gerichtsstand ist M\u00fcnchen, Deutschland.<\/p>\n<p>11.2. Sollten einzelne Bestimmungen unwirksam sein, bleibt der Vertrag dennoch bestehen. Die Wirksamkeit aller \u00fcbrigen Bestimmungen bleibt davon unber\u00fchrt. Die unwirksame Regelung ist durch eine Regelung zu ersetzen, die dem Zweck der unwirksamen Regelung am n\u00e4chsten kommt.<\/p>\n<p><span style=\"font-size: 16px;\"><strong>12. Widerrufsrecht<\/strong><\/span><\/p>\n<p>12.1. Das Recht zum Vertragswiderruf betr\u00e4gt 14 Tage. Details dazu finden sich zus\u00e4tzlich in unseren Widerrufshinweisen.<\/p>\n","protected":false},"excerpt":{"rendered":"<p>1. Anwendungsbereich 1.1. Die Bergx2 GmbH ist Muttergesellschaft der Marke Boatopoly.com und betreibt diese innerhalb der Unternehmensgruppe als internationales Onlineportal f\u00fcr Boote, Yachten und Schiffe. Boatopoly.com wird nachfolgend auch als \u201eBoatopoly\u201c genannt. 1.2. Die nachfolgenden&#8230;<\/p>\n","protected":false},"author":1,"featured_media":0,"parent":0,"menu_order":0,"comment_status":"closed","ping_status":"closed","template":"","meta":{"footnotes":""},"class_list":["post-27","page","type-page","status-publish","hentry"],"yoast_head":"<!-- This site is optimized with the Yoast SEO Premium plugin v25.0 (Yoast SEO v25.1) - https:\/\/yoast.com\/wordpress\/plugins\/seo\/ -->\n<title>Gesch\u00e4ftsbedingungen | Boatopoly<\/title>\n<link rel=\"canonical\" href=\"https:\/\/boatopoly.com\/de\/allgemeine\/\" \/>\n<meta property=\"og:locale\" content=\"de_DE\" \/>\n<meta property=\"og:type\" content=\"article\" \/>\n<meta property=\"og:title\" content=\"Gesch\u00e4ftsbedingungen\" \/>\n<meta property=\"og:description\" content=\"1. Anwendungsbereich 1.1. Die Bergx2 GmbH ist Muttergesellschaft der Marke Boatopoly.com und betreibt diese innerhalb der Unternehmensgruppe als internationales Onlineportal f\u00fcr Boote, Yachten und Schiffe. Boatopoly.com wird nachfolgend auch als \u201eBoatopoly\u201c genannt. 1.2. Die nachfolgenden...\" \/>\n<meta property=\"og:url\" content=\"https:\/\/boatopoly.com\/de\/allgemeine\/\" \/>\n<meta property=\"og:site_name\" content=\"Boatopoly\" \/>\n<meta property=\"article:publisher\" content=\"https:\/\/www.facebook.com\/boatopoly\" \/>\n<meta property=\"article:modified_time\" content=\"2023-06-01T14:31:16+00:00\" \/>\n<meta name=\"twitter:card\" content=\"summary_large_image\" \/>\n<meta name=\"twitter:label1\" content=\"Est. reading time\" \/>\n\t<meta name=\"twitter:data1\" content=\"7 Minuten\" \/>\n<script type=\"application\/ld+json\" class=\"yoast-schema-graph\">{\"@context\":\"https:\/\/schema.org\",\"@graph\":[{\"@type\":\"WebPage\",\"@id\":\"https:\/\/boatopoly.com\/de\/allgemeine\/\",\"url\":\"https:\/\/boatopoly.com\/de\/allgemeine\/\",\"name\":\"Gesch\u00e4ftsbedingungen | Boatopoly\",\"isPartOf\":{\"@id\":\"https:\/\/boatopoly.com\/#website\"},\"datePublished\":\"2020-04-07T09:13:52+00:00\",\"dateModified\":\"2023-06-01T14:31:16+00:00\",\"breadcrumb\":{\"@id\":\"https:\/\/boatopoly.com\/de\/allgemeine\/#breadcrumb\"},\"inLanguage\":\"de-DE\",\"potentialAction\":[{\"@type\":\"ReadAction\",\"target\":[\"https:\/\/boatopoly.com\/de\/allgemeine\/\"]}]},{\"@type\":\"BreadcrumbList\",\"@id\":\"https:\/\/boatopoly.com\/de\/allgemeine\/#breadcrumb\",\"itemListElement\":[{\"@type\":\"ListItem\",\"position\":1,\"name\":\"Home\",\"item\":\"https:\/\/boatopoly.com\/de\/\"},{\"@type\":\"ListItem\",\"position\":2,\"name\":\"Gesch\u00e4ftsbedingungen\"}]},{\"@type\":\"WebSite\",\"@id\":\"https:\/\/boatopoly.com\/#website\",\"url\":\"https:\/\/boatopoly.com\/\",\"name\":\"Boatopoly\",\"description\":\"no bubbles, just boats\",\"publisher\":{\"@id\":\"https:\/\/boatopoly.com\/#organization\"},\"potentialAction\":[{\"@type\":\"SearchAction\",\"target\":{\"@type\":\"EntryPoint\",\"urlTemplate\":\"https:\/\/boatopoly.com\/?s={search_term_string}\"},\"query-input\":{\"@type\":\"PropertyValueSpecification\",\"valueRequired\":true,\"valueName\":\"search_term_string\"}}],\"inLanguage\":\"de-DE\"},{\"@type\":\"Organization\",\"@id\":\"https:\/\/boatopoly.com\/#organization\",\"name\":\"Boatopoly\",\"url\":\"https:\/\/boatopoly.com\/\",\"logo\":{\"@type\":\"ImageObject\",\"inLanguage\":\"de-DE\",\"@id\":\"https:\/\/boatopoly.com\/#\/schema\/logo\/image\/\",\"url\":\"https:\/\/boatopoly.com\/wp-content\/uploads\/2024\/07\/2024-07-03-Boatopoly-Logo-1200x1200-1.png\",\"contentUrl\":\"https:\/\/boatopoly.com\/wp-content\/uploads\/2024\/07\/2024-07-03-Boatopoly-Logo-1200x1200-1.png\",\"width\":1200,\"height\":1200,\"caption\":\"Boatopoly\"},\"image\":{\"@id\":\"https:\/\/boatopoly.com\/#\/schema\/logo\/image\/\"},\"sameAs\":[\"https:\/\/www.facebook.com\/boatopoly\"]}]}<\/script>\n<!-- \/ Yoast SEO Premium plugin. -->","yoast_head_json":{"title":"Gesch\u00e4ftsbedingungen | Boatopoly","canonical":"https:\/\/boatopoly.com\/de\/allgemeine\/","og_locale":"de_DE","og_type":"article","og_title":"Gesch\u00e4ftsbedingungen","og_description":"1. Anwendungsbereich 1.1. Die Bergx2 GmbH ist Muttergesellschaft der Marke Boatopoly.com und betreibt diese innerhalb der Unternehmensgruppe als internationales Onlineportal f\u00fcr Boote, Yachten und Schiffe. Boatopoly.com wird nachfolgend auch als \u201eBoatopoly\u201c genannt. 1.2. Die nachfolgenden...","og_url":"https:\/\/boatopoly.com\/de\/allgemeine\/","og_site_name":"Boatopoly","article_publisher":"https:\/\/www.facebook.com\/boatopoly","article_modified_time":"2023-06-01T14:31:16+00:00","twitter_card":"summary_large_image","twitter_misc":{"Est. reading time":"7 Minuten"},"schema":{"@context":"https:\/\/schema.org","@graph":[{"@type":"WebPage","@id":"https:\/\/boatopoly.com\/de\/allgemeine\/","url":"https:\/\/boatopoly.com\/de\/allgemeine\/","name":"Gesch\u00e4ftsbedingungen | Boatopoly","isPartOf":{"@id":"https:\/\/boatopoly.com\/#website"},"datePublished":"2020-04-07T09:13:52+00:00","dateModified":"2023-06-01T14:31:16+00:00","breadcrumb":{"@id":"https:\/\/boatopoly.com\/de\/allgemeine\/#breadcrumb"},"inLanguage":"de-DE","potentialAction":[{"@type":"ReadAction","target":["https:\/\/boatopoly.com\/de\/allgemeine\/"]}]},{"@type":"BreadcrumbList","@id":"https:\/\/boatopoly.com\/de\/allgemeine\/#breadcrumb","itemListElement":[{"@type":"ListItem","position":1,"name":"Home","item":"https:\/\/boatopoly.com\/de\/"},{"@type":"ListItem","position":2,"name":"Gesch\u00e4ftsbedingungen"}]},{"@type":"WebSite","@id":"https:\/\/boatopoly.com\/#website","url":"https:\/\/boatopoly.com\/","name":"Boatopoly","description":"no bubbles, just boats","publisher":{"@id":"https:\/\/boatopoly.com\/#organization"},"potentialAction":[{"@type":"SearchAction","target":{"@type":"EntryPoint","urlTemplate":"https:\/\/boatopoly.com\/?s={search_term_string}"},"query-input":{"@type":"PropertyValueSpecification","valueRequired":true,"valueName":"search_term_string"}}],"inLanguage":"de-DE"},{"@type":"Organization","@id":"https:\/\/boatopoly.com\/#organization","name":"Boatopoly","url":"https:\/\/boatopoly.com\/","logo":{"@type":"ImageObject","inLanguage":"de-DE","@id":"https:\/\/boatopoly.com\/#\/schema\/logo\/image\/","url":"https:\/\/boatopoly.com\/wp-content\/uploads\/2024\/07\/2024-07-03-Boatopoly-Logo-1200x1200-1.png","contentUrl":"https:\/\/boatopoly.com\/wp-content\/uploads\/2024\/07\/2024-07-03-Boatopoly-Logo-1200x1200-1.png","width":1200,"height":1200,"caption":"Boatopoly"},"image":{"@id":"https:\/\/boatopoly.com\/#\/schema\/logo\/image\/"},"sameAs":["https:\/\/www.facebook.com\/boatopoly"]}]}},"_links":{"self":[{"href":"https:\/\/boatopoly.com\/de\/wp-json\/wp\/v2\/pages\/27"}],"collection":[{"href":"https:\/\/boatopoly.com\/de\/wp-json\/wp\/v2\/pages"}],"about":[{"href":"https:\/\/boatopoly.com\/de\/wp-json\/wp\/v2\/types\/page"}],"author":[{"embeddable":true,"href":"https:\/\/boatopoly.com\/de\/wp-json\/wp\/v2\/users\/1"}],"replies":[{"embeddable":true,"href":"https:\/\/boatopoly.com\/de\/wp-json\/wp\/v2\/comments?post=27"}],"version-history":[{"count":9,"href":"https:\/\/boatopoly.com\/de\/wp-json\/wp\/v2\/pages\/27\/revisions"}],"predecessor-version":[{"id":3817,"href":"https:\/\/boatopoly.com\/de\/wp-json\/wp\/v2\/pages\/27\/revisions\/3817"}],"wp:attachment":[{"href":"https:\/\/boatopoly.com\/de\/wp-json\/wp\/v2\/media?parent=27"}],"curies":[{"name":"wp","href":"https:\/\/api.w.org\/{rel}","templated":true}]}}