{"id":26860,"date":"2020-04-07T09:08:58","date_gmt":"2020-04-07T09:08:58","guid":{"rendered":"https:\/\/dev2.boatopoly.com\/legal-notice\/"},"modified":"2024-05-16T05:27:17","modified_gmt":"2024-05-16T05:27:17","slug":"legal-notice","status":"publish","type":"page","link":"https:\/\/boatopoly.com\/de\/legal-notice\/","title":{"rendered":"Impressum"},"content":{"rendered":"<p><b>Boatopoly.com \u2013 <\/b><strong>ein Unternehmen der Bergx2 GmbH Gruppe.<\/strong><\/p>\n<table style=\"border-collapse: collapse; width: 53.99%;\">\n<tbody>\n<tr>\n<td style=\"width: 21.4092%;\">E-Mail Adresse:<\/td>\n<td style=\"width: 32.5197%;\"><a href=\"mailto:info@boatopoly.com\">info@boatopoly.com<\/a><\/td>\n<\/tr>\n<tr>\n<td style=\"width: 21.4092%;\">Telefon:<\/td>\n<td style=\"width: 32.5197%;\">+49 89 70074700<\/td>\n<\/tr>\n<tr>\n<td style=\"width: 21.4092%;\">Sitz des Unternehmens:<\/td>\n<td style=\"width: 32.5197%;\">Hochriesstr. 46, 85560 Ebersberg, Deutschland<\/td>\n<\/tr>\n<tr>\n<td style=\"width: 21.4092%;\">B\u00fcroanschrift \/ Postanschrift:<\/td>\n<td style=\"width: 32.5197%;\">F\u00fcrstenstr. 15, 80333 M\u00fcnchen, Deutschland<\/td>\n<\/tr>\n<\/tbody>\n<\/table>\n<p>Vertreten durch Gesch\u00e4ftsf\u00fchrer: Istok Sernc<br \/>\nDatenschutzbeauftragter: Zsu Sernc-Urban<\/p>\n<p><strong>Bankverbindung:<\/strong><\/p>\n<table style=\"border-collapse: collapse; width: 53.4913%;\">\n<tbody>\n<tr>\n<td style=\"width: 15.3846%;\">Beg\u00fcnstigter:<\/td>\n<td style=\"width: 76.9231%;\">Boatopoly \u2013 Bergx2 GmbH<\/td>\n<\/tr>\n<tr>\n<td style=\"width: 15.3846%;\">Anschrift des Beg\u00fcnstigten:<\/td>\n<td style=\"width: 76.9231%;\">Hochriesstr. 46, 85560 Ebersberg, Deutschland<\/td>\n<\/tr>\n<tr>\n<td style=\"width: 15.3846%;\">IBAN:<\/td>\n<td style=\"width: 76.9231%;\">BE21 9671 6309 9503<\/td>\n<\/tr>\n<tr>\n<td style=\"width: 15.3846%;\">BIC \/ SWIFT:<\/td>\n<td style=\"width: 76.9231%;\">TRWIBEB1XXX<\/td>\n<\/tr>\n<tr>\n<td style=\"width: 15.3846%;\">Bank:<\/td>\n<td style=\"width: 76.9231%;\">Wise Europe SA<\/td>\n<\/tr>\n<tr>\n<td style=\"width: 15.3846%;\">Bankanschrift:<\/td>\n<td style=\"width: 76.9231%;\">Wise Europe SA, Rue du Tr\u00f4ne 100, 3. Stock, 1050 Br\u00fcssel, Belgien<\/td>\n<\/tr>\n<\/tbody>\n<\/table>\n<div id=\"imprint-page\">\n<p><strong>Registereintrag<\/strong><\/p>\n<p>Eintragung im Handelsregister: Registergerich M\u00fcnchen<\/p>\n<p>Registernummer: HRB 203364<\/p>\n<p>Umsatzsteuer-Identifikationsnummer gem\u00e4\u00df \u00a7 27 a Umsatzsteuergesetz: DE287472874<\/p>\n<p>Steuernummer: 114\/122\/30533<\/p>\n<\/div>\n<p>Wir nehmen nicht an einem Streitbeilegungsverfahren vor einer Verbraucherschlichtungsstelle teil. Die Europ\u00e4ische Kommission stellt eine Plattform zur Online-Streitbeilegung (OS) bereit:\u00a0<a href=\"http:\/\/ec.europa.eu\/consumers\/odr\/\">http:\/\/ec.europa.eu\/consumers\/odr\/<\/a>\u00a0. Die f\u00fcr Sie zust\u00e4ndige Verbraucherschlichtungsstelle ist die Allgemeine Verbraucherschlichtungsstelle des Zentrums f\u00fcr Schlichtung e. V., Stra\u00dfburger Str. 8 77694 Kehl, Deutschland.<\/p>\n","protected":false},"excerpt":{"rendered":"<p>Boatopoly.com \u2013 ein Unternehmen der Bergx2 GmbH Gruppe. E-Mail Adresse: info@boatopoly.com Telefon: +49 89 70074700 Sitz des Unternehmens: Hochriesstr. 46, 85560 Ebersberg, Deutschland B\u00fcroanschrift \/ Postanschrift: F\u00fcrstenstr. 15, 80333 M\u00fcnchen, Deutschland Vertreten durch Gesch\u00e4ftsf\u00fchrer: Istok&#8230;<\/p>\n","protected":false},"author":455,"featured_media":0,"parent":0,"menu_order":0,"comment_status":"closed","ping_status":"closed","template":"","meta":{"footnotes":""},"class_list":["post-26860","page","type-page","status-publish","hentry"],"yoast_head":"<!-- This site is optimized with the Yoast SEO Premium plugin v25.0 (Yoast SEO v25.1) - https:\/\/yoast.com\/wordpress\/plugins\/seo\/ -->\n<title>Impressum | Boatopoly<\/title>\n<link rel=\"canonical\" href=\"https:\/\/boatopoly.com\/de\/legal-notice\/\" \/>\n<meta property=\"og:locale\" content=\"de_DE\" \/>\n<meta property=\"og:type\" content=\"article\" \/>\n<meta property=\"og:title\" content=\"Impressum\" \/>\n<meta property=\"og:description\" content=\"Boatopoly.com \u2013 ein Unternehmen der Bergx2 GmbH Gruppe. E-Mail Adresse: info@boatopoly.com Telefon: +49 89 70074700 Sitz des Unternehmens: Hochriesstr. 46, 85560 Ebersberg, Deutschland B\u00fcroanschrift \/ Postanschrift: F\u00fcrstenstr. 15, 80333 M\u00fcnchen, Deutschland Vertreten durch Gesch\u00e4ftsf\u00fchrer: Istok...\" \/>\n<meta property=\"og:url\" content=\"https:\/\/boatopoly.com\/de\/legal-notice\/\" \/>\n<meta property=\"og:site_name\" content=\"Boatopoly\" \/>\n<meta property=\"article:publisher\" content=\"https:\/\/www.facebook.com\/boatopoly\" \/>\n<meta property=\"article:modified_time\" content=\"2024-05-16T05:27:17+00:00\" \/>\n<meta name=\"twitter:card\" content=\"summary_large_image\" \/>\n<meta name=\"twitter:label1\" content=\"Est. reading time\" \/>\n\t<meta name=\"twitter:data1\" content=\"1 Minute\" \/>\n<script type=\"application\/ld+json\" class=\"yoast-schema-graph\">{\"@context\":\"https:\/\/schema.org\",\"@graph\":[{\"@type\":\"WebPage\",\"@id\":\"https:\/\/boatopoly.com\/de\/legal-notice\/\",\"url\":\"https:\/\/boatopoly.com\/de\/legal-notice\/\",\"name\":\"Impressum | Boatopoly\",\"isPartOf\":{\"@id\":\"https:\/\/boatopoly.com\/#website\"},\"datePublished\":\"2020-04-07T09:08:58+00:00\",\"dateModified\":\"2024-05-16T05:27:17+00:00\",\"breadcrumb\":{\"@id\":\"https:\/\/boatopoly.com\/de\/legal-notice\/#breadcrumb\"},\"inLanguage\":\"de-DE\",\"potentialAction\":[{\"@type\":\"ReadAction\",\"target\":[\"https:\/\/boatopoly.com\/de\/legal-notice\/\"]}]},{\"@type\":\"BreadcrumbList\",\"@id\":\"https:\/\/boatopoly.com\/de\/legal-notice\/#breadcrumb\",\"itemListElement\":[{\"@type\":\"ListItem\",\"position\":1,\"name\":\"Home\",\"item\":\"https:\/\/boatopoly.com\/de\/\"},{\"@type\":\"ListItem\",\"position\":2,\"name\":\"Impressum\"}]},{\"@type\":\"WebSite\",\"@id\":\"https:\/\/boatopoly.com\/#website\",\"url\":\"https:\/\/boatopoly.com\/\",\"name\":\"Boatopoly\",\"description\":\"no bubbles, just boats\",\"publisher\":{\"@id\":\"https:\/\/boatopoly.com\/#organization\"},\"potentialAction\":[{\"@type\":\"SearchAction\",\"target\":{\"@type\":\"EntryPoint\",\"urlTemplate\":\"https:\/\/boatopoly.com\/?s={search_term_string}\"},\"query-input\":{\"@type\":\"PropertyValueSpecification\",\"valueRequired\":true,\"valueName\":\"search_term_string\"}}],\"inLanguage\":\"de-DE\"},{\"@type\":\"Organization\",\"@id\":\"https:\/\/boatopoly.com\/#organization\",\"name\":\"Boatopoly\",\"url\":\"https:\/\/boatopoly.com\/\",\"logo\":{\"@type\":\"ImageObject\",\"inLanguage\":\"de-DE\",\"@id\":\"https:\/\/boatopoly.com\/#\/schema\/logo\/image\/\",\"url\":\"https:\/\/boatopoly.com\/wp-content\/uploads\/2024\/07\/2024-07-03-Boatopoly-Logo-1200x1200-1.png\",\"contentUrl\":\"https:\/\/boatopoly.com\/wp-content\/uploads\/2024\/07\/2024-07-03-Boatopoly-Logo-1200x1200-1.png\",\"width\":1200,\"height\":1200,\"caption\":\"Boatopoly\"},\"image\":{\"@id\":\"https:\/\/boatopoly.com\/#\/schema\/logo\/image\/\"},\"sameAs\":[\"https:\/\/www.facebook.com\/boatopoly\"]}]}<\/script>\n<!-- \/ Yoast SEO Premium plugin. -->","yoast_head_json":{"title":"Impressum | Boatopoly","canonical":"https:\/\/boatopoly.com\/de\/legal-notice\/","og_locale":"de_DE","og_type":"article","og_title":"Impressum","og_description":"Boatopoly.com \u2013 ein Unternehmen der Bergx2 GmbH Gruppe. E-Mail Adresse: info@boatopoly.com Telefon: +49 89 70074700 Sitz des Unternehmens: Hochriesstr. 46, 85560 Ebersberg, Deutschland B\u00fcroanschrift \/ Postanschrift: F\u00fcrstenstr. 15, 80333 M\u00fcnchen, Deutschland Vertreten durch Gesch\u00e4ftsf\u00fchrer: Istok...","og_url":"https:\/\/boatopoly.com\/de\/legal-notice\/","og_site_name":"Boatopoly","article_publisher":"https:\/\/www.facebook.com\/boatopoly","article_modified_time":"2024-05-16T05:27:17+00:00","twitter_card":"summary_large_image","twitter_misc":{"Est. reading time":"1 Minute"},"schema":{"@context":"https:\/\/schema.org","@graph":[{"@type":"WebPage","@id":"https:\/\/boatopoly.com\/de\/legal-notice\/","url":"https:\/\/boatopoly.com\/de\/legal-notice\/","name":"Impressum | Boatopoly","isPartOf":{"@id":"https:\/\/boatopoly.com\/#website"},"datePublished":"2020-04-07T09:08:58+00:00","dateModified":"2024-05-16T05:27:17+00:00","breadcrumb":{"@id":"https:\/\/boatopoly.com\/de\/legal-notice\/#breadcrumb"},"inLanguage":"de-DE","potentialAction":[{"@type":"ReadAction","target":["https:\/\/boatopoly.com\/de\/legal-notice\/"]}]},{"@type":"BreadcrumbList","@id":"https:\/\/boatopoly.com\/de\/legal-notice\/#breadcrumb","itemListElement":[{"@type":"ListItem","position":1,"name":"Home","item":"https:\/\/boatopoly.com\/de\/"},{"@type":"ListItem","position":2,"name":"Impressum"}]},{"@type":"WebSite","@id":"https:\/\/boatopoly.com\/#website","url":"https:\/\/boatopoly.com\/","name":"Boatopoly","description":"no bubbles, just boats","publisher":{"@id":"https:\/\/boatopoly.com\/#organization"},"potentialAction":[{"@type":"SearchAction","target":{"@type":"EntryPoint","urlTemplate":"https:\/\/boatopoly.com\/?s={search_term_string}"},"query-input":{"@type":"PropertyValueSpecification","valueRequired":true,"valueName":"search_term_string"}}],"inLanguage":"de-DE"},{"@type":"Organization","@id":"https:\/\/boatopoly.com\/#organization","name":"Boatopoly","url":"https:\/\/boatopoly.com\/","logo":{"@type":"ImageObject","inLanguage":"de-DE","@id":"https:\/\/boatopoly.com\/#\/schema\/logo\/image\/","url":"https:\/\/boatopoly.com\/wp-content\/uploads\/2024\/07\/2024-07-03-Boatopoly-Logo-1200x1200-1.png","contentUrl":"https:\/\/boatopoly.com\/wp-content\/uploads\/2024\/07\/2024-07-03-Boatopoly-Logo-1200x1200-1.png","width":1200,"height":1200,"caption":"Boatopoly"},"image":{"@id":"https:\/\/boatopoly.com\/#\/schema\/logo\/image\/"},"sameAs":["https:\/\/www.facebook.com\/boatopoly"]}]}},"_links":{"self":[{"href":"https:\/\/boatopoly.com\/de\/wp-json\/wp\/v2\/pages\/26860"}],"collection":[{"href":"https:\/\/boatopoly.com\/de\/wp-json\/wp\/v2\/pages"}],"about":[{"href":"https:\/\/boatopoly.com\/de\/wp-json\/wp\/v2\/types\/page"}],"author":[{"embeddable":true,"href":"https:\/\/boatopoly.com\/de\/wp-json\/wp\/v2\/users\/455"}],"replies":[{"embeddable":true,"href":"https:\/\/boatopoly.com\/de\/wp-json\/wp\/v2\/comments?post=26860"}],"version-history":[{"count":1,"href":"https:\/\/boatopoly.com\/de\/wp-json\/wp\/v2\/pages\/26860\/revisions"}],"predecessor-version":[{"id":27577,"href":"https:\/\/boatopoly.com\/de\/wp-json\/wp\/v2\/pages\/26860\/revisions\/27577"}],"wp:attachment":[{"href":"https:\/\/boatopoly.com\/de\/wp-json\/wp\/v2\/media?parent=26860"}],"curies":[{"name":"wp","href":"https:\/\/api.w.org\/{rel}","templated":true}]}}