{"id":25287,"date":"2024-03-04T08:58:17","date_gmt":"2024-03-04T08:58:17","guid":{"rendered":"https:\/\/dev2.boatopoly.com\/adaptive-anzeigenschaltungs-optionen\/"},"modified":"2024-05-16T05:27:48","modified_gmt":"2024-05-16T05:27:48","slug":"adaptive-anzeigenschaltungs-optionen-2","status":"publish","type":"page","link":"https:\/\/boatopoly.com\/de\/adaptive-anzeigenschaltungs-optionen-2\/","title":{"rendered":"Adaptive Anzeigenschaltungs Optionen"},"content":{"rendered":"\n<p>Bei Boatopoly haben Sie die Wahl zwischen drei verschiedenen Ver\u00f6ffentlichungsdauern f\u00fcr Anzeigen: 30 Tage, 90 Tage oder 365 Tage. Sie k\u00f6nnen Ihre Anzeige nach Bedarf planen, deaktivieren oder erneuern. Unterschiedliche Arten von Booten und Bootsausr\u00fcstungen haben unterschiedliche Marktanforderungen und Verkaufszeiten. Im Durchschnitt dauert es etwa 270 Tage, ein Boot zu verkaufen. Boatopoly erm\u00f6glicht es Ihnen jedoch, die Anzeigendauer auszuw\u00e4hlen, die am besten zu Ihrem Artikel passt.&#13;\n&#13;\n<\/p>\n","protected":false},"excerpt":{"rendered":"<p>Bei Boatopoly haben Sie die Wahl zwischen drei verschiedenen Ver\u00f6ffentlichungsdauern f\u00fcr Anzeigen: 30 Tage, 90 Tage oder 365 Tage. Sie k\u00f6nnen Ihre Anzeige nach Bedarf planen, deaktivieren oder erneuern. Unterschiedliche Arten von Booten und Bootsausr\u00fcstungen&#8230;<\/p>\n","protected":false},"author":455,"featured_media":0,"parent":0,"menu_order":0,"comment_status":"closed","ping_status":"closed","template":"page-buy-with-us.php","meta":{"footnotes":""},"class_list":["post-25287","page","type-page","status-publish","hentry"],"yoast_head":"<!-- This site is optimized with the Yoast SEO Premium plugin v25.0 (Yoast SEO v25.1) - https:\/\/yoast.com\/wordpress\/plugins\/seo\/ -->\n<title>Adaptive Anzeigenschaltungs Optionen | Boatopoly<\/title>\n<link rel=\"canonical\" href=\"https:\/\/boatopoly.com\/de\/adaptive-anzeigenschaltungs-optionen-2\/\" \/>\n<meta property=\"og:locale\" content=\"de_DE\" \/>\n<meta property=\"og:type\" content=\"article\" \/>\n<meta property=\"og:title\" content=\"Adaptive Anzeigenschaltungs Optionen\" \/>\n<meta property=\"og:description\" content=\"Bei Boatopoly haben Sie die Wahl zwischen drei verschiedenen Ver\u00f6ffentlichungsdauern f\u00fcr Anzeigen: 30 Tage, 90 Tage oder 365 Tage. Sie k\u00f6nnen Ihre Anzeige nach Bedarf planen, deaktivieren oder erneuern. Unterschiedliche Arten von Booten und Bootsausr\u00fcstungen...\" \/>\n<meta property=\"og:url\" content=\"https:\/\/boatopoly.com\/de\/adaptive-anzeigenschaltungs-optionen-2\/\" \/>\n<meta property=\"og:site_name\" content=\"Boatopoly\" \/>\n<meta property=\"article:publisher\" content=\"https:\/\/www.facebook.com\/boatopoly\" \/>\n<meta property=\"article:modified_time\" content=\"2024-05-16T05:27:48+00:00\" \/>\n<meta name=\"twitter:card\" content=\"summary_large_image\" \/>\n<meta name=\"twitter:label1\" content=\"Est. reading time\" \/>\n\t<meta name=\"twitter:data1\" content=\"1 Minute\" \/>\n<script type=\"application\/ld+json\" class=\"yoast-schema-graph\">{\"@context\":\"https:\/\/schema.org\",\"@graph\":[{\"@type\":\"WebPage\",\"@id\":\"https:\/\/boatopoly.com\/de\/adaptive-anzeigenschaltungs-optionen-2\/\",\"url\":\"https:\/\/boatopoly.com\/de\/adaptive-anzeigenschaltungs-optionen-2\/\",\"name\":\"Adaptive Anzeigenschaltungs Optionen | Boatopoly\",\"isPartOf\":{\"@id\":\"https:\/\/boatopoly.com\/#website\"},\"datePublished\":\"2024-03-04T08:58:17+00:00\",\"dateModified\":\"2024-05-16T05:27:48+00:00\",\"breadcrumb\":{\"@id\":\"https:\/\/boatopoly.com\/de\/adaptive-anzeigenschaltungs-optionen-2\/#breadcrumb\"},\"inLanguage\":\"de-DE\",\"potentialAction\":[{\"@type\":\"ReadAction\",\"target\":[\"https:\/\/boatopoly.com\/de\/adaptive-anzeigenschaltungs-optionen-2\/\"]}]},{\"@type\":\"BreadcrumbList\",\"@id\":\"https:\/\/boatopoly.com\/de\/adaptive-anzeigenschaltungs-optionen-2\/#breadcrumb\",\"itemListElement\":[{\"@type\":\"ListItem\",\"position\":1,\"name\":\"Home\",\"item\":\"https:\/\/boatopoly.com\/de\/\"},{\"@type\":\"ListItem\",\"position\":2,\"name\":\"Adaptive Anzeigenschaltungs Optionen\"}]},{\"@type\":\"WebSite\",\"@id\":\"https:\/\/boatopoly.com\/#website\",\"url\":\"https:\/\/boatopoly.com\/\",\"name\":\"Boatopoly\",\"description\":\"no bubbles, just boats\",\"publisher\":{\"@id\":\"https:\/\/boatopoly.com\/#organization\"},\"potentialAction\":[{\"@type\":\"SearchAction\",\"target\":{\"@type\":\"EntryPoint\",\"urlTemplate\":\"https:\/\/boatopoly.com\/?s={search_term_string}\"},\"query-input\":{\"@type\":\"PropertyValueSpecification\",\"valueRequired\":true,\"valueName\":\"search_term_string\"}}],\"inLanguage\":\"de-DE\"},{\"@type\":\"Organization\",\"@id\":\"https:\/\/boatopoly.com\/#organization\",\"name\":\"Boatopoly\",\"url\":\"https:\/\/boatopoly.com\/\",\"logo\":{\"@type\":\"ImageObject\",\"inLanguage\":\"de-DE\",\"@id\":\"https:\/\/boatopoly.com\/#\/schema\/logo\/image\/\",\"url\":\"https:\/\/boatopoly.com\/wp-content\/uploads\/2024\/07\/2024-07-03-Boatopoly-Logo-1200x1200-1.png\",\"contentUrl\":\"https:\/\/boatopoly.com\/wp-content\/uploads\/2024\/07\/2024-07-03-Boatopoly-Logo-1200x1200-1.png\",\"width\":1200,\"height\":1200,\"caption\":\"Boatopoly\"},\"image\":{\"@id\":\"https:\/\/boatopoly.com\/#\/schema\/logo\/image\/\"},\"sameAs\":[\"https:\/\/www.facebook.com\/boatopoly\"]}]}<\/script>\n<!-- \/ Yoast SEO Premium plugin. -->","yoast_head_json":{"title":"Adaptive Anzeigenschaltungs Optionen | Boatopoly","canonical":"https:\/\/boatopoly.com\/de\/adaptive-anzeigenschaltungs-optionen-2\/","og_locale":"de_DE","og_type":"article","og_title":"Adaptive Anzeigenschaltungs Optionen","og_description":"Bei Boatopoly haben Sie die Wahl zwischen drei verschiedenen Ver\u00f6ffentlichungsdauern f\u00fcr Anzeigen: 30 Tage, 90 Tage oder 365 Tage. Sie k\u00f6nnen Ihre Anzeige nach Bedarf planen, deaktivieren oder erneuern. Unterschiedliche Arten von Booten und Bootsausr\u00fcstungen...","og_url":"https:\/\/boatopoly.com\/de\/adaptive-anzeigenschaltungs-optionen-2\/","og_site_name":"Boatopoly","article_publisher":"https:\/\/www.facebook.com\/boatopoly","article_modified_time":"2024-05-16T05:27:48+00:00","twitter_card":"summary_large_image","twitter_misc":{"Est. reading time":"1 Minute"},"schema":{"@context":"https:\/\/schema.org","@graph":[{"@type":"WebPage","@id":"https:\/\/boatopoly.com\/de\/adaptive-anzeigenschaltungs-optionen-2\/","url":"https:\/\/boatopoly.com\/de\/adaptive-anzeigenschaltungs-optionen-2\/","name":"Adaptive Anzeigenschaltungs Optionen | Boatopoly","isPartOf":{"@id":"https:\/\/boatopoly.com\/#website"},"datePublished":"2024-03-04T08:58:17+00:00","dateModified":"2024-05-16T05:27:48+00:00","breadcrumb":{"@id":"https:\/\/boatopoly.com\/de\/adaptive-anzeigenschaltungs-optionen-2\/#breadcrumb"},"inLanguage":"de-DE","potentialAction":[{"@type":"ReadAction","target":["https:\/\/boatopoly.com\/de\/adaptive-anzeigenschaltungs-optionen-2\/"]}]},{"@type":"BreadcrumbList","@id":"https:\/\/boatopoly.com\/de\/adaptive-anzeigenschaltungs-optionen-2\/#breadcrumb","itemListElement":[{"@type":"ListItem","position":1,"name":"Home","item":"https:\/\/boatopoly.com\/de\/"},{"@type":"ListItem","position":2,"name":"Adaptive Anzeigenschaltungs Optionen"}]},{"@type":"WebSite","@id":"https:\/\/boatopoly.com\/#website","url":"https:\/\/boatopoly.com\/","name":"Boatopoly","description":"no bubbles, just boats","publisher":{"@id":"https:\/\/boatopoly.com\/#organization"},"potentialAction":[{"@type":"SearchAction","target":{"@type":"EntryPoint","urlTemplate":"https:\/\/boatopoly.com\/?s={search_term_string}"},"query-input":{"@type":"PropertyValueSpecification","valueRequired":true,"valueName":"search_term_string"}}],"inLanguage":"de-DE"},{"@type":"Organization","@id":"https:\/\/boatopoly.com\/#organization","name":"Boatopoly","url":"https:\/\/boatopoly.com\/","logo":{"@type":"ImageObject","inLanguage":"de-DE","@id":"https:\/\/boatopoly.com\/#\/schema\/logo\/image\/","url":"https:\/\/boatopoly.com\/wp-content\/uploads\/2024\/07\/2024-07-03-Boatopoly-Logo-1200x1200-1.png","contentUrl":"https:\/\/boatopoly.com\/wp-content\/uploads\/2024\/07\/2024-07-03-Boatopoly-Logo-1200x1200-1.png","width":1200,"height":1200,"caption":"Boatopoly"},"image":{"@id":"https:\/\/boatopoly.com\/#\/schema\/logo\/image\/"},"sameAs":["https:\/\/www.facebook.com\/boatopoly"]}]}},"_links":{"self":[{"href":"https:\/\/boatopoly.com\/de\/wp-json\/wp\/v2\/pages\/25287"}],"collection":[{"href":"https:\/\/boatopoly.com\/de\/wp-json\/wp\/v2\/pages"}],"about":[{"href":"https:\/\/boatopoly.com\/de\/wp-json\/wp\/v2\/types\/page"}],"author":[{"embeddable":true,"href":"https:\/\/boatopoly.com\/de\/wp-json\/wp\/v2\/users\/455"}],"replies":[{"embeddable":true,"href":"https:\/\/boatopoly.com\/de\/wp-json\/wp\/v2\/comments?post=25287"}],"version-history":[{"count":1,"href":"https:\/\/boatopoly.com\/de\/wp-json\/wp\/v2\/pages\/25287\/revisions"}],"predecessor-version":[{"id":27591,"href":"https:\/\/boatopoly.com\/de\/wp-json\/wp\/v2\/pages\/25287\/revisions\/27591"}],"wp:attachment":[{"href":"https:\/\/boatopoly.com\/de\/wp-json\/wp\/v2\/media?parent=25287"}],"curies":[{"name":"wp","href":"https:\/\/api.w.org\/{rel}","templated":true}]}}