{"id":19975,"date":"2020-05-13T10:20:27","date_gmt":"2020-05-13T10:20:27","guid":{"rendered":"https:\/\/dev2.boatopoly.com\/reset-password\/"},"modified":"2023-01-12T08:29:45","modified_gmt":"2023-01-12T08:29:45","slug":"reset-password","status":"publish","type":"page","link":"https:\/\/boatopoly.com\/de\/reset-password\/","title":{"rendered":"Passwort zur\u00fccksetzen"},"content":{"rendered":"\n<h3 class=\"wp-block-heading\"><strong>Wussten Sie schon?<\/strong><\/h3>\n\n\n\n<p><strong>Fallen Sie nicht auf &#8222;Phishing&#8220;-Angriffe herein.<\/strong> Seien Sie sehr vorsichtig, bevor Sie auf einen Link klicken (auch wenn er von einer seri\u00f6sen Website zu stammen scheint), der Sie auffordert, sich anzumelden, Ihr Kennwort zu \u00e4ndern oder andere pers\u00f6nliche Daten anzugeben. Es k\u00f6nnte sich um eine legitime Seite handeln oder um einen &#8222;Phishing&#8220;-Betrug, bei dem die von Ihnen eingegebenen Daten an einen Hacker weitergeleitet werden. Im Zweifelsfall melden Sie sich manuell an, indem Sie die URL der Website, die Sie kennen, in Ihr Browserfenster eintippen.<\/p>\n\n\n\n<p>Quelle: <em><a href=\"http:\/\/www.connectsafely.org\/tips-to-create-and-manage-strong-passwords\/\" target=\"_blank\" rel=\"noopener noreferrer\">ConnectSafely<\/a><\/em><\/p>\n","protected":false},"excerpt":{"rendered":"<p>Wussten Sie schon? Fallen Sie nicht auf &#8222;Phishing&#8220;-Angriffe herein. Seien Sie sehr vorsichtig, bevor Sie auf einen Link klicken (auch wenn er von einer seri\u00f6sen Website zu stammen scheint), der Sie auffordert, sich anzumelden, Ihr&#8230;<\/p>\n","protected":false},"author":1,"featured_media":0,"parent":0,"menu_order":0,"comment_status":"closed","ping_status":"closed","template":"page-pwdreset.php","meta":{"footnotes":""},"class_list":["post-19975","page","type-page","status-publish","hentry"],"yoast_head":"<!-- This site is optimized with the Yoast SEO Premium plugin v25.0 (Yoast SEO v25.1) - https:\/\/yoast.com\/wordpress\/plugins\/seo\/ -->\n<title>Passwort zur\u00fccksetzen | Boatopoly<\/title>\n<link rel=\"canonical\" href=\"https:\/\/boatopoly.com\/de\/reset-password\/\" \/>\n<meta property=\"og:locale\" content=\"de_DE\" \/>\n<meta property=\"og:type\" content=\"article\" \/>\n<meta property=\"og:title\" content=\"Passwort zur\u00fccksetzen\" \/>\n<meta property=\"og:description\" content=\"Wussten Sie schon? Fallen Sie nicht auf &#8222;Phishing&#8220;-Angriffe herein. Seien Sie sehr vorsichtig, bevor Sie auf einen Link klicken (auch wenn er von einer seri\u00f6sen Website zu stammen scheint), der Sie auffordert, sich anzumelden, Ihr...\" \/>\n<meta property=\"og:url\" content=\"https:\/\/boatopoly.com\/de\/reset-password\/\" \/>\n<meta property=\"og:site_name\" content=\"Boatopoly\" \/>\n<meta property=\"article:publisher\" content=\"https:\/\/www.facebook.com\/boatopoly\" \/>\n<meta property=\"article:modified_time\" content=\"2023-01-12T08:29:45+00:00\" \/>\n<meta name=\"twitter:card\" content=\"summary_large_image\" \/>\n<meta name=\"twitter:label1\" content=\"Est. reading time\" \/>\n\t<meta name=\"twitter:data1\" content=\"1 Minute\" \/>\n<script type=\"application\/ld+json\" class=\"yoast-schema-graph\">{\"@context\":\"https:\/\/schema.org\",\"@graph\":[{\"@type\":\"WebPage\",\"@id\":\"https:\/\/boatopoly.com\/de\/reset-password\/\",\"url\":\"https:\/\/boatopoly.com\/de\/reset-password\/\",\"name\":\"Passwort zur\u00fccksetzen | Boatopoly\",\"isPartOf\":{\"@id\":\"https:\/\/boatopoly.com\/#website\"},\"datePublished\":\"2020-05-13T10:20:27+00:00\",\"dateModified\":\"2023-01-12T08:29:45+00:00\",\"breadcrumb\":{\"@id\":\"https:\/\/boatopoly.com\/de\/reset-password\/#breadcrumb\"},\"inLanguage\":\"de-DE\",\"potentialAction\":[{\"@type\":\"ReadAction\",\"target\":[\"https:\/\/boatopoly.com\/de\/reset-password\/\"]}]},{\"@type\":\"BreadcrumbList\",\"@id\":\"https:\/\/boatopoly.com\/de\/reset-password\/#breadcrumb\",\"itemListElement\":[{\"@type\":\"ListItem\",\"position\":1,\"name\":\"Home\",\"item\":\"https:\/\/boatopoly.com\/de\/\"},{\"@type\":\"ListItem\",\"position\":2,\"name\":\"Passwort zur\u00fccksetzen\"}]},{\"@type\":\"WebSite\",\"@id\":\"https:\/\/boatopoly.com\/#website\",\"url\":\"https:\/\/boatopoly.com\/\",\"name\":\"Boatopoly\",\"description\":\"no bubbles, just boats\",\"publisher\":{\"@id\":\"https:\/\/boatopoly.com\/#organization\"},\"potentialAction\":[{\"@type\":\"SearchAction\",\"target\":{\"@type\":\"EntryPoint\",\"urlTemplate\":\"https:\/\/boatopoly.com\/?s={search_term_string}\"},\"query-input\":{\"@type\":\"PropertyValueSpecification\",\"valueRequired\":true,\"valueName\":\"search_term_string\"}}],\"inLanguage\":\"de-DE\"},{\"@type\":\"Organization\",\"@id\":\"https:\/\/boatopoly.com\/#organization\",\"name\":\"Boatopoly\",\"url\":\"https:\/\/boatopoly.com\/\",\"logo\":{\"@type\":\"ImageObject\",\"inLanguage\":\"de-DE\",\"@id\":\"https:\/\/boatopoly.com\/#\/schema\/logo\/image\/\",\"url\":\"https:\/\/boatopoly.com\/wp-content\/uploads\/2024\/07\/2024-07-03-Boatopoly-Logo-1200x1200-1.png\",\"contentUrl\":\"https:\/\/boatopoly.com\/wp-content\/uploads\/2024\/07\/2024-07-03-Boatopoly-Logo-1200x1200-1.png\",\"width\":1200,\"height\":1200,\"caption\":\"Boatopoly\"},\"image\":{\"@id\":\"https:\/\/boatopoly.com\/#\/schema\/logo\/image\/\"},\"sameAs\":[\"https:\/\/www.facebook.com\/boatopoly\"]}]}<\/script>\n<!-- \/ Yoast SEO Premium plugin. -->","yoast_head_json":{"title":"Passwort zur\u00fccksetzen | Boatopoly","canonical":"https:\/\/boatopoly.com\/de\/reset-password\/","og_locale":"de_DE","og_type":"article","og_title":"Passwort zur\u00fccksetzen","og_description":"Wussten Sie schon? Fallen Sie nicht auf &#8222;Phishing&#8220;-Angriffe herein. Seien Sie sehr vorsichtig, bevor Sie auf einen Link klicken (auch wenn er von einer seri\u00f6sen Website zu stammen scheint), der Sie auffordert, sich anzumelden, Ihr...","og_url":"https:\/\/boatopoly.com\/de\/reset-password\/","og_site_name":"Boatopoly","article_publisher":"https:\/\/www.facebook.com\/boatopoly","article_modified_time":"2023-01-12T08:29:45+00:00","twitter_card":"summary_large_image","twitter_misc":{"Est. reading time":"1 Minute"},"schema":{"@context":"https:\/\/schema.org","@graph":[{"@type":"WebPage","@id":"https:\/\/boatopoly.com\/de\/reset-password\/","url":"https:\/\/boatopoly.com\/de\/reset-password\/","name":"Passwort zur\u00fccksetzen | Boatopoly","isPartOf":{"@id":"https:\/\/boatopoly.com\/#website"},"datePublished":"2020-05-13T10:20:27+00:00","dateModified":"2023-01-12T08:29:45+00:00","breadcrumb":{"@id":"https:\/\/boatopoly.com\/de\/reset-password\/#breadcrumb"},"inLanguage":"de-DE","potentialAction":[{"@type":"ReadAction","target":["https:\/\/boatopoly.com\/de\/reset-password\/"]}]},{"@type":"BreadcrumbList","@id":"https:\/\/boatopoly.com\/de\/reset-password\/#breadcrumb","itemListElement":[{"@type":"ListItem","position":1,"name":"Home","item":"https:\/\/boatopoly.com\/de\/"},{"@type":"ListItem","position":2,"name":"Passwort zur\u00fccksetzen"}]},{"@type":"WebSite","@id":"https:\/\/boatopoly.com\/#website","url":"https:\/\/boatopoly.com\/","name":"Boatopoly","description":"no bubbles, just boats","publisher":{"@id":"https:\/\/boatopoly.com\/#organization"},"potentialAction":[{"@type":"SearchAction","target":{"@type":"EntryPoint","urlTemplate":"https:\/\/boatopoly.com\/?s={search_term_string}"},"query-input":{"@type":"PropertyValueSpecification","valueRequired":true,"valueName":"search_term_string"}}],"inLanguage":"de-DE"},{"@type":"Organization","@id":"https:\/\/boatopoly.com\/#organization","name":"Boatopoly","url":"https:\/\/boatopoly.com\/","logo":{"@type":"ImageObject","inLanguage":"de-DE","@id":"https:\/\/boatopoly.com\/#\/schema\/logo\/image\/","url":"https:\/\/boatopoly.com\/wp-content\/uploads\/2024\/07\/2024-07-03-Boatopoly-Logo-1200x1200-1.png","contentUrl":"https:\/\/boatopoly.com\/wp-content\/uploads\/2024\/07\/2024-07-03-Boatopoly-Logo-1200x1200-1.png","width":1200,"height":1200,"caption":"Boatopoly"},"image":{"@id":"https:\/\/boatopoly.com\/#\/schema\/logo\/image\/"},"sameAs":["https:\/\/www.facebook.com\/boatopoly"]}]}},"_links":{"self":[{"href":"https:\/\/boatopoly.com\/de\/wp-json\/wp\/v2\/pages\/19975"}],"collection":[{"href":"https:\/\/boatopoly.com\/de\/wp-json\/wp\/v2\/pages"}],"about":[{"href":"https:\/\/boatopoly.com\/de\/wp-json\/wp\/v2\/types\/page"}],"author":[{"embeddable":true,"href":"https:\/\/boatopoly.com\/de\/wp-json\/wp\/v2\/users\/1"}],"replies":[{"embeddable":true,"href":"https:\/\/boatopoly.com\/de\/wp-json\/wp\/v2\/comments?post=19975"}],"version-history":[{"count":3,"href":"https:\/\/boatopoly.com\/de\/wp-json\/wp\/v2\/pages\/19975\/revisions"}],"predecessor-version":[{"id":20444,"href":"https:\/\/boatopoly.com\/de\/wp-json\/wp\/v2\/pages\/19975\/revisions\/20444"}],"wp:attachment":[{"href":"https:\/\/boatopoly.com\/de\/wp-json\/wp\/v2\/media?parent=19975"}],"curies":[{"name":"wp","href":"https:\/\/api.w.org\/{rel}","templated":true}]}}