{"id":16776,"date":"2021-12-03T09:09:51","date_gmt":"2021-12-03T09:09:51","guid":{"rendered":"https:\/\/dev2.boatopoly.com\/?page_id=16776"},"modified":"2024-06-06T11:18:13","modified_gmt":"2024-06-06T11:18:13","slug":"useful-tips-for-selling-your-boat-fast","status":"publish","type":"page","link":"https:\/\/boatopoly.com\/de\/useful-tips-for-selling-your-boat-fast\/","title":{"rendered":"N\u00fctzliche Tipps f\u00fcr den schnellen Verkauf Ihres Bootes"},"content":{"rendered":"\n<h3 class=\"wp-block-heading\" id=\"h-1-die-vermarktung-eines-bootes-ist-entscheidend\">1. Die Vermarktung eines Bootes ist entscheidend.<\/h3>\n\n\n<p>Machen Sie viel Werbung. Schalten Sie Anzeigen in der lokalen Bootspresse, in der gro\u00dfen Tageszeitung und, wenn es sich um ein gro\u00dfes Boot oder eine begrenzte Verf\u00fcgbarkeit handelt, f\u00fcr das K\u00e4ufer m\u00f6glicherweise ins Ausland reisen, um es zu besichtigen, platzieren Sie Anzeigen an den besten regionalen und nationalen Standorten. Anzeigen mit Bildern und detaillierten Informationen ziehen mehr Verkehr an. Sie k\u00f6nnen das Expos\u00e9 Ihrer Bootsanzeige auf Boatopoly ganz einfach ausdrucken und potenziellen K\u00e4ufern schicken oder aush\u00e4ndigen.<\/p>\n\n\n<h3 class=\"wp-block-heading\" id=\"h-2-das-boot-sollte-in-gutem-zustand-sein-wenn-es-dem-kunden-gezeigt-wird\">2.Das Boot sollte in gutem Zustand sein, wenn es dem Kunden gezeigt wird.<\/h3>\n\n\n<p>Der technische und optische Zustand des Bootes sollte optimal sein, wenn der Kunde das Schiff besichtigt. Stellen Sie zun\u00e4chst sicher, dass der Motor oder die Motoren reibungslos laufen. Starten Sie dazu den Motor und lassen Sie ihn eine Stunde, bevor der potenzielle K\u00e4ufer kommt, um sich das Boot anzusehen, warmlaufen. Ein reibungsloser Start des Bootes kann den Verkaufsprozess enorm beschleunigen. Wenn Ihr Boot jedoch nicht sofort anspringt, k\u00f6nnen Sie den Verkauf genauso gut abbrechen.<\/p>\n\n\n<h3 class=\"wp-block-heading\" id=\"h-3-reinigen-und-polieren-sie-ihr-boot-bevor-sie-es-ausstellen\">3. Reinigen und polieren Sie Ihr Boot, bevor Sie es ausstellen.<\/h3>\n\n\n<p>Auch wenn manche Leute das Aussehen des Bootes als zweitrangig betrachten, trifft das definitiv nicht zu, wenn es um den Verkauf geht. Ihr Boot ist so viel wert, wie jemand bereit ist, daf\u00fcr zu zahlen, und je besser es aussieht, desto h\u00f6her ist der Angebotspreis, den Sie festlegen k\u00f6nnen, und desto mehr Leute werden daran interessiert sein, Ihr Boot zu besitzen. Verwenden Sie, wenn m\u00f6glich, professionelle Reinigungsmittel und -dienste oder machen Sie es so gut wie m\u00f6glich selbst! Reinigen Sie den Vorratstank, die Mittelkonsolen, Teppiche und Polster und wischen Sie die Schr\u00e4nke und alle anderen Lagerbereiche ab, damit sie sch\u00f6n und einladend aussehen.<\/p>\n\n\n<h3 class=\"wp-block-heading\" id=\"h-4-entrumpeln-sie-ihr-boot\">4. Entr\u00fcmpeln Sie Ihr Boot.<\/h3>\n\n\n<p>Um den Platz Ihres Bootes hervorzuheben, stellen Sie sicher, dass Sie alle unn\u00f6tigen und \u00fcberfl\u00fcssigen Gegenst\u00e4nde aus Ihrem Boot entfernen, wie z.B. einige Lebensmittel- und Getr\u00e4nkevorr\u00e4te, private Gegenst\u00e4nde und Objekte, die sich nicht im Boot befanden, als Sie es zum ersten Mal kauften.<\/p>\n\n\n<h3 class=\"wp-block-heading\" id=\"h-5-polieren-sie-das-boot-oder-geben-sie-ihm-bei-bedarf-einen-neuen-anstrich\">5. Polieren Sie das Boot oder geben Sie ihm bei Bedarf einen neuen Anstrich.<\/h3>\n\n\n<p>Es ist viel einfacher, ein Boot zu verkaufen, das vollst\u00e4ndig f\u00fcr den neuen Benutzer bereit ist. Wenn das Boot noch nicht vollst\u00e4ndig bereit ist, wird dies die Zeit bis zum Abschluss des Gesch\u00e4fts definitiv beeinflussen, und der Betrag, den Sie aus der Transaktion erhalten, wird zwangsl\u00e4ufig geringer sein. Streichen Sie das Boot neu, wenn es verblasst oder zerkratzt ist. Nehmen Sie kleine Verbesserungen vor oder tragen Sie sogar einen brandneuen Anstrich auf. Streichen Sie den Boden (falls gestrichen) und den Kleber in den Grundfarben des Bootsrumpfs, wie z.B. Wei\u00df oder Dunkelblau. Der K\u00e4ufer kann leicht abgeschreckt werden, wenn das Boot in einer \u00fcberraschend flippigen Farbe gestrichen ist.<\/p>\n\n<p>Geben Sie Ihrem Boot bei Bedarf eine gute Wachsschicht. Wenn Sie ein Boot f\u00fcr die Anzeige oder Besichtigung fotografieren, sollte es gl\u00e4nzen und wie neu aussehen. Spr\u00fchbares M\u00f6belwachs verleiht Ihnen einen vor\u00fcbergehenden Glanz, aber das speziell f\u00fcr Boote entwickelte Wachs h\u00e4lt l\u00e4nger und sieht noch besser aus.<\/p>\n\n\n<h3 class=\"wp-block-heading\" id=\"h-6-machen-sie-wirklich-gute-bilder\">6. Machen Sie wirklich gute Bilder.<\/h3>\n\n\n<p>Sie k\u00f6nnen sich f\u00fcr die Art und den Winkel der Bilder von professionellen Bootsmagazinen oder -websites inspirieren lassen. Die Fotos dort stellen dar, wie Profis das Boot sehen und wie sie gesehen werden m\u00f6chten. Ich w\u00fcrde nicht empfehlen, sich immer die anderen Anzeigen auf dem Markt als Inspiration anzusehen, da nicht alle Verk\u00e4ufer den richtigen, effektiven Ansatz haben. Wenn Sie bereit sind, mehr in den Verkauf Ihres Bootes zu investieren, wird sich die Beauftragung eines professionellen Fotografen definitiv in mehr Anfragen auszahlen. Halten Sie die besten Winkel Ihres Bootes fest, indem Sie verschiedene Aufnahmen machen, aus denen Sie die besten ausw\u00e4hlen k\u00f6nnen, die Ihr Boot im besten Licht darstellen. Machen Sie auf jeden Fall ein Bild von einem Boot beim Cruisen. Es ist sehr sinnvoll, die Abmessungen Ihres Bootes mithilfe von Bildern darzustellen. Vergessen Sie nicht, die feinsten Details des Bootes mit Nahaufnahmen festzuhalten.<\/p>\n\n\n<h3 class=\"wp-block-heading\" id=\"h-7-ordnen-sie-die-dokumente\">7. Ordnen Sie die Dokumente.<\/h3>\n\n\n<p>Auch wenn es offensichtlich erscheint, sind sich die Eigent\u00fcmer manchmal nicht dar\u00fcber im Klaren, dass einige Papiere nicht in Ordnung sind oder einfach fehlen. \u00dcberpr\u00fcfen Sie, ob Sie den Eigentumsnachweis haben, und gehen Sie noch einen Schritt weiter und bereiten Sie die Papiere f\u00fcr die Eigentums\u00fcbertragung vor. Um unangenehme Situationen zu vermeiden und Ihre Professionalit\u00e4t zu demonstrieren, stellen Sie sicher, dass alle Papiere in Ordnung sind. In diesem Fall k\u00f6nnen organisierte Papiere die Zeit f\u00fcr den Bootsverkauf erheblich verk\u00fcrzen.<\/p>","protected":false},"excerpt":{"rendered":"<p>1. Die Vermarktung eines Bootes ist entscheidend. Machen Sie viel Werbung. Schalten Sie Anzeigen in der lokalen Bootspresse, in der gro\u00dfen Tageszeitung und, wenn es sich um ein gro\u00dfes Boot oder eine begrenzte Verf\u00fcgbarkeit handelt,&#8230;<\/p>\n","protected":false},"author":1,"featured_media":0,"parent":0,"menu_order":0,"comment_status":"closed","ping_status":"closed","template":"","meta":{"footnotes":""},"class_list":["post-16776","page","type-page","status-publish","hentry"],"yoast_head":"<!-- This site is optimized with the Yoast SEO Premium plugin v25.0 (Yoast SEO v25.1) - https:\/\/yoast.com\/wordpress\/plugins\/seo\/ -->\n<title>Tipps f\u00fcr den Bootsverkauf: So werben Sie effektiv | Boatopoly<\/title>\n<meta name=\"description\" content=\"Entdecken Sie effektive Tipps f\u00fcr den schnellen Verkauf Ihres Bootes. Gehen Sie strategisch vor und pr\u00e4sentieren Sie Ihr Boot in bestem Zustand. Diese Tipps helfen Ihnen, K\u00e4ufer zu finden.\" \/>\n<link rel=\"canonical\" href=\"https:\/\/boatopoly.com\/de\/useful-tips-for-selling-your-boat-fast\/\" \/>\n<meta property=\"og:locale\" content=\"de_DE\" \/>\n<meta property=\"og:type\" content=\"article\" \/>\n<meta property=\"og:title\" content=\"N\u00fctzliche Tipps f\u00fcr den schnellen Verkauf Ihres Bootes\" \/>\n<meta property=\"og:description\" content=\"Entdecken Sie effektive Tipps f\u00fcr den schnellen Verkauf Ihres Bootes. Gehen Sie strategisch vor und pr\u00e4sentieren Sie Ihr Boot in bestem Zustand. Diese Tipps helfen Ihnen, K\u00e4ufer zu finden.\" \/>\n<meta property=\"og:url\" content=\"https:\/\/boatopoly.com\/de\/useful-tips-for-selling-your-boat-fast\/\" \/>\n<meta property=\"og:site_name\" content=\"Boatopoly\" \/>\n<meta property=\"article:publisher\" content=\"https:\/\/www.facebook.com\/boatopoly\" \/>\n<meta property=\"article:modified_time\" content=\"2024-06-06T11:18:13+00:00\" \/>\n<meta name=\"twitter:card\" content=\"summary_large_image\" \/>\n<meta name=\"twitter:label1\" content=\"Est. reading time\" \/>\n\t<meta name=\"twitter:data1\" content=\"4 Minuten\" \/>\n<script type=\"application\/ld+json\" class=\"yoast-schema-graph\">{\"@context\":\"https:\/\/schema.org\",\"@graph\":[{\"@type\":\"WebPage\",\"@id\":\"https:\/\/boatopoly.com\/de\/useful-tips-for-selling-your-boat-fast\/\",\"url\":\"https:\/\/boatopoly.com\/de\/useful-tips-for-selling-your-boat-fast\/\",\"name\":\"Tipps f\u00fcr den Bootsverkauf: So werben Sie effektiv | Boatopoly\",\"isPartOf\":{\"@id\":\"https:\/\/boatopoly.com\/#website\"},\"datePublished\":\"2021-12-03T09:09:51+00:00\",\"dateModified\":\"2024-06-06T11:18:13+00:00\",\"description\":\"Entdecken Sie effektive Tipps f\u00fcr den schnellen Verkauf Ihres Bootes. Gehen Sie strategisch vor und pr\u00e4sentieren Sie Ihr Boot in bestem Zustand. Diese Tipps helfen Ihnen, K\u00e4ufer zu finden.\",\"breadcrumb\":{\"@id\":\"https:\/\/boatopoly.com\/de\/useful-tips-for-selling-your-boat-fast\/#breadcrumb\"},\"inLanguage\":\"de-DE\",\"potentialAction\":[{\"@type\":\"ReadAction\",\"target\":[\"https:\/\/boatopoly.com\/de\/useful-tips-for-selling-your-boat-fast\/\"]}]},{\"@type\":\"BreadcrumbList\",\"@id\":\"https:\/\/boatopoly.com\/de\/useful-tips-for-selling-your-boat-fast\/#breadcrumb\",\"itemListElement\":[{\"@type\":\"ListItem\",\"position\":1,\"name\":\"Home\",\"item\":\"https:\/\/boatopoly.com\/de\/\"},{\"@type\":\"ListItem\",\"position\":2,\"name\":\"N\u00fctzliche Tipps f\u00fcr den schnellen Verkauf Ihres Bootes\"}]},{\"@type\":\"WebSite\",\"@id\":\"https:\/\/boatopoly.com\/#website\",\"url\":\"https:\/\/boatopoly.com\/\",\"name\":\"Boatopoly\",\"description\":\"no bubbles, just boats\",\"publisher\":{\"@id\":\"https:\/\/boatopoly.com\/#organization\"},\"potentialAction\":[{\"@type\":\"SearchAction\",\"target\":{\"@type\":\"EntryPoint\",\"urlTemplate\":\"https:\/\/boatopoly.com\/?s={search_term_string}\"},\"query-input\":{\"@type\":\"PropertyValueSpecification\",\"valueRequired\":true,\"valueName\":\"search_term_string\"}}],\"inLanguage\":\"de-DE\"},{\"@type\":\"Organization\",\"@id\":\"https:\/\/boatopoly.com\/#organization\",\"name\":\"Boatopoly\",\"url\":\"https:\/\/boatopoly.com\/\",\"logo\":{\"@type\":\"ImageObject\",\"inLanguage\":\"de-DE\",\"@id\":\"https:\/\/boatopoly.com\/#\/schema\/logo\/image\/\",\"url\":\"https:\/\/boatopoly.com\/wp-content\/uploads\/2024\/07\/2024-07-03-Boatopoly-Logo-1200x1200-1.png\",\"contentUrl\":\"https:\/\/boatopoly.com\/wp-content\/uploads\/2024\/07\/2024-07-03-Boatopoly-Logo-1200x1200-1.png\",\"width\":1200,\"height\":1200,\"caption\":\"Boatopoly\"},\"image\":{\"@id\":\"https:\/\/boatopoly.com\/#\/schema\/logo\/image\/\"},\"sameAs\":[\"https:\/\/www.facebook.com\/boatopoly\"]}]}<\/script>\n<!-- \/ Yoast SEO Premium plugin. -->","yoast_head_json":{"title":"Tipps f\u00fcr den Bootsverkauf: So werben Sie effektiv | Boatopoly","description":"Entdecken Sie effektive Tipps f\u00fcr den schnellen Verkauf Ihres Bootes. Gehen Sie strategisch vor und pr\u00e4sentieren Sie Ihr Boot in bestem Zustand. Diese Tipps helfen Ihnen, K\u00e4ufer zu finden.","canonical":"https:\/\/boatopoly.com\/de\/useful-tips-for-selling-your-boat-fast\/","og_locale":"de_DE","og_type":"article","og_title":"N\u00fctzliche Tipps f\u00fcr den schnellen Verkauf Ihres Bootes","og_description":"Entdecken Sie effektive Tipps f\u00fcr den schnellen Verkauf Ihres Bootes. Gehen Sie strategisch vor und pr\u00e4sentieren Sie Ihr Boot in bestem Zustand. Diese Tipps helfen Ihnen, K\u00e4ufer zu finden.","og_url":"https:\/\/boatopoly.com\/de\/useful-tips-for-selling-your-boat-fast\/","og_site_name":"Boatopoly","article_publisher":"https:\/\/www.facebook.com\/boatopoly","article_modified_time":"2024-06-06T11:18:13+00:00","twitter_card":"summary_large_image","twitter_misc":{"Est. reading time":"4 Minuten"},"schema":{"@context":"https:\/\/schema.org","@graph":[{"@type":"WebPage","@id":"https:\/\/boatopoly.com\/de\/useful-tips-for-selling-your-boat-fast\/","url":"https:\/\/boatopoly.com\/de\/useful-tips-for-selling-your-boat-fast\/","name":"Tipps f\u00fcr den Bootsverkauf: So werben Sie effektiv | Boatopoly","isPartOf":{"@id":"https:\/\/boatopoly.com\/#website"},"datePublished":"2021-12-03T09:09:51+00:00","dateModified":"2024-06-06T11:18:13+00:00","description":"Entdecken Sie effektive Tipps f\u00fcr den schnellen Verkauf Ihres Bootes. Gehen Sie strategisch vor und pr\u00e4sentieren Sie Ihr Boot in bestem Zustand. Diese Tipps helfen Ihnen, K\u00e4ufer zu finden.","breadcrumb":{"@id":"https:\/\/boatopoly.com\/de\/useful-tips-for-selling-your-boat-fast\/#breadcrumb"},"inLanguage":"de-DE","potentialAction":[{"@type":"ReadAction","target":["https:\/\/boatopoly.com\/de\/useful-tips-for-selling-your-boat-fast\/"]}]},{"@type":"BreadcrumbList","@id":"https:\/\/boatopoly.com\/de\/useful-tips-for-selling-your-boat-fast\/#breadcrumb","itemListElement":[{"@type":"ListItem","position":1,"name":"Home","item":"https:\/\/boatopoly.com\/de\/"},{"@type":"ListItem","position":2,"name":"N\u00fctzliche Tipps f\u00fcr den schnellen Verkauf Ihres Bootes"}]},{"@type":"WebSite","@id":"https:\/\/boatopoly.com\/#website","url":"https:\/\/boatopoly.com\/","name":"Boatopoly","description":"no bubbles, just boats","publisher":{"@id":"https:\/\/boatopoly.com\/#organization"},"potentialAction":[{"@type":"SearchAction","target":{"@type":"EntryPoint","urlTemplate":"https:\/\/boatopoly.com\/?s={search_term_string}"},"query-input":{"@type":"PropertyValueSpecification","valueRequired":true,"valueName":"search_term_string"}}],"inLanguage":"de-DE"},{"@type":"Organization","@id":"https:\/\/boatopoly.com\/#organization","name":"Boatopoly","url":"https:\/\/boatopoly.com\/","logo":{"@type":"ImageObject","inLanguage":"de-DE","@id":"https:\/\/boatopoly.com\/#\/schema\/logo\/image\/","url":"https:\/\/boatopoly.com\/wp-content\/uploads\/2024\/07\/2024-07-03-Boatopoly-Logo-1200x1200-1.png","contentUrl":"https:\/\/boatopoly.com\/wp-content\/uploads\/2024\/07\/2024-07-03-Boatopoly-Logo-1200x1200-1.png","width":1200,"height":1200,"caption":"Boatopoly"},"image":{"@id":"https:\/\/boatopoly.com\/#\/schema\/logo\/image\/"},"sameAs":["https:\/\/www.facebook.com\/boatopoly"]}]}},"_links":{"self":[{"href":"https:\/\/boatopoly.com\/de\/wp-json\/wp\/v2\/pages\/16776"}],"collection":[{"href":"https:\/\/boatopoly.com\/de\/wp-json\/wp\/v2\/pages"}],"about":[{"href":"https:\/\/boatopoly.com\/de\/wp-json\/wp\/v2\/types\/page"}],"author":[{"embeddable":true,"href":"https:\/\/boatopoly.com\/de\/wp-json\/wp\/v2\/users\/1"}],"replies":[{"embeddable":true,"href":"https:\/\/boatopoly.com\/de\/wp-json\/wp\/v2\/comments?post=16776"}],"version-history":[{"count":8,"href":"https:\/\/boatopoly.com\/de\/wp-json\/wp\/v2\/pages\/16776\/revisions"}],"predecessor-version":[{"id":27947,"href":"https:\/\/boatopoly.com\/de\/wp-json\/wp\/v2\/pages\/16776\/revisions\/27947"}],"wp:attachment":[{"href":"https:\/\/boatopoly.com\/de\/wp-json\/wp\/v2\/media?parent=16776"}],"curies":[{"name":"wp","href":"https:\/\/api.w.org\/{rel}","templated":true}]}}