{"id":16769,"date":"2021-12-03T09:04:31","date_gmt":"2021-12-03T09:04:31","guid":{"rendered":"https:\/\/dev2.boatopoly.com\/?page_id=16769"},"modified":"2023-06-05T08:07:40","modified_gmt":"2023-06-05T08:07:40","slug":"currency-list","status":"publish","type":"page","link":"https:\/\/boatopoly.com\/de\/currency-list\/","title":{"rendered":"W\u00e4hrungsliste"},"content":{"rendered":"<p class=\"western\"><span style=\"color: #000000;\">Die Basisw\u00e4hrung f\u00fcr unterst\u00fctzende Umrechnungen in Fremdw\u00e4hrungen ist 1,00 EUR.<br \/>\nBitte beachten Sie, dass internationale Verk\u00e4ufer den Preis h\u00e4ufig in ihrer Landesw\u00e4hrung (= \u201eOriginalw\u00e4hrung\u201c) angeben.<br \/>\nDie folgenden W\u00e4hrungen werden normalerweise einmal t\u00e4glich aktualisiert, weshalb sich der angezeigte Verk\u00e4uferpreis t\u00e4glich \u00e4ndern kann, w\u00e4hrend sich der Preis in der Originalw\u00e4hrung nur \u00e4ndert, wenn der Verk\u00e4ufer den Preis ver\u00e4ndert.<\/span><\/p>\n","protected":false},"excerpt":{"rendered":"<p>Die Basisw\u00e4hrung f\u00fcr unterst\u00fctzende Umrechnungen in Fremdw\u00e4hrungen ist 1,00 EUR. Bitte beachten Sie, dass internationale Verk\u00e4ufer den Preis h\u00e4ufig in ihrer Landesw\u00e4hrung (= \u201eOriginalw\u00e4hrung\u201c) angeben. Die folgenden W\u00e4hrungen werden normalerweise einmal t\u00e4glich aktualisiert, weshalb sich&#8230;<\/p>\n","protected":false},"author":1,"featured_media":0,"parent":0,"menu_order":0,"comment_status":"closed","ping_status":"closed","template":"page-currencies.php","meta":{"footnotes":""},"class_list":["post-16769","page","type-page","status-publish","hentry"],"yoast_head":"<!-- This site is optimized with the Yoast SEO Premium plugin v25.0 (Yoast SEO v25.1) - https:\/\/yoast.com\/wordpress\/plugins\/seo\/ -->\n<title>W\u00e4hrungsliste | Boatopoly<\/title>\n<link rel=\"canonical\" href=\"https:\/\/boatopoly.com\/de\/currency-list\/\" \/>\n<meta property=\"og:locale\" content=\"de_DE\" \/>\n<meta property=\"og:type\" content=\"article\" \/>\n<meta property=\"og:title\" content=\"W\u00e4hrungsliste\" \/>\n<meta property=\"og:description\" content=\"Die Basisw\u00e4hrung f\u00fcr unterst\u00fctzende Umrechnungen in Fremdw\u00e4hrungen ist 1,00 EUR. Bitte beachten Sie, dass internationale Verk\u00e4ufer den Preis h\u00e4ufig in ihrer Landesw\u00e4hrung (= \u201eOriginalw\u00e4hrung\u201c) angeben. Die folgenden W\u00e4hrungen werden normalerweise einmal t\u00e4glich aktualisiert, weshalb sich...\" \/>\n<meta property=\"og:url\" content=\"https:\/\/boatopoly.com\/de\/currency-list\/\" \/>\n<meta property=\"og:site_name\" content=\"Boatopoly\" \/>\n<meta property=\"article:publisher\" content=\"https:\/\/www.facebook.com\/boatopoly\" \/>\n<meta property=\"article:modified_time\" content=\"2023-06-05T08:07:40+00:00\" \/>\n<meta name=\"twitter:card\" content=\"summary_large_image\" \/>\n<meta name=\"twitter:label1\" content=\"Est. reading time\" \/>\n\t<meta name=\"twitter:data1\" content=\"1 Minute\" \/>\n<script type=\"application\/ld+json\" class=\"yoast-schema-graph\">{\"@context\":\"https:\/\/schema.org\",\"@graph\":[{\"@type\":\"WebPage\",\"@id\":\"https:\/\/boatopoly.com\/de\/currency-list\/\",\"url\":\"https:\/\/boatopoly.com\/de\/currency-list\/\",\"name\":\"W\u00e4hrungsliste | Boatopoly\",\"isPartOf\":{\"@id\":\"https:\/\/boatopoly.com\/#website\"},\"datePublished\":\"2021-12-03T09:04:31+00:00\",\"dateModified\":\"2023-06-05T08:07:40+00:00\",\"breadcrumb\":{\"@id\":\"https:\/\/boatopoly.com\/de\/currency-list\/#breadcrumb\"},\"inLanguage\":\"de-DE\",\"potentialAction\":[{\"@type\":\"ReadAction\",\"target\":[\"https:\/\/boatopoly.com\/de\/currency-list\/\"]}]},{\"@type\":\"BreadcrumbList\",\"@id\":\"https:\/\/boatopoly.com\/de\/currency-list\/#breadcrumb\",\"itemListElement\":[{\"@type\":\"ListItem\",\"position\":1,\"name\":\"Home\",\"item\":\"https:\/\/boatopoly.com\/de\/\"},{\"@type\":\"ListItem\",\"position\":2,\"name\":\"W\u00e4hrungsliste\"}]},{\"@type\":\"WebSite\",\"@id\":\"https:\/\/boatopoly.com\/#website\",\"url\":\"https:\/\/boatopoly.com\/\",\"name\":\"Boatopoly\",\"description\":\"no bubbles, just boats\",\"publisher\":{\"@id\":\"https:\/\/boatopoly.com\/#organization\"},\"potentialAction\":[{\"@type\":\"SearchAction\",\"target\":{\"@type\":\"EntryPoint\",\"urlTemplate\":\"https:\/\/boatopoly.com\/?s={search_term_string}\"},\"query-input\":{\"@type\":\"PropertyValueSpecification\",\"valueRequired\":true,\"valueName\":\"search_term_string\"}}],\"inLanguage\":\"de-DE\"},{\"@type\":\"Organization\",\"@id\":\"https:\/\/boatopoly.com\/#organization\",\"name\":\"Boatopoly\",\"url\":\"https:\/\/boatopoly.com\/\",\"logo\":{\"@type\":\"ImageObject\",\"inLanguage\":\"de-DE\",\"@id\":\"https:\/\/boatopoly.com\/#\/schema\/logo\/image\/\",\"url\":\"https:\/\/boatopoly.com\/wp-content\/uploads\/2024\/07\/2024-07-03-Boatopoly-Logo-1200x1200-1.png\",\"contentUrl\":\"https:\/\/boatopoly.com\/wp-content\/uploads\/2024\/07\/2024-07-03-Boatopoly-Logo-1200x1200-1.png\",\"width\":1200,\"height\":1200,\"caption\":\"Boatopoly\"},\"image\":{\"@id\":\"https:\/\/boatopoly.com\/#\/schema\/logo\/image\/\"},\"sameAs\":[\"https:\/\/www.facebook.com\/boatopoly\"]}]}<\/script>\n<!-- \/ Yoast SEO Premium plugin. -->","yoast_head_json":{"title":"W\u00e4hrungsliste | Boatopoly","canonical":"https:\/\/boatopoly.com\/de\/currency-list\/","og_locale":"de_DE","og_type":"article","og_title":"W\u00e4hrungsliste","og_description":"Die Basisw\u00e4hrung f\u00fcr unterst\u00fctzende Umrechnungen in Fremdw\u00e4hrungen ist 1,00 EUR. Bitte beachten Sie, dass internationale Verk\u00e4ufer den Preis h\u00e4ufig in ihrer Landesw\u00e4hrung (= \u201eOriginalw\u00e4hrung\u201c) angeben. Die folgenden W\u00e4hrungen werden normalerweise einmal t\u00e4glich aktualisiert, weshalb sich...","og_url":"https:\/\/boatopoly.com\/de\/currency-list\/","og_site_name":"Boatopoly","article_publisher":"https:\/\/www.facebook.com\/boatopoly","article_modified_time":"2023-06-05T08:07:40+00:00","twitter_card":"summary_large_image","twitter_misc":{"Est. reading time":"1 Minute"},"schema":{"@context":"https:\/\/schema.org","@graph":[{"@type":"WebPage","@id":"https:\/\/boatopoly.com\/de\/currency-list\/","url":"https:\/\/boatopoly.com\/de\/currency-list\/","name":"W\u00e4hrungsliste | Boatopoly","isPartOf":{"@id":"https:\/\/boatopoly.com\/#website"},"datePublished":"2021-12-03T09:04:31+00:00","dateModified":"2023-06-05T08:07:40+00:00","breadcrumb":{"@id":"https:\/\/boatopoly.com\/de\/currency-list\/#breadcrumb"},"inLanguage":"de-DE","potentialAction":[{"@type":"ReadAction","target":["https:\/\/boatopoly.com\/de\/currency-list\/"]}]},{"@type":"BreadcrumbList","@id":"https:\/\/boatopoly.com\/de\/currency-list\/#breadcrumb","itemListElement":[{"@type":"ListItem","position":1,"name":"Home","item":"https:\/\/boatopoly.com\/de\/"},{"@type":"ListItem","position":2,"name":"W\u00e4hrungsliste"}]},{"@type":"WebSite","@id":"https:\/\/boatopoly.com\/#website","url":"https:\/\/boatopoly.com\/","name":"Boatopoly","description":"no bubbles, just boats","publisher":{"@id":"https:\/\/boatopoly.com\/#organization"},"potentialAction":[{"@type":"SearchAction","target":{"@type":"EntryPoint","urlTemplate":"https:\/\/boatopoly.com\/?s={search_term_string}"},"query-input":{"@type":"PropertyValueSpecification","valueRequired":true,"valueName":"search_term_string"}}],"inLanguage":"de-DE"},{"@type":"Organization","@id":"https:\/\/boatopoly.com\/#organization","name":"Boatopoly","url":"https:\/\/boatopoly.com\/","logo":{"@type":"ImageObject","inLanguage":"de-DE","@id":"https:\/\/boatopoly.com\/#\/schema\/logo\/image\/","url":"https:\/\/boatopoly.com\/wp-content\/uploads\/2024\/07\/2024-07-03-Boatopoly-Logo-1200x1200-1.png","contentUrl":"https:\/\/boatopoly.com\/wp-content\/uploads\/2024\/07\/2024-07-03-Boatopoly-Logo-1200x1200-1.png","width":1200,"height":1200,"caption":"Boatopoly"},"image":{"@id":"https:\/\/boatopoly.com\/#\/schema\/logo\/image\/"},"sameAs":["https:\/\/www.facebook.com\/boatopoly"]}]}},"_links":{"self":[{"href":"https:\/\/boatopoly.com\/de\/wp-json\/wp\/v2\/pages\/16769"}],"collection":[{"href":"https:\/\/boatopoly.com\/de\/wp-json\/wp\/v2\/pages"}],"about":[{"href":"https:\/\/boatopoly.com\/de\/wp-json\/wp\/v2\/types\/page"}],"author":[{"embeddable":true,"href":"https:\/\/boatopoly.com\/de\/wp-json\/wp\/v2\/users\/1"}],"replies":[{"embeddable":true,"href":"https:\/\/boatopoly.com\/de\/wp-json\/wp\/v2\/comments?post=16769"}],"version-history":[{"count":3,"href":"https:\/\/boatopoly.com\/de\/wp-json\/wp\/v2\/pages\/16769\/revisions"}],"predecessor-version":[{"id":22497,"href":"https:\/\/boatopoly.com\/de\/wp-json\/wp\/v2\/pages\/16769\/revisions\/22497"}],"wp:attachment":[{"href":"https:\/\/boatopoly.com\/de\/wp-json\/wp\/v2\/media?parent=16769"}],"curies":[{"name":"wp","href":"https:\/\/api.w.org\/{rel}","templated":true}]}}